{"id":1096,"date":"2017-07-17T12:32:18","date_gmt":"2017-07-17T15:32:18","guid":{"rendered":"http:\/\/www.hospitalonativia.gob.ar\/?page_id=1096"},"modified":"2017-07-17T12:32:18","modified_gmt":"2017-07-17T15:32:18","slug":"decreto-ley-no-191-s","status":"publish","type":"page","link":"https:\/\/www.hospitalonativia.gob.ar\/?page_id=1096","title":{"rendered":"DECRETO LEY N\u00ba 191-S"},"content":{"rendered":"<p>DECRETO LEY N\u00ba 191-S Este Decreto Ley se sancion\u00f3 el d\u00eda 3 de mayo de 1956. Publicado en el Bolet\u00edn Oficial N\u00ba 5.159, del 9 de mayo de 1956.<\/p>\n<p>El Interventor Federal Interino en ejercicio del Poder Legislativo Decreta con fuerza de LEY Art\u00edculo 1\u00ba.- Cr\u00e9ase el INSTITUTO DEL BOCIO, dependiente del Ministerio de Salud P\u00fablica y Asistencia Social de la Provincia. Art. 2\u00ba.- De acuerdo a los considerandos del presente decreto ley, el Instituto del Bocio tendr\u00e1 las siguientes finalidades: a) Profilaxis y asistencia social. b) Asistencia m\u00e9dico-quir\u00fargica. c) Investigaci\u00f3n cient\u00edfica. Art. 3\u00ba.- Se da un plazo de 90 d\u00edas para que, por sus autoridades correspondientes, el Instituto del Bocio elabore su plan de acci\u00f3n, reglamentaci\u00f3n y aplicaci\u00f3n del decreto ley sobre profilaxis del bocio end\u00e9mico y lo eleve al Ministerio correspondiente. Art. 4\u00ba.- D\u00e9jase establecido que la adjudicaci\u00f3n de los cargos t\u00e9cnicos que deban proveerse para llevar a cabo las finalidades del citado Instituto del Bocio, se har\u00e1 mediante concurso. Art. 5\u00ba.- A los efectos del cumplimiento del presente decreto ley, autor\u00edzase al Poder Ejecutivo y para los gastos que demande la creaci\u00f3n del Instituto del Bocio, a invertir hasta la suma de ($300.000 m\/n), trescientos mil pesos moneda nacional, con imputaci\u00f3n a este decreto ley, tom\u00e1ndose de los fondos de Rentas Generales. En los ejercicios sucesivos el Poder Ejecutivo incluir\u00e1 en el Presupuesto anual, los gastos que demande la aplicaci\u00f3n del presente decreto ley. Art. 6\u00ba.- Dest\u00ednase la cuarta parte del excedente calculado que hubiere, de la Ley 1.423 para el Ejercicio 1956, el producto de las multas (art\u00edculo 6\u00ba del decreto ley de profilaxis del bocio), cualquier beneficio que resulte de su aplicaci\u00f3n y el impuesto de $0.10 (diez centavos) por entrada a los espect\u00e1culos p\u00fablicos (cines, teatros, etc.), al Presupuesto de Gastos, Sueldos, mantenimientos, finalidades y funcionamiento del Instituto del Bocio. Art. 7\u00ba.- El presente decreto ley ser\u00e1 refrendado por los Ministros en Acuerdo General. Art. 8\u00ba.- El\u00e9vese el presente decreto ley a la aprobaci\u00f3n del Poder Ejecutivo Nacional y en su oportunidad a las HH. CC. Legislativas de la Provincia. Art. 9\u00ba.- Comun\u00edquese, publ\u00edquese, ins\u00e9rtese en el Registro Oficial y arch\u00edvese.<\/p>\n<p>ARTURO O\u00d1ATIVIA \u2013 Julio A. Cintioni<\/p>\n","protected":false},"excerpt":{"rendered":"<p>DECRETO LEY N\u00ba 191-S Este Decreto Ley se sancion\u00f3 el d\u00eda 3 de mayo de 1956. Publicado en el Bolet\u00edn<\/p>\n","protected":false},"author":2,"featured_media":0,"parent":0,"menu_order":0,"comment_status":"closed","ping_status":"closed","template":"","meta":{"footnotes":""},"class_list":["post-1096","page","type-page","status-publish","hentry"],"yoast_head":"<!-- This site is optimized with the Yoast SEO plugin v18.0 - https:\/\/yoast.com\/wordpress\/plugins\/seo\/ -->\n<title>DECRETO LEY N\u00ba 191-S - Hospital Dr. Arturo O\u00f1ativia<\/title>\n<meta name=\"robots\" content=\"index, follow, max-snippet:-1, max-image-preview:large, max-video-preview:-1\" \/>\n<link rel=\"canonical\" href=\"https:\/\/www.hospitalonativia.gob.ar\/?page_id=1096\" \/>\n<meta property=\"og:locale\" content=\"es_ES\" \/>\n<meta property=\"og:type\" content=\"article\" \/>\n<meta property=\"og:title\" content=\"DECRETO LEY N\u00ba 191-S - Hospital Dr. Arturo O\u00f1ativia\" \/>\n<meta property=\"og:description\" content=\"DECRETO LEY N\u00ba 191-S Este Decreto Ley se sancion\u00f3 el d\u00eda 3 de mayo de 1956. Publicado en el Bolet\u00edn\" \/>\n<meta property=\"og:url\" content=\"https:\/\/www.hospitalonativia.gob.ar\/?page_id=1096\" \/>\n<meta property=\"og:site_name\" content=\"Hospital Dr. Arturo O\u00f1ativia\" \/>\n<meta name=\"twitter:card\" content=\"summary_large_image\" \/>\n<meta name=\"twitter:label1\" content=\"Tiempo de lectura\" \/>\n\t<meta name=\"twitter:data1\" content=\"2 minutos\" \/>\n<script type=\"application\/ld+json\" class=\"yoast-schema-graph\">{\"@context\":\"https:\/\/schema.org\",\"@graph\":[{\"@type\":\"WebSite\",\"@id\":\"https:\/\/www.hospitalonativia.gob.ar\/#website\",\"url\":\"https:\/\/www.hospitalonativia.gob.ar\/\",\"name\":\"Hospital Dr. Arturo O\u00f1ativia\",\"description\":\"Salta Capital\",\"potentialAction\":[{\"@type\":\"SearchAction\",\"target\":{\"@type\":\"EntryPoint\",\"urlTemplate\":\"https:\/\/www.hospitalonativia.gob.ar\/?s={search_term_string}\"},\"query-input\":\"required name=search_term_string\"}],\"inLanguage\":\"es\"},{\"@type\":\"WebPage\",\"@id\":\"https:\/\/www.hospitalonativia.gob.ar\/?page_id=1096#webpage\",\"url\":\"https:\/\/www.hospitalonativia.gob.ar\/?page_id=1096\",\"name\":\"DECRETO LEY N\u00ba 191-S - Hospital Dr. Arturo O\u00f1ativia\",\"isPartOf\":{\"@id\":\"https:\/\/www.hospitalonativia.gob.ar\/#website\"},\"datePublished\":\"2017-07-17T15:32:18+00:00\",\"dateModified\":\"2017-07-17T15:32:18+00:00\",\"breadcrumb\":{\"@id\":\"https:\/\/www.hospitalonativia.gob.ar\/?page_id=1096#breadcrumb\"},\"inLanguage\":\"es\",\"potentialAction\":[{\"@type\":\"ReadAction\",\"target\":[\"https:\/\/www.hospitalonativia.gob.ar\/?page_id=1096\"]}]},{\"@type\":\"BreadcrumbList\",\"@id\":\"https:\/\/www.hospitalonativia.gob.ar\/?page_id=1096#breadcrumb\",\"itemListElement\":[{\"@type\":\"ListItem\",\"position\":1,\"name\":\"Portada\",\"item\":\"https:\/\/www.hospitalonativia.gob.ar\/\"},{\"@type\":\"ListItem\",\"position\":2,\"name\":\"DECRETO LEY N\u00ba 191-S\"}]}]}<\/script>\n<!-- \/ Yoast SEO plugin. -->","yoast_head_json":{"title":"DECRETO LEY N\u00ba 191-S - Hospital Dr. Arturo O\u00f1ativia","robots":{"index":"index","follow":"follow","max-snippet":"max-snippet:-1","max-image-preview":"max-image-preview:large","max-video-preview":"max-video-preview:-1"},"canonical":"https:\/\/www.hospitalonativia.gob.ar\/?page_id=1096","og_locale":"es_ES","og_type":"article","og_title":"DECRETO LEY N\u00ba 191-S - Hospital Dr. Arturo O\u00f1ativia","og_description":"DECRETO LEY N\u00ba 191-S Este Decreto Ley se sancion\u00f3 el d\u00eda 3 de mayo de 1956. Publicado en el Bolet\u00edn","og_url":"https:\/\/www.hospitalonativia.gob.ar\/?page_id=1096","og_site_name":"Hospital Dr. Arturo O\u00f1ativia","twitter_card":"summary_large_image","twitter_misc":{"Tiempo de lectura":"2 minutos"},"schema":{"@context":"https:\/\/schema.org","@graph":[{"@type":"WebSite","@id":"https:\/\/www.hospitalonativia.gob.ar\/#website","url":"https:\/\/www.hospitalonativia.gob.ar\/","name":"Hospital Dr. Arturo O\u00f1ativia","description":"Salta Capital","potentialAction":[{"@type":"SearchAction","target":{"@type":"EntryPoint","urlTemplate":"https:\/\/www.hospitalonativia.gob.ar\/?s={search_term_string}"},"query-input":"required name=search_term_string"}],"inLanguage":"es"},{"@type":"WebPage","@id":"https:\/\/www.hospitalonativia.gob.ar\/?page_id=1096#webpage","url":"https:\/\/www.hospitalonativia.gob.ar\/?page_id=1096","name":"DECRETO LEY N\u00ba 191-S - Hospital Dr. Arturo O\u00f1ativia","isPartOf":{"@id":"https:\/\/www.hospitalonativia.gob.ar\/#website"},"datePublished":"2017-07-17T15:32:18+00:00","dateModified":"2017-07-17T15:32:18+00:00","breadcrumb":{"@id":"https:\/\/www.hospitalonativia.gob.ar\/?page_id=1096#breadcrumb"},"inLanguage":"es","potentialAction":[{"@type":"ReadAction","target":["https:\/\/www.hospitalonativia.gob.ar\/?page_id=1096"]}]},{"@type":"BreadcrumbList","@id":"https:\/\/www.hospitalonativia.gob.ar\/?page_id=1096#breadcrumb","itemListElement":[{"@type":"ListItem","position":1,"name":"Portada","item":"https:\/\/www.hospitalonativia.gob.ar\/"},{"@type":"ListItem","position":2,"name":"DECRETO LEY N\u00ba 191-S"}]}]}},"_links":{"self":[{"href":"https:\/\/www.hospitalonativia.gob.ar\/index.php?rest_route=\/wp\/v2\/pages\/1096"}],"collection":[{"href":"https:\/\/www.hospitalonativia.gob.ar\/index.php?rest_route=\/wp\/v2\/pages"}],"about":[{"href":"https:\/\/www.hospitalonativia.gob.ar\/index.php?rest_route=\/wp\/v2\/types\/page"}],"author":[{"embeddable":true,"href":"https:\/\/www.hospitalonativia.gob.ar\/index.php?rest_route=\/wp\/v2\/users\/2"}],"replies":[{"embeddable":true,"href":"https:\/\/www.hospitalonativia.gob.ar\/index.php?rest_route=%2Fwp%2Fv2%2Fcomments&post=1096"}],"version-history":[{"count":1,"href":"https:\/\/www.hospitalonativia.gob.ar\/index.php?rest_route=\/wp\/v2\/pages\/1096\/revisions"}],"predecessor-version":[{"id":1098,"href":"https:\/\/www.hospitalonativia.gob.ar\/index.php?rest_route=\/wp\/v2\/pages\/1096\/revisions\/1098"}],"wp:attachment":[{"href":"https:\/\/www.hospitalonativia.gob.ar\/index.php?rest_route=%2Fwp%2Fv2%2Fmedia&parent=1096"}],"curies":[{"name":"wp","href":"https:\/\/api.w.org\/{rel}","templated":true}]}}