{"id":1101,"date":"2017-07-17T12:35:22","date_gmt":"2017-07-17T15:35:22","guid":{"rendered":"http:\/\/www.hospitalonativia.gob.ar\/?page_id=1101"},"modified":"2017-07-17T12:35:22","modified_gmt":"2017-07-17T15:35:22","slug":"ley-no-3333","status":"publish","type":"page","link":"https:\/\/www.hospitalonativia.gob.ar\/?page_id=1101","title":{"rendered":"LEY N\u00ba 3333"},"content":{"rendered":"<p>Bolet\u00edn Oficial de Salta N\u00ba 5773 Publicado el d\u00eda Jueves 13 de Noviembre de 1958<br \/>\nLey N\u00ba 3333<br \/>\nEsta ley se sancion\u00f3 el d\u00eda 30 de Octubre de 1958<br \/>\nCREACI\u00f3N DEL INSTITUTO DE ENDOCRINOLOGIA (TEXTO ORDENADO POR LEY 7.913 DIGESTO JURIDICO ACTUALIZADO HASTA 31\/07\/2015)<br \/>\nEl Senado y la C\u00e1mara de Diputados de la Provincia de Salta, sancionan con fuerza de LEY: LEY N\u00ba 3333<br \/>\nArt\u00edculo 1\u00ba.- Cr\u00e9ase el Instituto de Endocrinolog\u00eda, que depender\u00e1 del Ministerio de Asuntos Sociales y Salud P\u00fablica.<br \/>\nArt. 2\u00ba.- Las finalidades del Instituto de Endocrinolog\u00eda son las siguientes: estudio, tratamiento, investigaci\u00f3n y prevenci\u00f3n de las afecciones de las gl\u00e1ndulas de secreciones internas.<br \/>\nArt. 3\u00ba.- El Instituto del Bocio, creado por Decreto Ley 191\/56, continuar\u00e1 funcionando con la denominaci\u00f3n de Departamento del Bocio y bajo la dependencia del Instituto creado por el art\u00edculo 1\u00ba de la presente Ley.<br \/>\nArt. 4\u00ba.- El Instituto de Endocrinolog\u00eda funcionar\u00e1 con el r\u00e9gimen legal y econ\u00f3mico establecido y\/o reglamentado para el ex Instituto del Bocio, debiendo el Ministerio de Asuntos Sociales y Salud P\u00fablica arbitrar de su presupuesto los recursos necesarios para satisfacer los gastos que demande el cumplimiento de esta Ley, hasta tanto se incluya en el pr\u00f3ximo presupuesto general la partida correspondiente.<br \/>\nArt. 5\u00ba.- En cuanto se refiere al Instituto de Endocrinolog\u00eda, fac\u00faltase al Poder Ejecutivo para celebrar convenio con universidades nacionales, tendiente a la formaci\u00f3n universitaria del ente creado, y entre los objetivos el convenio propender\u00e1: Por la provincia de Salta: a) A facilitar la radicaci\u00f3n de estudiantes, becarios y graduados para cumplir tareas docentes de especializaci\u00f3n y de perfeccionamiento; b) Contribuci\u00f3n a la investigaci\u00f3n cient\u00edfica y experimental con criterio universitario; Por las Universidades: a) Contribuci\u00f3n al sostenimiento del Instituto; b) Asesoramiento t\u00e9cnico-cient\u00edfico; c) Extensi\u00f3n universitaria.<br \/>\nArt. 6\u00ba.- El Poder Ejecutivo reglamentar\u00e1 esta ley.<br \/>\nArt. 7\u00ba.- Der\u00f3gase toda disposici\u00f3n en cuanto se oponga a la presente.<br \/>\nArt. 8\u00ba.- Comun\u00edquese, etc\u00e9tera.<br \/>\nFIRMANTES JUAN M. BLANC \u2013 Luciano Leavy \u2013 Juan C. Villamayor \u2013 Rafael A. Palacios<br \/>\nMinisterio de Asuntos Sociales y Salud P\u00fablica Salta, 7 de noviembre de 1958. T\u00e9ngase por ley de la Provincia, c\u00famplase, comun\u00edquese, publ\u00edquese, ins\u00e9rtese en el Registro Oficial de Leyes y arch\u00edvese. BERNARDINO BIELLA \u2013 Belisario Castro.<\/p>\n","protected":false},"excerpt":{"rendered":"<p>Bolet\u00edn Oficial de Salta N\u00ba 5773 Publicado el d\u00eda Jueves 13 de Noviembre de 1958 Ley N\u00ba 3333 Esta ley<\/p>\n","protected":false},"author":2,"featured_media":0,"parent":0,"menu_order":0,"comment_status":"closed","ping_status":"closed","template":"","meta":{"footnotes":""},"class_list":["post-1101","page","type-page","status-publish","hentry"],"yoast_head":"<!-- This site is optimized with the Yoast SEO plugin v18.0 - https:\/\/yoast.com\/wordpress\/plugins\/seo\/ -->\n<title>LEY N\u00ba 3333 - Hospital Dr. Arturo O\u00f1ativia<\/title>\n<meta name=\"robots\" content=\"index, follow, max-snippet:-1, max-image-preview:large, max-video-preview:-1\" \/>\n<link rel=\"canonical\" href=\"https:\/\/www.hospitalonativia.gob.ar\/?page_id=1101\" \/>\n<meta property=\"og:locale\" content=\"es_ES\" \/>\n<meta property=\"og:type\" content=\"article\" \/>\n<meta property=\"og:title\" content=\"LEY N\u00ba 3333 - Hospital Dr. Arturo O\u00f1ativia\" \/>\n<meta property=\"og:description\" content=\"Bolet\u00edn Oficial de Salta N\u00ba 5773 Publicado el d\u00eda Jueves 13 de Noviembre de 1958 Ley N\u00ba 3333 Esta ley\" \/>\n<meta property=\"og:url\" content=\"https:\/\/www.hospitalonativia.gob.ar\/?page_id=1101\" \/>\n<meta property=\"og:site_name\" content=\"Hospital Dr. Arturo O\u00f1ativia\" \/>\n<meta name=\"twitter:card\" content=\"summary_large_image\" \/>\n<meta name=\"twitter:label1\" content=\"Tiempo de lectura\" \/>\n\t<meta name=\"twitter:data1\" content=\"2 minutos\" \/>\n<script type=\"application\/ld+json\" class=\"yoast-schema-graph\">{\"@context\":\"https:\/\/schema.org\",\"@graph\":[{\"@type\":\"WebSite\",\"@id\":\"https:\/\/www.hospitalonativia.gob.ar\/#website\",\"url\":\"https:\/\/www.hospitalonativia.gob.ar\/\",\"name\":\"Hospital Dr. Arturo O\u00f1ativia\",\"description\":\"Salta Capital\",\"potentialAction\":[{\"@type\":\"SearchAction\",\"target\":{\"@type\":\"EntryPoint\",\"urlTemplate\":\"https:\/\/www.hospitalonativia.gob.ar\/?s={search_term_string}\"},\"query-input\":\"required name=search_term_string\"}],\"inLanguage\":\"es\"},{\"@type\":\"WebPage\",\"@id\":\"https:\/\/www.hospitalonativia.gob.ar\/?page_id=1101#webpage\",\"url\":\"https:\/\/www.hospitalonativia.gob.ar\/?page_id=1101\",\"name\":\"LEY N\u00ba 3333 - Hospital Dr. Arturo O\u00f1ativia\",\"isPartOf\":{\"@id\":\"https:\/\/www.hospitalonativia.gob.ar\/#website\"},\"datePublished\":\"2017-07-17T15:35:22+00:00\",\"dateModified\":\"2017-07-17T15:35:22+00:00\",\"breadcrumb\":{\"@id\":\"https:\/\/www.hospitalonativia.gob.ar\/?page_id=1101#breadcrumb\"},\"inLanguage\":\"es\",\"potentialAction\":[{\"@type\":\"ReadAction\",\"target\":[\"https:\/\/www.hospitalonativia.gob.ar\/?page_id=1101\"]}]},{\"@type\":\"BreadcrumbList\",\"@id\":\"https:\/\/www.hospitalonativia.gob.ar\/?page_id=1101#breadcrumb\",\"itemListElement\":[{\"@type\":\"ListItem\",\"position\":1,\"name\":\"Portada\",\"item\":\"https:\/\/www.hospitalonativia.gob.ar\/\"},{\"@type\":\"ListItem\",\"position\":2,\"name\":\"LEY N\u00ba 3333\"}]}]}<\/script>\n<!-- \/ Yoast SEO plugin. -->","yoast_head_json":{"title":"LEY N\u00ba 3333 - Hospital Dr. Arturo O\u00f1ativia","robots":{"index":"index","follow":"follow","max-snippet":"max-snippet:-1","max-image-preview":"max-image-preview:large","max-video-preview":"max-video-preview:-1"},"canonical":"https:\/\/www.hospitalonativia.gob.ar\/?page_id=1101","og_locale":"es_ES","og_type":"article","og_title":"LEY N\u00ba 3333 - Hospital Dr. Arturo O\u00f1ativia","og_description":"Bolet\u00edn Oficial de Salta N\u00ba 5773 Publicado el d\u00eda Jueves 13 de Noviembre de 1958 Ley N\u00ba 3333 Esta ley","og_url":"https:\/\/www.hospitalonativia.gob.ar\/?page_id=1101","og_site_name":"Hospital Dr. Arturo O\u00f1ativia","twitter_card":"summary_large_image","twitter_misc":{"Tiempo de lectura":"2 minutos"},"schema":{"@context":"https:\/\/schema.org","@graph":[{"@type":"WebSite","@id":"https:\/\/www.hospitalonativia.gob.ar\/#website","url":"https:\/\/www.hospitalonativia.gob.ar\/","name":"Hospital Dr. Arturo O\u00f1ativia","description":"Salta Capital","potentialAction":[{"@type":"SearchAction","target":{"@type":"EntryPoint","urlTemplate":"https:\/\/www.hospitalonativia.gob.ar\/?s={search_term_string}"},"query-input":"required name=search_term_string"}],"inLanguage":"es"},{"@type":"WebPage","@id":"https:\/\/www.hospitalonativia.gob.ar\/?page_id=1101#webpage","url":"https:\/\/www.hospitalonativia.gob.ar\/?page_id=1101","name":"LEY N\u00ba 3333 - Hospital Dr. Arturo O\u00f1ativia","isPartOf":{"@id":"https:\/\/www.hospitalonativia.gob.ar\/#website"},"datePublished":"2017-07-17T15:35:22+00:00","dateModified":"2017-07-17T15:35:22+00:00","breadcrumb":{"@id":"https:\/\/www.hospitalonativia.gob.ar\/?page_id=1101#breadcrumb"},"inLanguage":"es","potentialAction":[{"@type":"ReadAction","target":["https:\/\/www.hospitalonativia.gob.ar\/?page_id=1101"]}]},{"@type":"BreadcrumbList","@id":"https:\/\/www.hospitalonativia.gob.ar\/?page_id=1101#breadcrumb","itemListElement":[{"@type":"ListItem","position":1,"name":"Portada","item":"https:\/\/www.hospitalonativia.gob.ar\/"},{"@type":"ListItem","position":2,"name":"LEY N\u00ba 3333"}]}]}},"_links":{"self":[{"href":"https:\/\/www.hospitalonativia.gob.ar\/index.php?rest_route=\/wp\/v2\/pages\/1101"}],"collection":[{"href":"https:\/\/www.hospitalonativia.gob.ar\/index.php?rest_route=\/wp\/v2\/pages"}],"about":[{"href":"https:\/\/www.hospitalonativia.gob.ar\/index.php?rest_route=\/wp\/v2\/types\/page"}],"author":[{"embeddable":true,"href":"https:\/\/www.hospitalonativia.gob.ar\/index.php?rest_route=\/wp\/v2\/users\/2"}],"replies":[{"embeddable":true,"href":"https:\/\/www.hospitalonativia.gob.ar\/index.php?rest_route=%2Fwp%2Fv2%2Fcomments&post=1101"}],"version-history":[{"count":1,"href":"https:\/\/www.hospitalonativia.gob.ar\/index.php?rest_route=\/wp\/v2\/pages\/1101\/revisions"}],"predecessor-version":[{"id":1102,"href":"https:\/\/www.hospitalonativia.gob.ar\/index.php?rest_route=\/wp\/v2\/pages\/1101\/revisions\/1102"}],"wp:attachment":[{"href":"https:\/\/www.hospitalonativia.gob.ar\/index.php?rest_route=%2Fwp%2Fv2%2Fmedia&parent=1101"}],"curies":[{"name":"wp","href":"https:\/\/api.w.org\/{rel}","templated":true}]}}