{"id":1107,"date":"2017-07-17T12:40:25","date_gmt":"2017-07-17T15:40:25","guid":{"rendered":"http:\/\/www.hospitalonativia.gob.ar\/?page_id=1107"},"modified":"2017-07-17T12:40:25","modified_gmt":"2017-07-17T15:40:25","slug":"decreto-57893","status":"publish","type":"page","link":"https:\/\/www.hospitalonativia.gob.ar\/?page_id=1107","title":{"rendered":"Decreto 578\/93"},"content":{"rendered":"<p>SISTEMA NACIONAL DEL SEGURO DE SALUD<br \/>\nDecreto 578\/93<br \/>\nCr\u00e9ase el Registro Nacional de Hospitales P\u00fablicos de Autogesti\u00f3n (HPA).<br \/>\nBs. As.. 1\/4\/93<\/p>\n<p>VISTO el Decreto N9 1269 del 20 de julio de 1992 por el cual se aprobaron las Pol\u00edticas Sustantivas e Instrumentales de la Secretar\u00eda de Salud del Ministerio de Salud y Acci\u00f3n Social; y<br \/>\nCONSIDERANDO:<br \/>\nQue una de las pol\u00edticas sustantivas establece el mejorar la accesibilidad, eficiencia y calidad de la atenci\u00f3n m\u00e9dica mediante la efectiva extensi\u00f3n de cobertura a toda la poblaci\u00f3n.<br \/>\nQue para ello corresponde dise\u00f1ar un sistema de atenci\u00f3n m\u00e9dica que garantice la equidad, eficacia y eficiencia poniendo especial \u00e9nfasis en la optimizaci\u00f3n de los recursos disponibles.<br \/>\nQue consecuentemente se hace necesario definir el rol del Hospital P\u00fablico, dentro del sistema de atenci\u00f3n m\u00e9dica, a los efectos de que a trav\u00e9s de su recuperaci\u00f3n cumpla acabadamente con las funciones de promoci\u00f3n, prevenci\u00f3n, asistencia, docencia e investigaci\u00f3n que le son propias.<br \/>\nQue se hace necesario tambi\u00e9n, promover, desarrollar y apoyar la estrategia de la atenci\u00f3n primaria como componente fundamental de extensi\u00f3n de cobertura y de accesibilidad al sistema.<br \/>\nQue para ello se entiende necesario establecer mecanismos que permitan la Financiaci\u00f3n y Transformaci\u00f3n del Hospital P\u00fablico.<br \/>\nQue la presente medida se dicta en uso de las atribuciones conferidas por el Art\u00edculo 86, Inciso 1) de la Constituci\u00f3n Nacional.<br \/>\nPor ello,<br \/>\nEL PRESIDENTE DE LA NACI\u00d3N ARGENTINA<br \/>\nDECRETA:<br \/>\nArticulo 1\u00b0 \u2014 Los agentes del Sistema Nacional del Seguro de Salud, a que hace referencia el Art. 19 del Decreto 9\/93 est\u00e1n obligados a pagar, seg\u00fan el sistema autom\u00e1tico establecido en este decreto, las prestaciones que sus beneficiarios demanden a los Hospitales P\u00fablicos que cumplan con lo prescripto en la presente normativa y est\u00e9n inscriptos en el Registro Nacional de Hospitales P\u00fablicos de Autogesti\u00f3n (HPA).<br \/>\nArt. 2\u00b0 \u2014 Cr\u00e9ase dependiente de la Secretar\u00eda de Salud del Ministerio de Salud y Acci\u00f3n Social el REGISTRO NACIONAL DE HOSPITALES P\u00daBLICOS DE AUTOGESTI\u00d3N (HPA).<br \/>\nArt. 3\u00b0 \u2014 Las Jurisdicciones (nacional, provincial y\/o municipal) podr\u00e1n inscribir en dicho Registro todos los hospitales p\u00fablicos de su dependencia que cumplan con la presente normativa.<br \/>\nArt. 4\u00b0 \u2014 El Hospital P\u00fablico de Autogesti\u00f3n (HPA) actuar\u00e1 como organismo descentralizado de acuerdo con las normas vigentes en cada jurisdicci\u00f3n y con las facultades legales que le asigne la autoridad competente en el marco de dichas normas, con capacidad para:<br \/>\na) Realizar convenios con entidades de la Seguridad Social comprendidas en las normas vigentes y las que se dicten en relaci\u00f3n con las prestaciones que los mismos est\u00e9n obligados a brindar a sus beneficiarios.<br \/>\nb) Complementar servicios con otros establecimientos asistenciales.<br \/>\nc) Cobrar los servicios que brinde a personas con capacidad de pago o terceros pagadores que cubran las prestaciones del usuario de obras sociales, mutuales, empresas de medicina pre-paga, seguros de accidentes, medicina laboral u otros similares que est\u00e9n obligadas por normas vigentes dentro de los l\u00edmites de la cobertura oportunamente contratada por el usuario.<br \/>\nd) Integrar redes de servicios de salud con otros establecimientos asistenciales p\u00fablicos o privados debidamente habilitados por autoridad competente, previa autorizaci\u00f3n de la autoridad jurisdiccional.<br \/>\ne) Toda otra actividad que resulte necesaria para el cumplimiento de los fines y objetivos establecidos en el acto formal de descentralizaci\u00f3n.<br \/>\nArt. 5\u00b0 \u2014 El accionar de dichos establecimientos deber\u00e1 reunir los siguientes requisitos:<br \/>\na) Contribuir a la extensi\u00f3n de cobertura de la atenci\u00f3n m\u00e9dica.<br \/>\nb) Brindar el mejor nivel de calidad independientemente de su nivel de complejidad.<br \/>\nc) Contar con un proceso t\u00e9cnico administrativo de gesti\u00f3n \u00e1gil y eficiente que asegure la optimizaci\u00f3n y el uso racional de los recursos y la adecuada producci\u00f3n y rendimiento institucional.<br \/>\nd) Desarrollar adem\u00e1s de las actividades asistenciales, de docencia e investigaci\u00f3n que le asigne la autoridad correspondiente, acciones de promoci\u00f3n y protecci\u00f3n de la salud y de prevenci\u00f3n de la enfermedad en las \u00e1reas program\u00e1ticas y en la red de servicios que pueda integrar.<br \/>\ne) Implementar el programa m\u00e9dico asistencial en base a la estrategia de Atenci\u00f3n Primaria de la Salud sobre la cual est\u00e1 basado el nuevo modelo de atenci\u00f3n m\u00e9dica.<br \/>\nf) Promover y desarrollar la capacitaci\u00f3n de personal, la educaci\u00f3n continua y la capacitaci\u00f3n en servicio.<br \/>\ng) Disponer de un \u00c1rea de Servicio Social que posibilite, entre sus funciones, establecer la situaci\u00f3n socio-econ\u00f3mica y el tipo de cobertura de la poblaci\u00f3n que demande servicios.<br \/>\nh) Cumplir con los requisitos b\u00e1sicos que establezca el PROGRAMA NACIONAL DE GARANT\u00cdA DE CALIDAD DE LA ATENCI\u00d3N MEDICA elaborado por la Secretar\u00eda de Salud del Ministerio de Salud y Acci\u00f3n Social de la Naci\u00f3n.<br \/>\ni) Estar habilitados y categorizados por autoridad competente en el marco de dicho Programa.<br \/>\nj) Alcanzar los indicadores m\u00ednimos de producci\u00f3n, rendimiento y calidad que el Programa establezca para cada categor\u00eda.<br \/>\nk) Aprobar la evaluaci\u00f3n peri\u00f3dica de control de eficiencia y calidad que defina la autoridad competente.<br \/>\nArt. 6\u00b0 \u2014 El Hospital P\u00fablico de Autogesti\u00f3n (HPA), en el marco normativo de su jurisdicci\u00f3n, estar\u00e1 sujeto a las siguientes atribuciones y obligaciones:<br \/>\na) Elaborar y elevar a la autoridad Jurisdiccional, para su aprobaci\u00f3n, el programa anual operativo y el c\u00e1lculo de gastos y recursos genuinos.<br \/>\nb) Elaborar las normas de funcionamiento y los manuales de procedimientos t\u00e9cnicos y administrativos necesarios para el cumplimiento de sus objetivos.<br \/>\nc) Dise\u00f1ar y proponer a la autoridad jurisdiccional la constituci\u00f3n o implementaci\u00f3n de nuevos servicios y programas que favorezcan el desarrollo institucional y la extensi\u00f3n de cobertura.<br \/>\nd) Designar, promover y reubicar dentro de la estructura aprobada y sancionar al personal en todos sus niveles y categor\u00edas, conforme a normas vigentes en la jurisdicci\u00f3n, como asimismo aceptar las bajas por cualquier concepto.<br \/>\ne) Disponer sobre la ejecuci\u00f3n del presupuesto y sobre los recursos generados por el propio hospital.<br \/>\nf) Elaborar su propio Reglamento Interno y constituir comisiones y\/o comit\u00e9s t\u00e9cnicos asesores.<br \/>\ng) Extender los horarios de atenci\u00f3n de sus servicios brindando asistencia entre las 8.00 y las 20.00 horas, a excepci\u00f3n del servicio de emergencias.<br \/>\nArt. 7\u00b0 \u2014 El Hospital P\u00fablico de Autogesti\u00f3n (HPA) brindar\u00e1 atenci\u00f3n m\u00e9dica en forma igualitaria e indiferenciada a toda la poblaci\u00f3n estando obligado a prestar asistencia a los pacientes carentes de recursos, en forma gratuita en todos sus servicios.<br \/>\nArt. 8\u00b0 \u2014 La Direcci\u00f3n del Establecimiento deber\u00e1 contar con personal con capacitaci\u00f3n y experiencia en Administraci\u00f3n Sanitaria. La composici\u00f3n, funciones y atribuciones de la misma ser\u00e1n definidas en la estructura org\u00e1nica funcional que establezca el acto formal de descentralizaci\u00f3n del hospital por parte de la autoridad jurisdiccional.<br \/>\nArt. 9\u00b0 \u2014 En los establecimientos de mediana y alta complejidad, la Direcci\u00f3n deber\u00e1 estar secundada por un Consejo Asesor T\u00e9cnico y por un Consejo de Administraci\u00f3n con participaci\u00f3n social cuyas constituciones, atribuciones, obligaciones e integraciones ser\u00e1n definidas, en cada caso, por la autoridad sanitaria jurisdiccional.<br \/>\nArt. 10 \u2014 El Hospital P\u00fablico de Autogesti\u00f3n (HPA) continuar\u00e1 recibiendo los aportes presupuestarios que le asigne la jurisdicci\u00f3n para el habitual funcionamiento del mismo de acuerdo con la producci\u00f3n, rendimiento y tipo de poblaci\u00f3n que asiste tendiendo a reemplazar progresivamente el concepto de \u00absubsidio a la oferta\u00bb por el de \u00absubsidio a la demanda\u00bb.<br \/>\nArt. 11. \u2014 Los ingresos que perciba el Hospital P\u00fablico de Autogesti\u00f3n (HPA) por el cobro de prestaciones ser\u00e1n administrados directamente por el mismo, debiendo establecer la autoridad sanitaria jurisdiccional el porcentaje a distribuir entre:<br \/>\na) El fondo de redistribuci\u00f3n solidaria, asignado por el nivel central, con destino al desarrollo de acciones de atenci\u00f3n de salud en \u00e1reas prioritarias.<br \/>\nb) El fondo para inversiones, funcionamiento y mantenimiento del hospital, administrado por las autoridades del establecimiento.<br \/>\nc) El fondo para distribuci\u00f3n mensual entre todo el personal del hospital sin distinci\u00f3n de categor\u00edas y funciones, de acuerdo con las pautas y en los porcentajes que la autoridad jurisdiccional determine en base a criterios de productividad y eficiencia del establecimiento.<br \/>\nArt. 12. \u2014 La Secretar\u00eda de Salud de la Naci\u00f3n elaborar\u00e1 modelos alternativos de autogesti\u00f3n brindando apoyo y cooperaci\u00f3n t\u00e9cnica a las jurisdicciones para la implementaci\u00f3n y desarrollo del Hospital P\u00fablico de Autogesti\u00f3n (HPA) y para la formaci\u00f3n y capacitaci\u00f3n del recurso humano necesario.<br \/>\nArt. 13. \u2014 Los agentes del Sistema Nacional del Seguro de Salud podr\u00e1n convenir la atenci\u00f3n de sus beneficiarios libremente con dichos hospitales preferentemente en base a contratos de riesgo con la modalidad de capitaci\u00f3n o cartera fija.<br \/>\nArt. 14. \u2014 Cuando no exista convenio previo, el Hospital P\u00fablico de Autogesti\u00f3n (HPA), podr\u00e1 facturar al agente del Sistema Nacional del Seguro de Salud correspondiente, las prestaciones que brinde, de acuerdo con los valores vigentes que establezca la Secretar\u00eda de Salud de la Naci\u00f3n en base a la modalidad de arancel globalizado.<br \/>\nArt. 15. \u2014 Los agentes del Sistema Nacional del Seguro de Salud est\u00e1n obligados a saldar el pago de lo facturado por el Hospital P\u00fablico de Autogesti\u00f3n (HPA) dentro de los treinta (30) d\u00edas corridos de presentada la liquidaci\u00f3n mensual, del 1 al 5 del mes siguiente a la prestaci\u00f3n.<br \/>\nArt. 16. \u2014 Vencido dicho plazo y de no mediar acuerdo entre las partes, el Hospital P\u00fablico de<br \/>\nAutogesti\u00f3n (HPA) podr\u00e1 reclamar el pago al ANSSAL, quien proceder\u00e1 autom\u00e1ticamente al d\u00e9bito de lo facturado de la cuenta del agente del Sistema Nacional del Seguro de Salud correspondiente y al pago de la misma dentro de los quince (15) d\u00edas h\u00e1biles de efectuada dicha retenci\u00f3n. En caso de discrepancias en los montos de la facturaci\u00f3n entre el Hospital P\u00fablico de Autogesti\u00f3n (HPA) y el agente del Sistema Nacional del Seguro de Salud, el ANSSAL elevar\u00e1 su opini\u00f3n a la Secretaria de Salud cuya decisi\u00f3n ser\u00e1 definitoria.<br \/>\nArt. 17. \u2014 La Secretar\u00eda de Salud de la Naci\u00f3n de com\u00fan acuerdo con la jurisdicci\u00f3n respectiva podr\u00e1 incluir en el Registro Nacional de Hospitales P\u00fablicos de Autogesti\u00f3n (HPA) a los establecimientos asistenciales que por su localiza-ci\u00f3n geogr\u00e1fica, nivel de complejidad y caracter\u00edsticas locales no cumplimenten totalmente los requisitos de la presente normativa.<br \/>\nArt. 18. \u2014 (Transitorio) \u2014 A los efectos de la puesta en marcha del Registro Nacional de Hospitales P\u00fablicos de Autogesti\u00f3n (HPA), las jurisdicciones podr\u00e1n inscribir, por \u00fanica vez, a todos los hospitales de su dependencia que adhieran al sistema, con la sola presentaci\u00f3n de una carta intenci\u00f3n donde se comprometan a adecuar a dichos establecimientos asistenciales a la normativa del presente Decreto en los plazos que convengan la Secretaria de Salud de la Naci\u00f3n con la autoridad sanitaria de la respectiva jurisdicci\u00f3n.<br \/>\nArt. 19. \u2014 El Ministerio de Salud y Acci\u00f3n Social, a trav\u00e9s de la Secretaria de Salud, ser\u00e1 el organismo de aplicaci\u00f3n del presente Decreto y como tal queda facultada para dictar todas las normas complementarias que hagan al cumplimiento del mismo.<br \/>\nArt. 20. \u2014 Comuniq\u00faese, publ\u00edquese, d\u00e9se a la Direcci\u00f3n Nacional del Registro Oficial y arch\u00edvese. \u2014 MENEM. \u2014 Julio C. Ar\u00e1oz.<\/p>\n","protected":false},"excerpt":{"rendered":"<p>SISTEMA NACIONAL DEL SEGURO DE SALUD Decreto 578\/93 Cr\u00e9ase el Registro Nacional de Hospitales P\u00fablicos de Autogesti\u00f3n (HPA). Bs. As..<\/p>\n","protected":false},"author":2,"featured_media":0,"parent":0,"menu_order":0,"comment_status":"closed","ping_status":"closed","template":"","meta":{"footnotes":""},"class_list":["post-1107","page","type-page","status-publish","hentry"],"yoast_head":"<!-- This site is optimized with the Yoast SEO plugin v18.0 - https:\/\/yoast.com\/wordpress\/plugins\/seo\/ -->\n<title>Decreto 578\/93 - Hospital Dr. Arturo O\u00f1ativia<\/title>\n<meta name=\"robots\" content=\"index, follow, max-snippet:-1, max-image-preview:large, max-video-preview:-1\" \/>\n<link rel=\"canonical\" href=\"https:\/\/www.hospitalonativia.gob.ar\/?page_id=1107\" \/>\n<meta property=\"og:locale\" content=\"es_ES\" \/>\n<meta property=\"og:type\" content=\"article\" \/>\n<meta property=\"og:title\" content=\"Decreto 578\/93 - Hospital Dr. Arturo O\u00f1ativia\" \/>\n<meta property=\"og:description\" content=\"SISTEMA NACIONAL DEL SEGURO DE SALUD Decreto 578\/93 Cr\u00e9ase el Registro Nacional de Hospitales P\u00fablicos de Autogesti\u00f3n (HPA). Bs. As..\" \/>\n<meta property=\"og:url\" content=\"https:\/\/www.hospitalonativia.gob.ar\/?page_id=1107\" \/>\n<meta property=\"og:site_name\" content=\"Hospital Dr. Arturo O\u00f1ativia\" \/>\n<meta name=\"twitter:card\" content=\"summary_large_image\" \/>\n<meta name=\"twitter:label1\" content=\"Tiempo de lectura\" \/>\n\t<meta name=\"twitter:data1\" content=\"10 minutos\" \/>\n<script type=\"application\/ld+json\" class=\"yoast-schema-graph\">{\"@context\":\"https:\/\/schema.org\",\"@graph\":[{\"@type\":\"WebSite\",\"@id\":\"https:\/\/www.hospitalonativia.gob.ar\/#website\",\"url\":\"https:\/\/www.hospitalonativia.gob.ar\/\",\"name\":\"Hospital Dr. Arturo O\u00f1ativia\",\"description\":\"Salta Capital\",\"potentialAction\":[{\"@type\":\"SearchAction\",\"target\":{\"@type\":\"EntryPoint\",\"urlTemplate\":\"https:\/\/www.hospitalonativia.gob.ar\/?s={search_term_string}\"},\"query-input\":\"required name=search_term_string\"}],\"inLanguage\":\"es\"},{\"@type\":\"WebPage\",\"@id\":\"https:\/\/www.hospitalonativia.gob.ar\/?page_id=1107#webpage\",\"url\":\"https:\/\/www.hospitalonativia.gob.ar\/?page_id=1107\",\"name\":\"Decreto 578\/93 - Hospital Dr. Arturo O\u00f1ativia\",\"isPartOf\":{\"@id\":\"https:\/\/www.hospitalonativia.gob.ar\/#website\"},\"datePublished\":\"2017-07-17T15:40:25+00:00\",\"dateModified\":\"2017-07-17T15:40:25+00:00\",\"breadcrumb\":{\"@id\":\"https:\/\/www.hospitalonativia.gob.ar\/?page_id=1107#breadcrumb\"},\"inLanguage\":\"es\",\"potentialAction\":[{\"@type\":\"ReadAction\",\"target\":[\"https:\/\/www.hospitalonativia.gob.ar\/?page_id=1107\"]}]},{\"@type\":\"BreadcrumbList\",\"@id\":\"https:\/\/www.hospitalonativia.gob.ar\/?page_id=1107#breadcrumb\",\"itemListElement\":[{\"@type\":\"ListItem\",\"position\":1,\"name\":\"Portada\",\"item\":\"https:\/\/www.hospitalonativia.gob.ar\/\"},{\"@type\":\"ListItem\",\"position\":2,\"name\":\"Decreto 578\/93\"}]}]}<\/script>\n<!-- \/ Yoast SEO plugin. -->","yoast_head_json":{"title":"Decreto 578\/93 - Hospital Dr. Arturo O\u00f1ativia","robots":{"index":"index","follow":"follow","max-snippet":"max-snippet:-1","max-image-preview":"max-image-preview:large","max-video-preview":"max-video-preview:-1"},"canonical":"https:\/\/www.hospitalonativia.gob.ar\/?page_id=1107","og_locale":"es_ES","og_type":"article","og_title":"Decreto 578\/93 - Hospital Dr. Arturo O\u00f1ativia","og_description":"SISTEMA NACIONAL DEL SEGURO DE SALUD Decreto 578\/93 Cr\u00e9ase el Registro Nacional de Hospitales P\u00fablicos de Autogesti\u00f3n (HPA). Bs. As..","og_url":"https:\/\/www.hospitalonativia.gob.ar\/?page_id=1107","og_site_name":"Hospital Dr. Arturo O\u00f1ativia","twitter_card":"summary_large_image","twitter_misc":{"Tiempo de lectura":"10 minutos"},"schema":{"@context":"https:\/\/schema.org","@graph":[{"@type":"WebSite","@id":"https:\/\/www.hospitalonativia.gob.ar\/#website","url":"https:\/\/www.hospitalonativia.gob.ar\/","name":"Hospital Dr. Arturo O\u00f1ativia","description":"Salta Capital","potentialAction":[{"@type":"SearchAction","target":{"@type":"EntryPoint","urlTemplate":"https:\/\/www.hospitalonativia.gob.ar\/?s={search_term_string}"},"query-input":"required name=search_term_string"}],"inLanguage":"es"},{"@type":"WebPage","@id":"https:\/\/www.hospitalonativia.gob.ar\/?page_id=1107#webpage","url":"https:\/\/www.hospitalonativia.gob.ar\/?page_id=1107","name":"Decreto 578\/93 - Hospital Dr. Arturo O\u00f1ativia","isPartOf":{"@id":"https:\/\/www.hospitalonativia.gob.ar\/#website"},"datePublished":"2017-07-17T15:40:25+00:00","dateModified":"2017-07-17T15:40:25+00:00","breadcrumb":{"@id":"https:\/\/www.hospitalonativia.gob.ar\/?page_id=1107#breadcrumb"},"inLanguage":"es","potentialAction":[{"@type":"ReadAction","target":["https:\/\/www.hospitalonativia.gob.ar\/?page_id=1107"]}]},{"@type":"BreadcrumbList","@id":"https:\/\/www.hospitalonativia.gob.ar\/?page_id=1107#breadcrumb","itemListElement":[{"@type":"ListItem","position":1,"name":"Portada","item":"https:\/\/www.hospitalonativia.gob.ar\/"},{"@type":"ListItem","position":2,"name":"Decreto 578\/93"}]}]}},"_links":{"self":[{"href":"https:\/\/www.hospitalonativia.gob.ar\/index.php?rest_route=\/wp\/v2\/pages\/1107"}],"collection":[{"href":"https:\/\/www.hospitalonativia.gob.ar\/index.php?rest_route=\/wp\/v2\/pages"}],"about":[{"href":"https:\/\/www.hospitalonativia.gob.ar\/index.php?rest_route=\/wp\/v2\/types\/page"}],"author":[{"embeddable":true,"href":"https:\/\/www.hospitalonativia.gob.ar\/index.php?rest_route=\/wp\/v2\/users\/2"}],"replies":[{"embeddable":true,"href":"https:\/\/www.hospitalonativia.gob.ar\/index.php?rest_route=%2Fwp%2Fv2%2Fcomments&post=1107"}],"version-history":[{"count":1,"href":"https:\/\/www.hospitalonativia.gob.ar\/index.php?rest_route=\/wp\/v2\/pages\/1107\/revisions"}],"predecessor-version":[{"id":1108,"href":"https:\/\/www.hospitalonativia.gob.ar\/index.php?rest_route=\/wp\/v2\/pages\/1107\/revisions\/1108"}],"wp:attachment":[{"href":"https:\/\/www.hospitalonativia.gob.ar\/index.php?rest_route=%2Fwp%2Fv2%2Fmedia&parent=1107"}],"curies":[{"name":"wp","href":"https:\/\/api.w.org\/{rel}","templated":true}]}}