{"id":1451,"date":"2018-09-05T09:29:09","date_gmt":"2018-09-05T12:29:09","guid":{"rendered":"http:\/\/www.hospitalonativia.gob.ar\/?page_id=1451"},"modified":"2018-10-02T10:27:23","modified_gmt":"2018-10-02T13:27:23","slug":"comite-de-responsabilidad-social-corporativa","status":"publish","type":"page","link":"https:\/\/www.hospitalonativia.gob.ar\/?page_id=1451","title":{"rendered":"Comit\u00e9 de Responsabilidad Social Corporativa"},"content":{"rendered":"\n<p>Fundamentaci\u00f3n<br\/>\nLos hospitales, en su esencia, son organizaciones socialmente responsables ya que realizan una triple funci\u00f3n de asistencia m\u00e9dica a pacientes, investigaci\u00f3n sobre nuevos tratamientos y docencia y formaci\u00f3n de los futuros profesionales ; lo cual constituye un ciclo que garantiza a la poblaci\u00f3n de referencia del hospital la existencia de un servicio m\u00e9dico de calidad en el corto, medio y largo plazo. Por ello, la RSC de los hospitales debe centrarse, en primer lugar, en todos aquellos aspectos que pueden mejorar este servicio de base ofrecido a la sociedad, y en segundo lugar, en aquellas acciones socialmente responsables m\u00e1s propias de otros sectores profesionales pero que no son determinantes en el \u00e1mbito hospitalario, como por ejemplo el mecenazgo, o la colaboraci\u00f3n con organismos medioambientales. Desde este punto de vista, la RSC impacta positivamente en la estrategia de comunicaci\u00f3n institucional del hospital en el sentido de que ayuda a esta organizaci\u00f3n a mejorar su reputaci\u00f3n corporativa, especialmente de cara a los pacientes, quienes constituyen el p\u00fablico m\u00e1s importante de estas organizaciones.<br\/>\nLa Comisi\u00f3n de Responsabilidad Social del Hospital O\u00f1ativia centrar\u00e1 sus acciones en fortalecer su compromiso con la comunidad y el ambiente, trabajando en conjunto con el equipo de salud y sus familias, la comunidad y la sociedad civil.<\/p>\n\n\n\n<p>OBJETIVOS de la Comisi\u00f3n de Responsabilidad Social del Hospital O\u00f1ativia<br\/>\nPromover la coordinaci\u00f3n intersectorial que garantice el apoyo en:<br\/>\n1)    El ENTORNO SOCIAL<br\/>\nAcciones <br\/>\n\u2022 Identificar  los grupos de inter\u00e9s del entorno social del Hospital O\u00f1ativia.<br\/>\n\u2022 Establecer  mecanismos de di\u00e1logo para conocer las preocupaciones o expectativas existentes en el entorno social del Hospital.<br\/>\n\u2022 Considerar los impactos sociales y las expectativas de los grupos de inter\u00e9s en la definici\u00f3n y mejora de procesos.<br\/>\n\u2022 Cooperar con actividades sociales a trav\u00e9s de donaciones, patrocinios, etc.<br\/>\n\u2022 Planear y realizar actividades sociales y\/o comunitarias involucrando al personal y sus familias. <br\/>\n\u2022 Promover  acciones espec\u00edficas de  filantrop\u00eda, participaci\u00f3n y responsabilidad social entre sus proveedores, clientes e instituciones con los que se relaciona.<br\/>\n2)    El ENTORNO AMBIENTAL<br\/>\nAcciones <br\/>\n\u2022 Identificar los aspectos legales en materia ambiental de los servicios ofertados.<br\/>\n\u2022 Tomar medidas para la reducci\u00f3n de los impactos ambientales de la prestaci\u00f3n del <br\/>\nservicio (Minimizaci\u00f3n entradas: agua, energ\u00eda, recursos naturales, transportes.<br\/>\nMinimizaci\u00f3n de salidas: residuos, emisiones, ruidos)<br\/>\n\u2022 Gestionar el mantenimiento y utilizaci\u00f3n  de la infraestructura  de forma respetuosa con el medio ambiente.<br\/>\n\u2022 Realizar acciones que generen al personal conciencia sobre el cuidado del medio ambiente, y desarrollar campa\u00f1as de educaci\u00f3n ambiental a familiares del personal y a la comunidad inmediata. <br\/>\n\u2022 Contar con  un programa encaminado a convertirla en una Instituci\u00f3n sin papel (uso de documentos electr\u00f3nicos)<br\/>\n\u2022 Mantener  sus activos (maquinaria, equipo, transporte, etc.) en niveles adecuados para la prevenci\u00f3n de contaminaci\u00f3n.<br\/>\n\u2022 Disponer de canales de comunicaci\u00f3n con sus grupos de inter\u00e9s sobre cuestiones<br\/>\nligadas al impacto y desempe\u00f1o ambiental de los servicios prestados.<\/p>\n","protected":false},"excerpt":{"rendered":"<p>Fundamentaci\u00f3n Los hospitales, en su esencia, son organizaciones socialmente responsables ya que realizan una triple funci\u00f3n de asistencia m\u00e9dica a<\/p>\n","protected":false},"author":2,"featured_media":0,"parent":0,"menu_order":0,"comment_status":"closed","ping_status":"closed","template":"","meta":{"footnotes":""},"class_list":["post-1451","page","type-page","status-publish","hentry"],"yoast_head":"<!-- This site is optimized with the Yoast SEO plugin v18.0 - https:\/\/yoast.com\/wordpress\/plugins\/seo\/ -->\n<title>Comit\u00e9 de Responsabilidad Social Corporativa - Hospital Dr. Arturo O\u00f1ativia<\/title>\n<meta name=\"robots\" content=\"index, follow, max-snippet:-1, max-image-preview:large, max-video-preview:-1\" \/>\n<link rel=\"canonical\" href=\"https:\/\/www.hospitalonativia.gob.ar\/?page_id=1451\" \/>\n<meta property=\"og:locale\" content=\"es_ES\" \/>\n<meta property=\"og:type\" content=\"article\" \/>\n<meta property=\"og:title\" content=\"Comit\u00e9 de Responsabilidad Social Corporativa - Hospital Dr. Arturo O\u00f1ativia\" \/>\n<meta property=\"og:description\" content=\"Fundamentaci\u00f3n Los hospitales, en su esencia, son organizaciones socialmente responsables ya que realizan una triple funci\u00f3n de asistencia m\u00e9dica a\" \/>\n<meta property=\"og:url\" content=\"https:\/\/www.hospitalonativia.gob.ar\/?page_id=1451\" \/>\n<meta property=\"og:site_name\" content=\"Hospital Dr. Arturo O\u00f1ativia\" \/>\n<meta property=\"article:modified_time\" content=\"2018-10-02T13:27:23+00:00\" \/>\n<meta name=\"twitter:card\" content=\"summary_large_image\" \/>\n<meta name=\"twitter:label1\" content=\"Tiempo de lectura\" \/>\n\t<meta name=\"twitter:data1\" content=\"3 minutos\" \/>\n<script type=\"application\/ld+json\" class=\"yoast-schema-graph\">{\"@context\":\"https:\/\/schema.org\",\"@graph\":[{\"@type\":\"WebSite\",\"@id\":\"https:\/\/www.hospitalonativia.gob.ar\/#website\",\"url\":\"https:\/\/www.hospitalonativia.gob.ar\/\",\"name\":\"Hospital Dr. Arturo O\u00f1ativia\",\"description\":\"Salta Capital\",\"potentialAction\":[{\"@type\":\"SearchAction\",\"target\":{\"@type\":\"EntryPoint\",\"urlTemplate\":\"https:\/\/www.hospitalonativia.gob.ar\/?s={search_term_string}\"},\"query-input\":\"required name=search_term_string\"}],\"inLanguage\":\"es\"},{\"@type\":\"WebPage\",\"@id\":\"https:\/\/www.hospitalonativia.gob.ar\/?page_id=1451#webpage\",\"url\":\"https:\/\/www.hospitalonativia.gob.ar\/?page_id=1451\",\"name\":\"Comit\u00e9 de Responsabilidad Social Corporativa - Hospital Dr. Arturo O\u00f1ativia\",\"isPartOf\":{\"@id\":\"https:\/\/www.hospitalonativia.gob.ar\/#website\"},\"datePublished\":\"2018-09-05T12:29:09+00:00\",\"dateModified\":\"2018-10-02T13:27:23+00:00\",\"breadcrumb\":{\"@id\":\"https:\/\/www.hospitalonativia.gob.ar\/?page_id=1451#breadcrumb\"},\"inLanguage\":\"es\",\"potentialAction\":[{\"@type\":\"ReadAction\",\"target\":[\"https:\/\/www.hospitalonativia.gob.ar\/?page_id=1451\"]}]},{\"@type\":\"BreadcrumbList\",\"@id\":\"https:\/\/www.hospitalonativia.gob.ar\/?page_id=1451#breadcrumb\",\"itemListElement\":[{\"@type\":\"ListItem\",\"position\":1,\"name\":\"Portada\",\"item\":\"https:\/\/www.hospitalonativia.gob.ar\/\"},{\"@type\":\"ListItem\",\"position\":2,\"name\":\"Comit\u00e9 de Responsabilidad Social Corporativa\"}]}]}<\/script>\n<!-- \/ Yoast SEO plugin. -->","yoast_head_json":{"title":"Comit\u00e9 de Responsabilidad Social Corporativa - Hospital Dr. Arturo O\u00f1ativia","robots":{"index":"index","follow":"follow","max-snippet":"max-snippet:-1","max-image-preview":"max-image-preview:large","max-video-preview":"max-video-preview:-1"},"canonical":"https:\/\/www.hospitalonativia.gob.ar\/?page_id=1451","og_locale":"es_ES","og_type":"article","og_title":"Comit\u00e9 de Responsabilidad Social Corporativa - Hospital Dr. Arturo O\u00f1ativia","og_description":"Fundamentaci\u00f3n Los hospitales, en su esencia, son organizaciones socialmente responsables ya que realizan una triple funci\u00f3n de asistencia m\u00e9dica a","og_url":"https:\/\/www.hospitalonativia.gob.ar\/?page_id=1451","og_site_name":"Hospital Dr. Arturo O\u00f1ativia","article_modified_time":"2018-10-02T13:27:23+00:00","twitter_card":"summary_large_image","twitter_misc":{"Tiempo de lectura":"3 minutos"},"schema":{"@context":"https:\/\/schema.org","@graph":[{"@type":"WebSite","@id":"https:\/\/www.hospitalonativia.gob.ar\/#website","url":"https:\/\/www.hospitalonativia.gob.ar\/","name":"Hospital Dr. Arturo O\u00f1ativia","description":"Salta Capital","potentialAction":[{"@type":"SearchAction","target":{"@type":"EntryPoint","urlTemplate":"https:\/\/www.hospitalonativia.gob.ar\/?s={search_term_string}"},"query-input":"required name=search_term_string"}],"inLanguage":"es"},{"@type":"WebPage","@id":"https:\/\/www.hospitalonativia.gob.ar\/?page_id=1451#webpage","url":"https:\/\/www.hospitalonativia.gob.ar\/?page_id=1451","name":"Comit\u00e9 de Responsabilidad Social Corporativa - Hospital Dr. Arturo O\u00f1ativia","isPartOf":{"@id":"https:\/\/www.hospitalonativia.gob.ar\/#website"},"datePublished":"2018-09-05T12:29:09+00:00","dateModified":"2018-10-02T13:27:23+00:00","breadcrumb":{"@id":"https:\/\/www.hospitalonativia.gob.ar\/?page_id=1451#breadcrumb"},"inLanguage":"es","potentialAction":[{"@type":"ReadAction","target":["https:\/\/www.hospitalonativia.gob.ar\/?page_id=1451"]}]},{"@type":"BreadcrumbList","@id":"https:\/\/www.hospitalonativia.gob.ar\/?page_id=1451#breadcrumb","itemListElement":[{"@type":"ListItem","position":1,"name":"Portada","item":"https:\/\/www.hospitalonativia.gob.ar\/"},{"@type":"ListItem","position":2,"name":"Comit\u00e9 de Responsabilidad Social Corporativa"}]}]}},"_links":{"self":[{"href":"https:\/\/www.hospitalonativia.gob.ar\/index.php?rest_route=\/wp\/v2\/pages\/1451"}],"collection":[{"href":"https:\/\/www.hospitalonativia.gob.ar\/index.php?rest_route=\/wp\/v2\/pages"}],"about":[{"href":"https:\/\/www.hospitalonativia.gob.ar\/index.php?rest_route=\/wp\/v2\/types\/page"}],"author":[{"embeddable":true,"href":"https:\/\/www.hospitalonativia.gob.ar\/index.php?rest_route=\/wp\/v2\/users\/2"}],"replies":[{"embeddable":true,"href":"https:\/\/www.hospitalonativia.gob.ar\/index.php?rest_route=%2Fwp%2Fv2%2Fcomments&post=1451"}],"version-history":[{"count":3,"href":"https:\/\/www.hospitalonativia.gob.ar\/index.php?rest_route=\/wp\/v2\/pages\/1451\/revisions"}],"predecessor-version":[{"id":1542,"href":"https:\/\/www.hospitalonativia.gob.ar\/index.php?rest_route=\/wp\/v2\/pages\/1451\/revisions\/1542"}],"wp:attachment":[{"href":"https:\/\/www.hospitalonativia.gob.ar\/index.php?rest_route=%2Fwp%2Fv2%2Fmedia&parent=1451"}],"curies":[{"name":"wp","href":"https:\/\/api.w.org\/{rel}","templated":true}]}}