{"id":148,"date":"2016-10-11T08:35:20","date_gmt":"2016-10-11T11:35:20","guid":{"rendered":"http:\/\/192.168.1.190\/hospitalonativia\/?page_id=148"},"modified":"2017-07-14T11:00:26","modified_gmt":"2017-07-14T14:00:26","slug":"gerencia-general","status":"publish","type":"page","link":"https:\/\/www.hospitalonativia.gob.ar\/?page_id=148","title":{"rendered":"GERENCIA GENERAL"},"content":{"rendered":"<div style=\"\u201dpadding: 12px; background-color: #e3e5e5; border: 6px solid lightgrey;\">\n<h3><span style=\"font-size: 12pt;\"><strong><img loading=\"lazy\" decoding=\"async\" class=\"size-medium wp-image-1065 alignright\" src=\"http:\/\/www.hospitalonativia.gob.ar\/wp-content\/uploads\/2016\/10\/Dr.-Nallar-286x300.jpg\" alt=\"\" width=\"286\" height=\"300\" srcset=\"https:\/\/www.hospitalonativia.gob.ar\/wp-content\/uploads\/2016\/10\/Dr.-Nallar-286x300.jpg 286w, https:\/\/www.hospitalonativia.gob.ar\/wp-content\/uploads\/2016\/10\/Dr.-Nallar-768x805.jpg 768w, https:\/\/www.hospitalonativia.gob.ar\/wp-content\/uploads\/2016\/10\/Dr.-Nallar.jpg 963w\" sizes=\"(max-width: 286px) 100vw, 286px\" \/>Dr. MARCELO NALLAR DERA<\/strong><\/span><\/h3>\n<p><strong>Misi\u00f3n:<\/strong><\/p>\n<p>Hacer cumplir las acciones relativas a promoci\u00f3n de la salud, prevenci\u00f3n de enfermedades, recuperaci\u00f3n y rehabilitaci\u00f3n de la salud que emanen del Consejo de Administraci\u00f3n en el cumplimiento de su misi\u00f3n.<\/p>\n<p><strong>Funciones:<\/strong><\/p>\n<p>-Cumplir y hacer cumplir el Cap\u00edtulo III de la ley n\u00b0 6841 con especial \u00e9nfasis en los art\u00edculos 17 y 20.<\/p>\n<p>Art. 17.- Los hospitales p\u00fablicos de autogesti\u00f3n est\u00e1n autorizados a:<\/p>\n<ol>\n<li>a) Realizar convenios con entidades de la seguridad social provinciales y nacionales y, muy especialmente, con las denominadas \u00abobras sociales\u00bb de jurisdicci\u00f3n nacional.<\/li>\n<li>b) Complementar servicios con otros establecimientos asistenciales p\u00fablicos o privados.<\/li>\n<li>c) Cobrar los servicios que brinden a trav\u00e9s de los mecanismos del seguro de salud a cargo del Instituto Provincial del Seguro o a las personas con capacidad de pago o a terceros pagadores que cubran las prestaciones del usuario de obras sociales, mutuales, empresas de medicina prepaga, seguros de accidente, medicina laboral, convenios celebrados por el Gobernador con los gobiernos de las provincias vecinas o de los pa\u00edses lim\u00edtrofes, en el marco del art\u00edculo 124 de la Constituci\u00f3n Nacional, a los fines de la contribuci\u00f3n de dichos gobiernos, para la financiaci\u00f3n de las prestaciones destinadas a satisfacer las necesidades de los oriundos de unas y otros, mientras no se radiquen en la Provincia de conformidad con el ordenamiento, u otros similares.<\/li>\n<li>d) Integrar redes de servicios de salud con otros establecimientos asistenciales p\u00fablicos y privados de la Provincia, de la regi\u00f3n del Noroeste Argentino o de la Naci\u00f3n, debidamente habilitadas.<\/li>\n<li>e) Toda otra actividad que resulte necesaria o conveniente para el cumplimiento de los fines y objetivos precisados en las pol\u00edticas de salud formuladas por el Gobernador de la Provincia.<\/li>\n<\/ol>\n<p>Art. 20.- Las estructuras de direcci\u00f3n y administraci\u00f3n del hospital deber\u00e1n:<\/p>\n<ol>\n<li>a) Elaborar y elevar al Ministro de Salud P\u00fablica, para su aprobaci\u00f3n, el Programa Anual Operativo y el C\u00e1lculo de Gastos y Recursos Presupuestarios.<\/li>\n<li>b) Elaborar las normas de funcionamiento y los manuales de procedimientos t\u00e9cnicos y administrativos.<\/li>\n<li>c) Dise\u00f1ar y proponer al Ministro de Salud P\u00fablica la constituci\u00f3n o implementaci\u00f3n de nuevos servicios y programas que favorezcan el desarrollo institucional y la extensi\u00f3n de la cobertura.<\/li>\n<li>d) Designar, promover y reubicar dentro de la estructura aprobada al personal en todos sus niveles y categor\u00edas. Sancionar al mismo y entender en sus bajas.<\/li>\n<li>e) Disponer sobre la ejecuci\u00f3n del Presupuesto y sobre los recursos generados por el propio hospital.<\/li>\n<li>f) Elaborar su propio Reglamento Interno y constituir comisiones y\/o comit\u00e9s t\u00e9cnicos asesores.<\/li>\n<li>g) Extender los horarios de atenci\u00f3n de sus servicios brindando asistencia plena entre las ocho de la ma\u00f1ana y las veinte horas, sin perjuicio del servicio permanente de emergencias.<\/li>\n<\/ol>\n<p>-Orientar y controlar el comportamiento del \u00c1rea Operativa en su conjunto mediante la asignaci\u00f3n de funciones a cada uno de los integrantes del equipo de salud, normatizando sobre el modo de ejecutar las actividades y evaluando los resultados.<\/p>\n<p>-Realizar la gesti\u00f3n y el control de la ejecuci\u00f3n presupuestaria de los recursos asignados.<\/p>\n<p>-Promover la articulaci\u00f3n activa del \u00c1rea Operativa con otros sectores y organismos no gubernamentales de su jurisdicci\u00f3n, en aquellos aspectos relacionados con las condiciones de salud de la poblaci\u00f3n y del cuidado del ambiente.<\/p>\n<p>-Fomentar y apoyar la participaci\u00f3n social en el sistema de salud.<\/p>\n<p>-Identificar y obtener fondos de fuentes alternativas de financiamiento.<\/p>\n<p>-Gerenciar recursos financieros locales y aquellos que hayan sido transferidos u otorgados por los otros subsectores del sistema de salud u otras organizaciones ajenas al \u00e1mbito local.<\/p>\n<p>-Capacitar en servicio a los profesionales en \u00e1reas tem\u00e1ticas requeridas para las actividades locales, en funci\u00f3n de las propias necesidades y capacidades de formaci\u00f3n actualizando permanentemente los conocimientos del personal de salud y de los conjuntos sociales.<\/p>\n<p>-En forma compartida con las Gerencias que de ella dependen desarrollar capacidades para:<\/p>\n<p>*Elaborar e interpretar indicadores que permitan acompa\u00f1ar el proceso de transformaci\u00f3n del modelo de atenci\u00f3n.<\/p>\n<p>*Analizar la informaci\u00f3n disponible y definir la informaci\u00f3n complementaria, necesaria para la gesti\u00f3n de la Instituci\u00f3n.<\/p>\n<p>*Generar procesos de comunicaci\u00f3n que permitan mantener la cohesi\u00f3n y la direccionalidad del sistema local desalud.<\/p>\n<p>*Favorecer los procesos de concertaci\u00f3n necesarios para garantizar el cumplimiento de los objetivos del plan desalud provincial y local.<\/p>\n<p>*Establecer flujos de interacci\u00f3n con los conjuntos sociales, que faciliten la incorporaci\u00f3n de los mismos al proceso de gerenciamiento.<\/p>\n<p>-Elevar al Consejo de Administraci\u00f3n para su aprobaci\u00f3n las misiones y funciones de la totalidad de los Programas que componen el Proyecto Local de Salud del Hospital.<\/p>\n<p>-Dar cuenta de su gesti\u00f3n ante los \u00f3rganos competentes del Ministerio de Salud P\u00fablica y presentar semestralmente el informe de su gesti\u00f3n.<\/p>\n<\/div>\n","protected":false},"excerpt":{"rendered":"<p>Dr. MARCELO NALLAR DERA Misi\u00f3n: Hacer cumplir las acciones relativas a promoci\u00f3n de la salud, prevenci\u00f3n de enfermedades, recuperaci\u00f3n y<\/p>\n","protected":false},"author":2,"featured_media":0,"parent":0,"menu_order":0,"comment_status":"closed","ping_status":"closed","template":"","meta":{"footnotes":""},"class_list":["post-148","page","type-page","status-publish","hentry"],"yoast_head":"<!-- This site is optimized with the Yoast SEO plugin v18.0 - https:\/\/yoast.com\/wordpress\/plugins\/seo\/ -->\n<title>GERENCIA GENERAL - Hospital Dr. Arturo O\u00f1ativia<\/title>\n<meta name=\"robots\" content=\"index, follow, max-snippet:-1, max-image-preview:large, max-video-preview:-1\" \/>\n<link rel=\"canonical\" href=\"https:\/\/www.hospitalonativia.gob.ar\/?page_id=148\" \/>\n<meta property=\"og:locale\" content=\"es_ES\" \/>\n<meta property=\"og:type\" content=\"article\" \/>\n<meta property=\"og:title\" content=\"GERENCIA GENERAL - Hospital Dr. Arturo O\u00f1ativia\" \/>\n<meta property=\"og:description\" content=\"Dr. MARCELO NALLAR DERA Misi\u00f3n: Hacer cumplir las acciones relativas a promoci\u00f3n de la salud, prevenci\u00f3n de enfermedades, recuperaci\u00f3n y\" \/>\n<meta property=\"og:url\" content=\"https:\/\/www.hospitalonativia.gob.ar\/?page_id=148\" \/>\n<meta property=\"og:site_name\" content=\"Hospital Dr. Arturo O\u00f1ativia\" \/>\n<meta property=\"article:modified_time\" content=\"2017-07-14T14:00:26+00:00\" \/>\n<meta property=\"og:image\" content=\"http:\/\/www.hospitalonativia.gob.ar\/wp-content\/uploads\/2016\/10\/Dr.-Nallar-286x300.jpg\" \/>\n<meta name=\"twitter:card\" content=\"summary_large_image\" \/>\n<meta name=\"twitter:label1\" content=\"Tiempo de lectura\" \/>\n\t<meta name=\"twitter:data1\" content=\"4 minutos\" \/>\n<script type=\"application\/ld+json\" class=\"yoast-schema-graph\">{\"@context\":\"https:\/\/schema.org\",\"@graph\":[{\"@type\":\"WebSite\",\"@id\":\"https:\/\/www.hospitalonativia.gob.ar\/#website\",\"url\":\"https:\/\/www.hospitalonativia.gob.ar\/\",\"name\":\"Hospital Dr. Arturo O\u00f1ativia\",\"description\":\"Salta Capital\",\"potentialAction\":[{\"@type\":\"SearchAction\",\"target\":{\"@type\":\"EntryPoint\",\"urlTemplate\":\"https:\/\/www.hospitalonativia.gob.ar\/?s={search_term_string}\"},\"query-input\":\"required name=search_term_string\"}],\"inLanguage\":\"es\"},{\"@type\":\"ImageObject\",\"@id\":\"https:\/\/www.hospitalonativia.gob.ar\/?page_id=148#primaryimage\",\"inLanguage\":\"es\",\"url\":\"http:\/\/www.hospitalonativia.gob.ar\/wp-content\/uploads\/2016\/10\/Dr.-Nallar-286x300.jpg\",\"contentUrl\":\"http:\/\/www.hospitalonativia.gob.ar\/wp-content\/uploads\/2016\/10\/Dr.-Nallar-286x300.jpg\"},{\"@type\":\"WebPage\",\"@id\":\"https:\/\/www.hospitalonativia.gob.ar\/?page_id=148#webpage\",\"url\":\"https:\/\/www.hospitalonativia.gob.ar\/?page_id=148\",\"name\":\"GERENCIA GENERAL - Hospital Dr. Arturo O\u00f1ativia\",\"isPartOf\":{\"@id\":\"https:\/\/www.hospitalonativia.gob.ar\/#website\"},\"primaryImageOfPage\":{\"@id\":\"https:\/\/www.hospitalonativia.gob.ar\/?page_id=148#primaryimage\"},\"datePublished\":\"2016-10-11T11:35:20+00:00\",\"dateModified\":\"2017-07-14T14:00:26+00:00\",\"breadcrumb\":{\"@id\":\"https:\/\/www.hospitalonativia.gob.ar\/?page_id=148#breadcrumb\"},\"inLanguage\":\"es\",\"potentialAction\":[{\"@type\":\"ReadAction\",\"target\":[\"https:\/\/www.hospitalonativia.gob.ar\/?page_id=148\"]}]},{\"@type\":\"BreadcrumbList\",\"@id\":\"https:\/\/www.hospitalonativia.gob.ar\/?page_id=148#breadcrumb\",\"itemListElement\":[{\"@type\":\"ListItem\",\"position\":1,\"name\":\"Portada\",\"item\":\"https:\/\/www.hospitalonativia.gob.ar\/\"},{\"@type\":\"ListItem\",\"position\":2,\"name\":\"GERENCIA GENERAL\"}]}]}<\/script>\n<!-- \/ Yoast SEO plugin. -->","yoast_head_json":{"title":"GERENCIA GENERAL - Hospital Dr. Arturo O\u00f1ativia","robots":{"index":"index","follow":"follow","max-snippet":"max-snippet:-1","max-image-preview":"max-image-preview:large","max-video-preview":"max-video-preview:-1"},"canonical":"https:\/\/www.hospitalonativia.gob.ar\/?page_id=148","og_locale":"es_ES","og_type":"article","og_title":"GERENCIA GENERAL - Hospital Dr. Arturo O\u00f1ativia","og_description":"Dr. MARCELO NALLAR DERA Misi\u00f3n: Hacer cumplir las acciones relativas a promoci\u00f3n de la salud, prevenci\u00f3n de enfermedades, recuperaci\u00f3n y","og_url":"https:\/\/www.hospitalonativia.gob.ar\/?page_id=148","og_site_name":"Hospital Dr. Arturo O\u00f1ativia","article_modified_time":"2017-07-14T14:00:26+00:00","og_image":[{"url":"http:\/\/www.hospitalonativia.gob.ar\/wp-content\/uploads\/2016\/10\/Dr.-Nallar-286x300.jpg"}],"twitter_card":"summary_large_image","twitter_misc":{"Tiempo de lectura":"4 minutos"},"schema":{"@context":"https:\/\/schema.org","@graph":[{"@type":"WebSite","@id":"https:\/\/www.hospitalonativia.gob.ar\/#website","url":"https:\/\/www.hospitalonativia.gob.ar\/","name":"Hospital Dr. Arturo O\u00f1ativia","description":"Salta Capital","potentialAction":[{"@type":"SearchAction","target":{"@type":"EntryPoint","urlTemplate":"https:\/\/www.hospitalonativia.gob.ar\/?s={search_term_string}"},"query-input":"required name=search_term_string"}],"inLanguage":"es"},{"@type":"ImageObject","@id":"https:\/\/www.hospitalonativia.gob.ar\/?page_id=148#primaryimage","inLanguage":"es","url":"http:\/\/www.hospitalonativia.gob.ar\/wp-content\/uploads\/2016\/10\/Dr.-Nallar-286x300.jpg","contentUrl":"http:\/\/www.hospitalonativia.gob.ar\/wp-content\/uploads\/2016\/10\/Dr.-Nallar-286x300.jpg"},{"@type":"WebPage","@id":"https:\/\/www.hospitalonativia.gob.ar\/?page_id=148#webpage","url":"https:\/\/www.hospitalonativia.gob.ar\/?page_id=148","name":"GERENCIA GENERAL - Hospital Dr. Arturo O\u00f1ativia","isPartOf":{"@id":"https:\/\/www.hospitalonativia.gob.ar\/#website"},"primaryImageOfPage":{"@id":"https:\/\/www.hospitalonativia.gob.ar\/?page_id=148#primaryimage"},"datePublished":"2016-10-11T11:35:20+00:00","dateModified":"2017-07-14T14:00:26+00:00","breadcrumb":{"@id":"https:\/\/www.hospitalonativia.gob.ar\/?page_id=148#breadcrumb"},"inLanguage":"es","potentialAction":[{"@type":"ReadAction","target":["https:\/\/www.hospitalonativia.gob.ar\/?page_id=148"]}]},{"@type":"BreadcrumbList","@id":"https:\/\/www.hospitalonativia.gob.ar\/?page_id=148#breadcrumb","itemListElement":[{"@type":"ListItem","position":1,"name":"Portada","item":"https:\/\/www.hospitalonativia.gob.ar\/"},{"@type":"ListItem","position":2,"name":"GERENCIA GENERAL"}]}]}},"_links":{"self":[{"href":"https:\/\/www.hospitalonativia.gob.ar\/index.php?rest_route=\/wp\/v2\/pages\/148"}],"collection":[{"href":"https:\/\/www.hospitalonativia.gob.ar\/index.php?rest_route=\/wp\/v2\/pages"}],"about":[{"href":"https:\/\/www.hospitalonativia.gob.ar\/index.php?rest_route=\/wp\/v2\/types\/page"}],"author":[{"embeddable":true,"href":"https:\/\/www.hospitalonativia.gob.ar\/index.php?rest_route=\/wp\/v2\/users\/2"}],"replies":[{"embeddable":true,"href":"https:\/\/www.hospitalonativia.gob.ar\/index.php?rest_route=%2Fwp%2Fv2%2Fcomments&post=148"}],"version-history":[{"count":8,"href":"https:\/\/www.hospitalonativia.gob.ar\/index.php?rest_route=\/wp\/v2\/pages\/148\/revisions"}],"predecessor-version":[{"id":1066,"href":"https:\/\/www.hospitalonativia.gob.ar\/index.php?rest_route=\/wp\/v2\/pages\/148\/revisions\/1066"}],"wp:attachment":[{"href":"https:\/\/www.hospitalonativia.gob.ar\/index.php?rest_route=%2Fwp%2Fv2%2Fmedia&parent=148"}],"curies":[{"name":"wp","href":"https:\/\/api.w.org\/{rel}","templated":true}]}}