{"id":151,"date":"2016-10-11T08:37:10","date_gmt":"2016-10-11T11:37:10","guid":{"rendered":"http:\/\/192.168.1.190\/hospitalonativia\/?page_id=151"},"modified":"2019-04-29T11:42:15","modified_gmt":"2019-04-29T14:42:15","slug":"consejo-de-administracion","status":"publish","type":"page","link":"https:\/\/www.hospitalonativia.gob.ar\/?page_id=151","title":{"rendered":"Gerencia Sanitaria"},"content":{"rendered":"<div style=\"\u201dpadding: 12px; background-color: #f2f4f4; border: 6px solid#f7f8f9;\">\n<h3><span style=\"font-size: 12pt;\"><strong><span lang=\"ES\" style=\"font-family: Arial, sans-serif; color: #333333;\">Lic. Paula Carrizo<\/span><\/strong><\/span><\/h3>\n<p><strong><u>Misi\u00f3n<\/u><\/strong><\/p>\n<p>Entender en todo lo relativo a la salud colectiva, sus planes y programas, auspiciando la ejecuci\u00f3n de acciones de salud tendientes a promover estilos de vida saludables que ayuden a prevenir la patolog\u00eda prevalente en el \u00e1rea de responsabilidad.<\/p>\n<p><strong><u>Funciones:<\/u><\/strong><\/p>\n<p>-Formular programas de salud, comunitarios, de protecci\u00f3n ambiental, de vigilancia epidemiol\u00f3gica, estad\u00edsticas, haci\u00e9ndose responsable ante el Gerente General de la programaci\u00f3n, ejecuci\u00f3n y\u00a0 evaluaci\u00f3n del impacto de los mismos.<\/p>\n<p>-Desarrollar actividades de fortalecimiento de la pr\u00e1ctica de la epidemiolog\u00eda y articular en el establecimiento el uso eficaz de sistemas de informaci\u00f3n que permitan monitorear cambios en el estado de salud de la poblaci\u00f3n y en sus condiciones de vida, esforz\u00e1ndose por reducir las inequidades que est\u00e9n vinculadas directa o indirectamente con el campo de la salud.<\/p>\n<p>-Generar estrategias de promoci\u00f3n de la salud, informaci\u00f3n, comunicaci\u00f3n social, educaci\u00f3n para la salud y salud mental, que contribuyan a obtener estilos de vida saludables, fortaleciendo el proceso de desarrollo local.<\/p>\n<p>-Ejecutar localmente programas de salud que han demostrado tener un verdadero impacto con la aplicaci\u00f3n eficiente de las herramientas y t\u00e9cnicas de la administraci\u00f3n sanitaria referidas a la promoci\u00f3n de la salud y prevenci\u00f3n de enfermedades transmisibles, tales como Tuberculosis, Chagas, Dengue y otras Enfermedades Transmitidas por Vectores, Enfermedades de Transmisi\u00f3n Sexual y\u00a0 SIDA, y las patolog\u00edas prevalentes.<\/p>\n<p>-Ejecutar localmente programas y\u00a0 acciones de promoci\u00f3n de la salud y prevenci\u00f3n de enfermedades no Transmisibles, tales como Diabetes, Hipertensi\u00f3n Arterial, C\u00e1ncer, Nutrici\u00f3n, Tabaquismo, y\u00a0 las enfermedades que prevalecen.<\/p>\n<p>-Ejecutar localmente pol\u00edticas de protecci\u00f3n y desarrollo ambiental.<\/p>\n<p>-Recolectar, procesar, analizar y difundir la informaci\u00f3n proveniente de las actividades asistenciales, sanitarias y administrativas del \u00c1rea Operativa.<\/p>\n<p class=\"text-center\"><strong>\u00a0<\/strong><\/p>\n<\/div>\n","protected":false},"excerpt":{"rendered":"<p>Lic. Paula Carrizo Misi\u00f3n Entender en todo lo relativo a la salud colectiva, sus planes y programas, auspiciando la ejecuci\u00f3n<\/p>\n","protected":false},"author":2,"featured_media":0,"parent":0,"menu_order":0,"comment_status":"closed","ping_status":"closed","template":"","meta":{"footnotes":""},"class_list":["post-151","page","type-page","status-publish","hentry"],"yoast_head":"<!-- This site is optimized with the Yoast SEO plugin v18.0 - https:\/\/yoast.com\/wordpress\/plugins\/seo\/ -->\n<title>Gerencia Sanitaria - Hospital Dr. Arturo O\u00f1ativia<\/title>\n<meta name=\"robots\" content=\"index, follow, max-snippet:-1, max-image-preview:large, max-video-preview:-1\" \/>\n<link rel=\"canonical\" href=\"https:\/\/www.hospitalonativia.gob.ar\/?page_id=151\" \/>\n<meta property=\"og:locale\" content=\"es_ES\" \/>\n<meta property=\"og:type\" content=\"article\" \/>\n<meta property=\"og:title\" content=\"Gerencia Sanitaria - Hospital Dr. Arturo O\u00f1ativia\" \/>\n<meta property=\"og:description\" content=\"Lic. Paula Carrizo Misi\u00f3n Entender en todo lo relativo a la salud colectiva, sus planes y programas, auspiciando la ejecuci\u00f3n\" \/>\n<meta property=\"og:url\" content=\"https:\/\/www.hospitalonativia.gob.ar\/?page_id=151\" \/>\n<meta property=\"og:site_name\" content=\"Hospital Dr. Arturo O\u00f1ativia\" \/>\n<meta property=\"article:modified_time\" content=\"2019-04-29T14:42:15+00:00\" \/>\n<meta name=\"twitter:card\" content=\"summary_large_image\" \/>\n<meta name=\"twitter:label1\" content=\"Tiempo de lectura\" \/>\n\t<meta name=\"twitter:data1\" content=\"2 minutos\" \/>\n<script type=\"application\/ld+json\" class=\"yoast-schema-graph\">{\"@context\":\"https:\/\/schema.org\",\"@graph\":[{\"@type\":\"WebSite\",\"@id\":\"https:\/\/www.hospitalonativia.gob.ar\/#website\",\"url\":\"https:\/\/www.hospitalonativia.gob.ar\/\",\"name\":\"Hospital Dr. Arturo O\u00f1ativia\",\"description\":\"Salta Capital\",\"potentialAction\":[{\"@type\":\"SearchAction\",\"target\":{\"@type\":\"EntryPoint\",\"urlTemplate\":\"https:\/\/www.hospitalonativia.gob.ar\/?s={search_term_string}\"},\"query-input\":\"required name=search_term_string\"}],\"inLanguage\":\"es\"},{\"@type\":\"WebPage\",\"@id\":\"https:\/\/www.hospitalonativia.gob.ar\/?page_id=151#webpage\",\"url\":\"https:\/\/www.hospitalonativia.gob.ar\/?page_id=151\",\"name\":\"Gerencia Sanitaria - Hospital Dr. Arturo O\u00f1ativia\",\"isPartOf\":{\"@id\":\"https:\/\/www.hospitalonativia.gob.ar\/#website\"},\"datePublished\":\"2016-10-11T11:37:10+00:00\",\"dateModified\":\"2019-04-29T14:42:15+00:00\",\"breadcrumb\":{\"@id\":\"https:\/\/www.hospitalonativia.gob.ar\/?page_id=151#breadcrumb\"},\"inLanguage\":\"es\",\"potentialAction\":[{\"@type\":\"ReadAction\",\"target\":[\"https:\/\/www.hospitalonativia.gob.ar\/?page_id=151\"]}]},{\"@type\":\"BreadcrumbList\",\"@id\":\"https:\/\/www.hospitalonativia.gob.ar\/?page_id=151#breadcrumb\",\"itemListElement\":[{\"@type\":\"ListItem\",\"position\":1,\"name\":\"Portada\",\"item\":\"https:\/\/www.hospitalonativia.gob.ar\/\"},{\"@type\":\"ListItem\",\"position\":2,\"name\":\"Gerencia Sanitaria\"}]}]}<\/script>\n<!-- \/ Yoast SEO plugin. -->","yoast_head_json":{"title":"Gerencia Sanitaria - Hospital Dr. Arturo O\u00f1ativia","robots":{"index":"index","follow":"follow","max-snippet":"max-snippet:-1","max-image-preview":"max-image-preview:large","max-video-preview":"max-video-preview:-1"},"canonical":"https:\/\/www.hospitalonativia.gob.ar\/?page_id=151","og_locale":"es_ES","og_type":"article","og_title":"Gerencia Sanitaria - Hospital Dr. Arturo O\u00f1ativia","og_description":"Lic. Paula Carrizo Misi\u00f3n Entender en todo lo relativo a la salud colectiva, sus planes y programas, auspiciando la ejecuci\u00f3n","og_url":"https:\/\/www.hospitalonativia.gob.ar\/?page_id=151","og_site_name":"Hospital Dr. Arturo O\u00f1ativia","article_modified_time":"2019-04-29T14:42:15+00:00","twitter_card":"summary_large_image","twitter_misc":{"Tiempo de lectura":"2 minutos"},"schema":{"@context":"https:\/\/schema.org","@graph":[{"@type":"WebSite","@id":"https:\/\/www.hospitalonativia.gob.ar\/#website","url":"https:\/\/www.hospitalonativia.gob.ar\/","name":"Hospital Dr. Arturo O\u00f1ativia","description":"Salta Capital","potentialAction":[{"@type":"SearchAction","target":{"@type":"EntryPoint","urlTemplate":"https:\/\/www.hospitalonativia.gob.ar\/?s={search_term_string}"},"query-input":"required name=search_term_string"}],"inLanguage":"es"},{"@type":"WebPage","@id":"https:\/\/www.hospitalonativia.gob.ar\/?page_id=151#webpage","url":"https:\/\/www.hospitalonativia.gob.ar\/?page_id=151","name":"Gerencia Sanitaria - Hospital Dr. Arturo O\u00f1ativia","isPartOf":{"@id":"https:\/\/www.hospitalonativia.gob.ar\/#website"},"datePublished":"2016-10-11T11:37:10+00:00","dateModified":"2019-04-29T14:42:15+00:00","breadcrumb":{"@id":"https:\/\/www.hospitalonativia.gob.ar\/?page_id=151#breadcrumb"},"inLanguage":"es","potentialAction":[{"@type":"ReadAction","target":["https:\/\/www.hospitalonativia.gob.ar\/?page_id=151"]}]},{"@type":"BreadcrumbList","@id":"https:\/\/www.hospitalonativia.gob.ar\/?page_id=151#breadcrumb","itemListElement":[{"@type":"ListItem","position":1,"name":"Portada","item":"https:\/\/www.hospitalonativia.gob.ar\/"},{"@type":"ListItem","position":2,"name":"Gerencia Sanitaria"}]}]}},"_links":{"self":[{"href":"https:\/\/www.hospitalonativia.gob.ar\/index.php?rest_route=\/wp\/v2\/pages\/151"}],"collection":[{"href":"https:\/\/www.hospitalonativia.gob.ar\/index.php?rest_route=\/wp\/v2\/pages"}],"about":[{"href":"https:\/\/www.hospitalonativia.gob.ar\/index.php?rest_route=\/wp\/v2\/types\/page"}],"author":[{"embeddable":true,"href":"https:\/\/www.hospitalonativia.gob.ar\/index.php?rest_route=\/wp\/v2\/users\/2"}],"replies":[{"embeddable":true,"href":"https:\/\/www.hospitalonativia.gob.ar\/index.php?rest_route=%2Fwp%2Fv2%2Fcomments&post=151"}],"version-history":[{"count":8,"href":"https:\/\/www.hospitalonativia.gob.ar\/index.php?rest_route=\/wp\/v2\/pages\/151\/revisions"}],"predecessor-version":[{"id":1632,"href":"https:\/\/www.hospitalonativia.gob.ar\/index.php?rest_route=\/wp\/v2\/pages\/151\/revisions\/1632"}],"wp:attachment":[{"href":"https:\/\/www.hospitalonativia.gob.ar\/index.php?rest_route=%2Fwp%2Fv2%2Fmedia&parent=151"}],"curies":[{"name":"wp","href":"https:\/\/api.w.org\/{rel}","templated":true}]}}