{"id":154,"date":"2016-10-11T08:40:36","date_gmt":"2016-10-11T11:40:36","guid":{"rendered":"http:\/\/192.168.1.190\/hospitalonativia\/?page_id=154"},"modified":"2021-10-13T12:50:29","modified_gmt":"2021-10-13T15:50:29","slug":"gerencia-de-atencion-a-las-personas","status":"publish","type":"page","link":"https:\/\/www.hospitalonativia.gob.ar\/?page_id=154","title":{"rendered":"Gerencia de Atenci\u00f3n a las Personas"},"content":{"rendered":"<div style=\"\u201dpadding: 12px; background-color: #e3e5e5; border: 6px solid #f2f4f4;\">\n<h3><span style=\"font-size: 12pt;\"><strong>Dr. Mario Ruiz<\/strong><\/span><\/h3>\n<p>Misi\u00f3n<\/p>\n<p>Entender en todo lo relativo a la atenci\u00f3n de las personas, con especial \u00e9nfasis en aquellas que necesiten recuperaci\u00f3n y rehabilitaci\u00f3n institucional, ambulatoriamente o en internaci\u00f3n, mediante la aplicaci\u00f3n de criterios de organizaci\u00f3n por niveles de complejidad creciente; productividad y eficiencia promoviendo la excelencia en la prestaci\u00f3n m\u00e9dico-sanitaria y estableciendo mecanismos de evaluaci\u00f3n de la calidad alcanzada que incluyan la medici\u00f3n permanente del grado de satisfacci\u00f3n de los usuarios.<\/p>\n<p>Funciones:<\/p>\n<p>-Organizar los programas de atenci\u00f3n m\u00e9dica as\u00ed como los programas de laboratorio, diagn\u00f3stico y tratamiento, etc., teniendo en cuenta las pol\u00edticas de extensi\u00f3n de cobertura y accesibilidad, descentralizaci\u00f3n, regionalizaci\u00f3n, garant\u00eda de calidad y bioseguridad, siendo responsable ante el Gerente General del funcionamiento de los servicios, coordinando y evaluando las actividades de sus integrantes.<\/p>\n<p>-Analizar, planificar y evaluar las actividades de atenci\u00f3n en consultorios externos, internaci\u00f3n, emergencia, laboratorio, odontolog\u00eda, enfermer\u00eda, otros servicios de diagn\u00f3stico y tratamiento.<\/p>\n<p>-Liderar procesos que tiendan a prevenir y mitigar las repercusiones de emergencias colectivas, desastres y cat\u00e1strofes en el \u00c1rea Operativa, planificando ejecutando, evaluando y haci\u00e9ndose responsable de la asistencia m\u00e9dica de las personas afectadas por fen\u00f3menos de esta naturaleza.<\/p>\n<\/div>\n","protected":false},"excerpt":{"rendered":"<p>Dr. Mario Ruiz Misi\u00f3n Entender en todo lo relativo a la atenci\u00f3n de las personas, con especial \u00e9nfasis en aquellas<\/p>\n","protected":false},"author":2,"featured_media":0,"parent":0,"menu_order":0,"comment_status":"closed","ping_status":"closed","template":"","meta":{"footnotes":""},"class_list":["post-154","page","type-page","status-publish","hentry"],"yoast_head":"<!-- This site is optimized with the Yoast SEO plugin v18.0 - https:\/\/yoast.com\/wordpress\/plugins\/seo\/ -->\n<title>Gerencia de Atenci\u00f3n a las Personas - Hospital Dr. Arturo O\u00f1ativia<\/title>\n<meta name=\"robots\" content=\"index, follow, max-snippet:-1, max-image-preview:large, max-video-preview:-1\" \/>\n<link rel=\"canonical\" href=\"https:\/\/www.hospitalonativia.gob.ar\/?page_id=154\" \/>\n<meta property=\"og:locale\" content=\"es_ES\" \/>\n<meta property=\"og:type\" content=\"article\" \/>\n<meta property=\"og:title\" content=\"Gerencia de Atenci\u00f3n a las Personas - Hospital Dr. Arturo O\u00f1ativia\" \/>\n<meta property=\"og:description\" content=\"Dr. Mario Ruiz Misi\u00f3n Entender en todo lo relativo a la atenci\u00f3n de las personas, con especial \u00e9nfasis en aquellas\" \/>\n<meta property=\"og:url\" content=\"https:\/\/www.hospitalonativia.gob.ar\/?page_id=154\" \/>\n<meta property=\"og:site_name\" content=\"Hospital Dr. Arturo O\u00f1ativia\" \/>\n<meta property=\"article:modified_time\" content=\"2021-10-13T15:50:29+00:00\" \/>\n<meta name=\"twitter:card\" content=\"summary_large_image\" \/>\n<meta name=\"twitter:label1\" content=\"Tiempo de lectura\" \/>\n\t<meta name=\"twitter:data1\" content=\"1 minuto\" \/>\n<script type=\"application\/ld+json\" class=\"yoast-schema-graph\">{\"@context\":\"https:\/\/schema.org\",\"@graph\":[{\"@type\":\"WebSite\",\"@id\":\"https:\/\/www.hospitalonativia.gob.ar\/#website\",\"url\":\"https:\/\/www.hospitalonativia.gob.ar\/\",\"name\":\"Hospital Dr. Arturo O\u00f1ativia\",\"description\":\"Salta Capital\",\"potentialAction\":[{\"@type\":\"SearchAction\",\"target\":{\"@type\":\"EntryPoint\",\"urlTemplate\":\"https:\/\/www.hospitalonativia.gob.ar\/?s={search_term_string}\"},\"query-input\":\"required name=search_term_string\"}],\"inLanguage\":\"es\"},{\"@type\":\"WebPage\",\"@id\":\"https:\/\/www.hospitalonativia.gob.ar\/?page_id=154#webpage\",\"url\":\"https:\/\/www.hospitalonativia.gob.ar\/?page_id=154\",\"name\":\"Gerencia de Atenci\u00f3n a las Personas - Hospital Dr. Arturo O\u00f1ativia\",\"isPartOf\":{\"@id\":\"https:\/\/www.hospitalonativia.gob.ar\/#website\"},\"datePublished\":\"2016-10-11T11:40:36+00:00\",\"dateModified\":\"2021-10-13T15:50:29+00:00\",\"breadcrumb\":{\"@id\":\"https:\/\/www.hospitalonativia.gob.ar\/?page_id=154#breadcrumb\"},\"inLanguage\":\"es\",\"potentialAction\":[{\"@type\":\"ReadAction\",\"target\":[\"https:\/\/www.hospitalonativia.gob.ar\/?page_id=154\"]}]},{\"@type\":\"BreadcrumbList\",\"@id\":\"https:\/\/www.hospitalonativia.gob.ar\/?page_id=154#breadcrumb\",\"itemListElement\":[{\"@type\":\"ListItem\",\"position\":1,\"name\":\"Portada\",\"item\":\"https:\/\/www.hospitalonativia.gob.ar\/\"},{\"@type\":\"ListItem\",\"position\":2,\"name\":\"Gerencia de Atenci\u00f3n a las Personas\"}]}]}<\/script>\n<!-- \/ Yoast SEO plugin. -->","yoast_head_json":{"title":"Gerencia de Atenci\u00f3n a las Personas - Hospital Dr. Arturo O\u00f1ativia","robots":{"index":"index","follow":"follow","max-snippet":"max-snippet:-1","max-image-preview":"max-image-preview:large","max-video-preview":"max-video-preview:-1"},"canonical":"https:\/\/www.hospitalonativia.gob.ar\/?page_id=154","og_locale":"es_ES","og_type":"article","og_title":"Gerencia de Atenci\u00f3n a las Personas - Hospital Dr. Arturo O\u00f1ativia","og_description":"Dr. Mario Ruiz Misi\u00f3n Entender en todo lo relativo a la atenci\u00f3n de las personas, con especial \u00e9nfasis en aquellas","og_url":"https:\/\/www.hospitalonativia.gob.ar\/?page_id=154","og_site_name":"Hospital Dr. Arturo O\u00f1ativia","article_modified_time":"2021-10-13T15:50:29+00:00","twitter_card":"summary_large_image","twitter_misc":{"Tiempo de lectura":"1 minuto"},"schema":{"@context":"https:\/\/schema.org","@graph":[{"@type":"WebSite","@id":"https:\/\/www.hospitalonativia.gob.ar\/#website","url":"https:\/\/www.hospitalonativia.gob.ar\/","name":"Hospital Dr. Arturo O\u00f1ativia","description":"Salta Capital","potentialAction":[{"@type":"SearchAction","target":{"@type":"EntryPoint","urlTemplate":"https:\/\/www.hospitalonativia.gob.ar\/?s={search_term_string}"},"query-input":"required name=search_term_string"}],"inLanguage":"es"},{"@type":"WebPage","@id":"https:\/\/www.hospitalonativia.gob.ar\/?page_id=154#webpage","url":"https:\/\/www.hospitalonativia.gob.ar\/?page_id=154","name":"Gerencia de Atenci\u00f3n a las Personas - Hospital Dr. Arturo O\u00f1ativia","isPartOf":{"@id":"https:\/\/www.hospitalonativia.gob.ar\/#website"},"datePublished":"2016-10-11T11:40:36+00:00","dateModified":"2021-10-13T15:50:29+00:00","breadcrumb":{"@id":"https:\/\/www.hospitalonativia.gob.ar\/?page_id=154#breadcrumb"},"inLanguage":"es","potentialAction":[{"@type":"ReadAction","target":["https:\/\/www.hospitalonativia.gob.ar\/?page_id=154"]}]},{"@type":"BreadcrumbList","@id":"https:\/\/www.hospitalonativia.gob.ar\/?page_id=154#breadcrumb","itemListElement":[{"@type":"ListItem","position":1,"name":"Portada","item":"https:\/\/www.hospitalonativia.gob.ar\/"},{"@type":"ListItem","position":2,"name":"Gerencia de Atenci\u00f3n a las Personas"}]}]}},"_links":{"self":[{"href":"https:\/\/www.hospitalonativia.gob.ar\/index.php?rest_route=\/wp\/v2\/pages\/154"}],"collection":[{"href":"https:\/\/www.hospitalonativia.gob.ar\/index.php?rest_route=\/wp\/v2\/pages"}],"about":[{"href":"https:\/\/www.hospitalonativia.gob.ar\/index.php?rest_route=\/wp\/v2\/types\/page"}],"author":[{"embeddable":true,"href":"https:\/\/www.hospitalonativia.gob.ar\/index.php?rest_route=\/wp\/v2\/users\/2"}],"replies":[{"embeddable":true,"href":"https:\/\/www.hospitalonativia.gob.ar\/index.php?rest_route=%2Fwp%2Fv2%2Fcomments&post=154"}],"version-history":[{"count":11,"href":"https:\/\/www.hospitalonativia.gob.ar\/index.php?rest_route=\/wp\/v2\/pages\/154\/revisions"}],"predecessor-version":[{"id":1833,"href":"https:\/\/www.hospitalonativia.gob.ar\/index.php?rest_route=\/wp\/v2\/pages\/154\/revisions\/1833"}],"wp:attachment":[{"href":"https:\/\/www.hospitalonativia.gob.ar\/index.php?rest_route=%2Fwp%2Fv2%2Fmedia&parent=154"}],"curies":[{"name":"wp","href":"https:\/\/api.w.org\/{rel}","templated":true}]}}