{"id":165,"date":"2016-10-11T08:47:35","date_gmt":"2016-10-11T11:47:35","guid":{"rendered":"http:\/\/192.168.1.190\/hospitalonativia\/?page_id=165"},"modified":"2017-06-21T22:35:48","modified_gmt":"2017-06-22T01:35:48","slug":"gerencia-administrativa","status":"publish","type":"page","link":"https:\/\/www.hospitalonativia.gob.ar\/?page_id=165","title":{"rendered":"Gerencia Administrativa"},"content":{"rendered":"<div style=\"\u201dpadding: 12px; background-color: #f2f4f4; border: 6px solid #f7f8f9;\">\n<h3 class=\"text-center\"><span style=\"font-size: 12pt;\"><strong>Cr. Roberto de los R\u00edos<\/strong><\/span><\/h3>\n<p><strong>Misi\u00f3n:<\/strong><\/p>\n<p>Entender en todo lo relativo a la administraci\u00f3n de los recursos f\u00edsicos y financieros que se asignan al \u00e1rea operativa por presupuesto provincial, que provengan de fondos nacionales de recursos genuinos en el marco del hospital de autogesti\u00f3n, de donaciones o de cualquier otro origen, aprobados por la reglamentaci\u00f3n vigente, todo ello con sujeci\u00f3n a la aplicaci\u00f3n de las t\u00e9cnicas y herramientas de la Administraci\u00f3n Estrat\u00e9gica para desburocratizar el sistema y emplear criterios de modernidad basados en la eficiencia, an\u00e1lisis del gasto y del costo por actividad.<\/p>\n<p><strong>Funciones:<\/strong><\/p>\n<p>-Elaborar para su aprobaci\u00f3n el programa anual operativo y el c\u00e1lculo de gastos y recursos presupuestarios, de acuerdo con el art\u00edculo n\u00b020, inciso a), de la ley 6841.<\/p>\n<p>-Conducir y\u00a0 administrar los programas relativos a contratos y convenios, registros administrativos y contables, recursos y administraci\u00f3n financiera y seg\u00fan corresponda, fiscalizaci\u00f3n y control de servicios generales.<\/p>\n<p>-Liderar en el \u00c1rea Operativa los procesos de transformaci\u00f3n Presupuestaria, para pasar de los m\u00e9todos tradicionales a obtener presupuestos por programas, que se elaboren aplicando t\u00e9cnicas de costeo que conduzcan a contener el costo real de cada actividad y cada programa.<\/p>\n<p>-Cumplir y hacer cumplir toda la legislaci\u00f3n vigente referida a administraci\u00f3n financiera y contable, tr\u00e1mites de compra, gesti\u00f3n de contratos, dep\u00f3sito, abastecimiento y distribuci\u00f3n de insumos, cuentas corrientes, patrimonio, rendici\u00f3n de cuentas, personal, tesorer\u00eda y control de gesti\u00f3n.<\/p>\n<p>-Disponer el pago de las erogaciones debidamente autorizadas.<\/p>\n<p>-Gestionar, percibir y liquidar los fondos y valores del \u00c1rea Operativa.<\/p>\n<p>-Garantizar el suministro efectivo y oportuno de los bienes y servicios que se requieran para el cumplimiento de los objetivos sanitarios del \u00c1rea Operativa.<\/p>\n<\/div>\n","protected":false},"excerpt":{"rendered":"<p>Cr. Roberto de los R\u00edos Misi\u00f3n: Entender en todo lo relativo a la administraci\u00f3n de los recursos f\u00edsicos y financieros<\/p>\n","protected":false},"author":2,"featured_media":0,"parent":0,"menu_order":0,"comment_status":"closed","ping_status":"closed","template":"","meta":{"footnotes":""},"class_list":["post-165","page","type-page","status-publish","hentry"],"yoast_head":"<!-- This site is optimized with the Yoast SEO plugin v18.0 - https:\/\/yoast.com\/wordpress\/plugins\/seo\/ -->\n<title>Gerencia Administrativa - Hospital Dr. Arturo O\u00f1ativia<\/title>\n<meta name=\"robots\" content=\"index, follow, max-snippet:-1, max-image-preview:large, max-video-preview:-1\" \/>\n<link rel=\"canonical\" href=\"https:\/\/www.hospitalonativia.gob.ar\/?page_id=165\" \/>\n<meta property=\"og:locale\" content=\"es_ES\" \/>\n<meta property=\"og:type\" content=\"article\" \/>\n<meta property=\"og:title\" content=\"Gerencia Administrativa - Hospital Dr. Arturo O\u00f1ativia\" \/>\n<meta property=\"og:description\" content=\"Cr. Roberto de los R\u00edos Misi\u00f3n: Entender en todo lo relativo a la administraci\u00f3n de los recursos f\u00edsicos y financieros\" \/>\n<meta property=\"og:url\" content=\"https:\/\/www.hospitalonativia.gob.ar\/?page_id=165\" \/>\n<meta property=\"og:site_name\" content=\"Hospital Dr. Arturo O\u00f1ativia\" \/>\n<meta property=\"article:modified_time\" content=\"2017-06-22T01:35:48+00:00\" \/>\n<meta name=\"twitter:card\" content=\"summary_large_image\" \/>\n<meta name=\"twitter:label1\" content=\"Tiempo de lectura\" \/>\n\t<meta name=\"twitter:data1\" content=\"2 minutos\" \/>\n<script type=\"application\/ld+json\" class=\"yoast-schema-graph\">{\"@context\":\"https:\/\/schema.org\",\"@graph\":[{\"@type\":\"WebSite\",\"@id\":\"https:\/\/www.hospitalonativia.gob.ar\/#website\",\"url\":\"https:\/\/www.hospitalonativia.gob.ar\/\",\"name\":\"Hospital Dr. Arturo O\u00f1ativia\",\"description\":\"Salta Capital\",\"potentialAction\":[{\"@type\":\"SearchAction\",\"target\":{\"@type\":\"EntryPoint\",\"urlTemplate\":\"https:\/\/www.hospitalonativia.gob.ar\/?s={search_term_string}\"},\"query-input\":\"required name=search_term_string\"}],\"inLanguage\":\"es\"},{\"@type\":\"WebPage\",\"@id\":\"https:\/\/www.hospitalonativia.gob.ar\/?page_id=165#webpage\",\"url\":\"https:\/\/www.hospitalonativia.gob.ar\/?page_id=165\",\"name\":\"Gerencia Administrativa - Hospital Dr. Arturo O\u00f1ativia\",\"isPartOf\":{\"@id\":\"https:\/\/www.hospitalonativia.gob.ar\/#website\"},\"datePublished\":\"2016-10-11T11:47:35+00:00\",\"dateModified\":\"2017-06-22T01:35:48+00:00\",\"breadcrumb\":{\"@id\":\"https:\/\/www.hospitalonativia.gob.ar\/?page_id=165#breadcrumb\"},\"inLanguage\":\"es\",\"potentialAction\":[{\"@type\":\"ReadAction\",\"target\":[\"https:\/\/www.hospitalonativia.gob.ar\/?page_id=165\"]}]},{\"@type\":\"BreadcrumbList\",\"@id\":\"https:\/\/www.hospitalonativia.gob.ar\/?page_id=165#breadcrumb\",\"itemListElement\":[{\"@type\":\"ListItem\",\"position\":1,\"name\":\"Portada\",\"item\":\"https:\/\/www.hospitalonativia.gob.ar\/\"},{\"@type\":\"ListItem\",\"position\":2,\"name\":\"Gerencia Administrativa\"}]}]}<\/script>\n<!-- \/ Yoast SEO plugin. -->","yoast_head_json":{"title":"Gerencia Administrativa - Hospital Dr. Arturo O\u00f1ativia","robots":{"index":"index","follow":"follow","max-snippet":"max-snippet:-1","max-image-preview":"max-image-preview:large","max-video-preview":"max-video-preview:-1"},"canonical":"https:\/\/www.hospitalonativia.gob.ar\/?page_id=165","og_locale":"es_ES","og_type":"article","og_title":"Gerencia Administrativa - Hospital Dr. Arturo O\u00f1ativia","og_description":"Cr. Roberto de los R\u00edos Misi\u00f3n: Entender en todo lo relativo a la administraci\u00f3n de los recursos f\u00edsicos y financieros","og_url":"https:\/\/www.hospitalonativia.gob.ar\/?page_id=165","og_site_name":"Hospital Dr. Arturo O\u00f1ativia","article_modified_time":"2017-06-22T01:35:48+00:00","twitter_card":"summary_large_image","twitter_misc":{"Tiempo de lectura":"2 minutos"},"schema":{"@context":"https:\/\/schema.org","@graph":[{"@type":"WebSite","@id":"https:\/\/www.hospitalonativia.gob.ar\/#website","url":"https:\/\/www.hospitalonativia.gob.ar\/","name":"Hospital Dr. Arturo O\u00f1ativia","description":"Salta Capital","potentialAction":[{"@type":"SearchAction","target":{"@type":"EntryPoint","urlTemplate":"https:\/\/www.hospitalonativia.gob.ar\/?s={search_term_string}"},"query-input":"required name=search_term_string"}],"inLanguage":"es"},{"@type":"WebPage","@id":"https:\/\/www.hospitalonativia.gob.ar\/?page_id=165#webpage","url":"https:\/\/www.hospitalonativia.gob.ar\/?page_id=165","name":"Gerencia Administrativa - Hospital Dr. Arturo O\u00f1ativia","isPartOf":{"@id":"https:\/\/www.hospitalonativia.gob.ar\/#website"},"datePublished":"2016-10-11T11:47:35+00:00","dateModified":"2017-06-22T01:35:48+00:00","breadcrumb":{"@id":"https:\/\/www.hospitalonativia.gob.ar\/?page_id=165#breadcrumb"},"inLanguage":"es","potentialAction":[{"@type":"ReadAction","target":["https:\/\/www.hospitalonativia.gob.ar\/?page_id=165"]}]},{"@type":"BreadcrumbList","@id":"https:\/\/www.hospitalonativia.gob.ar\/?page_id=165#breadcrumb","itemListElement":[{"@type":"ListItem","position":1,"name":"Portada","item":"https:\/\/www.hospitalonativia.gob.ar\/"},{"@type":"ListItem","position":2,"name":"Gerencia Administrativa"}]}]}},"_links":{"self":[{"href":"https:\/\/www.hospitalonativia.gob.ar\/index.php?rest_route=\/wp\/v2\/pages\/165"}],"collection":[{"href":"https:\/\/www.hospitalonativia.gob.ar\/index.php?rest_route=\/wp\/v2\/pages"}],"about":[{"href":"https:\/\/www.hospitalonativia.gob.ar\/index.php?rest_route=\/wp\/v2\/types\/page"}],"author":[{"embeddable":true,"href":"https:\/\/www.hospitalonativia.gob.ar\/index.php?rest_route=\/wp\/v2\/users\/2"}],"replies":[{"embeddable":true,"href":"https:\/\/www.hospitalonativia.gob.ar\/index.php?rest_route=%2Fwp%2Fv2%2Fcomments&post=165"}],"version-history":[{"count":8,"href":"https:\/\/www.hospitalonativia.gob.ar\/index.php?rest_route=\/wp\/v2\/pages\/165\/revisions"}],"predecessor-version":[{"id":931,"href":"https:\/\/www.hospitalonativia.gob.ar\/index.php?rest_route=\/wp\/v2\/pages\/165\/revisions\/931"}],"wp:attachment":[{"href":"https:\/\/www.hospitalonativia.gob.ar\/index.php?rest_route=%2Fwp%2Fv2%2Fmedia&parent=165"}],"curies":[{"name":"wp","href":"https:\/\/api.w.org\/{rel}","templated":true}]}}