{"id":1691,"date":"2019-08-29T09:54:34","date_gmt":"2019-08-29T12:54:34","guid":{"rendered":"http:\/\/www.hospitalonativia.gob.ar\/?page_id=1691"},"modified":"2019-08-29T09:54:34","modified_gmt":"2019-08-29T12:54:34","slug":"test-molecular-en-nodulo-tiroideo","status":"publish","type":"page","link":"https:\/\/www.hospitalonativia.gob.ar\/?page_id=1691","title":{"rendered":"Test Molecular en N\u00f3dulo Tiroideo"},"content":{"rendered":"\n<p><strong>P\u00c1GINA EN CONSTRUCCI\u00d3N<\/strong><\/p>\n\n\n\n<p>Para env\u00edo de muestras y consultas por favor comunicarse a trav\u00e9s de los siguientes medios:<\/p>\n\n\n\n<ul class=\"wp-block-list\"><li>Tel\u00e9fonos: (0387)  4221605 \u2013 4315042, interno: 124<\/li><li>Mail: patologia.honativia@gmail.com                                                                   <\/li><\/ul>\n\n\n\n<p>  <\/p>\n","protected":false},"excerpt":{"rendered":"<p>P\u00c1GINA EN CONSTRUCCI\u00d3N Para env\u00edo de muestras y consultas por favor comunicarse a trav\u00e9s de los siguientes medios: Tel\u00e9fonos: (0387)<\/p>\n","protected":false},"author":2,"featured_media":0,"parent":0,"menu_order":0,"comment_status":"closed","ping_status":"closed","template":"","meta":{"footnotes":""},"class_list":["post-1691","page","type-page","status-publish","hentry"],"yoast_head":"<!-- This site is optimized with the Yoast SEO plugin v18.0 - https:\/\/yoast.com\/wordpress\/plugins\/seo\/ -->\n<title>Test Molecular en N\u00f3dulo Tiroideo - Hospital Dr. Arturo O\u00f1ativia<\/title>\n<meta name=\"robots\" content=\"index, follow, max-snippet:-1, max-image-preview:large, max-video-preview:-1\" \/>\n<link rel=\"canonical\" href=\"https:\/\/www.hospitalonativia.gob.ar\/?page_id=1691\" \/>\n<meta property=\"og:locale\" content=\"es_ES\" \/>\n<meta property=\"og:type\" content=\"article\" \/>\n<meta property=\"og:title\" content=\"Test Molecular en N\u00f3dulo Tiroideo - Hospital Dr. Arturo O\u00f1ativia\" \/>\n<meta property=\"og:description\" content=\"P\u00c1GINA EN CONSTRUCCI\u00d3N Para env\u00edo de muestras y consultas por favor comunicarse a trav\u00e9s de los siguientes medios: Tel\u00e9fonos: (0387)\" \/>\n<meta property=\"og:url\" content=\"https:\/\/www.hospitalonativia.gob.ar\/?page_id=1691\" \/>\n<meta property=\"og:site_name\" content=\"Hospital Dr. Arturo O\u00f1ativia\" \/>\n<meta name=\"twitter:card\" content=\"summary_large_image\" \/>\n<script type=\"application\/ld+json\" class=\"yoast-schema-graph\">{\"@context\":\"https:\/\/schema.org\",\"@graph\":[{\"@type\":\"WebSite\",\"@id\":\"https:\/\/www.hospitalonativia.gob.ar\/#website\",\"url\":\"https:\/\/www.hospitalonativia.gob.ar\/\",\"name\":\"Hospital Dr. Arturo O\u00f1ativia\",\"description\":\"Salta Capital\",\"potentialAction\":[{\"@type\":\"SearchAction\",\"target\":{\"@type\":\"EntryPoint\",\"urlTemplate\":\"https:\/\/www.hospitalonativia.gob.ar\/?s={search_term_string}\"},\"query-input\":\"required name=search_term_string\"}],\"inLanguage\":\"es\"},{\"@type\":\"WebPage\",\"@id\":\"https:\/\/www.hospitalonativia.gob.ar\/?page_id=1691#webpage\",\"url\":\"https:\/\/www.hospitalonativia.gob.ar\/?page_id=1691\",\"name\":\"Test Molecular en N\u00f3dulo Tiroideo - Hospital Dr. Arturo O\u00f1ativia\",\"isPartOf\":{\"@id\":\"https:\/\/www.hospitalonativia.gob.ar\/#website\"},\"datePublished\":\"2019-08-29T12:54:34+00:00\",\"dateModified\":\"2019-08-29T12:54:34+00:00\",\"breadcrumb\":{\"@id\":\"https:\/\/www.hospitalonativia.gob.ar\/?page_id=1691#breadcrumb\"},\"inLanguage\":\"es\",\"potentialAction\":[{\"@type\":\"ReadAction\",\"target\":[\"https:\/\/www.hospitalonativia.gob.ar\/?page_id=1691\"]}]},{\"@type\":\"BreadcrumbList\",\"@id\":\"https:\/\/www.hospitalonativia.gob.ar\/?page_id=1691#breadcrumb\",\"itemListElement\":[{\"@type\":\"ListItem\",\"position\":1,\"name\":\"Portada\",\"item\":\"https:\/\/www.hospitalonativia.gob.ar\/\"},{\"@type\":\"ListItem\",\"position\":2,\"name\":\"Test Molecular en N\u00f3dulo Tiroideo\"}]}]}<\/script>\n<!-- \/ Yoast SEO plugin. -->","yoast_head_json":{"title":"Test Molecular en N\u00f3dulo Tiroideo - Hospital Dr. Arturo O\u00f1ativia","robots":{"index":"index","follow":"follow","max-snippet":"max-snippet:-1","max-image-preview":"max-image-preview:large","max-video-preview":"max-video-preview:-1"},"canonical":"https:\/\/www.hospitalonativia.gob.ar\/?page_id=1691","og_locale":"es_ES","og_type":"article","og_title":"Test Molecular en N\u00f3dulo Tiroideo - Hospital Dr. Arturo O\u00f1ativia","og_description":"P\u00c1GINA EN CONSTRUCCI\u00d3N Para env\u00edo de muestras y consultas por favor comunicarse a trav\u00e9s de los siguientes medios: Tel\u00e9fonos: (0387)","og_url":"https:\/\/www.hospitalonativia.gob.ar\/?page_id=1691","og_site_name":"Hospital Dr. Arturo O\u00f1ativia","twitter_card":"summary_large_image","schema":{"@context":"https:\/\/schema.org","@graph":[{"@type":"WebSite","@id":"https:\/\/www.hospitalonativia.gob.ar\/#website","url":"https:\/\/www.hospitalonativia.gob.ar\/","name":"Hospital Dr. Arturo O\u00f1ativia","description":"Salta Capital","potentialAction":[{"@type":"SearchAction","target":{"@type":"EntryPoint","urlTemplate":"https:\/\/www.hospitalonativia.gob.ar\/?s={search_term_string}"},"query-input":"required name=search_term_string"}],"inLanguage":"es"},{"@type":"WebPage","@id":"https:\/\/www.hospitalonativia.gob.ar\/?page_id=1691#webpage","url":"https:\/\/www.hospitalonativia.gob.ar\/?page_id=1691","name":"Test Molecular en N\u00f3dulo Tiroideo - Hospital Dr. Arturo O\u00f1ativia","isPartOf":{"@id":"https:\/\/www.hospitalonativia.gob.ar\/#website"},"datePublished":"2019-08-29T12:54:34+00:00","dateModified":"2019-08-29T12:54:34+00:00","breadcrumb":{"@id":"https:\/\/www.hospitalonativia.gob.ar\/?page_id=1691#breadcrumb"},"inLanguage":"es","potentialAction":[{"@type":"ReadAction","target":["https:\/\/www.hospitalonativia.gob.ar\/?page_id=1691"]}]},{"@type":"BreadcrumbList","@id":"https:\/\/www.hospitalonativia.gob.ar\/?page_id=1691#breadcrumb","itemListElement":[{"@type":"ListItem","position":1,"name":"Portada","item":"https:\/\/www.hospitalonativia.gob.ar\/"},{"@type":"ListItem","position":2,"name":"Test Molecular en N\u00f3dulo Tiroideo"}]}]}},"_links":{"self":[{"href":"https:\/\/www.hospitalonativia.gob.ar\/index.php?rest_route=\/wp\/v2\/pages\/1691"}],"collection":[{"href":"https:\/\/www.hospitalonativia.gob.ar\/index.php?rest_route=\/wp\/v2\/pages"}],"about":[{"href":"https:\/\/www.hospitalonativia.gob.ar\/index.php?rest_route=\/wp\/v2\/types\/page"}],"author":[{"embeddable":true,"href":"https:\/\/www.hospitalonativia.gob.ar\/index.php?rest_route=\/wp\/v2\/users\/2"}],"replies":[{"embeddable":true,"href":"https:\/\/www.hospitalonativia.gob.ar\/index.php?rest_route=%2Fwp%2Fv2%2Fcomments&post=1691"}],"version-history":[{"count":1,"href":"https:\/\/www.hospitalonativia.gob.ar\/index.php?rest_route=\/wp\/v2\/pages\/1691\/revisions"}],"predecessor-version":[{"id":1692,"href":"https:\/\/www.hospitalonativia.gob.ar\/index.php?rest_route=\/wp\/v2\/pages\/1691\/revisions\/1692"}],"wp:attachment":[{"href":"https:\/\/www.hospitalonativia.gob.ar\/index.php?rest_route=%2Fwp%2Fv2%2Fmedia&parent=1691"}],"curies":[{"name":"wp","href":"https:\/\/api.w.org\/{rel}","templated":true}]}}