{"id":1758,"date":"2020-06-04T11:08:37","date_gmt":"2020-06-04T14:08:37","guid":{"rendered":"http:\/\/www.hospitalonativia.gob.ar\/?page_id=1758"},"modified":"2020-06-04T11:35:54","modified_gmt":"2020-06-04T14:35:54","slug":"citometria-de-flujos","status":"publish","type":"page","link":"https:\/\/www.hospitalonativia.gob.ar\/?page_id=1758","title":{"rendered":"Citometr\u00eda de Flujo"},"content":{"rendered":"\n<p>La citometr\u00eda de flujo es una t\u00e9cnica multi paramedica que permite estudiar propiedades f\u00edsicas y biol\u00f3gicas de las c\u00e9lulas en una suspensi\u00f3n fluida. El cit\u00f3metro de flujo es un aparato capaz de medir varios par\u00e1metros&nbsp; celulares a partir de una suspensi\u00f3n celular por medio de la interacci\u00f3n de un haz de luz l\u00e1ser con c\u00e9lulas guiadas mediante un flujo continuo.<\/p>\n\n\n\n<p>Los par\u00e1metros celulares que pueden estudiarse son tama\u00f1o, complejidad citoplasm\u00e1tica, par\u00e1metros estructurales, mol\u00e9culas de superficie e intracelulares, par\u00e1metros extracelulares, par\u00e1metros nucleares, etc.<\/p>\n\n\n\n<p>Realizado por profesionales de nuestro Hospital, permite obtener resultados en periodo de 48 hs aproximadamente.<\/p>\n\n\n\n<h4 class=\"wp-block-heading\">Ventajas<\/h4>\n\n\n\n<p>Establecer en el servicio de Anatom\u00eda Patol\u00f3gica del Hospital O\u00f1ativia un sector de citometr\u00eda de flujo dedicado al diagn\u00f3stico, pron\u00f3stico y seguimiento de enfermedades ONCOHEMATOL\u00d3GICAS y HEMOPAT\u00cdAS EN GENERAL, que junto a los sectores de citogen\u00e9tica y biolog\u00eda molecular abordar\u00e1n un estudio INTEGRAL del paciente.<\/p>\n\n\n\n<h4 class=\"wp-block-heading\">Tipos de Muestras<\/h4>\n\n\n\n<ul class=\"wp-block-list\"><li>Sangre Perif\u00e9rica.<\/li><li>Liquido af\u00e9resis pre transplante MO.<\/li><li>Aspirados de M\u00e9dula \u00f3sea.<\/li><li>Aspirado ganglionar.<\/li><\/ul>\n\n\n\n<h4 class=\"wp-block-heading\">Cartelera de Servicios<\/h4>\n\n\n\n<ul class=\"wp-block-list\"><li>Fenotipificaci\u00f3n de leucemias agudas (LLA, LMA)<\/li><li>Fenotipificaci\u00f3n de leucemias cr\u00f3nicas (LLC)<\/li><li>Panel para estudio para s\u00edndromes linfoproliferativos y mieloproliterativos.<\/li><li>Recuento de CD4\/CD8\/CD45 (Pacientes HIV) CD3.<\/li><li>Recuento de poblaciones leucocitarias.<\/li><li>Recuento CD3Y pre y port recuperaci\u00f3n (af\u00e9resis).<\/li><\/ul>\n\n\n\n<h4 class=\"wp-block-heading\">Informaci\u00f3n para el Profesional<\/h4>\n\n\n\n<p>Todas las muestras procedentes de cualquier fluido corporal, aspirado de m\u00e9dula \u00f3sea, punci\u00f3n o biopsia de un tejido s\u00f3lido, deben obtenerse en tubos que contengan anticoagulante. El K3EDTA es el anticoagulante recomendable para la mayor\u00eda de los estudios de inmunofenotipo.<\/p>\n\n\n\n<p>Los LCR pueden conservarse hasta 48-72 hs a 4\u00b0C. Si esto no es posible, la muestra deber\u00e1 mantenerse a 4\u00b0C y procesarse antes de la primera hora de realizada la punci\u00f3n.&nbsp;<\/p>\n\n\n\n<h4 class=\"wp-block-heading\">Definiciones y Abreviaturas<br><\/h4>\n\n\n\n<ul class=\"wp-block-list\"><li>MO: m\u00e9dula \u00f3sea<\/li><li>SP: sangre perif\u00e9rica<\/li><li>K2EDTA: acido etilendiaminotetraac\u00e9itico bipot\u00e1sico<\/li><li>K3EDTA: \u00e1cido etilendiaminotetraac\u00e9itico tripot\u00e1sico<\/li><li>LCR: liqu\u00eddo cefalorraqu\u00eddeo<\/li><\/ul>\n\n\n\n<h4 class=\"wp-block-heading\">Ruta de Desplazamiento de Muestras \/ Pacientes<br><\/h4>\n\n\n\n<ul class=\"wp-block-list\"><li><strong>01| MUESTRA<\/strong><\/li><\/ul>\n\n\n\n<p>\u00c9sta deber\u00e1 ser extra\u00edda por su m\u00e9dico&nbsp;<\/p>\n\n\n\n<ul class=\"wp-block-list\"><li><strong>02|ADMISI\u00d3N DE DOCUMENTACI\u00d3N<\/strong><\/li><\/ul>\n\n\n\n<p>DNI<\/p>\n\n\n\n<p>Datos de Contacto<\/p>\n\n\n\n<p>Ficha de Historia Cl\u00ednica<\/p>\n\n\n\n<p>Documentaci\u00f3n respaldatoria (con o sin obra social).<\/p>\n\n\n\n<p>Formulario  <br><strong><a class=\"maxbutton-64 maxbutton maxbutton-planilla-para-estudios-de-citometria-de-flujos\" href=\"https:\/\/drive.google.com\/file\/d\/12Puqv_76A8eItje0MJ5x1ceSrC77mWBi\/view?usp=sharing\"><span class='mb-text'>Planilla para Estudios de Citometr\u00eda de Flujos<\/span><\/a><\/strong> <\/p>\n\n\n\n<ul class=\"wp-block-list\"><li><strong>03| INGRESO DE MUESTRA AL LABORATORIO<\/strong><\/li><li><strong>04| PROCESAMIENTO DE LA MUESTRA&nbsp;<\/strong><\/li><\/ul>\n\n\n\n<p>&nbsp;&nbsp;&nbsp;&nbsp;&nbsp;&nbsp;&nbsp;&nbsp;&nbsp;&nbsp;&nbsp;&nbsp;&nbsp;&nbsp;48 hs. Aproximadamente.<\/p>\n\n\n\n<ul class=\"wp-block-list\"><li><strong>05| AN\u00c1LISIS<\/strong><\/li><\/ul>\n\n\n\n<p>&nbsp;&nbsp;&nbsp;&nbsp;&nbsp;&nbsp;&nbsp;&nbsp;&nbsp;&nbsp;&nbsp;&nbsp;&nbsp;&nbsp;&#8211; Tipo de estudio<\/p>\n\n\n\n<p>&nbsp;&nbsp;&nbsp;&nbsp;&nbsp;&nbsp;&nbsp;&nbsp;&nbsp;&nbsp;&nbsp;&nbsp;&nbsp;&nbsp;-M\u00e9dico y N\u00b0 de matr\u00edcula<\/p>\n\n\n\n<ul class=\"wp-block-list\"><li><strong>06|DIAGN\u00d3STICO<\/strong><\/li><\/ul>\n\n\n\n<p>&nbsp;&nbsp;&nbsp;&nbsp;&nbsp;&nbsp;&nbsp;&nbsp;&nbsp;&nbsp;&nbsp;&nbsp;&nbsp;&nbsp;Desarrollo de informe para paciente y m\u00e9dico.<br><\/p>\n\n\n\n<p><br><\/p>\n","protected":false},"excerpt":{"rendered":"<p>La citometr\u00eda de flujo es una t\u00e9cnica multi paramedica que permite estudiar propiedades f\u00edsicas y biol\u00f3gicas de las c\u00e9lulas en<\/p>\n","protected":false},"author":2,"featured_media":0,"parent":0,"menu_order":0,"comment_status":"closed","ping_status":"closed","template":"","meta":{"footnotes":""},"class_list":["post-1758","page","type-page","status-publish","hentry"],"yoast_head":"<!-- This site is optimized with the Yoast SEO plugin v18.0 - https:\/\/yoast.com\/wordpress\/plugins\/seo\/ -->\n<title>Citometr\u00eda de Flujo - Hospital Dr. Arturo O\u00f1ativia<\/title>\n<meta name=\"robots\" content=\"index, follow, max-snippet:-1, max-image-preview:large, max-video-preview:-1\" \/>\n<link rel=\"canonical\" href=\"https:\/\/www.hospitalonativia.gob.ar\/?page_id=1758\" \/>\n<meta property=\"og:locale\" content=\"es_ES\" \/>\n<meta property=\"og:type\" content=\"article\" \/>\n<meta property=\"og:title\" content=\"Citometr\u00eda de Flujo - Hospital Dr. Arturo O\u00f1ativia\" \/>\n<meta property=\"og:description\" content=\"La citometr\u00eda de flujo es una t\u00e9cnica multi paramedica que permite estudiar propiedades f\u00edsicas y biol\u00f3gicas de las c\u00e9lulas en\" \/>\n<meta property=\"og:url\" content=\"https:\/\/www.hospitalonativia.gob.ar\/?page_id=1758\" \/>\n<meta property=\"og:site_name\" content=\"Hospital Dr. Arturo O\u00f1ativia\" \/>\n<meta property=\"article:modified_time\" content=\"2020-06-04T14:35:54+00:00\" \/>\n<meta name=\"twitter:card\" content=\"summary_large_image\" \/>\n<meta name=\"twitter:label1\" content=\"Tiempo de lectura\" \/>\n\t<meta name=\"twitter:data1\" content=\"2 minutos\" \/>\n<script type=\"application\/ld+json\" class=\"yoast-schema-graph\">{\"@context\":\"https:\/\/schema.org\",\"@graph\":[{\"@type\":\"WebSite\",\"@id\":\"https:\/\/www.hospitalonativia.gob.ar\/#website\",\"url\":\"https:\/\/www.hospitalonativia.gob.ar\/\",\"name\":\"Hospital Dr. Arturo O\u00f1ativia\",\"description\":\"Salta Capital\",\"potentialAction\":[{\"@type\":\"SearchAction\",\"target\":{\"@type\":\"EntryPoint\",\"urlTemplate\":\"https:\/\/www.hospitalonativia.gob.ar\/?s={search_term_string}\"},\"query-input\":\"required name=search_term_string\"}],\"inLanguage\":\"es\"},{\"@type\":\"WebPage\",\"@id\":\"https:\/\/www.hospitalonativia.gob.ar\/?page_id=1758#webpage\",\"url\":\"https:\/\/www.hospitalonativia.gob.ar\/?page_id=1758\",\"name\":\"Citometr\u00eda de Flujo - Hospital Dr. Arturo O\u00f1ativia\",\"isPartOf\":{\"@id\":\"https:\/\/www.hospitalonativia.gob.ar\/#website\"},\"datePublished\":\"2020-06-04T14:08:37+00:00\",\"dateModified\":\"2020-06-04T14:35:54+00:00\",\"breadcrumb\":{\"@id\":\"https:\/\/www.hospitalonativia.gob.ar\/?page_id=1758#breadcrumb\"},\"inLanguage\":\"es\",\"potentialAction\":[{\"@type\":\"ReadAction\",\"target\":[\"https:\/\/www.hospitalonativia.gob.ar\/?page_id=1758\"]}]},{\"@type\":\"BreadcrumbList\",\"@id\":\"https:\/\/www.hospitalonativia.gob.ar\/?page_id=1758#breadcrumb\",\"itemListElement\":[{\"@type\":\"ListItem\",\"position\":1,\"name\":\"Portada\",\"item\":\"https:\/\/www.hospitalonativia.gob.ar\/\"},{\"@type\":\"ListItem\",\"position\":2,\"name\":\"Citometr\u00eda de Flujo\"}]}]}<\/script>\n<!-- \/ Yoast SEO plugin. -->","yoast_head_json":{"title":"Citometr\u00eda de Flujo - Hospital Dr. Arturo O\u00f1ativia","robots":{"index":"index","follow":"follow","max-snippet":"max-snippet:-1","max-image-preview":"max-image-preview:large","max-video-preview":"max-video-preview:-1"},"canonical":"https:\/\/www.hospitalonativia.gob.ar\/?page_id=1758","og_locale":"es_ES","og_type":"article","og_title":"Citometr\u00eda de Flujo - Hospital Dr. Arturo O\u00f1ativia","og_description":"La citometr\u00eda de flujo es una t\u00e9cnica multi paramedica que permite estudiar propiedades f\u00edsicas y biol\u00f3gicas de las c\u00e9lulas en","og_url":"https:\/\/www.hospitalonativia.gob.ar\/?page_id=1758","og_site_name":"Hospital Dr. Arturo O\u00f1ativia","article_modified_time":"2020-06-04T14:35:54+00:00","twitter_card":"summary_large_image","twitter_misc":{"Tiempo de lectura":"2 minutos"},"schema":{"@context":"https:\/\/schema.org","@graph":[{"@type":"WebSite","@id":"https:\/\/www.hospitalonativia.gob.ar\/#website","url":"https:\/\/www.hospitalonativia.gob.ar\/","name":"Hospital Dr. Arturo O\u00f1ativia","description":"Salta Capital","potentialAction":[{"@type":"SearchAction","target":{"@type":"EntryPoint","urlTemplate":"https:\/\/www.hospitalonativia.gob.ar\/?s={search_term_string}"},"query-input":"required name=search_term_string"}],"inLanguage":"es"},{"@type":"WebPage","@id":"https:\/\/www.hospitalonativia.gob.ar\/?page_id=1758#webpage","url":"https:\/\/www.hospitalonativia.gob.ar\/?page_id=1758","name":"Citometr\u00eda de Flujo - Hospital Dr. Arturo O\u00f1ativia","isPartOf":{"@id":"https:\/\/www.hospitalonativia.gob.ar\/#website"},"datePublished":"2020-06-04T14:08:37+00:00","dateModified":"2020-06-04T14:35:54+00:00","breadcrumb":{"@id":"https:\/\/www.hospitalonativia.gob.ar\/?page_id=1758#breadcrumb"},"inLanguage":"es","potentialAction":[{"@type":"ReadAction","target":["https:\/\/www.hospitalonativia.gob.ar\/?page_id=1758"]}]},{"@type":"BreadcrumbList","@id":"https:\/\/www.hospitalonativia.gob.ar\/?page_id=1758#breadcrumb","itemListElement":[{"@type":"ListItem","position":1,"name":"Portada","item":"https:\/\/www.hospitalonativia.gob.ar\/"},{"@type":"ListItem","position":2,"name":"Citometr\u00eda de Flujo"}]}]}},"_links":{"self":[{"href":"https:\/\/www.hospitalonativia.gob.ar\/index.php?rest_route=\/wp\/v2\/pages\/1758"}],"collection":[{"href":"https:\/\/www.hospitalonativia.gob.ar\/index.php?rest_route=\/wp\/v2\/pages"}],"about":[{"href":"https:\/\/www.hospitalonativia.gob.ar\/index.php?rest_route=\/wp\/v2\/types\/page"}],"author":[{"embeddable":true,"href":"https:\/\/www.hospitalonativia.gob.ar\/index.php?rest_route=\/wp\/v2\/users\/2"}],"replies":[{"embeddable":true,"href":"https:\/\/www.hospitalonativia.gob.ar\/index.php?rest_route=%2Fwp%2Fv2%2Fcomments&post=1758"}],"version-history":[{"count":5,"href":"https:\/\/www.hospitalonativia.gob.ar\/index.php?rest_route=\/wp\/v2\/pages\/1758\/revisions"}],"predecessor-version":[{"id":1763,"href":"https:\/\/www.hospitalonativia.gob.ar\/index.php?rest_route=\/wp\/v2\/pages\/1758\/revisions\/1763"}],"wp:attachment":[{"href":"https:\/\/www.hospitalonativia.gob.ar\/index.php?rest_route=%2Fwp%2Fv2%2Fmedia&parent=1758"}],"curies":[{"name":"wp","href":"https:\/\/api.w.org\/{rel}","templated":true}]}}