{"id":186,"date":"2016-11-01T09:57:13","date_gmt":"2016-11-01T12:57:13","guid":{"rendered":"http:\/\/192.168.1.190\/hospitalonativia\/?page_id=186"},"modified":"2021-10-18T09:21:32","modified_gmt":"2021-10-18T12:21:32","slug":"medicina-nuclear","status":"publish","type":"page","link":"https:\/\/www.hospitalonativia.gob.ar\/?page_id=186","title":{"rendered":"Medicina Nuclear"},"content":{"rendered":"<div class=\"col-md-12 text-center mt16 mb0\">\n<p><strong>Jefe de Programa: Dra. Natalia Gonza<\/strong><\/p>\n<\/div>\n<p><strong>MISI\u00d3N<\/strong><\/p>\n<p><em>Satisfacer las necesidades integrales de los pacientes\u00a0<\/em>\u00a0<em>mediante una atenci\u00f3n sanitaria equitativa, personalizada, eficiente, segura y orientada hacia la excelencia,\u00a0<\/em>\u00a0<em>brindando estudios de diagn\u00f3stico y tratamiento con garant\u00eda de alta calificaci\u00f3n profesional y m\u00e1xima calidad tecnol\u00f3gica.<\/em><\/p>\n<p><strong>VISI\u00d3N<img loading=\"lazy\" decoding=\"async\" class=\" wp-image-1594 alignright\" src=\"http:\/\/www.hospitalonativia.gob.ar\/wp-content\/uploads\/2019\/01\/MEDICINA-NUCLEAR.jpg\" alt=\"\" width=\"344\" height=\"258\" srcset=\"https:\/\/www.hospitalonativia.gob.ar\/wp-content\/uploads\/2019\/01\/MEDICINA-NUCLEAR.jpg 1507w, https:\/\/www.hospitalonativia.gob.ar\/wp-content\/uploads\/2019\/01\/MEDICINA-NUCLEAR-300x225.jpg 300w, https:\/\/www.hospitalonativia.gob.ar\/wp-content\/uploads\/2019\/01\/MEDICINA-NUCLEAR-768x576.jpg 768w, https:\/\/www.hospitalonativia.gob.ar\/wp-content\/uploads\/2019\/01\/MEDICINA-NUCLEAR-1024x768.jpg 1024w\" sizes=\"(max-width: 344px) 100vw, 344px\" \/><\/strong><\/p>\n<p>Ser el centro de referencia en Medicina Nuclear en el Noroeste Argentino orientando las acciones al paciente como eje fundamental brind\u00e1ndole efectividad y seguridad<\/p>\n<p><strong>VALORES<\/strong><\/p>\n<ul>\n<li><em>Asumiendo\u00a0 como principios los valores de Universalidad, Equidad y Solidaridad. Nuestro servicio internaliza los siguientes:<\/em>\n<ul>\n<li><strong><em>Equidad<\/em><\/strong><\/li>\n<li><strong><em>Eficiencia<\/em><\/strong><\/li>\n<li><strong><em>Trabajo en Equipo<\/em><\/strong><\/li>\n<li><strong><em>Eficacia<\/em><\/strong><\/li>\n<li><em><strong>Calidad<\/strong><\/em><\/li>\n<\/ul>\n<\/li>\n<\/ul>\n<p><strong>OBJETIVOS<\/strong><\/p>\n<ul>\n<li>Asegurar la realizaci\u00f3n de estudios y tratamiento a todo paciente de nuestra provincia, provincias y pa\u00edses vecinos independiente de su condici\u00f3n socioecon\u00f3mica.<\/li>\n<li>Trabajar en equipo dentro del Programa de Medicina Nuclear<\/li>\n<li>Fortalecer la interrelaci\u00f3n con otros programas dentro del hospital<\/li>\n<li>Trabajar en red con otros hospitales de capital e interior de la provincia.<\/li>\n<\/ul>\n<p><strong>CARTERA DE SERVICIOS<\/strong><\/p>\n<p><b><i>Carta de servicio.<\/i><\/b><\/p>\n<ul>\n<li><span style=\"font-weight: 400;\">Centellograma\u00a0 gl\u00e1ndulas salivales<\/span><\/li>\n<li>Centellograma perfusi\u00f3n pulmonar<\/li>\n<li>Centellograma perfusi\u00f3n pulmonar<\/li>\n<li>Centellograma ventilaci\u00f3n pulmonar<\/li>\n<li>Centellograma ventilaci\u00f3n\/perfusi\u00f3n<\/li>\n<li>Centellograma hep\u00e1tico<\/li>\n<li>Centellograma renal<\/li>\n<li>Centellograma de paratiroides con MIBI<\/li>\n<li>Centellograma \u00f3seo<\/li>\n<li>Centellograma con MIBG<\/li>\n<li>Flebograf\u00eda<\/li>\n<li>Radiocardiograma<\/li>\n<li>SPECT cerebral<\/li>\n<li>SPECT cardiaco<\/li>\n<li>Centellograma con galio (Este material se compra en d\u00f3lares y dependemos del env\u00edo de material desde el exterior cuando hay existencia)<\/li>\n<li>Centellograma con ciproflaxacina<\/li>\n<li>Ganglio centinela<\/li>\n<li>Gammagraf\u00eda linf\u00e1tica<\/li>\n<li>Funcional HIDA<\/li>\n<li>Reflujo gastro-esof\u00e1gico<\/li>\n<li>Vaciamiento g\u00e1strico<\/li>\n<li>Din\u00e1mico renal pre-post captopril<\/li>\n<li>Din\u00e1mico renal<\/li>\n<li>Control trasplante renal<\/li>\n<li>Estudio hemorragia digestiva<\/li>\n<li>Centellograma tiroideo con Tc 99m<\/li>\n<li>Centellograma tiroideo con I 131<\/li>\n<li>Captaci\u00f3n y centellograma tiroideo con I131<\/li>\n<li>Rastreo Corporal Total con I131<\/li>\n<li>Rastreo Corporal Total Post dosis ablativa<\/li>\n<\/ul>\n<p><b>TRATAMIENTO:<\/b><span>\u00a0<\/span><\/p>\n<ul>\n<li><span style=\"font-weight: 400;\">Dosis terap\u00e9utica de Iodo 131<\/span><\/li>\n<li><span style=\"font-weight: 400;\">Dosis ablativa de Iodo 131<\/span><\/li>\n<\/ul>\n<p><b>Se EXCLUYE de la cartera de servicios:<\/b><\/p>\n<ul>\n<li style=\"font-weight: 400;\" aria-level=\"1\"><span style=\"font-weight: 400;\">Estudios a pacientes inestables hemodin\u00e1micamente.\u00a0<\/span><\/li>\n<li style=\"font-weight: 400;\" aria-level=\"1\"><span style=\"font-weight: 400;\">\u00a0Estudios a ni\u00f1os que no se encuentren en condiciones de cooperaci\u00f3n adecuada requiriendo sedaci\u00f3n previa para la realizaci\u00f3n del estudio.\u00a0<\/span><\/li>\n<\/ul>\n<p><strong>RECURSOS HUMANOS<\/strong><\/p>\n<table border=\"0\" cellspacing=\"0\" cellpadding=\"0\">\n<tbody>\n<tr>\n<td><strong>Apellido y<\/strong>\u00a0<strong>Nombre<\/strong><\/td>\n<td><strong>Profesi\u00f3n<\/strong><\/td>\n<\/tr>\n<tr>\n<td>GONZA Mar\u00eda Natalia<\/td>\n<td>M\u00e9dico-Esp. Endocrinolog\u00eda<\/td>\n<\/tr>\n<tr>\n<td>VALD\u00c9S Alejandra<\/td>\n<td>M\u00e9dico-Esp. Endocrinolog\u00eda<\/td>\n<\/tr>\n<tr>\n<td>BAS NORTON Irma C.<\/td>\n<td>M\u00e9dico-Esp. Cardiolog\u00eda y Med.Nuclear<\/td>\n<\/tr>\n<tr>\n<td>SARAVIA TOLEDO Sebasti\u00e1n<\/td>\n<td>M\u00e9dico- Esp. Cardiolog\u00eda<\/td>\n<\/tr>\n<tr>\n<td>\u00a0CHAM\u00cdA Jos\u00e9<\/td>\n<td>\u00a0Lic. Bioimagen<\/td>\n<\/tr>\n<tr>\n<td>LOPEZ CUESTA Claudio<\/td>\n<td>Tec. Radi\u00f3logo<\/td>\n<\/tr>\n<tr>\n<td>CHACON Manuel<\/td>\n<td>Enf. Profesional y Tec. Radi\u00f3logo<\/td>\n<\/tr>\n<tr>\n<td>ALLENDE Melina<\/td>\n<td>Administrativa<\/td>\n<\/tr>\n<\/tbody>\n<\/table>\n<p><strong><u>Asesora Cient\u00edfica<\/u><\/strong>:\u00a0<strong>Dra. Mar\u00eda del Huerto Vel\u00e1zquez\u00a0 Espeche.<\/strong>\u00a0 Especialista en Medicina Nuclear y Docente de la Carrera de Especialista en Medicina Nuclear de la UBA.<\/p>\n","protected":false},"excerpt":{"rendered":"<p>Jefe de Programa: Dra. Natalia Gonza MISI\u00d3N Satisfacer las necesidades integrales de los pacientes\u00a0\u00a0mediante una atenci\u00f3n sanitaria equitativa, personalizada, eficiente,<\/p>\n","protected":false},"author":2,"featured_media":0,"parent":0,"menu_order":0,"comment_status":"closed","ping_status":"closed","template":"","meta":{"footnotes":""},"class_list":["post-186","page","type-page","status-publish","hentry"],"yoast_head":"<!-- This site is optimized with the Yoast SEO plugin v18.0 - https:\/\/yoast.com\/wordpress\/plugins\/seo\/ -->\n<title>Medicina Nuclear - Hospital Dr. Arturo O\u00f1ativia<\/title>\n<meta name=\"robots\" content=\"index, follow, max-snippet:-1, max-image-preview:large, max-video-preview:-1\" \/>\n<link rel=\"canonical\" href=\"https:\/\/www.hospitalonativia.gob.ar\/?page_id=186\" \/>\n<meta property=\"og:locale\" content=\"es_ES\" \/>\n<meta property=\"og:type\" content=\"article\" \/>\n<meta property=\"og:title\" content=\"Medicina Nuclear - Hospital Dr. Arturo O\u00f1ativia\" \/>\n<meta property=\"og:description\" content=\"Jefe de Programa: Dra. Natalia Gonza MISI\u00d3N Satisfacer las necesidades integrales de los pacientes\u00a0\u00a0mediante una atenci\u00f3n sanitaria equitativa, personalizada, eficiente,\" \/>\n<meta property=\"og:url\" content=\"https:\/\/www.hospitalonativia.gob.ar\/?page_id=186\" \/>\n<meta property=\"og:site_name\" content=\"Hospital Dr. Arturo O\u00f1ativia\" \/>\n<meta property=\"article:modified_time\" content=\"2021-10-18T12:21:32+00:00\" \/>\n<meta property=\"og:image\" content=\"http:\/\/www.hospitalonativia.gob.ar\/wp-content\/uploads\/2019\/01\/MEDICINA-NUCLEAR.jpg\" \/>\n<meta name=\"twitter:card\" content=\"summary_large_image\" \/>\n<meta name=\"twitter:label1\" content=\"Tiempo de lectura\" \/>\n\t<meta name=\"twitter:data1\" content=\"2 minutos\" \/>\n<script type=\"application\/ld+json\" class=\"yoast-schema-graph\">{\"@context\":\"https:\/\/schema.org\",\"@graph\":[{\"@type\":\"WebSite\",\"@id\":\"https:\/\/www.hospitalonativia.gob.ar\/#website\",\"url\":\"https:\/\/www.hospitalonativia.gob.ar\/\",\"name\":\"Hospital Dr. Arturo O\u00f1ativia\",\"description\":\"Salta Capital\",\"potentialAction\":[{\"@type\":\"SearchAction\",\"target\":{\"@type\":\"EntryPoint\",\"urlTemplate\":\"https:\/\/www.hospitalonativia.gob.ar\/?s={search_term_string}\"},\"query-input\":\"required name=search_term_string\"}],\"inLanguage\":\"es\"},{\"@type\":\"ImageObject\",\"@id\":\"https:\/\/www.hospitalonativia.gob.ar\/?page_id=186#primaryimage\",\"inLanguage\":\"es\",\"url\":\"http:\/\/www.hospitalonativia.gob.ar\/wp-content\/uploads\/2019\/01\/MEDICINA-NUCLEAR.jpg\",\"contentUrl\":\"http:\/\/www.hospitalonativia.gob.ar\/wp-content\/uploads\/2019\/01\/MEDICINA-NUCLEAR.jpg\"},{\"@type\":\"WebPage\",\"@id\":\"https:\/\/www.hospitalonativia.gob.ar\/?page_id=186#webpage\",\"url\":\"https:\/\/www.hospitalonativia.gob.ar\/?page_id=186\",\"name\":\"Medicina Nuclear - Hospital Dr. Arturo O\u00f1ativia\",\"isPartOf\":{\"@id\":\"https:\/\/www.hospitalonativia.gob.ar\/#website\"},\"primaryImageOfPage\":{\"@id\":\"https:\/\/www.hospitalonativia.gob.ar\/?page_id=186#primaryimage\"},\"datePublished\":\"2016-11-01T12:57:13+00:00\",\"dateModified\":\"2021-10-18T12:21:32+00:00\",\"breadcrumb\":{\"@id\":\"https:\/\/www.hospitalonativia.gob.ar\/?page_id=186#breadcrumb\"},\"inLanguage\":\"es\",\"potentialAction\":[{\"@type\":\"ReadAction\",\"target\":[\"https:\/\/www.hospitalonativia.gob.ar\/?page_id=186\"]}]},{\"@type\":\"BreadcrumbList\",\"@id\":\"https:\/\/www.hospitalonativia.gob.ar\/?page_id=186#breadcrumb\",\"itemListElement\":[{\"@type\":\"ListItem\",\"position\":1,\"name\":\"Portada\",\"item\":\"https:\/\/www.hospitalonativia.gob.ar\/\"},{\"@type\":\"ListItem\",\"position\":2,\"name\":\"Medicina Nuclear\"}]}]}<\/script>\n<!-- \/ Yoast SEO plugin. -->","yoast_head_json":{"title":"Medicina Nuclear - Hospital Dr. Arturo O\u00f1ativia","robots":{"index":"index","follow":"follow","max-snippet":"max-snippet:-1","max-image-preview":"max-image-preview:large","max-video-preview":"max-video-preview:-1"},"canonical":"https:\/\/www.hospitalonativia.gob.ar\/?page_id=186","og_locale":"es_ES","og_type":"article","og_title":"Medicina Nuclear - Hospital Dr. Arturo O\u00f1ativia","og_description":"Jefe de Programa: Dra. Natalia Gonza MISI\u00d3N Satisfacer las necesidades integrales de los pacientes\u00a0\u00a0mediante una atenci\u00f3n sanitaria equitativa, personalizada, eficiente,","og_url":"https:\/\/www.hospitalonativia.gob.ar\/?page_id=186","og_site_name":"Hospital Dr. Arturo O\u00f1ativia","article_modified_time":"2021-10-18T12:21:32+00:00","og_image":[{"url":"http:\/\/www.hospitalonativia.gob.ar\/wp-content\/uploads\/2019\/01\/MEDICINA-NUCLEAR.jpg"}],"twitter_card":"summary_large_image","twitter_misc":{"Tiempo de lectura":"2 minutos"},"schema":{"@context":"https:\/\/schema.org","@graph":[{"@type":"WebSite","@id":"https:\/\/www.hospitalonativia.gob.ar\/#website","url":"https:\/\/www.hospitalonativia.gob.ar\/","name":"Hospital Dr. Arturo O\u00f1ativia","description":"Salta Capital","potentialAction":[{"@type":"SearchAction","target":{"@type":"EntryPoint","urlTemplate":"https:\/\/www.hospitalonativia.gob.ar\/?s={search_term_string}"},"query-input":"required name=search_term_string"}],"inLanguage":"es"},{"@type":"ImageObject","@id":"https:\/\/www.hospitalonativia.gob.ar\/?page_id=186#primaryimage","inLanguage":"es","url":"http:\/\/www.hospitalonativia.gob.ar\/wp-content\/uploads\/2019\/01\/MEDICINA-NUCLEAR.jpg","contentUrl":"http:\/\/www.hospitalonativia.gob.ar\/wp-content\/uploads\/2019\/01\/MEDICINA-NUCLEAR.jpg"},{"@type":"WebPage","@id":"https:\/\/www.hospitalonativia.gob.ar\/?page_id=186#webpage","url":"https:\/\/www.hospitalonativia.gob.ar\/?page_id=186","name":"Medicina Nuclear - Hospital Dr. Arturo O\u00f1ativia","isPartOf":{"@id":"https:\/\/www.hospitalonativia.gob.ar\/#website"},"primaryImageOfPage":{"@id":"https:\/\/www.hospitalonativia.gob.ar\/?page_id=186#primaryimage"},"datePublished":"2016-11-01T12:57:13+00:00","dateModified":"2021-10-18T12:21:32+00:00","breadcrumb":{"@id":"https:\/\/www.hospitalonativia.gob.ar\/?page_id=186#breadcrumb"},"inLanguage":"es","potentialAction":[{"@type":"ReadAction","target":["https:\/\/www.hospitalonativia.gob.ar\/?page_id=186"]}]},{"@type":"BreadcrumbList","@id":"https:\/\/www.hospitalonativia.gob.ar\/?page_id=186#breadcrumb","itemListElement":[{"@type":"ListItem","position":1,"name":"Portada","item":"https:\/\/www.hospitalonativia.gob.ar\/"},{"@type":"ListItem","position":2,"name":"Medicina Nuclear"}]}]}},"_links":{"self":[{"href":"https:\/\/www.hospitalonativia.gob.ar\/index.php?rest_route=\/wp\/v2\/pages\/186"}],"collection":[{"href":"https:\/\/www.hospitalonativia.gob.ar\/index.php?rest_route=\/wp\/v2\/pages"}],"about":[{"href":"https:\/\/www.hospitalonativia.gob.ar\/index.php?rest_route=\/wp\/v2\/types\/page"}],"author":[{"embeddable":true,"href":"https:\/\/www.hospitalonativia.gob.ar\/index.php?rest_route=\/wp\/v2\/users\/2"}],"replies":[{"embeddable":true,"href":"https:\/\/www.hospitalonativia.gob.ar\/index.php?rest_route=%2Fwp%2Fv2%2Fcomments&post=186"}],"version-history":[{"count":9,"href":"https:\/\/www.hospitalonativia.gob.ar\/index.php?rest_route=\/wp\/v2\/pages\/186\/revisions"}],"predecessor-version":[{"id":1839,"href":"https:\/\/www.hospitalonativia.gob.ar\/index.php?rest_route=\/wp\/v2\/pages\/186\/revisions\/1839"}],"wp:attachment":[{"href":"https:\/\/www.hospitalonativia.gob.ar\/index.php?rest_route=%2Fwp%2Fv2%2Fmedia&parent=186"}],"curies":[{"name":"wp","href":"https:\/\/api.w.org\/{rel}","templated":true}]}}