{"id":192,"date":"2016-11-02T13:46:25","date_gmt":"2016-11-02T16:46:25","guid":{"rendered":"http:\/\/192.168.1.190\/hospitalonativia\/?page_id=192"},"modified":"2017-05-02T12:41:01","modified_gmt":"2017-05-02T15:41:01","slug":"cirugia-percutanea-e-imagenes","status":"publish","type":"page","link":"https:\/\/www.hospitalonativia.gob.ar\/?page_id=192","title":{"rendered":"Cirug\u00eda Percut\u00e1nea e Im\u00e1genes"},"content":{"rendered":"<p>Jefa de Sector: Dra. Gilda Richter<\/p>\n<p>MISI\u00d3N<\/p>\n<p><strong><em>Nuestra misi\u00f3n es la realizaci\u00f3n e interpretaci\u00f3n de pruebas radiol\u00f3gicas, ecogr\u00e1ficas, procedimientos intervencionistas y t\u00e9cnicas card\u00edacas no invasivas solucionando problemas diagn\u00f3sticos y la realizaci\u00f3n de tratamientos paliativos o curativos mini &#8211; invasivos guiados por im\u00e1genes, a toda la poblaci\u00f3n del \u00e1rea de cobertura con perfil endocrino metab\u00f3lico, <\/em><\/strong><strong><em>llevado a cabo por\u00a0 un equipo de personas altamente comprometido, responsable y capacitado.<\/em><\/strong><\/p>\n<p>VISI\u00d3N<\/p>\n<p><strong><em>Optimizar la atenci\u00f3n radiol\u00f3gica en el Hospital Dr. Arturo O\u00f1ativia, asegurando los m\u00e1s altos niveles de respuesta, calidad y eficiencia, estimulando el desarrollo personal y profesional de todo su equipo humano, con compromiso y participaci\u00f3n en los objetivos institucionales<\/em><\/strong><\/p>\n<p>CARTERA DE SERVICIOS<\/p>\n<p>Estudios \u00a0radiol\u00f3gicos\u00a0 est\u00e1ndares:<\/p>\n<ul>\n<li>Rx Pares radiol\u00f3gicos (T\u00f3rax; Columna cervical, dorsal, lumbar y sacra; cr\u00e1neo; miembros y cuello)<\/li>\n<li>Rx Axial de r\u00f3tula<\/li>\n<li>Rx Axial de calc\u00e1neo<\/li>\n<li>Rx SPN, FNP,MNP y Cavum<\/li>\n<li>Rx ATM<\/li>\n<li>Rx silla turca<\/li>\n<li>Rx huesos propios<\/li>\n<li>Rx panor\u00e1mica de pelvis<\/li>\n<li>Rx abdomen de pie<\/li>\n<li>Rx axial de cadera<\/li>\n<li>Rx ferguson<\/li>\n<li>Rx \u00e1rbol urinario<\/li>\n<li>Mamograf\u00edas convencionales y magnificadas<\/li>\n<\/ul>\n<p>Estudios especializados:<\/p>\n<ul>\n<li>Rx de estern\u00f3n<\/li>\n<li>Rx de t\u00f3rax en dec\u00fabito<\/li>\n<li>Rx control de amputaciones<\/li>\n<li>Rx control de osteomielitis<\/li>\n<li>Rx para estudios gen\u00e9ticos<\/li>\n<li>Rx de eventraciones postquir\u00fargicas<\/li>\n<li>Rx controles postquir\u00fargicas<\/li>\n<li>Rx de rodilla<\/li>\n<li>Marcaciones mamarias pre quir\u00fargicas<\/li>\n<\/ul>\n<p>&nbsp;<\/p>\n<p>Estudios ecogr\u00e1ficos<\/p>\n<ul>\n<li>Ecograf\u00eda abdominal<\/li>\n<li>Ecograf\u00eda hepatobiliopancreatica<\/li>\n<li>Ecograf\u00eda renal bilateral y v\u00edas urinarias<\/li>\n<li>Ecograf\u00eda prost\u00e1tica<\/li>\n<li>Ecograf\u00eda de cuello<\/li>\n<li>Ecograf\u00eda de gl\u00e1ndula tiroides<\/li>\n<li>Ecograf\u00eda ginecol\u00f3gica Abd y TV<\/li>\n<li>Ecograf\u00edas obst\u00e9tricas<\/li>\n<li>Ecograf\u00eda mamaria<\/li>\n<li>Ecograf\u00eda Doppler Central y Perif\u00e9rica<\/li>\n<\/ul>\n<p>Estudios mini &#8211; invasivos<\/p>\n<ul>\n<li>Punciones histol\u00f3gicas de \u00f3rganos s\u00f3lidos bajo gu\u00eda de im\u00e1genes<\/li>\n<li>Punciones citol\u00f3gicas de \u00f3rganos s\u00f3lidos bajo gu\u00eda de im\u00e1genes<\/li>\n<li>Biopsias histol\u00f3gicas de mamas<\/li>\n<li>Drenaje de colecciones y abscesos<\/li>\n<li>Drenaje biliares<\/li>\n<li>Dilataciones biliares<\/li>\n<li>Colangiografias transparietohep\u00e1ticas y trans cat\u00e9teres de drenaje<\/li>\n<li>Centesis diagn\u00f3sticas y terap\u00e9uticas<\/li>\n<li>Gastrostom\u00edas percut\u00e1neas<\/li>\n<li>Nefrectom\u00edas percut\u00e1neas<\/li>\n<li>Cat\u00e9teres de acceso venosos centrales (bajo gu\u00eda ecogr\u00e1fica)<\/li>\n<li>Cat\u00e9teres de acceso venosos perif\u00e9ricos centralizados (bajo gu\u00eda ecogr\u00e1fica)<\/li>\n<li>Cat\u00e9teres de hemodi\u00e1lisis con gu\u00eda ecogr\u00e1fica<\/li>\n<li>Colocaci\u00f3n de sondas con gu\u00eda radiosc\u00f3pica<\/li>\n<li>Colocaci\u00f3n de bot\u00f3n abdominal con gu\u00eda radiosc\u00f3pica<\/li>\n<\/ul>\n<p>Algunos de estos estudios precisan de quir\u00f3fano o de unidades especiales como UTI, sector Transplante o sala de internaci\u00f3n,\u00a0 donde es posible realizar los diferentes estudios\u00a0 con equipos radiol\u00f3gicos port\u00e1tiles (Arco en C y tubo port\u00e1til) y ec\u00f3grafos m\u00f3viles.<\/p>\n<p>El \u00e1rea de Cirug\u00eda Percut\u00e1nea, T\u00e9cnicas Cardiacas e Im\u00e1genes presta su atenci\u00f3n de lunes a viernes de 7:00 a 18:00 hs y brinda asistencia a trav\u00e9s de un r\u00e9gimen de guardias pasivas de lunes a viernes de 18:00 a 7:00 hs. s\u00e1bados, domingos y feriados con un r\u00e9gimen de 24 hs.<\/p>\n","protected":false},"excerpt":{"rendered":"<p>Jefa de Sector: Dra. Gilda Richter MISI\u00d3N Nuestra misi\u00f3n es la realizaci\u00f3n e interpretaci\u00f3n de pruebas radiol\u00f3gicas, ecogr\u00e1ficas, procedimientos intervencionistas<\/p>\n","protected":false},"author":2,"featured_media":0,"parent":0,"menu_order":0,"comment_status":"closed","ping_status":"closed","template":"","meta":{"footnotes":""},"class_list":["post-192","page","type-page","status-publish","hentry"],"yoast_head":"<!-- This site is optimized with the Yoast SEO plugin v18.0 - https:\/\/yoast.com\/wordpress\/plugins\/seo\/ -->\n<title>Cirug\u00eda Percut\u00e1nea e Im\u00e1genes - Hospital Dr. Arturo O\u00f1ativia<\/title>\n<meta name=\"robots\" content=\"index, follow, max-snippet:-1, max-image-preview:large, max-video-preview:-1\" \/>\n<link rel=\"canonical\" href=\"https:\/\/www.hospitalonativia.gob.ar\/?page_id=192\" \/>\n<meta property=\"og:locale\" content=\"es_ES\" \/>\n<meta property=\"og:type\" content=\"article\" \/>\n<meta property=\"og:title\" content=\"Cirug\u00eda Percut\u00e1nea e Im\u00e1genes - Hospital Dr. Arturo O\u00f1ativia\" \/>\n<meta property=\"og:description\" content=\"Jefa de Sector: Dra. Gilda Richter MISI\u00d3N Nuestra misi\u00f3n es la realizaci\u00f3n e interpretaci\u00f3n de pruebas radiol\u00f3gicas, ecogr\u00e1ficas, procedimientos intervencionistas\" \/>\n<meta property=\"og:url\" content=\"https:\/\/www.hospitalonativia.gob.ar\/?page_id=192\" \/>\n<meta property=\"og:site_name\" content=\"Hospital Dr. Arturo O\u00f1ativia\" \/>\n<meta property=\"article:modified_time\" content=\"2017-05-02T15:41:01+00:00\" \/>\n<meta name=\"twitter:card\" content=\"summary_large_image\" \/>\n<meta name=\"twitter:label1\" content=\"Tiempo de lectura\" \/>\n\t<meta name=\"twitter:data1\" content=\"3 minutos\" \/>\n<script type=\"application\/ld+json\" class=\"yoast-schema-graph\">{\"@context\":\"https:\/\/schema.org\",\"@graph\":[{\"@type\":\"WebSite\",\"@id\":\"https:\/\/www.hospitalonativia.gob.ar\/#website\",\"url\":\"https:\/\/www.hospitalonativia.gob.ar\/\",\"name\":\"Hospital Dr. Arturo O\u00f1ativia\",\"description\":\"Salta Capital\",\"potentialAction\":[{\"@type\":\"SearchAction\",\"target\":{\"@type\":\"EntryPoint\",\"urlTemplate\":\"https:\/\/www.hospitalonativia.gob.ar\/?s={search_term_string}\"},\"query-input\":\"required name=search_term_string\"}],\"inLanguage\":\"es\"},{\"@type\":\"WebPage\",\"@id\":\"https:\/\/www.hospitalonativia.gob.ar\/?page_id=192#webpage\",\"url\":\"https:\/\/www.hospitalonativia.gob.ar\/?page_id=192\",\"name\":\"Cirug\u00eda Percut\u00e1nea e Im\u00e1genes - Hospital Dr. Arturo O\u00f1ativia\",\"isPartOf\":{\"@id\":\"https:\/\/www.hospitalonativia.gob.ar\/#website\"},\"datePublished\":\"2016-11-02T16:46:25+00:00\",\"dateModified\":\"2017-05-02T15:41:01+00:00\",\"breadcrumb\":{\"@id\":\"https:\/\/www.hospitalonativia.gob.ar\/?page_id=192#breadcrumb\"},\"inLanguage\":\"es\",\"potentialAction\":[{\"@type\":\"ReadAction\",\"target\":[\"https:\/\/www.hospitalonativia.gob.ar\/?page_id=192\"]}]},{\"@type\":\"BreadcrumbList\",\"@id\":\"https:\/\/www.hospitalonativia.gob.ar\/?page_id=192#breadcrumb\",\"itemListElement\":[{\"@type\":\"ListItem\",\"position\":1,\"name\":\"Portada\",\"item\":\"https:\/\/www.hospitalonativia.gob.ar\/\"},{\"@type\":\"ListItem\",\"position\":2,\"name\":\"Cirug\u00eda Percut\u00e1nea e Im\u00e1genes\"}]}]}<\/script>\n<!-- \/ Yoast SEO plugin. -->","yoast_head_json":{"title":"Cirug\u00eda Percut\u00e1nea e Im\u00e1genes - Hospital Dr. Arturo O\u00f1ativia","robots":{"index":"index","follow":"follow","max-snippet":"max-snippet:-1","max-image-preview":"max-image-preview:large","max-video-preview":"max-video-preview:-1"},"canonical":"https:\/\/www.hospitalonativia.gob.ar\/?page_id=192","og_locale":"es_ES","og_type":"article","og_title":"Cirug\u00eda Percut\u00e1nea e Im\u00e1genes - Hospital Dr. Arturo O\u00f1ativia","og_description":"Jefa de Sector: Dra. Gilda Richter MISI\u00d3N Nuestra misi\u00f3n es la realizaci\u00f3n e interpretaci\u00f3n de pruebas radiol\u00f3gicas, ecogr\u00e1ficas, procedimientos intervencionistas","og_url":"https:\/\/www.hospitalonativia.gob.ar\/?page_id=192","og_site_name":"Hospital Dr. Arturo O\u00f1ativia","article_modified_time":"2017-05-02T15:41:01+00:00","twitter_card":"summary_large_image","twitter_misc":{"Tiempo de lectura":"3 minutos"},"schema":{"@context":"https:\/\/schema.org","@graph":[{"@type":"WebSite","@id":"https:\/\/www.hospitalonativia.gob.ar\/#website","url":"https:\/\/www.hospitalonativia.gob.ar\/","name":"Hospital Dr. Arturo O\u00f1ativia","description":"Salta Capital","potentialAction":[{"@type":"SearchAction","target":{"@type":"EntryPoint","urlTemplate":"https:\/\/www.hospitalonativia.gob.ar\/?s={search_term_string}"},"query-input":"required name=search_term_string"}],"inLanguage":"es"},{"@type":"WebPage","@id":"https:\/\/www.hospitalonativia.gob.ar\/?page_id=192#webpage","url":"https:\/\/www.hospitalonativia.gob.ar\/?page_id=192","name":"Cirug\u00eda Percut\u00e1nea e Im\u00e1genes - Hospital Dr. Arturo O\u00f1ativia","isPartOf":{"@id":"https:\/\/www.hospitalonativia.gob.ar\/#website"},"datePublished":"2016-11-02T16:46:25+00:00","dateModified":"2017-05-02T15:41:01+00:00","breadcrumb":{"@id":"https:\/\/www.hospitalonativia.gob.ar\/?page_id=192#breadcrumb"},"inLanguage":"es","potentialAction":[{"@type":"ReadAction","target":["https:\/\/www.hospitalonativia.gob.ar\/?page_id=192"]}]},{"@type":"BreadcrumbList","@id":"https:\/\/www.hospitalonativia.gob.ar\/?page_id=192#breadcrumb","itemListElement":[{"@type":"ListItem","position":1,"name":"Portada","item":"https:\/\/www.hospitalonativia.gob.ar\/"},{"@type":"ListItem","position":2,"name":"Cirug\u00eda Percut\u00e1nea e Im\u00e1genes"}]}]}},"_links":{"self":[{"href":"https:\/\/www.hospitalonativia.gob.ar\/index.php?rest_route=\/wp\/v2\/pages\/192"}],"collection":[{"href":"https:\/\/www.hospitalonativia.gob.ar\/index.php?rest_route=\/wp\/v2\/pages"}],"about":[{"href":"https:\/\/www.hospitalonativia.gob.ar\/index.php?rest_route=\/wp\/v2\/types\/page"}],"author":[{"embeddable":true,"href":"https:\/\/www.hospitalonativia.gob.ar\/index.php?rest_route=\/wp\/v2\/users\/2"}],"replies":[{"embeddable":true,"href":"https:\/\/www.hospitalonativia.gob.ar\/index.php?rest_route=%2Fwp%2Fv2%2Fcomments&post=192"}],"version-history":[{"count":4,"href":"https:\/\/www.hospitalonativia.gob.ar\/index.php?rest_route=\/wp\/v2\/pages\/192\/revisions"}],"predecessor-version":[{"id":628,"href":"https:\/\/www.hospitalonativia.gob.ar\/index.php?rest_route=\/wp\/v2\/pages\/192\/revisions\/628"}],"wp:attachment":[{"href":"https:\/\/www.hospitalonativia.gob.ar\/index.php?rest_route=%2Fwp%2Fv2%2Fmedia&parent=192"}],"curies":[{"name":"wp","href":"https:\/\/api.w.org\/{rel}","templated":true}]}}