{"id":195,"date":"2016-11-03T13:24:04","date_gmt":"2016-11-03T16:24:04","guid":{"rendered":"http:\/\/192.168.1.190\/hospitalonativia\/?page_id=195"},"modified":"2022-02-01T08:41:39","modified_gmt":"2022-02-01T11:41:39","slug":"nutricion","status":"publish","type":"page","link":"https:\/\/www.hospitalonativia.gob.ar\/?page_id=195","title":{"rendered":"Nutrici\u00f3n"},"content":{"rendered":"<p><strong>\u00a0 \u00a0Jefa de Programa: Lic. Virginia Pamparana\u00a0<\/strong><\/p>\n<p><strong>MISI\u00d3N<\/strong><\/p>\n<p>Brindar y promover un buen estado nutricional y alimentario a la poblaci\u00f3n que asiste a la consulta externa y la que est\u00e1 hospitalizada, y a\u00a0 la comunidad a trav\u00e9s de actividades extra muro, realizando adecuaci\u00f3n y valoraci\u00f3n nutricional permanente, conjuntamente a la educaci\u00f3n alimentaria y nutricional.<\/p>\n<p>Formar profesionales capacitados y comprometidos con las patolog\u00edas endocrino- metab\u00f3licas.<\/p>\n<p><strong>VISI\u00d3N<\/strong><\/p>\n<p>Continuar siendo una organizaci\u00f3n de referencia en tratamiento nutricional de enfermedades endocrino-metab\u00f3licas y de trastornos de la conducta alimentaria, ecu\u00e1nime, eficiente, eficaz, leg\u00edtima y reconocida, capaz de trascender los propios l\u00edmites y articularse con otros programas y o sectores del Establecimiento, del Sistema de Salud y otros sistemas\u00a0 a fin de lograr una gesti\u00f3n de calidad.<\/p>\n<p><strong><img loading=\"lazy\" decoding=\"async\" class=\"alignnone wp-image-1856 size-full\" src=\"http:\/\/www.hospitalonativia.gob.ar\/wp-content\/uploads\/2022\/02\/WhatsApp-Image-2022-01-31-at-13.14.48.jpeg\" alt=\"\" width=\"1280\" height=\"720\" srcset=\"https:\/\/www.hospitalonativia.gob.ar\/wp-content\/uploads\/2022\/02\/WhatsApp-Image-2022-01-31-at-13.14.48.jpeg 1280w, https:\/\/www.hospitalonativia.gob.ar\/wp-content\/uploads\/2022\/02\/WhatsApp-Image-2022-01-31-at-13.14.48-300x169.jpeg 300w, https:\/\/www.hospitalonativia.gob.ar\/wp-content\/uploads\/2022\/02\/WhatsApp-Image-2022-01-31-at-13.14.48-1024x576.jpeg 1024w, https:\/\/www.hospitalonativia.gob.ar\/wp-content\/uploads\/2022\/02\/WhatsApp-Image-2022-01-31-at-13.14.48-768x432.jpeg 768w, https:\/\/www.hospitalonativia.gob.ar\/wp-content\/uploads\/2022\/02\/WhatsApp-Image-2022-01-31-at-13.14.48-100x55.jpeg 100w\" sizes=\"(max-width: 1280px) 100vw, 1280px\" \/><\/strong><\/p>\n<p><strong>CARTERA DE SERVICIOS<\/strong><\/p>\n<p>El programa de Nutrici\u00f3n del Hospital atiende a pacientes adultos con patolog\u00edas endocrinas, metab\u00f3licas, renales y con trastornos en la conducta alimentaria, hospitalizados, y\u00a0 derivados por profesionales de la Instituci\u00f3n.<\/p>\n<p><strong><em><u>Consultorio externo <\/u><\/em><\/strong><\/p>\n<p><i><span style=\"font-weight: 400;\">Turno ma\u00f1ana<\/span><\/i><\/p>\n<p><span style=\"font-weight: 400;\">Lunes 9.00 a 11.30 hs y de 11.30 a 13.00 hs<\/span><\/p>\n<p><span style=\"font-weight: 400;\">Martes 10: 00 a 12:00 hs<\/span><\/p>\n<p><span style=\"font-weight: 400;\">Jueves 10.00 a 12 hs: <\/span><\/p>\n<p><span style=\"font-weight: 400;\">Viernes 9.30 a 10.30 hs<\/span><\/p>\n<p><i><span style=\"font-weight: 400;\">Turno Tarde<\/span><\/i><\/p>\n<p><span style=\"font-weight: 400;\">Lunes a Viernes de 15.30 a 17.30 Hs: <\/span><\/p>\n<p><i><span style=\"font-weight: 400;\">Consultorios especiales <\/span><\/i><\/p>\n<p><span style=\"font-weight: 400;\">Mi\u00e9rcoles de 11.30 a 13.00:<\/span><i><span style=\"font-weight: 400;\"> Nutrici\u00f3n en Patolog\u00eda renal<\/span><\/i><\/p>\n<p><span style=\"font-weight: 400;\">Mi\u00e9rcoles 10:00 a 12:00 hs <\/span><i><span style=\"font-weight: 400;\">Entrenamiento de Conteo de Hidratos de Carbono<\/span><\/i><\/p>\n<p><span style=\"font-weight: 400;\">Viernes 7.30 a 9.30: <\/span><i><span style=\"font-weight: 400;\">Cirug\u00eda Bari\u00e1trica<\/span><\/i><\/p>\n<p><strong><u>\u00a0Hospitalizaci\u00f3n<\/u><\/strong><\/p>\n<p>Se cubre de lunes a lunes de 7.00 a 13 hs y de 14.30 a 20.30 hs, con \u00a0profesionales asistentes para el turno ma\u00f1ana y un profesional asistente para el turno tarde; un profesional para el Centro de Hemodi\u00e1lisis y terapia intensiva. Fines de semana o feriados se cubren las necesidades de pacientes internados tanto asistenciales como del \u00e1rea de producci\u00f3n de raciones<\/p>\n<p>Se realiza valoraci\u00f3n nutricional subjetiva\u00a0 permanente, indicando soporte nutricional oral, enteral o parenteral a aquellos que lo requieran con el correspondiente c\u00e1lculo y seguimiento.<\/p>\n<p>Se brinda la alimentaci\u00f3n correspondiente seg\u00fan prescripci\u00f3n m\u00e9dica. Se realiza educaci\u00f3n nutricional en internaci\u00f3n al paciente que lo requiera.<\/p>\n<p><strong>Actividad Intramuro- Talleres de Educaci\u00f3n<\/strong><\/p>\n<p><strong><u>Seg\u00fan Cronograma<\/u><\/strong><\/p>\n<p>Mi\u00e9rcoles 9.00 a 10.00 <em>Nutrici\u00f3n en\u00a0 Diabetes<\/em><\/p>\n<p>Viernes 9.00 a 10.00 <em>Nutrici\u00f3n en \u00a0Obesidad<\/em><\/p>\n<p><em><u>Educaci\u00f3n Nutricional constante<\/u><\/em> con pacientes internados a fin que el paciente cuente con herramientas para hacer efectivas las indicaciones alimentarias al alta.<\/p>\n<p style=\"text-align: left; padding-left: 90px;\"><strong>Excluye<\/strong>:<\/p>\n<p style=\"padding-left: 150px; text-align: left;\">Ni\u00f1os menores de 14 a\u00f1os<\/p>\n<p style=\"padding-left: 150px; text-align: left;\">Pacientes derivados de otras Instituciones<\/p>\n<p style=\"padding-left: 150px; text-align: left;\">Embarazadas sin diagn\u00f3stico de Diabetes<\/p>\n<p><strong>Plantilla de Recursos Humanos<\/strong><\/p>\n<p>Lic. Virginia Pamparana &#8211; Jefa de Programa<\/p>\n<p>Lic. Mar\u00eda Alejandra Peretti &#8211; Nutricionista asistente<\/p>\n<p>Lic. Florencia Albarrac\u00edn &#8211; Nutricionista asistente<\/p>\n<p>Lic. Ana Sof\u00eda Valdiviezo &#8211; Nutricionista Asistente<\/p>\n<p>*Lic. Viviana Toledo<\/p>\n<p>Lic. Adela Fuentes<\/p>\n<p>Lic. Karen Abud<\/p>\n<p><em>Personal \u00c1rea producci\u00f3n<\/em> (cocina)<\/p>\n<p>Miriam Burgos<\/p>\n<p>Ibarra Mariela<\/p>\n<p>Graciela Mercado<\/p>\n<p>Maigua Roc\u00edo<\/p>\n<p>Graciela Mercado<\/p>\n<p>Cortez Alfredo<\/p>\n<p>Barrionuevo Mar\u00eda<\/p>\n<p>Godoy Elio<\/p>\n<p>Rodr\u00edguez Norma<\/p>\n","protected":false},"excerpt":{"rendered":"<p>\u00a0 \u00a0Jefa de Programa: Lic. Virginia Pamparana\u00a0 MISI\u00d3N Brindar y promover un buen estado nutricional y alimentario a la poblaci\u00f3n<\/p>\n","protected":false},"author":2,"featured_media":0,"parent":0,"menu_order":0,"comment_status":"closed","ping_status":"closed","template":"","meta":{"footnotes":""},"class_list":["post-195","page","type-page","status-publish","hentry"],"yoast_head":"<!-- This site is optimized with the Yoast SEO plugin v18.0 - https:\/\/yoast.com\/wordpress\/plugins\/seo\/ -->\n<title>Nutrici\u00f3n - Hospital Dr. Arturo O\u00f1ativia<\/title>\n<meta name=\"robots\" content=\"index, follow, max-snippet:-1, max-image-preview:large, max-video-preview:-1\" \/>\n<link rel=\"canonical\" href=\"https:\/\/www.hospitalonativia.gob.ar\/?page_id=195\" \/>\n<meta property=\"og:locale\" content=\"es_ES\" \/>\n<meta property=\"og:type\" content=\"article\" \/>\n<meta property=\"og:title\" content=\"Nutrici\u00f3n - Hospital Dr. Arturo O\u00f1ativia\" \/>\n<meta property=\"og:description\" content=\"\u00a0 \u00a0Jefa de Programa: Lic. Virginia Pamparana\u00a0 MISI\u00d3N Brindar y promover un buen estado nutricional y alimentario a la poblaci\u00f3n\" \/>\n<meta property=\"og:url\" content=\"https:\/\/www.hospitalonativia.gob.ar\/?page_id=195\" \/>\n<meta property=\"og:site_name\" content=\"Hospital Dr. Arturo O\u00f1ativia\" \/>\n<meta property=\"article:modified_time\" content=\"2022-02-01T11:41:39+00:00\" \/>\n<meta property=\"og:image\" content=\"http:\/\/www.hospitalonativia.gob.ar\/wp-content\/uploads\/2022\/02\/WhatsApp-Image-2022-01-31-at-13.14.48.jpeg\" \/>\n<meta name=\"twitter:card\" content=\"summary_large_image\" \/>\n<meta name=\"twitter:label1\" content=\"Tiempo de lectura\" \/>\n\t<meta name=\"twitter:data1\" content=\"2 minutos\" \/>\n<script type=\"application\/ld+json\" class=\"yoast-schema-graph\">{\"@context\":\"https:\/\/schema.org\",\"@graph\":[{\"@type\":\"WebSite\",\"@id\":\"https:\/\/www.hospitalonativia.gob.ar\/#website\",\"url\":\"https:\/\/www.hospitalonativia.gob.ar\/\",\"name\":\"Hospital Dr. Arturo O\u00f1ativia\",\"description\":\"Salta Capital\",\"potentialAction\":[{\"@type\":\"SearchAction\",\"target\":{\"@type\":\"EntryPoint\",\"urlTemplate\":\"https:\/\/www.hospitalonativia.gob.ar\/?s={search_term_string}\"},\"query-input\":\"required name=search_term_string\"}],\"inLanguage\":\"es\"},{\"@type\":\"ImageObject\",\"@id\":\"https:\/\/www.hospitalonativia.gob.ar\/?page_id=195#primaryimage\",\"inLanguage\":\"es\",\"url\":\"http:\/\/www.hospitalonativia.gob.ar\/wp-content\/uploads\/2022\/02\/WhatsApp-Image-2022-01-31-at-13.14.48.jpeg\",\"contentUrl\":\"http:\/\/www.hospitalonativia.gob.ar\/wp-content\/uploads\/2022\/02\/WhatsApp-Image-2022-01-31-at-13.14.48.jpeg\"},{\"@type\":\"WebPage\",\"@id\":\"https:\/\/www.hospitalonativia.gob.ar\/?page_id=195#webpage\",\"url\":\"https:\/\/www.hospitalonativia.gob.ar\/?page_id=195\",\"name\":\"Nutrici\u00f3n - Hospital Dr. Arturo O\u00f1ativia\",\"isPartOf\":{\"@id\":\"https:\/\/www.hospitalonativia.gob.ar\/#website\"},\"primaryImageOfPage\":{\"@id\":\"https:\/\/www.hospitalonativia.gob.ar\/?page_id=195#primaryimage\"},\"datePublished\":\"2016-11-03T16:24:04+00:00\",\"dateModified\":\"2022-02-01T11:41:39+00:00\",\"breadcrumb\":{\"@id\":\"https:\/\/www.hospitalonativia.gob.ar\/?page_id=195#breadcrumb\"},\"inLanguage\":\"es\",\"potentialAction\":[{\"@type\":\"ReadAction\",\"target\":[\"https:\/\/www.hospitalonativia.gob.ar\/?page_id=195\"]}]},{\"@type\":\"BreadcrumbList\",\"@id\":\"https:\/\/www.hospitalonativia.gob.ar\/?page_id=195#breadcrumb\",\"itemListElement\":[{\"@type\":\"ListItem\",\"position\":1,\"name\":\"Portada\",\"item\":\"https:\/\/www.hospitalonativia.gob.ar\/\"},{\"@type\":\"ListItem\",\"position\":2,\"name\":\"Nutrici\u00f3n\"}]}]}<\/script>\n<!-- \/ Yoast SEO plugin. -->","yoast_head_json":{"title":"Nutrici\u00f3n - Hospital Dr. Arturo O\u00f1ativia","robots":{"index":"index","follow":"follow","max-snippet":"max-snippet:-1","max-image-preview":"max-image-preview:large","max-video-preview":"max-video-preview:-1"},"canonical":"https:\/\/www.hospitalonativia.gob.ar\/?page_id=195","og_locale":"es_ES","og_type":"article","og_title":"Nutrici\u00f3n - Hospital Dr. Arturo O\u00f1ativia","og_description":"\u00a0 \u00a0Jefa de Programa: Lic. Virginia Pamparana\u00a0 MISI\u00d3N Brindar y promover un buen estado nutricional y alimentario a la poblaci\u00f3n","og_url":"https:\/\/www.hospitalonativia.gob.ar\/?page_id=195","og_site_name":"Hospital Dr. Arturo O\u00f1ativia","article_modified_time":"2022-02-01T11:41:39+00:00","og_image":[{"url":"http:\/\/www.hospitalonativia.gob.ar\/wp-content\/uploads\/2022\/02\/WhatsApp-Image-2022-01-31-at-13.14.48.jpeg"}],"twitter_card":"summary_large_image","twitter_misc":{"Tiempo de lectura":"2 minutos"},"schema":{"@context":"https:\/\/schema.org","@graph":[{"@type":"WebSite","@id":"https:\/\/www.hospitalonativia.gob.ar\/#website","url":"https:\/\/www.hospitalonativia.gob.ar\/","name":"Hospital Dr. Arturo O\u00f1ativia","description":"Salta Capital","potentialAction":[{"@type":"SearchAction","target":{"@type":"EntryPoint","urlTemplate":"https:\/\/www.hospitalonativia.gob.ar\/?s={search_term_string}"},"query-input":"required name=search_term_string"}],"inLanguage":"es"},{"@type":"ImageObject","@id":"https:\/\/www.hospitalonativia.gob.ar\/?page_id=195#primaryimage","inLanguage":"es","url":"http:\/\/www.hospitalonativia.gob.ar\/wp-content\/uploads\/2022\/02\/WhatsApp-Image-2022-01-31-at-13.14.48.jpeg","contentUrl":"http:\/\/www.hospitalonativia.gob.ar\/wp-content\/uploads\/2022\/02\/WhatsApp-Image-2022-01-31-at-13.14.48.jpeg"},{"@type":"WebPage","@id":"https:\/\/www.hospitalonativia.gob.ar\/?page_id=195#webpage","url":"https:\/\/www.hospitalonativia.gob.ar\/?page_id=195","name":"Nutrici\u00f3n - Hospital Dr. Arturo O\u00f1ativia","isPartOf":{"@id":"https:\/\/www.hospitalonativia.gob.ar\/#website"},"primaryImageOfPage":{"@id":"https:\/\/www.hospitalonativia.gob.ar\/?page_id=195#primaryimage"},"datePublished":"2016-11-03T16:24:04+00:00","dateModified":"2022-02-01T11:41:39+00:00","breadcrumb":{"@id":"https:\/\/www.hospitalonativia.gob.ar\/?page_id=195#breadcrumb"},"inLanguage":"es","potentialAction":[{"@type":"ReadAction","target":["https:\/\/www.hospitalonativia.gob.ar\/?page_id=195"]}]},{"@type":"BreadcrumbList","@id":"https:\/\/www.hospitalonativia.gob.ar\/?page_id=195#breadcrumb","itemListElement":[{"@type":"ListItem","position":1,"name":"Portada","item":"https:\/\/www.hospitalonativia.gob.ar\/"},{"@type":"ListItem","position":2,"name":"Nutrici\u00f3n"}]}]}},"_links":{"self":[{"href":"https:\/\/www.hospitalonativia.gob.ar\/index.php?rest_route=\/wp\/v2\/pages\/195"}],"collection":[{"href":"https:\/\/www.hospitalonativia.gob.ar\/index.php?rest_route=\/wp\/v2\/pages"}],"about":[{"href":"https:\/\/www.hospitalonativia.gob.ar\/index.php?rest_route=\/wp\/v2\/types\/page"}],"author":[{"embeddable":true,"href":"https:\/\/www.hospitalonativia.gob.ar\/index.php?rest_route=\/wp\/v2\/users\/2"}],"replies":[{"embeddable":true,"href":"https:\/\/www.hospitalonativia.gob.ar\/index.php?rest_route=%2Fwp%2Fv2%2Fcomments&post=195"}],"version-history":[{"count":14,"href":"https:\/\/www.hospitalonativia.gob.ar\/index.php?rest_route=\/wp\/v2\/pages\/195\/revisions"}],"predecessor-version":[{"id":1858,"href":"https:\/\/www.hospitalonativia.gob.ar\/index.php?rest_route=\/wp\/v2\/pages\/195\/revisions\/1858"}],"wp:attachment":[{"href":"https:\/\/www.hospitalonativia.gob.ar\/index.php?rest_route=%2Fwp%2Fv2%2Fmedia&parent=195"}],"curies":[{"name":"wp","href":"https:\/\/api.w.org\/{rel}","templated":true}]}}