{"id":199,"date":"2017-05-02T12:43:19","date_gmt":"2017-05-02T15:43:19","guid":{"rendered":"http:\/\/192.168.1.190\/hospitalonativia\/?page_id=199"},"modified":"2017-06-29T00:21:44","modified_gmt":"2017-06-29T03:21:44","slug":"enfermeria","status":"publish","type":"page","link":"https:\/\/www.hospitalonativia.gob.ar\/?page_id=199","title":{"rendered":"Enfermer\u00eda"},"content":{"rendered":"<p>Jefe de Programa: Lic.\u00a0Olber M. Yapura<\/p>\n<p>&nbsp;<\/p>\n<p align=\"center\"><strong><em>MISI\u00d3N<\/em><\/strong><\/p>\n<p>El Programa de Enfermer\u00eda del Hospital O\u00f1ativia tiene como misi\u00f3n brindar servicios asistenciales de forma integral a todos los pacientes con alteraciones endocrino metab\u00f3licas, en sentido humanitario de manera eficiente y eficaz con un enfoque de calidad a trav\u00e9s del ejercicio de las competencias profesionales y el dominio de las disciplinas basados en los valores \u00e9ticos, mediante la actualizaci\u00f3n de los conocimientos en la b\u00fasqueda de la excelencia.<\/p>\n<p align=\"center\"><strong><em>VISI\u00d3N<\/em><\/strong><\/p>\n<p>Consolidar un staff de enfermer\u00eda que brinde servicios con los\u00a0 est\u00e1ndares de cuidados \u00f3ptimos en todos los niveles de salud, a trav\u00e9s de un equipo altamente capacitado de enfermer\u00eda en el Hospital Arturo O\u00f1ativia Provincia de Salta.<\/p>\n<p><strong>Valores<\/strong><\/p>\n<ul>\n<li><strong>Responsabilidad:\u00a0<\/strong>El quehacer en Enfermer\u00eda est\u00e1 guiado por el compromiso ineludible de mejorar el bienestar de la comunidad, a trav\u00e9s de acciones formativas, de investigaci\u00f3n y interacci\u00f3n profesional.<\/li>\n<li><strong>Honestidad:<\/strong>\u00a0El ser humano se relaciona y act\u00faa profesionalmente, honrando los compromisos que mutuamente se exigen. Se trabaja para ofrecer el mejor esfuerzo, el m\u00e1s pertinente y el socialmente m\u00e1s incluyente.<\/li>\n<li><strong>Respeto y \u00e9tica profesional:\u00a0<\/strong>Consientes de salvaguardar la dignidad de los pacientes, las decisiones se enmarcan en su total beneficio, en el respeto de su individualidad y autonom\u00eda y en un trato justo e igualitario.<\/li>\n<li><strong>Liderazgo:\u00a0<\/strong>Como responsables por el bienestar y los cuidados de enfermer\u00eda de nuestros pacientes, se busca ser referente activo, cre\u00edble, efectivos e innovadores en las acciones para lograr los mejores resultados.<\/li>\n<\/ul>\n<p align=\"center\"><strong>Cartera de Servicios<\/strong><\/p>\n<ul>\n<li>Atenci\u00f3n de enfermer\u00eda las 24 hs, los 365 d\u00edas del a\u00f1o seg\u00fan el requerimiento de la instituci\u00f3n.<\/li>\n<li>Las actividades\u00a0 asistenciales directas en Servicio de Hemodi\u00e1lisis. Primer turno, Segundo turno y tercer turno.\n<ul>\n<li>Servicio de Cirug\u00eda. Atenci\u00f3n activa desde 07:00 a 21:00 con cirug\u00edas programadas. Guardias Pasivas de Enfermer\u00eda e Instrumentaci\u00f3n de 14:00 a 07:00 hs.<\/li>\n<li>Cirug\u00edas de\u00a0 urgencia y de emergencias<\/li>\n<li>Unidad de Cuidados Intensivos<\/li>\n<li>Internaci\u00f3n de Mujeres<\/li>\n<li>Internaci\u00f3n de Varones<\/li>\n<li>Consultorios Externos, atenci\u00f3n de 07:00 a 19:00 hs.<\/li>\n<li>Consultorio de Diabetes y Educaci\u00f3n Diabetol\u00f3gica<\/li>\n<li>Consultorio de Cirug\u00eda<\/li>\n<li>Consultorio de Nefrolog\u00eda<\/li>\n<li>Unidad Trasplante Renal<\/li>\n<li>Consultorio de Curaciones de Pie Diab\u00e9tico y Hospital y en Primer Nivel de Atenci\u00f3n Centro de Salud N\u00b063 de lunes a viernes de 8 a 13hs.<\/li>\n<li>Vacunatorio de 8 a 13hs<\/li>\n<li>Hospital D\u00eda de 7 a 16hs<\/li>\n<li>Supervisi\u00f3n de Enfermer\u00eda de 07 a 07 hs<\/li>\n<li>Auxiliares de Transporte: 07 a 18hs, personal \u00fanico<\/li>\n<li>Guardia de Enfermer\u00eda 7 a 7 hs Lunes a Domingo<\/li>\n<\/ul>\n<\/li>\n<\/ul>\n<p><strong>RECURSOS HUMANOS<\/strong><\/p>\n<table style=\"width: 487px; border-color: #010f12; background-color: #e4eff0; height: 5125px;\" border=\"1\" cellspacing=\"0\" cellpadding=\"0\">\n<tbody>\n<tr>\n<td style=\"width: 272px;\" rowspan=\"2\"><strong>Apellido y Nombre<\/strong><\/td>\n<td style=\"width: 218.945px;\" rowspan=\"2\"><strong>Nivel de Formaci\u00f3n<\/strong><\/td>\n<\/tr>\n<tr>\n<td><\/td>\n<td><\/td>\n<\/tr>\n<tr>\n<td style=\"width: 272px;\">Altamirano, Lola Cristina<\/td>\n<td style=\"width: 218.945px;\">Aux. Enferm.<\/td>\n<\/tr>\n<tr>\n<td style=\"width: 272px;\">Apaza, Marta<\/td>\n<td style=\"width: 218.945px;\">Enfermera<\/td>\n<\/tr>\n<tr>\n<td style=\"width: 272px;\">Burgos, Elida Soledad<\/td>\n<td style=\"width: 218.945px;\">Enfermera<\/td>\n<\/tr>\n<tr>\n<td style=\"width: 272px;\">Burgos, Ra\u00fal Reynaldo<\/td>\n<td style=\"width: 218.945px;\">Enfermero<\/td>\n<\/tr>\n<tr>\n<td style=\"width: 272px;\">Cafrune, Silvia Amelia<\/td>\n<td style=\"width: 218.945px;\">Lic. Enferm.<\/td>\n<\/tr>\n<tr>\n<td style=\"width: 272px;\">Calle Maman\u00ed, Vilma<\/td>\n<td style=\"width: 218.945px;\">Enfermera<\/td>\n<\/tr>\n<tr>\n<td style=\"width: 272px;\">Cardozo, Margarita\u00a0 F.<\/td>\n<td style=\"width: 218.945px;\">Enfermera<\/td>\n<\/tr>\n<tr>\n<td style=\"width: 272px;\">Carrizo, Alicia Cristina<\/td>\n<td style=\"width: 218.945px;\">Enfermera<\/td>\n<\/tr>\n<tr>\n<td style=\"width: 272px;\">Carrizo, H\u00e9ctor Hugo<\/td>\n<td style=\"width: 218.945px;\">Aux. Enferm.<\/td>\n<\/tr>\n<tr>\n<td style=\"width: 272px;\">Carrizo, Normando A.<\/td>\n<td style=\"width: 218.945px;\">Enfermero<\/td>\n<\/tr>\n<tr>\n<td style=\"width: 272px;\">Carrizo, Paula Carolina<\/td>\n<td style=\"width: 218.945px;\">Lic. Enferm.<\/td>\n<\/tr>\n<tr>\n<td style=\"width: 272px;\">Colque, Gabriel G.<\/td>\n<td style=\"width: 218.945px;\">Enfermero<\/td>\n<\/tr>\n<tr>\n<td style=\"width: 272px;\">Copa, Carmela A.<\/td>\n<td style=\"width: 218.945px;\">Enfermera<\/td>\n<\/tr>\n<tr>\n<td style=\"width: 272px;\">Corbal\u00e1n, Carlos\u00a0 N.<\/td>\n<td style=\"width: 218.945px;\">Enfermero<\/td>\n<\/tr>\n<tr>\n<td style=\"width: 272px;\">Corregidor, Lidia\u00a0 del V<\/td>\n<td style=\"width: 218.945px;\">Lic. Enferm.<\/td>\n<\/tr>\n<tr>\n<td style=\"width: 272px;\">Colque, Gabriel Gustavo<\/td>\n<td style=\"width: 218.945px;\">Enfermero<\/td>\n<\/tr>\n<tr>\n<td style=\"width: 272px;\">Choque, Karina<\/td>\n<td style=\"width: 218.945px;\">Enfermera<\/td>\n<\/tr>\n<tr>\n<td style=\"width: 272px;\">Dest\u00e9fano, Claudia<\/td>\n<td style=\"width: 218.945px;\">Enfermera<\/td>\n<\/tr>\n<tr>\n<td style=\"width: 272px;\">Espinoza, Mirian del V.<\/td>\n<td style=\"width: 218.945px;\">Lic. Enferm.<\/td>\n<\/tr>\n<tr>\n<td style=\"width: 272px;\">Franc\u00e9s, Facunda<\/td>\n<td style=\"width: 218.945px;\">Enfermera<\/td>\n<\/tr>\n<tr>\n<td style=\"width: 272px;\">Garc\u00eda, Carmen Mabel<\/td>\n<td style=\"width: 218.945px;\">Enfermera<\/td>\n<\/tr>\n<tr>\n<td style=\"width: 272px;\">Ger\u00f3nimo, Alejandra del V.<\/td>\n<td style=\"width: 218.945px;\">Enfermera<\/td>\n<\/tr>\n<tr>\n<td style=\"width: 272px;\">Gonz\u00e1lez, H\u00e9ctor Javier<\/td>\n<td style=\"width: 218.945px;\">Enfermero<\/td>\n<\/tr>\n<tr>\n<td style=\"width: 272px;\">Gonz\u00e1lez, Nancy Estela<\/td>\n<td style=\"width: 218.945px;\">Enfermera<\/td>\n<\/tr>\n<tr>\n<td style=\"width: 272px;\">Gonz\u00e1lez, V\u00edctor Sabino<\/td>\n<td style=\"width: 218.945px;\">Enfermera<\/td>\n<\/tr>\n<tr>\n<td style=\"width: 272px;\">Guanca, Mar\u00eda Teresa<\/td>\n<td style=\"width: 218.945px;\">Enfermera<\/td>\n<\/tr>\n<tr>\n<td style=\"width: 272px;\"><strong>\u00a0\u00a0 <\/strong>Guanca, Norma<\/td>\n<td style=\"width: 218.945px;\">Lic. Enferm.<\/td>\n<\/tr>\n<tr>\n<td style=\"width: 272px;\">Guanca, Sergio<\/td>\n<td style=\"width: 218.945px;\">Aux Enferm.<\/td>\n<\/tr>\n<tr>\n<td style=\"width: 272px;\">Guanuco, Adolfo<\/td>\n<td style=\"width: 218.945px;\">Lic. Enferm.<\/td>\n<\/tr>\n<tr>\n<td style=\"width: 272px;\">Guti\u00e9rrez, Rosa Liliana<\/td>\n<td style=\"width: 218.945px;\">Aux. Enferm.<\/td>\n<\/tr>\n<tr>\n<td style=\"width: 272px;\">Guzm\u00e1n, Elsa Teodora<\/td>\n<td style=\"width: 218.945px;\">Lic. Enferm.<\/td>\n<\/tr>\n<tr>\n<td style=\"width: 272px;\">Herrera ,Luc\u00eda del R.<\/td>\n<td style=\"width: 218.945px;\">Lic. Enferm.<\/td>\n<\/tr>\n<tr>\n<td style=\"width: 272px;\">Ibazeta, Roxana T.<\/td>\n<td style=\"width: 218.945px;\">Enfermera<\/td>\n<\/tr>\n<tr>\n<td style=\"width: 272px;\">Ibarra, Cecilia Raquel<\/td>\n<td style=\"width: 218.945px;\">Enfermera<\/td>\n<\/tr>\n<tr>\n<td style=\"width: 272px;\">Lera, Noem\u00ed\u00a0 Mabel<\/td>\n<td style=\"width: 218.945px;\">Enfermera<\/td>\n<\/tr>\n<tr>\n<td style=\"width: 272px;\">Liz\u00e1rraga, Sergio A.<\/td>\n<td style=\"width: 218.945px;\">Lic. Enferm.<\/td>\n<\/tr>\n<tr>\n<td style=\"width: 272px;\">Lontoya,\u00a0 Ana Mar\u00eda<\/td>\n<td style=\"width: 218.945px;\">Enfermera<\/td>\n<\/tr>\n<tr>\n<td style=\"width: 272px;\">L\u00f3pez, Claudia E.<\/td>\n<td style=\"width: 218.945px;\">Enfermera<\/td>\n<\/tr>\n<tr>\n<td style=\"width: 272px;\">L\u00f3pez, Flavia Lorena<\/td>\n<td style=\"width: 218.945px;\">Enfermera<\/td>\n<\/tr>\n<tr>\n<td style=\"width: 272px;\">Mart\u00ednez, Claudia E<\/td>\n<td style=\"width: 218.945px;\">Enfermera<\/td>\n<\/tr>\n<tr>\n<td style=\"width: 272px;\">Meriles, Jos\u00e9 Ra\u00fal<\/td>\n<td style=\"width: 218.945px;\">Enfermero<\/td>\n<\/tr>\n<tr>\n<td style=\"width: 272px;\">Navarro, Fabio Marcelo<\/td>\n<td style=\"width: 218.945px;\">Enfermero<\/td>\n<\/tr>\n<tr>\n<td style=\"width: 272px;\">Olmos, Mariano Javier<\/td>\n<td style=\"width: 218.945px;\">Enfermero<\/td>\n<\/tr>\n<tr>\n<td style=\"width: 272px;\">Morales, Ana C.<\/td>\n<td style=\"width: 218.945px;\">Enfermera<\/td>\n<\/tr>\n<tr>\n<td style=\"width: 272px;\">Ortega, Roxana<\/td>\n<td style=\"width: 218.945px;\">Enfermera<\/td>\n<\/tr>\n<tr>\n<td style=\"width: 272px;\">Peloc, Sonia Evelyn<\/td>\n<td style=\"width: 218.945px;\">Enfermera<\/td>\n<\/tr>\n<tr>\n<td style=\"width: 272px;\">Reinaga, Adelaida<\/td>\n<td style=\"width: 218.945px;\">Enfermera<\/td>\n<\/tr>\n<tr>\n<td style=\"width: 272px;\">R\u00edos, Norma Susana<\/td>\n<td style=\"width: 218.945px;\">Enfermera<\/td>\n<\/tr>\n<tr>\n<td style=\"width: 272px;\">Robles, Frida Noem\u00ed<\/td>\n<td style=\"width: 218.945px;\">Aux. Enferm.<\/td>\n<\/tr>\n<tr>\n<td style=\"width: 272px;\">Roda, Beatriz Liliana<\/td>\n<td style=\"width: 218.945px;\">Aux. Enferm.<\/td>\n<\/tr>\n<tr>\n<td style=\"width: 272px;\">Rojas Mendoza, Germ\u00e1n<\/td>\n<td style=\"width: 218.945px;\">Enfermero<\/td>\n<\/tr>\n<tr>\n<td style=\"width: 272px;\">Ruiz, Mar\u00eda Asunci\u00f3n<\/td>\n<td style=\"width: 218.945px;\">Lic. Enferm.<\/td>\n<\/tr>\n<tr>\n<td style=\"width: 272px;\">Salas, Irma Lidia<\/td>\n<td style=\"width: 218.945px;\">Enfermera<\/td>\n<\/tr>\n<tr>\n<td style=\"width: 272px;\">Sarapura, Walter Rub\u00e9n<\/td>\n<td style=\"width: 218.945px;\">Lic. Enferm.<\/td>\n<\/tr>\n<tr>\n<td style=\"width: 272px;\">Serapio, Gabriela\u00a0 A.<\/td>\n<td style=\"width: 218.945px;\">Enfermera<\/td>\n<\/tr>\n<tr>\n<td style=\"width: 272px;\">Toranzos, Santos F.<\/td>\n<td style=\"width: 218.945px;\">Enfermero<\/td>\n<\/tr>\n<tr>\n<td style=\"width: 272px;\">Trobiani, Omar Ernesto<\/td>\n<td style=\"width: 218.945px;\">Enfermero<\/td>\n<\/tr>\n<tr>\n<td style=\"width: 272px;\">Vicente, Valeria<\/td>\n<td style=\"width: 218.945px;\">Enfermera<\/td>\n<\/tr>\n<tr>\n<td style=\"width: 272px;\">Vilca, Liliana<\/td>\n<td style=\"width: 218.945px;\">Enfermera<\/td>\n<\/tr>\n<tr>\n<td style=\"width: 272px;\">Vilte, Argentina<\/td>\n<td style=\"width: 218.945px;\">Lic. Enferm.<\/td>\n<\/tr>\n<tr>\n<td style=\"width: 272px;\">Vilte, Mario Exequiel<\/td>\n<td style=\"width: 218.945px;\">Lic. Enferm.<\/td>\n<\/tr>\n<tr>\n<td style=\"width: 272px;\">Vi\u00f1abal, Juana<\/td>\n<td style=\"width: 218.945px;\">Enfermera<\/td>\n<\/tr>\n<tr>\n<td style=\"width: 272px;\">Vivero, Silvia A.<\/td>\n<td style=\"width: 218.945px;\">Enfermera<\/td>\n<\/tr>\n<tr>\n<td style=\"width: 272px;\">Yapura. Olber<\/td>\n<td style=\"width: 218.945px;\">Lic. Enferm.<\/td>\n<\/tr>\n<tr>\n<td style=\"width: 272px;\">Yapura, Patricia<\/td>\n<td style=\"width: 218.945px;\">Enfermera<\/td>\n<\/tr>\n<tr>\n<td style=\"width: 272px;\">Zuleta, Rosa Virginia<\/td>\n<td style=\"width: 218.945px;\">Lic. Enferm.<\/td>\n<\/tr>\n<tr>\n<td style=\"width: 272px;\">Vargas, Cristian<\/td>\n<td style=\"width: 218.945px;\">Aux. Transp.<\/td>\n<\/tr>\n<tr>\n<td style=\"width: 272px;\">Flores, Patricia<\/td>\n<td style=\"width: 218.945px;\">Enfermera<\/td>\n<\/tr>\n<tr>\n<td style=\"width: 272px;\">Zerda, Marcos<\/td>\n<td style=\"width: 218.945px;\">Aux. Transp.<\/td>\n<\/tr>\n<tr>\n<td style=\"width: 272px;\">C\u00e1rdenas, Anal\u00eda<\/td>\n<td style=\"width: 218.945px;\">Enfermera<\/td>\n<\/tr>\n<tr>\n<td style=\"width: 272px;\">Cerezo, Marisol<\/td>\n<td style=\"width: 218.945px;\">Enfermera<\/td>\n<\/tr>\n<tr>\n<td style=\"width: 272px;\">Colque, Marianela<\/td>\n<td style=\"width: 218.945px;\">Enfermera<\/td>\n<\/tr>\n<tr>\n<td style=\"width: 272px;\">Copa, Lourdes<\/td>\n<td style=\"width: 218.945px;\">Enfermera<\/td>\n<\/tr>\n<tr>\n<td style=\"width: 272px;\">Guanca, Jorge Facundo<\/td>\n<td style=\"width: 218.945px;\">Enfermera<\/td>\n<\/tr>\n<tr>\n<td style=\"width: 272px;\">Rodr\u00edguez, Karina<\/td>\n<td style=\"width: 218.945px;\">Enfermera<\/td>\n<\/tr>\n<tr>\n<td style=\"width: 272px;\">Colque, Pablo<\/td>\n<td style=\"width: 218.945px;\">Enfermero<\/td>\n<\/tr>\n<tr>\n<td style=\"width: 272px;\">Ezequiel, Mendoza<\/td>\n<td style=\"width: 218.945px;\">Enfermero<\/td>\n<\/tr>\n<tr>\n<td style=\"width: 272px;\">Pe\u00f1a, Jorgelina<\/td>\n<td style=\"width: 218.945px;\">Enfermero<\/td>\n<\/tr>\n<tr>\n<td style=\"width: 272px;\">Sarapura, Javier<\/td>\n<td style=\"width: 218.945px;\">Enfermero<\/td>\n<\/tr>\n<tr>\n<td style=\"width: 272px;\">Rocabado, Diana<\/td>\n<td style=\"width: 218.945px;\">Enfermera<\/td>\n<\/tr>\n<tr>\n<td style=\"width: 272px;\">Sarapura, Evelia<\/td>\n<td style=\"width: 218.945px;\">Enfermera<\/td>\n<\/tr>\n<tr>\n<td style=\"width: 272px;\">Rodr\u00edguez, Patricia<\/td>\n<td style=\"width: 218.945px;\">Enfermera<\/td>\n<\/tr>\n<tr>\n<td style=\"width: 272px;\">Tarqui, Diego<\/td>\n<td style=\"width: 218.945px;\">Enfermero<\/td>\n<\/tr>\n<tr>\n<td style=\"width: 272px;\">Tarqui, Ramiro<\/td>\n<td style=\"width: 218.945px;\">Enfermero<\/td>\n<\/tr>\n<\/tbody>\n<\/table>\n<p><strong>Personal de Instrumentaci\u00f3n a cargo del Programa de Enfermer\u00eda<\/strong><\/p>\n<table style=\"width: 359px; border-color: #323e59; background-color: #d8edeb;\" border=\"1\" cellspacing=\"0\" cellpadding=\"0\">\n<tbody>\n<tr>\n<td style=\"width: 188px;\">\n<p align=\"center\"><strong><em>Nombre y Apellido<\/em><\/strong><\/p>\n<\/td>\n<td style=\"width: 171px;\">\n<p align=\"center\"><strong><em>Nivel de formaci\u00f3n<\/em><\/strong><\/p>\n<\/td>\n<\/tr>\n<tr>\n<td style=\"width: 188px;\">\n<p align=\"center\">Emilio Garvizu<\/p>\n<\/td>\n<td style=\"width: 171px;\">\n<p align=\"center\">Instrumentador<\/p>\n<\/td>\n<\/tr>\n<tr>\n<td style=\"width: 188px;\">\n<p align=\"center\">Lorena Filomarino<\/p>\n<\/td>\n<td style=\"width: 171px;\">\n<p align=\"center\">Instrumentadora<\/p>\n<\/td>\n<\/tr>\n<tr>\n<td style=\"width: 188px;\">\n<p align=\"center\">Giselle Francese<\/p>\n<\/td>\n<td style=\"width: 171px;\">\n<p align=\"center\">Instrumentadora<\/p>\n<\/td>\n<\/tr>\n<tr>\n<td style=\"width: 188px;\">\n<p align=\"center\">Mar\u00eda Ester Royo<\/p>\n<\/td>\n<td style=\"width: 171px;\">\n<p align=\"center\">Instrumentadora<\/p>\n<\/td>\n<\/tr>\n<tr>\n<td style=\"width: 188px;\">\n<p align=\"center\">Liliana Pentuchi<\/p>\n<\/td>\n<td style=\"width: 171px;\">\n<p align=\"center\">Instrumentadora<\/p>\n<\/td>\n<\/tr>\n<tr>\n<td style=\"width: 188px;\">\n<p align=\"center\">Laura Aramayo<\/p>\n<\/td>\n<td style=\"width: 171px;\">\n<p align=\"center\">Instrumentadora<\/p>\n<\/td>\n<\/tr>\n<tr>\n<td style=\"width: 188px;\">\n<p align=\"center\">Silvia Salas<\/p>\n<\/td>\n<td style=\"width: 171px;\">\n<p align=\"center\">Instrumentadora<\/p>\n<\/td>\n<\/tr>\n<\/tbody>\n<\/table>\n","protected":false},"excerpt":{"rendered":"<p>Jefe de Programa: Lic.\u00a0Olber M. Yapura &nbsp; MISI\u00d3N El Programa de Enfermer\u00eda del Hospital O\u00f1ativia tiene como misi\u00f3n brindar servicios<\/p>\n","protected":false},"author":2,"featured_media":0,"parent":0,"menu_order":0,"comment_status":"closed","ping_status":"closed","template":"","meta":{"footnotes":""},"class_list":["post-199","page","type-page","status-publish","hentry"],"yoast_head":"<!-- This site is optimized with the Yoast SEO plugin v18.0 - https:\/\/yoast.com\/wordpress\/plugins\/seo\/ -->\n<title>Enfermer\u00eda - Hospital Dr. Arturo O\u00f1ativia<\/title>\n<meta name=\"robots\" content=\"index, follow, max-snippet:-1, max-image-preview:large, max-video-preview:-1\" \/>\n<link rel=\"canonical\" href=\"https:\/\/www.hospitalonativia.gob.ar\/?page_id=199\" \/>\n<meta property=\"og:locale\" content=\"es_ES\" \/>\n<meta property=\"og:type\" content=\"article\" \/>\n<meta property=\"og:title\" content=\"Enfermer\u00eda - Hospital Dr. Arturo O\u00f1ativia\" \/>\n<meta property=\"og:description\" content=\"Jefe de Programa: Lic.\u00a0Olber M. Yapura &nbsp; MISI\u00d3N El Programa de Enfermer\u00eda del Hospital O\u00f1ativia tiene como misi\u00f3n brindar servicios\" \/>\n<meta property=\"og:url\" content=\"https:\/\/www.hospitalonativia.gob.ar\/?page_id=199\" \/>\n<meta property=\"og:site_name\" content=\"Hospital Dr. Arturo O\u00f1ativia\" \/>\n<meta property=\"article:modified_time\" content=\"2017-06-29T03:21:44+00:00\" \/>\n<meta name=\"twitter:card\" content=\"summary_large_image\" \/>\n<meta name=\"twitter:label1\" content=\"Tiempo de lectura\" \/>\n\t<meta name=\"twitter:data1\" content=\"4 minutos\" \/>\n<script type=\"application\/ld+json\" class=\"yoast-schema-graph\">{\"@context\":\"https:\/\/schema.org\",\"@graph\":[{\"@type\":\"WebSite\",\"@id\":\"https:\/\/www.hospitalonativia.gob.ar\/#website\",\"url\":\"https:\/\/www.hospitalonativia.gob.ar\/\",\"name\":\"Hospital Dr. Arturo O\u00f1ativia\",\"description\":\"Salta Capital\",\"potentialAction\":[{\"@type\":\"SearchAction\",\"target\":{\"@type\":\"EntryPoint\",\"urlTemplate\":\"https:\/\/www.hospitalonativia.gob.ar\/?s={search_term_string}\"},\"query-input\":\"required name=search_term_string\"}],\"inLanguage\":\"es\"},{\"@type\":\"WebPage\",\"@id\":\"https:\/\/www.hospitalonativia.gob.ar\/?page_id=199#webpage\",\"url\":\"https:\/\/www.hospitalonativia.gob.ar\/?page_id=199\",\"name\":\"Enfermer\u00eda - Hospital Dr. Arturo O\u00f1ativia\",\"isPartOf\":{\"@id\":\"https:\/\/www.hospitalonativia.gob.ar\/#website\"},\"datePublished\":\"2017-05-02T15:43:19+00:00\",\"dateModified\":\"2017-06-29T03:21:44+00:00\",\"breadcrumb\":{\"@id\":\"https:\/\/www.hospitalonativia.gob.ar\/?page_id=199#breadcrumb\"},\"inLanguage\":\"es\",\"potentialAction\":[{\"@type\":\"ReadAction\",\"target\":[\"https:\/\/www.hospitalonativia.gob.ar\/?page_id=199\"]}]},{\"@type\":\"BreadcrumbList\",\"@id\":\"https:\/\/www.hospitalonativia.gob.ar\/?page_id=199#breadcrumb\",\"itemListElement\":[{\"@type\":\"ListItem\",\"position\":1,\"name\":\"Portada\",\"item\":\"https:\/\/www.hospitalonativia.gob.ar\/\"},{\"@type\":\"ListItem\",\"position\":2,\"name\":\"Enfermer\u00eda\"}]}]}<\/script>\n<!-- \/ Yoast SEO plugin. -->","yoast_head_json":{"title":"Enfermer\u00eda - Hospital Dr. Arturo O\u00f1ativia","robots":{"index":"index","follow":"follow","max-snippet":"max-snippet:-1","max-image-preview":"max-image-preview:large","max-video-preview":"max-video-preview:-1"},"canonical":"https:\/\/www.hospitalonativia.gob.ar\/?page_id=199","og_locale":"es_ES","og_type":"article","og_title":"Enfermer\u00eda - Hospital Dr. Arturo O\u00f1ativia","og_description":"Jefe de Programa: Lic.\u00a0Olber M. Yapura &nbsp; MISI\u00d3N El Programa de Enfermer\u00eda del Hospital O\u00f1ativia tiene como misi\u00f3n brindar servicios","og_url":"https:\/\/www.hospitalonativia.gob.ar\/?page_id=199","og_site_name":"Hospital Dr. Arturo O\u00f1ativia","article_modified_time":"2017-06-29T03:21:44+00:00","twitter_card":"summary_large_image","twitter_misc":{"Tiempo de lectura":"4 minutos"},"schema":{"@context":"https:\/\/schema.org","@graph":[{"@type":"WebSite","@id":"https:\/\/www.hospitalonativia.gob.ar\/#website","url":"https:\/\/www.hospitalonativia.gob.ar\/","name":"Hospital Dr. Arturo O\u00f1ativia","description":"Salta Capital","potentialAction":[{"@type":"SearchAction","target":{"@type":"EntryPoint","urlTemplate":"https:\/\/www.hospitalonativia.gob.ar\/?s={search_term_string}"},"query-input":"required name=search_term_string"}],"inLanguage":"es"},{"@type":"WebPage","@id":"https:\/\/www.hospitalonativia.gob.ar\/?page_id=199#webpage","url":"https:\/\/www.hospitalonativia.gob.ar\/?page_id=199","name":"Enfermer\u00eda - Hospital Dr. Arturo O\u00f1ativia","isPartOf":{"@id":"https:\/\/www.hospitalonativia.gob.ar\/#website"},"datePublished":"2017-05-02T15:43:19+00:00","dateModified":"2017-06-29T03:21:44+00:00","breadcrumb":{"@id":"https:\/\/www.hospitalonativia.gob.ar\/?page_id=199#breadcrumb"},"inLanguage":"es","potentialAction":[{"@type":"ReadAction","target":["https:\/\/www.hospitalonativia.gob.ar\/?page_id=199"]}]},{"@type":"BreadcrumbList","@id":"https:\/\/www.hospitalonativia.gob.ar\/?page_id=199#breadcrumb","itemListElement":[{"@type":"ListItem","position":1,"name":"Portada","item":"https:\/\/www.hospitalonativia.gob.ar\/"},{"@type":"ListItem","position":2,"name":"Enfermer\u00eda"}]}]}},"_links":{"self":[{"href":"https:\/\/www.hospitalonativia.gob.ar\/index.php?rest_route=\/wp\/v2\/pages\/199"}],"collection":[{"href":"https:\/\/www.hospitalonativia.gob.ar\/index.php?rest_route=\/wp\/v2\/pages"}],"about":[{"href":"https:\/\/www.hospitalonativia.gob.ar\/index.php?rest_route=\/wp\/v2\/types\/page"}],"author":[{"embeddable":true,"href":"https:\/\/www.hospitalonativia.gob.ar\/index.php?rest_route=\/wp\/v2\/users\/2"}],"replies":[{"embeddable":true,"href":"https:\/\/www.hospitalonativia.gob.ar\/index.php?rest_route=%2Fwp%2Fv2%2Fcomments&post=199"}],"version-history":[{"count":8,"href":"https:\/\/www.hospitalonativia.gob.ar\/index.php?rest_route=\/wp\/v2\/pages\/199\/revisions"}],"predecessor-version":[{"id":992,"href":"https:\/\/www.hospitalonativia.gob.ar\/index.php?rest_route=\/wp\/v2\/pages\/199\/revisions\/992"}],"wp:attachment":[{"href":"https:\/\/www.hospitalonativia.gob.ar\/index.php?rest_route=%2Fwp%2Fv2%2Fmedia&parent=199"}],"curies":[{"name":"wp","href":"https:\/\/api.w.org\/{rel}","templated":true}]}}