{"id":203,"date":"2016-11-04T08:38:09","date_gmt":"2016-11-04T11:38:09","guid":{"rendered":"http:\/\/192.168.1.190\/hospitalonativia\/?page_id=203"},"modified":"2018-09-14T23:10:41","modified_gmt":"2018-09-15T02:10:41","slug":"unidad-de-cuidados-intensivos","status":"publish","type":"page","link":"https:\/\/www.hospitalonativia.gob.ar\/?page_id=203","title":{"rendered":"Unidad de Cuidados Intensivos"},"content":{"rendered":"<p><strong>Jefe de Sector: Dr. Oscar Toma Engel<\/strong><\/p>\n<p><strong>Misi\u00f3n<\/strong><\/p>\n<p>Generar, dentro del marco institucional hospitalario, una estructura capaz de cuidar y sostener las funciones vitales de los pacientes con riesgo actual o potencial de vida mediante una capacidad resolutiva, apoyada por conocimientos cient\u00edficos, t\u00e9cnicos y humanitarios, en beneficio de la poblaci\u00f3n con trastornos endocrinos metab\u00f3licos, aplicando la excelencia en los cuidados, proporcionando educaci\u00f3n m\u00e9dica continua y proponiendo la investigaci\u00f3n al m\u00e1s alto nivel.<\/p>\n<p><strong>Visi\u00f3n<\/strong><\/p>\n<p><span style=\"font-weight: 400;\">Ser una unidad de referencia nacional, caracterizada por un equipo de trabajo multidisciplinario, con los m\u00e1s altos est\u00e1ndares de calidad integral, manteni\u00e9ndonos en busca de la excelencia, mediante un \u00a0proceso de revisi\u00f3n y mejora continua.<\/span><\/p>\n<p><strong>Valores<\/strong><\/p>\n<p>Orientaci\u00f3n de la asistencia al usuario.<\/p>\n<p>&#8211; Compromiso con una gesti\u00f3n de la calidad total.<\/p>\n<p>&#8211; Formaci\u00f3n continua multidisciplinaria.<\/p>\n<p>&#8211; Colaboraci\u00f3n y apoyo con otras especialidades y niveles de atenci\u00f3n.<\/p>\n<p>&#8211; Compromiso con el desarrollo y cultura de la seguridad.<\/p>\n<p>&#8211; Trabajo en equipo.<\/p>\n<p><strong>Cartera de Servicios<\/strong><\/p>\n<p>ATENCI\u00d3N A PACIENTES CR\u00cdTICOS CON ALTERACIONES ENDOCRINO -METAB\u00d3LICAS LOS 365 D\u00cdAS DEL A\u00d1O.<\/p>\n<p><u>EXCLUSI\u00d3N:<\/u> PACIENTES POLITRAUMATIZADOS.<\/p>\n<p><strong>Recursos Humanos<\/strong><\/p>\n<p>Lunes: Dr. Vo<a name=\"_GoBack\"><\/a>nleping Guillermo<\/p>\n<p>Martes: Dr. Flores Borja Claudio<\/p>\n<p>Mi\u00e9rcoles: Dr. Rassi Fernando<\/p>\n<p>Jueves: Dr. Zapata Jorge<\/p>\n<p>Viernes: Dr. Hern\u00e1ndez Gustavo<\/p>\n<p>S\u00e1bado: Dr. Gual David<\/p>\n<p>Domingo: Dr. G\u00f3mez Fernando.<\/p>\n<p><img loading=\"lazy\" decoding=\"async\" class=\"wp-image-1307 aligncenter\" src=\"http:\/\/www.hospitalonativia.gob.ar\/wp-content\/uploads\/2016\/11\/prezi-UTI-2017.jpg\" alt=\"\" width=\"532\" height=\"275\" srcset=\"https:\/\/www.hospitalonativia.gob.ar\/wp-content\/uploads\/2016\/11\/prezi-UTI-2017.jpg 685w, https:\/\/www.hospitalonativia.gob.ar\/wp-content\/uploads\/2016\/11\/prezi-UTI-2017-300x155.jpg 300w\" sizes=\"(max-width: 532px) 100vw, 532px\" \/><\/p>\n<p><img loading=\"lazy\" decoding=\"async\" class=\"wp-image-1306 aligncenter\" src=\"http:\/\/www.hospitalonativia.gob.ar\/wp-content\/uploads\/2016\/11\/prezi-UTI-2017-copia.jpg\" alt=\"\" width=\"356\" height=\"257\" srcset=\"https:\/\/www.hospitalonativia.gob.ar\/wp-content\/uploads\/2016\/11\/prezi-UTI-2017-copia.jpg 530w, https:\/\/www.hospitalonativia.gob.ar\/wp-content\/uploads\/2016\/11\/prezi-UTI-2017-copia-300x217.jpg 300w\" sizes=\"(max-width: 356px) 100vw, 356px\" \/><\/p>\n","protected":false},"excerpt":{"rendered":"<p>Jefe de Sector: Dr. Oscar Toma Engel Misi\u00f3n Generar, dentro del marco institucional hospitalario, una estructura capaz de cuidar y<\/p>\n","protected":false},"author":2,"featured_media":0,"parent":0,"menu_order":0,"comment_status":"closed","ping_status":"closed","template":"","meta":{"footnotes":""},"class_list":["post-203","page","type-page","status-publish","hentry"],"yoast_head":"<!-- This site is optimized with the Yoast SEO plugin v18.0 - https:\/\/yoast.com\/wordpress\/plugins\/seo\/ -->\n<title>Unidad de Cuidados Intensivos - Hospital Dr. Arturo O\u00f1ativia<\/title>\n<meta name=\"robots\" content=\"index, follow, max-snippet:-1, max-image-preview:large, max-video-preview:-1\" \/>\n<link rel=\"canonical\" href=\"https:\/\/www.hospitalonativia.gob.ar\/?page_id=203\" \/>\n<meta property=\"og:locale\" content=\"es_ES\" \/>\n<meta property=\"og:type\" content=\"article\" \/>\n<meta property=\"og:title\" content=\"Unidad de Cuidados Intensivos - Hospital Dr. Arturo O\u00f1ativia\" \/>\n<meta property=\"og:description\" content=\"Jefe de Sector: Dr. Oscar Toma Engel Misi\u00f3n Generar, dentro del marco institucional hospitalario, una estructura capaz de cuidar y\" \/>\n<meta property=\"og:url\" content=\"https:\/\/www.hospitalonativia.gob.ar\/?page_id=203\" \/>\n<meta property=\"og:site_name\" content=\"Hospital Dr. Arturo O\u00f1ativia\" \/>\n<meta property=\"article:modified_time\" content=\"2018-09-15T02:10:41+00:00\" \/>\n<meta property=\"og:image\" content=\"http:\/\/www.hospitalonativia.gob.ar\/wp-content\/uploads\/2016\/11\/prezi-UTI-2017.jpg\" \/>\n<meta name=\"twitter:card\" content=\"summary_large_image\" \/>\n<meta name=\"twitter:label1\" content=\"Tiempo de lectura\" \/>\n\t<meta name=\"twitter:data1\" content=\"1 minuto\" \/>\n<script type=\"application\/ld+json\" class=\"yoast-schema-graph\">{\"@context\":\"https:\/\/schema.org\",\"@graph\":[{\"@type\":\"WebSite\",\"@id\":\"https:\/\/www.hospitalonativia.gob.ar\/#website\",\"url\":\"https:\/\/www.hospitalonativia.gob.ar\/\",\"name\":\"Hospital Dr. Arturo O\u00f1ativia\",\"description\":\"Salta Capital\",\"potentialAction\":[{\"@type\":\"SearchAction\",\"target\":{\"@type\":\"EntryPoint\",\"urlTemplate\":\"https:\/\/www.hospitalonativia.gob.ar\/?s={search_term_string}\"},\"query-input\":\"required name=search_term_string\"}],\"inLanguage\":\"es\"},{\"@type\":\"ImageObject\",\"@id\":\"https:\/\/www.hospitalonativia.gob.ar\/?page_id=203#primaryimage\",\"inLanguage\":\"es\",\"url\":\"http:\/\/www.hospitalonativia.gob.ar\/wp-content\/uploads\/2016\/11\/prezi-UTI-2017.jpg\",\"contentUrl\":\"http:\/\/www.hospitalonativia.gob.ar\/wp-content\/uploads\/2016\/11\/prezi-UTI-2017.jpg\"},{\"@type\":\"WebPage\",\"@id\":\"https:\/\/www.hospitalonativia.gob.ar\/?page_id=203#webpage\",\"url\":\"https:\/\/www.hospitalonativia.gob.ar\/?page_id=203\",\"name\":\"Unidad de Cuidados Intensivos - Hospital Dr. Arturo O\u00f1ativia\",\"isPartOf\":{\"@id\":\"https:\/\/www.hospitalonativia.gob.ar\/#website\"},\"primaryImageOfPage\":{\"@id\":\"https:\/\/www.hospitalonativia.gob.ar\/?page_id=203#primaryimage\"},\"datePublished\":\"2016-11-04T11:38:09+00:00\",\"dateModified\":\"2018-09-15T02:10:41+00:00\",\"breadcrumb\":{\"@id\":\"https:\/\/www.hospitalonativia.gob.ar\/?page_id=203#breadcrumb\"},\"inLanguage\":\"es\",\"potentialAction\":[{\"@type\":\"ReadAction\",\"target\":[\"https:\/\/www.hospitalonativia.gob.ar\/?page_id=203\"]}]},{\"@type\":\"BreadcrumbList\",\"@id\":\"https:\/\/www.hospitalonativia.gob.ar\/?page_id=203#breadcrumb\",\"itemListElement\":[{\"@type\":\"ListItem\",\"position\":1,\"name\":\"Portada\",\"item\":\"https:\/\/www.hospitalonativia.gob.ar\/\"},{\"@type\":\"ListItem\",\"position\":2,\"name\":\"Unidad de Cuidados Intensivos\"}]}]}<\/script>\n<!-- \/ Yoast SEO plugin. -->","yoast_head_json":{"title":"Unidad de Cuidados Intensivos - Hospital Dr. Arturo O\u00f1ativia","robots":{"index":"index","follow":"follow","max-snippet":"max-snippet:-1","max-image-preview":"max-image-preview:large","max-video-preview":"max-video-preview:-1"},"canonical":"https:\/\/www.hospitalonativia.gob.ar\/?page_id=203","og_locale":"es_ES","og_type":"article","og_title":"Unidad de Cuidados Intensivos - Hospital Dr. Arturo O\u00f1ativia","og_description":"Jefe de Sector: Dr. Oscar Toma Engel Misi\u00f3n Generar, dentro del marco institucional hospitalario, una estructura capaz de cuidar y","og_url":"https:\/\/www.hospitalonativia.gob.ar\/?page_id=203","og_site_name":"Hospital Dr. Arturo O\u00f1ativia","article_modified_time":"2018-09-15T02:10:41+00:00","og_image":[{"url":"http:\/\/www.hospitalonativia.gob.ar\/wp-content\/uploads\/2016\/11\/prezi-UTI-2017.jpg"}],"twitter_card":"summary_large_image","twitter_misc":{"Tiempo de lectura":"1 minuto"},"schema":{"@context":"https:\/\/schema.org","@graph":[{"@type":"WebSite","@id":"https:\/\/www.hospitalonativia.gob.ar\/#website","url":"https:\/\/www.hospitalonativia.gob.ar\/","name":"Hospital Dr. Arturo O\u00f1ativia","description":"Salta Capital","potentialAction":[{"@type":"SearchAction","target":{"@type":"EntryPoint","urlTemplate":"https:\/\/www.hospitalonativia.gob.ar\/?s={search_term_string}"},"query-input":"required name=search_term_string"}],"inLanguage":"es"},{"@type":"ImageObject","@id":"https:\/\/www.hospitalonativia.gob.ar\/?page_id=203#primaryimage","inLanguage":"es","url":"http:\/\/www.hospitalonativia.gob.ar\/wp-content\/uploads\/2016\/11\/prezi-UTI-2017.jpg","contentUrl":"http:\/\/www.hospitalonativia.gob.ar\/wp-content\/uploads\/2016\/11\/prezi-UTI-2017.jpg"},{"@type":"WebPage","@id":"https:\/\/www.hospitalonativia.gob.ar\/?page_id=203#webpage","url":"https:\/\/www.hospitalonativia.gob.ar\/?page_id=203","name":"Unidad de Cuidados Intensivos - Hospital Dr. Arturo O\u00f1ativia","isPartOf":{"@id":"https:\/\/www.hospitalonativia.gob.ar\/#website"},"primaryImageOfPage":{"@id":"https:\/\/www.hospitalonativia.gob.ar\/?page_id=203#primaryimage"},"datePublished":"2016-11-04T11:38:09+00:00","dateModified":"2018-09-15T02:10:41+00:00","breadcrumb":{"@id":"https:\/\/www.hospitalonativia.gob.ar\/?page_id=203#breadcrumb"},"inLanguage":"es","potentialAction":[{"@type":"ReadAction","target":["https:\/\/www.hospitalonativia.gob.ar\/?page_id=203"]}]},{"@type":"BreadcrumbList","@id":"https:\/\/www.hospitalonativia.gob.ar\/?page_id=203#breadcrumb","itemListElement":[{"@type":"ListItem","position":1,"name":"Portada","item":"https:\/\/www.hospitalonativia.gob.ar\/"},{"@type":"ListItem","position":2,"name":"Unidad de Cuidados Intensivos"}]}]}},"_links":{"self":[{"href":"https:\/\/www.hospitalonativia.gob.ar\/index.php?rest_route=\/wp\/v2\/pages\/203"}],"collection":[{"href":"https:\/\/www.hospitalonativia.gob.ar\/index.php?rest_route=\/wp\/v2\/pages"}],"about":[{"href":"https:\/\/www.hospitalonativia.gob.ar\/index.php?rest_route=\/wp\/v2\/types\/page"}],"author":[{"embeddable":true,"href":"https:\/\/www.hospitalonativia.gob.ar\/index.php?rest_route=\/wp\/v2\/users\/2"}],"replies":[{"embeddable":true,"href":"https:\/\/www.hospitalonativia.gob.ar\/index.php?rest_route=%2Fwp%2Fv2%2Fcomments&post=203"}],"version-history":[{"count":4,"href":"https:\/\/www.hospitalonativia.gob.ar\/index.php?rest_route=\/wp\/v2\/pages\/203\/revisions"}],"predecessor-version":[{"id":1530,"href":"https:\/\/www.hospitalonativia.gob.ar\/index.php?rest_route=\/wp\/v2\/pages\/203\/revisions\/1530"}],"wp:attachment":[{"href":"https:\/\/www.hospitalonativia.gob.ar\/index.php?rest_route=%2Fwp%2Fv2%2Fmedia&parent=203"}],"curies":[{"name":"wp","href":"https:\/\/api.w.org\/{rel}","templated":true}]}}