{"id":209,"date":"2016-11-04T09:05:39","date_gmt":"2016-11-04T12:05:39","guid":{"rendered":"http:\/\/192.168.1.190\/hospitalonativia\/?page_id=209"},"modified":"2017-06-26T23:13:14","modified_gmt":"2017-06-27T02:13:14","slug":"kinesiologia","status":"publish","type":"page","link":"https:\/\/www.hospitalonativia.gob.ar\/?page_id=209","title":{"rendered":"Kinesiolog\u00eda"},"content":{"rendered":"<p><strong>Jefa de Sector: Lic. Maida Nall\u00edn<\/strong><\/p>\n<p><strong>Misi\u00f3n<\/strong><\/p>\n<p>\u009e<i>El servicio de Kinesiolog\u00eda tiene como misi\u00f3n brindar atenci\u00f3n para la rehabilitaci\u00f3n por medio de Kinesioterapia, Fisioterapia y Actividad F\u00edsica, a\u00a0 Pacientes Adultos de ambos sexos con Patolog\u00edas <\/i><i>Endocrinometab\u00f3licas, cardiovasculares, renales derivados <\/i><i>de la\u00a0 Consulta Externa, H<\/i><i>ospitalizaci\u00f3n, Hemodi\u00e1lisis, UTI, TIM y UTE, <\/i><i>con profesionales altamente capacitados en la actividad <\/i><i>kin\u00e9sica<\/i><i>, f\u00edsica y en\u00a0 tareas de\u00a0 Promoci\u00f3n y Prevenci\u00f3n de la Salud.<\/i><\/p>\n<p><strong>Visi\u00f3n<\/strong><\/p>\n<p><em>Ser el Programa de kinesiolog\u00eda endocrino metab\u00f3lico referente de la provincia de Salta mediante la atenci\u00f3n en equipo de las diferentes patolog\u00edas y la capacitaci\u00f3n continua, brindando atenci\u00f3n<\/em><em>\u00a0de excelencia y prevenci\u00f3n.<\/em><\/p>\n<p><strong><img loading=\"lazy\" decoding=\"async\" class=\"wp-image-840 alignright\" src=\"http:\/\/www.hospitalonativia.gob.ar\/wp-content\/uploads\/2016\/11\/Kinesiolog\u00eda-300x225.jpg\" alt=\"\" width=\"339\" height=\"254\" srcset=\"https:\/\/www.hospitalonativia.gob.ar\/wp-content\/uploads\/2016\/11\/Kinesiolog\u00eda-300x225.jpg 300w, https:\/\/www.hospitalonativia.gob.ar\/wp-content\/uploads\/2016\/11\/Kinesiolog\u00eda-768x577.jpg 768w, https:\/\/www.hospitalonativia.gob.ar\/wp-content\/uploads\/2016\/11\/Kinesiolog\u00eda-1024x769.jpg 1024w\" sizes=\"(max-width: 339px) 100vw, 339px\" \/><\/strong><\/p>\n<p><strong>Valores<\/strong><\/p>\n<p><em>El Sector Kinesiolog\u00eda trabaja con un Staff Profesional\u00a0 con estos valores\u00a0 humanos: Respeto, Sentido de Pertenencia, Trabajo en Equipo, Capacitaci\u00f3n continua, Innovaci\u00f3n Tecnol\u00f3gica y un trato cordial con el Paciente.<\/em><\/p>\n<p><strong>Cartera de Servicios<\/strong><\/p>\n<p>Horario de atenci\u00f3n en\u00a0 consultorio externo e internado<\/p>\n<ul>\n<li>Lunes a Viernes<\/li>\n<li>Horario de 7:30 hs. a 18:30 hs.<\/li>\n<\/ul>\n<p>Atenci\u00f3n en UTI<\/p>\n<ul>\n<li>Todos los d\u00edas ma\u00f1ana y tarde. Incluidos fines de semana y feriados.<\/li>\n<\/ul>\n<p>Formas de derivaci\u00f3n<\/p>\n<ul>\n<li>Se atiende a todos los pacientes que presenten orden de interconsulta de cualquier m\u00e9dico y\/o servicio del hospital; con esta orden se dan los turnos en el servicio de kinesiolog\u00eda; el d\u00eda de inicio de tratamiento deben estar anotados en la planilla y presentar orden de tratamiento autorizada por arancelamiento.<\/li>\n<\/ul>\n<ul>\n<li>Como parte de la atenci\u00f3n terap\u00e9utica e\u00a0 interdisciplinaria del Programa de Nutrici\u00f3n Cl\u00ednica, se implement\u00f3 la atenci\u00f3n domiciliaria de los pacientes que no pueden ser trasladados al hospital.<\/li>\n<li>Atenci\u00f3n Kin\u00e9sica de los Pacientes que concurren a Hemo-Di\u00e1lisis en los Tres Turnos<\/li>\n<li>Participaci\u00f3n en los talleres de Contenci\u00f3n y Educaci\u00f3n para Pacientes en Hemo-Di\u00e1lisis.<\/li>\n<\/ul>\n<p>Recursos Humanos<\/p>\n<table border=\"0\" width=\"533\" cellspacing=\"0\" cellpadding=\"0\">\n<tbody>\n<tr>\n<td><strong><em>Profesional de Planta<\/em><\/strong><\/td>\n<td><strong><em>Cargo<\/em><\/strong><\/td>\n<\/tr>\n<tr>\n<td>Lic. Maida Nallim<\/td>\n<td>Jefe de Servicio<\/td>\n<\/tr>\n<tr>\n<td>Klga. Maite Garc\u00eda<\/td>\n<td>Kinesi\u00f3loga<\/td>\n<\/tr>\n<tr>\n<td>Lic. Ana Territoriale<\/td>\n<td>Lic. en Kinesiolog\u00eda<\/td>\n<\/tr>\n<tr>\n<td>Lic.\u00a0 Milagros J\u00e1ndula<\/td>\n<td>Lic. en Kinesiolog\u00eda<\/td>\n<\/tr>\n<tr>\n<td>Lic. Diego Barboza<\/td>\n<td>Lic. en Kinesiolog\u00eda<\/td>\n<\/tr>\n<tr>\n<td>Prof. Nelson Vel\u00e1squez<\/td>\n<td>Prof. en Educaci\u00f3n F\u00edsica<\/td>\n<\/tr>\n<tr>\n<td>Klgo. Juan Ramos<\/td>\n<td>Kinesi\u00f3logo<\/td>\n<\/tr>\n<tr>\n<td>Lic. Cynthia Yapura<\/td>\n<td>Lic. en Kinesiolog\u00eda<\/td>\n<\/tr>\n<tr>\n<td>Klga. Mar\u00eda P\u00eda Mart\u00ednez Antar<\/td>\n<td>Kinesi\u00f3loga<\/td>\n<\/tr>\n<\/tbody>\n<\/table>\n","protected":false},"excerpt":{"rendered":"<p>Jefa de Sector: Lic. Maida Nall\u00edn Misi\u00f3n \u009eEl servicio de Kinesiolog\u00eda tiene como misi\u00f3n brindar atenci\u00f3n para la rehabilitaci\u00f3n por<\/p>\n","protected":false},"author":2,"featured_media":0,"parent":0,"menu_order":0,"comment_status":"closed","ping_status":"closed","template":"","meta":{"footnotes":""},"class_list":["post-209","page","type-page","status-publish","hentry"],"yoast_head":"<!-- This site is optimized with the Yoast SEO plugin v18.0 - https:\/\/yoast.com\/wordpress\/plugins\/seo\/ -->\n<title>Kinesiolog\u00eda - Hospital Dr. Arturo O\u00f1ativia<\/title>\n<meta name=\"robots\" content=\"index, follow, max-snippet:-1, max-image-preview:large, max-video-preview:-1\" \/>\n<link rel=\"canonical\" href=\"https:\/\/www.hospitalonativia.gob.ar\/?page_id=209\" \/>\n<meta property=\"og:locale\" content=\"es_ES\" \/>\n<meta property=\"og:type\" content=\"article\" \/>\n<meta property=\"og:title\" content=\"Kinesiolog\u00eda - Hospital Dr. Arturo O\u00f1ativia\" \/>\n<meta property=\"og:description\" content=\"Jefa de Sector: Lic. Maida Nall\u00edn Misi\u00f3n \u009eEl servicio de Kinesiolog\u00eda tiene como misi\u00f3n brindar atenci\u00f3n para la rehabilitaci\u00f3n por\" \/>\n<meta property=\"og:url\" content=\"https:\/\/www.hospitalonativia.gob.ar\/?page_id=209\" \/>\n<meta property=\"og:site_name\" content=\"Hospital Dr. Arturo O\u00f1ativia\" \/>\n<meta property=\"article:modified_time\" content=\"2017-06-27T02:13:14+00:00\" \/>\n<meta property=\"og:image\" content=\"http:\/\/www.hospitalonativia.gob.ar\/wp-content\/uploads\/2016\/11\/Kinesiolog\u00eda-300x225.jpg\" \/>\n<meta name=\"twitter:card\" content=\"summary_large_image\" \/>\n<meta name=\"twitter:label1\" content=\"Tiempo de lectura\" \/>\n\t<meta name=\"twitter:data1\" content=\"2 minutos\" \/>\n<script type=\"application\/ld+json\" class=\"yoast-schema-graph\">{\"@context\":\"https:\/\/schema.org\",\"@graph\":[{\"@type\":\"WebSite\",\"@id\":\"https:\/\/www.hospitalonativia.gob.ar\/#website\",\"url\":\"https:\/\/www.hospitalonativia.gob.ar\/\",\"name\":\"Hospital Dr. Arturo O\u00f1ativia\",\"description\":\"Salta Capital\",\"potentialAction\":[{\"@type\":\"SearchAction\",\"target\":{\"@type\":\"EntryPoint\",\"urlTemplate\":\"https:\/\/www.hospitalonativia.gob.ar\/?s={search_term_string}\"},\"query-input\":\"required name=search_term_string\"}],\"inLanguage\":\"es\"},{\"@type\":\"ImageObject\",\"@id\":\"https:\/\/www.hospitalonativia.gob.ar\/?page_id=209#primaryimage\",\"inLanguage\":\"es\",\"url\":\"http:\/\/www.hospitalonativia.gob.ar\/wp-content\/uploads\/2016\/11\/Kinesiolog\u00eda-300x225.jpg\",\"contentUrl\":\"http:\/\/www.hospitalonativia.gob.ar\/wp-content\/uploads\/2016\/11\/Kinesiolog\u00eda-300x225.jpg\"},{\"@type\":\"WebPage\",\"@id\":\"https:\/\/www.hospitalonativia.gob.ar\/?page_id=209#webpage\",\"url\":\"https:\/\/www.hospitalonativia.gob.ar\/?page_id=209\",\"name\":\"Kinesiolog\u00eda - Hospital Dr. Arturo O\u00f1ativia\",\"isPartOf\":{\"@id\":\"https:\/\/www.hospitalonativia.gob.ar\/#website\"},\"primaryImageOfPage\":{\"@id\":\"https:\/\/www.hospitalonativia.gob.ar\/?page_id=209#primaryimage\"},\"datePublished\":\"2016-11-04T12:05:39+00:00\",\"dateModified\":\"2017-06-27T02:13:14+00:00\",\"breadcrumb\":{\"@id\":\"https:\/\/www.hospitalonativia.gob.ar\/?page_id=209#breadcrumb\"},\"inLanguage\":\"es\",\"potentialAction\":[{\"@type\":\"ReadAction\",\"target\":[\"https:\/\/www.hospitalonativia.gob.ar\/?page_id=209\"]}]},{\"@type\":\"BreadcrumbList\",\"@id\":\"https:\/\/www.hospitalonativia.gob.ar\/?page_id=209#breadcrumb\",\"itemListElement\":[{\"@type\":\"ListItem\",\"position\":1,\"name\":\"Portada\",\"item\":\"https:\/\/www.hospitalonativia.gob.ar\/\"},{\"@type\":\"ListItem\",\"position\":2,\"name\":\"Kinesiolog\u00eda\"}]}]}<\/script>\n<!-- \/ Yoast SEO plugin. -->","yoast_head_json":{"title":"Kinesiolog\u00eda - Hospital Dr. Arturo O\u00f1ativia","robots":{"index":"index","follow":"follow","max-snippet":"max-snippet:-1","max-image-preview":"max-image-preview:large","max-video-preview":"max-video-preview:-1"},"canonical":"https:\/\/www.hospitalonativia.gob.ar\/?page_id=209","og_locale":"es_ES","og_type":"article","og_title":"Kinesiolog\u00eda - Hospital Dr. Arturo O\u00f1ativia","og_description":"Jefa de Sector: Lic. Maida Nall\u00edn Misi\u00f3n \u009eEl servicio de Kinesiolog\u00eda tiene como misi\u00f3n brindar atenci\u00f3n para la rehabilitaci\u00f3n por","og_url":"https:\/\/www.hospitalonativia.gob.ar\/?page_id=209","og_site_name":"Hospital Dr. Arturo O\u00f1ativia","article_modified_time":"2017-06-27T02:13:14+00:00","og_image":[{"url":"http:\/\/www.hospitalonativia.gob.ar\/wp-content\/uploads\/2016\/11\/Kinesiolog\u00eda-300x225.jpg"}],"twitter_card":"summary_large_image","twitter_misc":{"Tiempo de lectura":"2 minutos"},"schema":{"@context":"https:\/\/schema.org","@graph":[{"@type":"WebSite","@id":"https:\/\/www.hospitalonativia.gob.ar\/#website","url":"https:\/\/www.hospitalonativia.gob.ar\/","name":"Hospital Dr. Arturo O\u00f1ativia","description":"Salta Capital","potentialAction":[{"@type":"SearchAction","target":{"@type":"EntryPoint","urlTemplate":"https:\/\/www.hospitalonativia.gob.ar\/?s={search_term_string}"},"query-input":"required name=search_term_string"}],"inLanguage":"es"},{"@type":"ImageObject","@id":"https:\/\/www.hospitalonativia.gob.ar\/?page_id=209#primaryimage","inLanguage":"es","url":"http:\/\/www.hospitalonativia.gob.ar\/wp-content\/uploads\/2016\/11\/Kinesiolog\u00eda-300x225.jpg","contentUrl":"http:\/\/www.hospitalonativia.gob.ar\/wp-content\/uploads\/2016\/11\/Kinesiolog\u00eda-300x225.jpg"},{"@type":"WebPage","@id":"https:\/\/www.hospitalonativia.gob.ar\/?page_id=209#webpage","url":"https:\/\/www.hospitalonativia.gob.ar\/?page_id=209","name":"Kinesiolog\u00eda - Hospital Dr. Arturo O\u00f1ativia","isPartOf":{"@id":"https:\/\/www.hospitalonativia.gob.ar\/#website"},"primaryImageOfPage":{"@id":"https:\/\/www.hospitalonativia.gob.ar\/?page_id=209#primaryimage"},"datePublished":"2016-11-04T12:05:39+00:00","dateModified":"2017-06-27T02:13:14+00:00","breadcrumb":{"@id":"https:\/\/www.hospitalonativia.gob.ar\/?page_id=209#breadcrumb"},"inLanguage":"es","potentialAction":[{"@type":"ReadAction","target":["https:\/\/www.hospitalonativia.gob.ar\/?page_id=209"]}]},{"@type":"BreadcrumbList","@id":"https:\/\/www.hospitalonativia.gob.ar\/?page_id=209#breadcrumb","itemListElement":[{"@type":"ListItem","position":1,"name":"Portada","item":"https:\/\/www.hospitalonativia.gob.ar\/"},{"@type":"ListItem","position":2,"name":"Kinesiolog\u00eda"}]}]}},"_links":{"self":[{"href":"https:\/\/www.hospitalonativia.gob.ar\/index.php?rest_route=\/wp\/v2\/pages\/209"}],"collection":[{"href":"https:\/\/www.hospitalonativia.gob.ar\/index.php?rest_route=\/wp\/v2\/pages"}],"about":[{"href":"https:\/\/www.hospitalonativia.gob.ar\/index.php?rest_route=\/wp\/v2\/types\/page"}],"author":[{"embeddable":true,"href":"https:\/\/www.hospitalonativia.gob.ar\/index.php?rest_route=\/wp\/v2\/users\/2"}],"replies":[{"embeddable":true,"href":"https:\/\/www.hospitalonativia.gob.ar\/index.php?rest_route=%2Fwp%2Fv2%2Fcomments&post=209"}],"version-history":[{"count":8,"href":"https:\/\/www.hospitalonativia.gob.ar\/index.php?rest_route=\/wp\/v2\/pages\/209\/revisions"}],"predecessor-version":[{"id":987,"href":"https:\/\/www.hospitalonativia.gob.ar\/index.php?rest_route=\/wp\/v2\/pages\/209\/revisions\/987"}],"wp:attachment":[{"href":"https:\/\/www.hospitalonativia.gob.ar\/index.php?rest_route=%2Fwp%2Fv2%2Fmedia&parent=209"}],"curies":[{"name":"wp","href":"https:\/\/api.w.org\/{rel}","templated":true}]}}