{"id":217,"date":"2016-11-04T09:21:24","date_gmt":"2016-11-04T12:21:24","guid":{"rendered":"http:\/\/192.168.1.190\/hospitalonativia\/?page_id=217"},"modified":"2017-05-02T12:25:11","modified_gmt":"2017-05-02T15:25:11","slug":"hemoterapia","status":"publish","type":"page","link":"https:\/\/www.hospitalonativia.gob.ar\/?page_id=217","title":{"rendered":"Hemoterapia"},"content":{"rendered":"<section class=\"mt16 mb16 oe_red\">\n<div class=\"container\">\n<div class=\"row\">\n<div class=\"col-md-12 text-center mt16 mb32\">\n<p>Responsable: Dra. Betina Saracino<\/p>\n<p>MISI\u00d3N<\/p>\n<p>Satisfacer y garantizar a todos los pacientes que requieran prestaciones de Hemoterapia, \u00a0el acceso al recurso sangre y hemocomponentes, en tiempo y forma, en calidad y cantidad suficiente, con las m\u00e1ximas garant\u00edas de seguridad transfusional, colaborando a su vez con el equipo de salud, en la atenci\u00f3n integral del paciente.<\/p>\n<p>VISI\u00d3N<\/p>\n<p>Consolidarnos como un\u00a0 Servicio de excelencia en la especialidad de Hemoterapia dentro del Sector P\u00fablico, superando las expectativas de pacientes y colegas solicitantes, en t\u00e9rminos de Calidad Total,\u00a0 Seguridad,\u00a0 Eficiencia, Oportunidad y Confiabilidad, utilizando la mejor tecnolog\u00eda disponible, y conformando un equipo de RRHH altamente capacitado y responsable.<\/p>\n<p>VALORES<\/p>\n<ul>\n<li>Universalidad y equidad en el acceso al recurso sangre<\/li>\n<li>Eficiencia en la respuesta a demanda<\/li>\n<li>Atenci\u00f3n personalizada del paciente<\/li>\n<li>Trabajo en equipo e interrelacionado con el resto<\/li>\n<\/ul>\n<p>Cartera de Servicios<\/p>\n<ul>\n<li><u>Terapia Transfusional\u00a0<\/u> de pacientes internados, que incluye:<\/li>\n<\/ul>\n<p>&#8211;\u00a0\u00a0<em>Interconsultas m\u00e9dicas<\/em><\/p>\n<p><em>&#8211;\u00a0 Transfusi\u00f3n de: Gl\u00f3bulos Rojos Desplasmatizados\/ Plasma Fresco Congelado\u00a0\u00a0\u00a0<\/em><\/p>\n<p><em>\u00a0\u00a0 Concentrados Plaquetarios y\/o Crioprecipitados<\/em><\/p>\n<p><em>&#8211;\u00a0 Soporte plasm\u00e1tico de reemplazo para Plasmaf\u00e9resis por filtraci\u00f3n<\/em><\/p>\n<p><em>&#8211;\u00a0 Autotransfusiones &#8211;\u00a0 Sangr\u00edas terape\u00faticas<\/em><\/p>\n<ul>\n<li><u>Estudios inmunohematol\u00f3gicos<\/u>\u00a0 de pacientes internados y\/o externos, receptores o no, y prequir\u00fargicos\u00a0 (adultos):<\/li>\n<\/ul>\n<ul>\n<li><em>Grupo sangu\u00edneo y Factor RH &#8211; Detecci\u00f3n y Titulaci\u00f3n de Ac inmunes (Coombs Directa e Indirecta ) &#8211; Pruebas de compatibilidad pre transfusional<\/em><\/li>\n<\/ul>\n<p>Recurso Humano<\/p>\n<p>(Cobertura Transfusional disponible las 24 hs \u2013 los 365 d\u00edas del a\u00f1o )<\/p>\n<table>\n<tbody>\n<tr>\n<td>Profesi\u00f3n<\/td>\n<td>Apellido y Nombre<\/td>\n<\/tr>\n<tr>\n<td>\u00a0Medica especialista en Hemoterapia<\/td>\n<td>\u00a0Dra. Betina Saracino<\/td>\n<\/tr>\n<tr>\n<td>T\u00e9cnico de Hemoterapia<\/td>\n<td>Luisa Vall\u00f3n<\/td>\n<\/tr>\n<tr>\n<td>\u00a0T\u00e9cnico de Hemoterapia<\/td>\n<td>\u00a0Adolfo Amante<\/td>\n<\/tr>\n<tr>\n<td>\u00a0T\u00e9cnico de Hemoterapia<\/td>\n<td>Elvira Arnedo<\/td>\n<\/tr>\n<tr>\n<td>T\u00e9cnico de Hemoterapia<\/td>\n<td>Lil\u00ed Santill\u00e1n<\/td>\n<\/tr>\n<\/tbody>\n<\/table>\n<\/div>\n<\/div>\n<\/div>\n<\/section>\n","protected":false},"excerpt":{"rendered":"<p>Responsable: Dra. Betina Saracino MISI\u00d3N Satisfacer y garantizar a todos los pacientes que requieran prestaciones de Hemoterapia, \u00a0el acceso al<\/p>\n","protected":false},"author":2,"featured_media":0,"parent":0,"menu_order":0,"comment_status":"closed","ping_status":"closed","template":"","meta":{"footnotes":""},"class_list":["post-217","page","type-page","status-publish","hentry"],"yoast_head":"<!-- This site is optimized with the Yoast SEO plugin v18.0 - https:\/\/yoast.com\/wordpress\/plugins\/seo\/ -->\n<title>Hemoterapia - Hospital Dr. Arturo O\u00f1ativia<\/title>\n<meta name=\"robots\" content=\"index, follow, max-snippet:-1, max-image-preview:large, max-video-preview:-1\" \/>\n<link rel=\"canonical\" href=\"https:\/\/www.hospitalonativia.gob.ar\/?page_id=217\" \/>\n<meta property=\"og:locale\" content=\"es_ES\" \/>\n<meta property=\"og:type\" content=\"article\" \/>\n<meta property=\"og:title\" content=\"Hemoterapia - Hospital Dr. Arturo O\u00f1ativia\" \/>\n<meta property=\"og:description\" content=\"Responsable: Dra. Betina Saracino MISI\u00d3N Satisfacer y garantizar a todos los pacientes que requieran prestaciones de Hemoterapia, \u00a0el acceso al\" \/>\n<meta property=\"og:url\" content=\"https:\/\/www.hospitalonativia.gob.ar\/?page_id=217\" \/>\n<meta property=\"og:site_name\" content=\"Hospital Dr. Arturo O\u00f1ativia\" \/>\n<meta property=\"article:modified_time\" content=\"2017-05-02T15:25:11+00:00\" \/>\n<meta name=\"twitter:card\" content=\"summary_large_image\" \/>\n<meta name=\"twitter:label1\" content=\"Tiempo de lectura\" \/>\n\t<meta name=\"twitter:data1\" content=\"1 minuto\" \/>\n<script type=\"application\/ld+json\" class=\"yoast-schema-graph\">{\"@context\":\"https:\/\/schema.org\",\"@graph\":[{\"@type\":\"WebSite\",\"@id\":\"https:\/\/www.hospitalonativia.gob.ar\/#website\",\"url\":\"https:\/\/www.hospitalonativia.gob.ar\/\",\"name\":\"Hospital Dr. Arturo O\u00f1ativia\",\"description\":\"Salta Capital\",\"potentialAction\":[{\"@type\":\"SearchAction\",\"target\":{\"@type\":\"EntryPoint\",\"urlTemplate\":\"https:\/\/www.hospitalonativia.gob.ar\/?s={search_term_string}\"},\"query-input\":\"required name=search_term_string\"}],\"inLanguage\":\"es\"},{\"@type\":\"WebPage\",\"@id\":\"https:\/\/www.hospitalonativia.gob.ar\/?page_id=217#webpage\",\"url\":\"https:\/\/www.hospitalonativia.gob.ar\/?page_id=217\",\"name\":\"Hemoterapia - Hospital Dr. Arturo O\u00f1ativia\",\"isPartOf\":{\"@id\":\"https:\/\/www.hospitalonativia.gob.ar\/#website\"},\"datePublished\":\"2016-11-04T12:21:24+00:00\",\"dateModified\":\"2017-05-02T15:25:11+00:00\",\"breadcrumb\":{\"@id\":\"https:\/\/www.hospitalonativia.gob.ar\/?page_id=217#breadcrumb\"},\"inLanguage\":\"es\",\"potentialAction\":[{\"@type\":\"ReadAction\",\"target\":[\"https:\/\/www.hospitalonativia.gob.ar\/?page_id=217\"]}]},{\"@type\":\"BreadcrumbList\",\"@id\":\"https:\/\/www.hospitalonativia.gob.ar\/?page_id=217#breadcrumb\",\"itemListElement\":[{\"@type\":\"ListItem\",\"position\":1,\"name\":\"Portada\",\"item\":\"https:\/\/www.hospitalonativia.gob.ar\/\"},{\"@type\":\"ListItem\",\"position\":2,\"name\":\"Hemoterapia\"}]}]}<\/script>\n<!-- \/ Yoast SEO plugin. -->","yoast_head_json":{"title":"Hemoterapia - Hospital Dr. Arturo O\u00f1ativia","robots":{"index":"index","follow":"follow","max-snippet":"max-snippet:-1","max-image-preview":"max-image-preview:large","max-video-preview":"max-video-preview:-1"},"canonical":"https:\/\/www.hospitalonativia.gob.ar\/?page_id=217","og_locale":"es_ES","og_type":"article","og_title":"Hemoterapia - Hospital Dr. Arturo O\u00f1ativia","og_description":"Responsable: Dra. Betina Saracino MISI\u00d3N Satisfacer y garantizar a todos los pacientes que requieran prestaciones de Hemoterapia, \u00a0el acceso al","og_url":"https:\/\/www.hospitalonativia.gob.ar\/?page_id=217","og_site_name":"Hospital Dr. Arturo O\u00f1ativia","article_modified_time":"2017-05-02T15:25:11+00:00","twitter_card":"summary_large_image","twitter_misc":{"Tiempo de lectura":"1 minuto"},"schema":{"@context":"https:\/\/schema.org","@graph":[{"@type":"WebSite","@id":"https:\/\/www.hospitalonativia.gob.ar\/#website","url":"https:\/\/www.hospitalonativia.gob.ar\/","name":"Hospital Dr. Arturo O\u00f1ativia","description":"Salta Capital","potentialAction":[{"@type":"SearchAction","target":{"@type":"EntryPoint","urlTemplate":"https:\/\/www.hospitalonativia.gob.ar\/?s={search_term_string}"},"query-input":"required name=search_term_string"}],"inLanguage":"es"},{"@type":"WebPage","@id":"https:\/\/www.hospitalonativia.gob.ar\/?page_id=217#webpage","url":"https:\/\/www.hospitalonativia.gob.ar\/?page_id=217","name":"Hemoterapia - Hospital Dr. Arturo O\u00f1ativia","isPartOf":{"@id":"https:\/\/www.hospitalonativia.gob.ar\/#website"},"datePublished":"2016-11-04T12:21:24+00:00","dateModified":"2017-05-02T15:25:11+00:00","breadcrumb":{"@id":"https:\/\/www.hospitalonativia.gob.ar\/?page_id=217#breadcrumb"},"inLanguage":"es","potentialAction":[{"@type":"ReadAction","target":["https:\/\/www.hospitalonativia.gob.ar\/?page_id=217"]}]},{"@type":"BreadcrumbList","@id":"https:\/\/www.hospitalonativia.gob.ar\/?page_id=217#breadcrumb","itemListElement":[{"@type":"ListItem","position":1,"name":"Portada","item":"https:\/\/www.hospitalonativia.gob.ar\/"},{"@type":"ListItem","position":2,"name":"Hemoterapia"}]}]}},"_links":{"self":[{"href":"https:\/\/www.hospitalonativia.gob.ar\/index.php?rest_route=\/wp\/v2\/pages\/217"}],"collection":[{"href":"https:\/\/www.hospitalonativia.gob.ar\/index.php?rest_route=\/wp\/v2\/pages"}],"about":[{"href":"https:\/\/www.hospitalonativia.gob.ar\/index.php?rest_route=\/wp\/v2\/types\/page"}],"author":[{"embeddable":true,"href":"https:\/\/www.hospitalonativia.gob.ar\/index.php?rest_route=\/wp\/v2\/users\/2"}],"replies":[{"embeddable":true,"href":"https:\/\/www.hospitalonativia.gob.ar\/index.php?rest_route=%2Fwp%2Fv2%2Fcomments&post=217"}],"version-history":[{"count":4,"href":"https:\/\/www.hospitalonativia.gob.ar\/index.php?rest_route=\/wp\/v2\/pages\/217\/revisions"}],"predecessor-version":[{"id":618,"href":"https:\/\/www.hospitalonativia.gob.ar\/index.php?rest_route=\/wp\/v2\/pages\/217\/revisions\/618"}],"wp:attachment":[{"href":"https:\/\/www.hospitalonativia.gob.ar\/index.php?rest_route=%2Fwp%2Fv2%2Fmedia&parent=217"}],"curies":[{"name":"wp","href":"https:\/\/api.w.org\/{rel}","templated":true}]}}