{"id":223,"date":"2016-11-04T09:25:47","date_gmt":"2016-11-04T12:25:47","guid":{"rendered":"http:\/\/192.168.1.190\/hospitalonativia\/?page_id=223"},"modified":"2017-08-10T13:05:02","modified_gmt":"2017-08-10T16:05:02","slug":"odontologia","status":"publish","type":"page","link":"https:\/\/www.hospitalonativia.gob.ar\/?page_id=223","title":{"rendered":"Odontolog\u00eda"},"content":{"rendered":"<p><strong>Cartera de Servicios de Odontolog\u00eda<\/strong><\/p>\n<p>*Poblaci\u00f3n destinataria:<\/p>\n<p>Nuestra atenci\u00f3n est\u00e1 destinada a todas las personas que tienen\u00a0 Historia Cl\u00ednica en este Hospital y requieran atenci\u00f3n odontol\u00f3gica. Esto incluye\u00a0 a pacientes con patolog\u00edas como Diabetes, Tiroideas, Lupus, Nefrol\u00f3gicas, de Nutrici\u00f3n (obesidad, anorexia y bulimia) y otros sin una patolog\u00eda particular.<\/p>\n<p>Hasta el momento se reciben solo derivaciones de Endodoncia de otros Centros de Salud, s\u00f3lo para dicha pr\u00e1ctica y luego contin\u00faan la atenci\u00f3n en su Salita correspondiente.<\/p>\n<p>*Pr\u00e1cticas que se efect\u00faan:<\/p>\n<p>Operatoria (ej. Amalgamas, fotocurados)<\/p>\n<p>Endodoncia<\/p>\n<p>Cirug\u00eda<\/p>\n<p>Periodoncia<\/p>\n<p>Pr\u00f3tesis removible (parciales y totales de acr\u00edlico)<\/p>\n<p>*Horarios de Atenci\u00f3n:<\/p>\n<p>De Lunes a Viernes en dos turnos:<\/p>\n<p>Ma\u00f1ana \u00a0Dra. Casabella Camila<\/p>\n<p>Tarde\u00a0 Dr.\u00a0 Parussini Juan Jos\u00e9<\/p>\n<p>&nbsp;<\/p>\n<p>Consultorios\u00a0 Dra. Casabella:<\/p>\n<p>Lunes: Odontolog\u00eda General<\/p>\n<p>Martes: de 8 a 9 hs. Pr\u00f3tesis<\/p>\n<p>de 9 a 14 hs. Endodoncia<\/p>\n<p>Mi\u00e9rcoles: Endodoncia<\/p>\n<p>Jueves: de 8 a 10 hs. Pr\u00f3tesis<\/p>\n<p>de 10 a 14 hs. Odontolog\u00eda General<\/p>\n<p>Viernes: Odontolog\u00eda General<\/p>\n<p>&nbsp;<\/p>\n<p>Consultorio Dr. Parussini:<\/p>\n<p>Lunes a \u00a0viernes: Cirug\u00eda General<\/p>\n<p>Extracciones dentarias , extracci\u00f3n de dientes retenidos, cirug\u00eda\u00a0 de senos maxilares, drenaje intra y extra oral, cirug\u00eda periodontal, regularizaci\u00f3n de rebordes, apicectom\u00edas, cirug\u00eda de tumores hasta 4 cm., quistes.<\/p>\n<p>&nbsp;<\/p>\n<p>Los pacientes internados que tienen derivaci\u00f3n m\u00e9dica, son atendidos en cualquiera de los dos turnos entre pacientes, al principio o final de la atenci\u00f3n ambulatoria de acuerdo a la necesidad y urgencia. En algunos casos se realiza la visita a Sala cuando no pueden ser trasladados al consultorio.<\/p>\n<p>&nbsp;<\/p>\n<p><strong>De la Cartera de Servicio se excluyen las siguientes pr\u00e1cticas:<\/strong><\/p>\n<p>Pr\u00f3tesis Fija<\/p>\n<p>Odontopediatr\u00eda (se atiende a pacientes mayores de 14 a\u00f1os)<\/p>\n<p>Ortodoncia<\/p>\n<p><strong>\u00a0<\/strong><\/p>\n<p><strong>Recursos Humanos<\/strong><\/p>\n<p>Dra. Camila Casabella D\u00e1valos<\/p>\n<p>Dr. Juan\u00a0 Jos\u00e9 Parussini<\/p>\n<p>Asistente Dental Sonia Mois\u00e9s<\/p>\n<p>T\u00e9cnico Dental Oscar Corregidor<\/p>\n<p>&nbsp;<\/p>\n<p>&nbsp;<\/p>\n","protected":false},"excerpt":{"rendered":"<p>Cartera de Servicios de Odontolog\u00eda *Poblaci\u00f3n destinataria: Nuestra atenci\u00f3n est\u00e1 destinada a todas las personas que tienen\u00a0 Historia Cl\u00ednica en<\/p>\n","protected":false},"author":2,"featured_media":0,"parent":0,"menu_order":0,"comment_status":"closed","ping_status":"closed","template":"","meta":{"footnotes":""},"class_list":["post-223","page","type-page","status-publish","hentry"],"yoast_head":"<!-- This site is optimized with the Yoast SEO plugin v18.0 - https:\/\/yoast.com\/wordpress\/plugins\/seo\/ -->\n<title>Odontolog\u00eda - Hospital Dr. Arturo O\u00f1ativia<\/title>\n<meta name=\"robots\" content=\"index, follow, max-snippet:-1, max-image-preview:large, max-video-preview:-1\" \/>\n<link rel=\"canonical\" href=\"https:\/\/www.hospitalonativia.gob.ar\/?page_id=223\" \/>\n<meta property=\"og:locale\" content=\"es_ES\" \/>\n<meta property=\"og:type\" content=\"article\" \/>\n<meta property=\"og:title\" content=\"Odontolog\u00eda - Hospital Dr. Arturo O\u00f1ativia\" \/>\n<meta property=\"og:description\" content=\"Cartera de Servicios de Odontolog\u00eda *Poblaci\u00f3n destinataria: Nuestra atenci\u00f3n est\u00e1 destinada a todas las personas que tienen\u00a0 Historia Cl\u00ednica en\" \/>\n<meta property=\"og:url\" content=\"https:\/\/www.hospitalonativia.gob.ar\/?page_id=223\" \/>\n<meta property=\"og:site_name\" content=\"Hospital Dr. Arturo O\u00f1ativia\" \/>\n<meta property=\"article:modified_time\" content=\"2017-08-10T16:05:02+00:00\" \/>\n<meta name=\"twitter:card\" content=\"summary_large_image\" \/>\n<meta name=\"twitter:label1\" content=\"Tiempo de lectura\" \/>\n\t<meta name=\"twitter:data1\" content=\"2 minutos\" \/>\n<script type=\"application\/ld+json\" class=\"yoast-schema-graph\">{\"@context\":\"https:\/\/schema.org\",\"@graph\":[{\"@type\":\"WebSite\",\"@id\":\"https:\/\/www.hospitalonativia.gob.ar\/#website\",\"url\":\"https:\/\/www.hospitalonativia.gob.ar\/\",\"name\":\"Hospital Dr. Arturo O\u00f1ativia\",\"description\":\"Salta Capital\",\"potentialAction\":[{\"@type\":\"SearchAction\",\"target\":{\"@type\":\"EntryPoint\",\"urlTemplate\":\"https:\/\/www.hospitalonativia.gob.ar\/?s={search_term_string}\"},\"query-input\":\"required name=search_term_string\"}],\"inLanguage\":\"es\"},{\"@type\":\"WebPage\",\"@id\":\"https:\/\/www.hospitalonativia.gob.ar\/?page_id=223#webpage\",\"url\":\"https:\/\/www.hospitalonativia.gob.ar\/?page_id=223\",\"name\":\"Odontolog\u00eda - Hospital Dr. Arturo O\u00f1ativia\",\"isPartOf\":{\"@id\":\"https:\/\/www.hospitalonativia.gob.ar\/#website\"},\"datePublished\":\"2016-11-04T12:25:47+00:00\",\"dateModified\":\"2017-08-10T16:05:02+00:00\",\"breadcrumb\":{\"@id\":\"https:\/\/www.hospitalonativia.gob.ar\/?page_id=223#breadcrumb\"},\"inLanguage\":\"es\",\"potentialAction\":[{\"@type\":\"ReadAction\",\"target\":[\"https:\/\/www.hospitalonativia.gob.ar\/?page_id=223\"]}]},{\"@type\":\"BreadcrumbList\",\"@id\":\"https:\/\/www.hospitalonativia.gob.ar\/?page_id=223#breadcrumb\",\"itemListElement\":[{\"@type\":\"ListItem\",\"position\":1,\"name\":\"Portada\",\"item\":\"https:\/\/www.hospitalonativia.gob.ar\/\"},{\"@type\":\"ListItem\",\"position\":2,\"name\":\"Odontolog\u00eda\"}]}]}<\/script>\n<!-- \/ Yoast SEO plugin. -->","yoast_head_json":{"title":"Odontolog\u00eda - Hospital Dr. Arturo O\u00f1ativia","robots":{"index":"index","follow":"follow","max-snippet":"max-snippet:-1","max-image-preview":"max-image-preview:large","max-video-preview":"max-video-preview:-1"},"canonical":"https:\/\/www.hospitalonativia.gob.ar\/?page_id=223","og_locale":"es_ES","og_type":"article","og_title":"Odontolog\u00eda - Hospital Dr. Arturo O\u00f1ativia","og_description":"Cartera de Servicios de Odontolog\u00eda *Poblaci\u00f3n destinataria: Nuestra atenci\u00f3n est\u00e1 destinada a todas las personas que tienen\u00a0 Historia Cl\u00ednica en","og_url":"https:\/\/www.hospitalonativia.gob.ar\/?page_id=223","og_site_name":"Hospital Dr. Arturo O\u00f1ativia","article_modified_time":"2017-08-10T16:05:02+00:00","twitter_card":"summary_large_image","twitter_misc":{"Tiempo de lectura":"2 minutos"},"schema":{"@context":"https:\/\/schema.org","@graph":[{"@type":"WebSite","@id":"https:\/\/www.hospitalonativia.gob.ar\/#website","url":"https:\/\/www.hospitalonativia.gob.ar\/","name":"Hospital Dr. Arturo O\u00f1ativia","description":"Salta Capital","potentialAction":[{"@type":"SearchAction","target":{"@type":"EntryPoint","urlTemplate":"https:\/\/www.hospitalonativia.gob.ar\/?s={search_term_string}"},"query-input":"required name=search_term_string"}],"inLanguage":"es"},{"@type":"WebPage","@id":"https:\/\/www.hospitalonativia.gob.ar\/?page_id=223#webpage","url":"https:\/\/www.hospitalonativia.gob.ar\/?page_id=223","name":"Odontolog\u00eda - Hospital Dr. Arturo O\u00f1ativia","isPartOf":{"@id":"https:\/\/www.hospitalonativia.gob.ar\/#website"},"datePublished":"2016-11-04T12:25:47+00:00","dateModified":"2017-08-10T16:05:02+00:00","breadcrumb":{"@id":"https:\/\/www.hospitalonativia.gob.ar\/?page_id=223#breadcrumb"},"inLanguage":"es","potentialAction":[{"@type":"ReadAction","target":["https:\/\/www.hospitalonativia.gob.ar\/?page_id=223"]}]},{"@type":"BreadcrumbList","@id":"https:\/\/www.hospitalonativia.gob.ar\/?page_id=223#breadcrumb","itemListElement":[{"@type":"ListItem","position":1,"name":"Portada","item":"https:\/\/www.hospitalonativia.gob.ar\/"},{"@type":"ListItem","position":2,"name":"Odontolog\u00eda"}]}]}},"_links":{"self":[{"href":"https:\/\/www.hospitalonativia.gob.ar\/index.php?rest_route=\/wp\/v2\/pages\/223"}],"collection":[{"href":"https:\/\/www.hospitalonativia.gob.ar\/index.php?rest_route=\/wp\/v2\/pages"}],"about":[{"href":"https:\/\/www.hospitalonativia.gob.ar\/index.php?rest_route=\/wp\/v2\/types\/page"}],"author":[{"embeddable":true,"href":"https:\/\/www.hospitalonativia.gob.ar\/index.php?rest_route=\/wp\/v2\/users\/2"}],"replies":[{"embeddable":true,"href":"https:\/\/www.hospitalonativia.gob.ar\/index.php?rest_route=%2Fwp%2Fv2%2Fcomments&post=223"}],"version-history":[{"count":4,"href":"https:\/\/www.hospitalonativia.gob.ar\/index.php?rest_route=\/wp\/v2\/pages\/223\/revisions"}],"predecessor-version":[{"id":1209,"href":"https:\/\/www.hospitalonativia.gob.ar\/index.php?rest_route=\/wp\/v2\/pages\/223\/revisions\/1209"}],"wp:attachment":[{"href":"https:\/\/www.hospitalonativia.gob.ar\/index.php?rest_route=%2Fwp%2Fv2%2Fmedia&parent=223"}],"curies":[{"name":"wp","href":"https:\/\/api.w.org\/{rel}","templated":true}]}}