{"id":241,"date":"2016-11-04T09:39:51","date_gmt":"2016-11-04T12:39:51","guid":{"rendered":"http:\/\/192.168.1.190\/hospitalonativia\/?page_id=241"},"modified":"2017-10-03T12:35:05","modified_gmt":"2017-10-03T15:35:05","slug":"servicio-social","status":"publish","type":"page","link":"https:\/\/www.hospitalonativia.gob.ar\/?page_id=241","title":{"rendered":"Servicio Social"},"content":{"rendered":"<div class=\"col-md-12 text-center mt16 mb0\">\n<p><strong>Jefa de Sector: Lic. Alicia Cuevas<\/strong><\/p>\n<\/div>\n<div class=\"col-md-12 mb16 mt16\">\n<p><em><u><strong>Misi\u00f3n<\/strong><\/u><\/em><\/p>\n<p>Procurar brindar\u00a0 al paciente asistencia social, tras efectuar una valoraci\u00f3n diagn\u00f3stica y una investigaci\u00f3n de los factores sociales que favorecen y\/o interfieren en la salud del usuario, su familia y\u00a0 su comunidad, a fin de definir las acciones que deben implementarse para conseguir la recuperaci\u00f3n y mejoramiento de su calidad de vida.<\/p>\n<p><em><u><strong>Visi\u00f3n<\/strong><\/u><\/em><\/p>\n<p>Promover y coordinar las acciones de la unidad de Servicio Social para desarrollar con voluntad propia, una actividad profesional de calidad, de compromiso y oportunidad, con alto sentido humano, a fin de satisfacer las necesidades y demandas de salud de nuestros usuarios y prestadores de servicio.<\/p>\n<p><b><i><u>Objetivos<\/u><\/i><\/b><\/p>\n<p>Brindar\u00a0 atenci\u00f3n personalizada y humanizada a quienes concurren en la b\u00fasqueda de soluciones de sus\u00a0 problemas\u00a0 relacionados con la enfermedad, empoderando a los usuarios hacia un cambio de su realidad a trav\u00e9s del conocimiento de los recursos comunitarios disponibles a efectos de lograr la prevenci\u00f3n, promoci\u00f3n, recuperaci\u00f3n y rehabilitaci\u00f3n de la salud. Mediante el:<\/p>\n<ul>\n<li>trabajo en equipo interdisciplinario,<\/li>\n<li>trabajo en red con centros de salud, hospitales de la capital y del interior,<\/li>\n<li>y el fortalecimiento de\u00a0 la articulaci\u00f3n con todas las Unidades del Hospital.<\/li>\n<\/ul>\n<p>&nbsp;<\/p>\n<p><em><u><strong>Cartera de Servicios y Poblaci\u00f3n destinataria<\/strong><\/u><\/em><\/p>\n<ul>\n<li>Ni\u00f1os desde su nacimiento con patolog\u00edas gen\u00e9ticas<\/li>\n<li>Pacientes adultos con patolog\u00edas endocrino-metab\u00f3licas desde el \u00e1rea de consultorio externo para autorizaci\u00f3n de toda practica interna y derivaci\u00f3n de pr\u00e1cticas externas (a trav\u00e9s de subsidios M.S.P).<\/li>\n<li>Pacientes adultos internados con patolog\u00edas endocrino &#8211; metab\u00f3licas y de otras especialidades, para autorizaci\u00f3n de su internaci\u00f3n a trav\u00e9s de Informe social, con o sin obra social.<\/li>\n<li>Pacientes del \u00e1rea de Nefrolog\u00eda en hemodi\u00e1lisis.<\/li>\n<li>Pacientes j\u00f3venes y adultos en tratamiento con \u00e1rea de Salud Mental derivados por psiquiatr\u00eda y psicolog\u00eda, por algunas de las siguientes situaciones\/diagn\u00f3sticos: abandono familiar, <em>violencia familiar, trastornos de la conducta alimentaria, alcoholismo, adicci\u00f3n a distintas sustancias, otros. <\/em><\/li>\n<li>Pacientes oncol\u00f3gicos de endocrinolog\u00eda, ginecolog\u00eda y patolog\u00eda mamaria<\/li>\n<\/ul>\n<p><strong>Se EXCLUYE de la cartera de servicios:\u00a0<\/strong> Todas aquellas patolog\u00edas que no corresponden al perfil de la Instituci\u00f3n (Por ejemplo: neurolog\u00eda, hematolog\u00eda, neumonolog\u00eda, otras) asesorando al paciente hacia una correcta derivaci\u00f3n para cubrir su demanda de salud en otros Hospitales.<\/p>\n<p><strong>Recursos Humanos<\/strong><\/p>\n<p>CUEVAS ALICIA, LICENCIADA EN SERVICIO SOCIAL<\/p>\n<p>CRUZ GRACIELA, LICENCIADA EN SERVICIO SOCIAL<\/p>\n<p>GONZ\u00c1LEZ MARIA EUGENIA, ASISTENTE SOCIAL<\/p>\n<p>&nbsp;<\/p>\n<\/div>\n","protected":false},"excerpt":{"rendered":"<p>Jefa de Sector: Lic. Alicia Cuevas Misi\u00f3n Procurar brindar\u00a0 al paciente asistencia social, tras efectuar una valoraci\u00f3n diagn\u00f3stica y una<\/p>\n","protected":false},"author":2,"featured_media":0,"parent":0,"menu_order":0,"comment_status":"closed","ping_status":"closed","template":"","meta":{"footnotes":""},"class_list":["post-241","page","type-page","status-publish","hentry"],"yoast_head":"<!-- This site is optimized with the Yoast SEO plugin v18.0 - https:\/\/yoast.com\/wordpress\/plugins\/seo\/ -->\n<title>Servicio Social - Hospital Dr. Arturo O\u00f1ativia<\/title>\n<meta name=\"robots\" content=\"index, follow, max-snippet:-1, max-image-preview:large, max-video-preview:-1\" \/>\n<link rel=\"canonical\" href=\"https:\/\/www.hospitalonativia.gob.ar\/?page_id=241\" \/>\n<meta property=\"og:locale\" content=\"es_ES\" \/>\n<meta property=\"og:type\" content=\"article\" \/>\n<meta property=\"og:title\" content=\"Servicio Social - Hospital Dr. Arturo O\u00f1ativia\" \/>\n<meta property=\"og:description\" content=\"Jefa de Sector: Lic. Alicia Cuevas Misi\u00f3n Procurar brindar\u00a0 al paciente asistencia social, tras efectuar una valoraci\u00f3n diagn\u00f3stica y una\" \/>\n<meta property=\"og:url\" content=\"https:\/\/www.hospitalonativia.gob.ar\/?page_id=241\" \/>\n<meta property=\"og:site_name\" content=\"Hospital Dr. Arturo O\u00f1ativia\" \/>\n<meta property=\"article:modified_time\" content=\"2017-10-03T15:35:05+00:00\" \/>\n<meta name=\"twitter:card\" content=\"summary_large_image\" \/>\n<meta name=\"twitter:label1\" content=\"Tiempo de lectura\" \/>\n\t<meta name=\"twitter:data1\" content=\"2 minutos\" \/>\n<script type=\"application\/ld+json\" class=\"yoast-schema-graph\">{\"@context\":\"https:\/\/schema.org\",\"@graph\":[{\"@type\":\"WebSite\",\"@id\":\"https:\/\/www.hospitalonativia.gob.ar\/#website\",\"url\":\"https:\/\/www.hospitalonativia.gob.ar\/\",\"name\":\"Hospital Dr. Arturo O\u00f1ativia\",\"description\":\"Salta Capital\",\"potentialAction\":[{\"@type\":\"SearchAction\",\"target\":{\"@type\":\"EntryPoint\",\"urlTemplate\":\"https:\/\/www.hospitalonativia.gob.ar\/?s={search_term_string}\"},\"query-input\":\"required name=search_term_string\"}],\"inLanguage\":\"es\"},{\"@type\":\"WebPage\",\"@id\":\"https:\/\/www.hospitalonativia.gob.ar\/?page_id=241#webpage\",\"url\":\"https:\/\/www.hospitalonativia.gob.ar\/?page_id=241\",\"name\":\"Servicio Social - Hospital Dr. Arturo O\u00f1ativia\",\"isPartOf\":{\"@id\":\"https:\/\/www.hospitalonativia.gob.ar\/#website\"},\"datePublished\":\"2016-11-04T12:39:51+00:00\",\"dateModified\":\"2017-10-03T15:35:05+00:00\",\"breadcrumb\":{\"@id\":\"https:\/\/www.hospitalonativia.gob.ar\/?page_id=241#breadcrumb\"},\"inLanguage\":\"es\",\"potentialAction\":[{\"@type\":\"ReadAction\",\"target\":[\"https:\/\/www.hospitalonativia.gob.ar\/?page_id=241\"]}]},{\"@type\":\"BreadcrumbList\",\"@id\":\"https:\/\/www.hospitalonativia.gob.ar\/?page_id=241#breadcrumb\",\"itemListElement\":[{\"@type\":\"ListItem\",\"position\":1,\"name\":\"Portada\",\"item\":\"https:\/\/www.hospitalonativia.gob.ar\/\"},{\"@type\":\"ListItem\",\"position\":2,\"name\":\"Servicio Social\"}]}]}<\/script>\n<!-- \/ Yoast SEO plugin. -->","yoast_head_json":{"title":"Servicio Social - Hospital Dr. Arturo O\u00f1ativia","robots":{"index":"index","follow":"follow","max-snippet":"max-snippet:-1","max-image-preview":"max-image-preview:large","max-video-preview":"max-video-preview:-1"},"canonical":"https:\/\/www.hospitalonativia.gob.ar\/?page_id=241","og_locale":"es_ES","og_type":"article","og_title":"Servicio Social - Hospital Dr. Arturo O\u00f1ativia","og_description":"Jefa de Sector: Lic. Alicia Cuevas Misi\u00f3n Procurar brindar\u00a0 al paciente asistencia social, tras efectuar una valoraci\u00f3n diagn\u00f3stica y una","og_url":"https:\/\/www.hospitalonativia.gob.ar\/?page_id=241","og_site_name":"Hospital Dr. Arturo O\u00f1ativia","article_modified_time":"2017-10-03T15:35:05+00:00","twitter_card":"summary_large_image","twitter_misc":{"Tiempo de lectura":"2 minutos"},"schema":{"@context":"https:\/\/schema.org","@graph":[{"@type":"WebSite","@id":"https:\/\/www.hospitalonativia.gob.ar\/#website","url":"https:\/\/www.hospitalonativia.gob.ar\/","name":"Hospital Dr. Arturo O\u00f1ativia","description":"Salta Capital","potentialAction":[{"@type":"SearchAction","target":{"@type":"EntryPoint","urlTemplate":"https:\/\/www.hospitalonativia.gob.ar\/?s={search_term_string}"},"query-input":"required name=search_term_string"}],"inLanguage":"es"},{"@type":"WebPage","@id":"https:\/\/www.hospitalonativia.gob.ar\/?page_id=241#webpage","url":"https:\/\/www.hospitalonativia.gob.ar\/?page_id=241","name":"Servicio Social - Hospital Dr. Arturo O\u00f1ativia","isPartOf":{"@id":"https:\/\/www.hospitalonativia.gob.ar\/#website"},"datePublished":"2016-11-04T12:39:51+00:00","dateModified":"2017-10-03T15:35:05+00:00","breadcrumb":{"@id":"https:\/\/www.hospitalonativia.gob.ar\/?page_id=241#breadcrumb"},"inLanguage":"es","potentialAction":[{"@type":"ReadAction","target":["https:\/\/www.hospitalonativia.gob.ar\/?page_id=241"]}]},{"@type":"BreadcrumbList","@id":"https:\/\/www.hospitalonativia.gob.ar\/?page_id=241#breadcrumb","itemListElement":[{"@type":"ListItem","position":1,"name":"Portada","item":"https:\/\/www.hospitalonativia.gob.ar\/"},{"@type":"ListItem","position":2,"name":"Servicio Social"}]}]}},"_links":{"self":[{"href":"https:\/\/www.hospitalonativia.gob.ar\/index.php?rest_route=\/wp\/v2\/pages\/241"}],"collection":[{"href":"https:\/\/www.hospitalonativia.gob.ar\/index.php?rest_route=\/wp\/v2\/pages"}],"about":[{"href":"https:\/\/www.hospitalonativia.gob.ar\/index.php?rest_route=\/wp\/v2\/types\/page"}],"author":[{"embeddable":true,"href":"https:\/\/www.hospitalonativia.gob.ar\/index.php?rest_route=\/wp\/v2\/users\/2"}],"replies":[{"embeddable":true,"href":"https:\/\/www.hospitalonativia.gob.ar\/index.php?rest_route=%2Fwp%2Fv2%2Fcomments&post=241"}],"version-history":[{"count":6,"href":"https:\/\/www.hospitalonativia.gob.ar\/index.php?rest_route=\/wp\/v2\/pages\/241\/revisions"}],"predecessor-version":[{"id":1266,"href":"https:\/\/www.hospitalonativia.gob.ar\/index.php?rest_route=\/wp\/v2\/pages\/241\/revisions\/1266"}],"wp:attachment":[{"href":"https:\/\/www.hospitalonativia.gob.ar\/index.php?rest_route=%2Fwp%2Fv2%2Fmedia&parent=241"}],"curies":[{"name":"wp","href":"https:\/\/api.w.org\/{rel}","templated":true}]}}