{"id":244,"date":"2016-11-04T09:41:29","date_gmt":"2016-11-04T12:41:29","guid":{"rendered":"http:\/\/192.168.1.190\/hospitalonativia\/?page_id=244"},"modified":"2021-07-26T13:09:59","modified_gmt":"2021-07-26T16:09:59","slug":"unidad-de-hepatitis-virales","status":"publish","type":"page","link":"https:\/\/www.hospitalonativia.gob.ar\/?page_id=244","title":{"rendered":"Unidad de Hepatitis Virales"},"content":{"rendered":"<div class=\"col-md-12 text-center mt16 mb0\">\n<p>UNIDAD DE HEPATITIS VIRALES<\/p>\n<p><b>Jefe de la Unidad: Dr. Sebasti\u00e1n Figueroa Escuti<\/b><\/p>\n<\/div>\n<div class=\"col-md-12 mb16 mt16\">\n<p>Es un servicio que provee el Hospital P\u00fablico Dr. Arturo O\u00f1ativia a la poblaci\u00f3n afectada por los virus que producen hepatitis, especialmente de aquellos virus m\u00e1s problem\u00e1ticos, como el de la Hepatitis B y de la Hepatitis C. Est\u00e1 integrado por un equipo de profesionales, especializados en distintas \u00e1reas, que en su conjunto brindan un trato de calidad y eficiencia.<\/p>\n<div class=\"entry-content\">\n<p>\u00bfCu\u00e1l es el principal objetivo de UN.HE.VI.?<\/p>\n<p>Poder acceder a toda la poblaci\u00f3n residente en la provincia de Salta y zonas de influencia, que se encuentre afectada por dichas infecciones, para luego poder ofrecerle de una manera simple y accesible todas las pruebas diagnosticas, y tratamientos que fueren necesarios.<\/p>\n<p><strong>\u00bfUN.HE.VI tiene<\/strong> <strong>adem\u00e1s otros objetivos?<\/strong><\/p>\n<p>Las hepatitis virales cr\u00f3nicas en general no suelen presentar s\u00edntomas en etapas tempranas de la infecci\u00f3n, haci\u00e9ndose cl\u00ednicamente manifiestas en etapas m\u00e1s avanzadas de la enfermedad. \u00a0Cuanto m\u00e1s \u201ctarde\u201d se detecta la enfermedad, m\u00e1s dif\u00edcil es poder controlarla. Estas infecciones, sin tratamiento adecuado, pueden llevar con el tiempo a que el paciente presente cirrosis y c\u00e1ncer de h\u00edgado. Es por este motivo, que UN.HE.VI, se encargar\u00e1 activamente de salir en busca de personas que este infectadas y que no lo saben, o que si lo saben pero no han podido acceder a un tratamiento adecuado. Se estima que al menos el 80% de los infectados con hepatitis C,\u00a0 no lo sabe.<\/p>\n<p><strong>\u00bfC\u00f3mo se puede acceder a UN.HE.VI?<\/strong><\/p>\n<p>Se puede solicitar turnos de lunes a viernes de 14 a 18 hs. en Ventanilla de Turnos del Hospital.<\/p>\n<\/div>\n<\/div>\n","protected":false},"excerpt":{"rendered":"<p>UNIDAD DE HEPATITIS VIRALES Jefe de la Unidad: Dr. Sebasti\u00e1n Figueroa Escuti Es un servicio que provee el Hospital P\u00fablico<\/p>\n","protected":false},"author":2,"featured_media":0,"parent":0,"menu_order":0,"comment_status":"closed","ping_status":"closed","template":"","meta":{"footnotes":""},"class_list":["post-244","page","type-page","status-publish","hentry"],"yoast_head":"<!-- This site is optimized with the Yoast SEO plugin v18.0 - https:\/\/yoast.com\/wordpress\/plugins\/seo\/ -->\n<title>Unidad de Hepatitis Virales - Hospital Dr. Arturo O\u00f1ativia<\/title>\n<meta name=\"robots\" content=\"index, follow, max-snippet:-1, max-image-preview:large, max-video-preview:-1\" \/>\n<link rel=\"canonical\" href=\"https:\/\/www.hospitalonativia.gob.ar\/?page_id=244\" \/>\n<meta property=\"og:locale\" content=\"es_ES\" \/>\n<meta property=\"og:type\" content=\"article\" \/>\n<meta property=\"og:title\" content=\"Unidad de Hepatitis Virales - Hospital Dr. Arturo O\u00f1ativia\" \/>\n<meta property=\"og:description\" content=\"UNIDAD DE HEPATITIS VIRALES Jefe de la Unidad: Dr. Sebasti\u00e1n Figueroa Escuti Es un servicio que provee el Hospital P\u00fablico\" \/>\n<meta property=\"og:url\" content=\"https:\/\/www.hospitalonativia.gob.ar\/?page_id=244\" \/>\n<meta property=\"og:site_name\" content=\"Hospital Dr. Arturo O\u00f1ativia\" \/>\n<meta property=\"article:modified_time\" content=\"2021-07-26T16:09:59+00:00\" \/>\n<meta name=\"twitter:card\" content=\"summary_large_image\" \/>\n<meta name=\"twitter:label1\" content=\"Tiempo de lectura\" \/>\n\t<meta name=\"twitter:data1\" content=\"1 minuto\" \/>\n<script type=\"application\/ld+json\" class=\"yoast-schema-graph\">{\"@context\":\"https:\/\/schema.org\",\"@graph\":[{\"@type\":\"WebSite\",\"@id\":\"https:\/\/www.hospitalonativia.gob.ar\/#website\",\"url\":\"https:\/\/www.hospitalonativia.gob.ar\/\",\"name\":\"Hospital Dr. Arturo O\u00f1ativia\",\"description\":\"Salta Capital\",\"potentialAction\":[{\"@type\":\"SearchAction\",\"target\":{\"@type\":\"EntryPoint\",\"urlTemplate\":\"https:\/\/www.hospitalonativia.gob.ar\/?s={search_term_string}\"},\"query-input\":\"required name=search_term_string\"}],\"inLanguage\":\"es\"},{\"@type\":\"WebPage\",\"@id\":\"https:\/\/www.hospitalonativia.gob.ar\/?page_id=244#webpage\",\"url\":\"https:\/\/www.hospitalonativia.gob.ar\/?page_id=244\",\"name\":\"Unidad de Hepatitis Virales - Hospital Dr. Arturo O\u00f1ativia\",\"isPartOf\":{\"@id\":\"https:\/\/www.hospitalonativia.gob.ar\/#website\"},\"datePublished\":\"2016-11-04T12:41:29+00:00\",\"dateModified\":\"2021-07-26T16:09:59+00:00\",\"breadcrumb\":{\"@id\":\"https:\/\/www.hospitalonativia.gob.ar\/?page_id=244#breadcrumb\"},\"inLanguage\":\"es\",\"potentialAction\":[{\"@type\":\"ReadAction\",\"target\":[\"https:\/\/www.hospitalonativia.gob.ar\/?page_id=244\"]}]},{\"@type\":\"BreadcrumbList\",\"@id\":\"https:\/\/www.hospitalonativia.gob.ar\/?page_id=244#breadcrumb\",\"itemListElement\":[{\"@type\":\"ListItem\",\"position\":1,\"name\":\"Portada\",\"item\":\"https:\/\/www.hospitalonativia.gob.ar\/\"},{\"@type\":\"ListItem\",\"position\":2,\"name\":\"Unidad de Hepatitis Virales\"}]}]}<\/script>\n<!-- \/ Yoast SEO plugin. -->","yoast_head_json":{"title":"Unidad de Hepatitis Virales - Hospital Dr. Arturo O\u00f1ativia","robots":{"index":"index","follow":"follow","max-snippet":"max-snippet:-1","max-image-preview":"max-image-preview:large","max-video-preview":"max-video-preview:-1"},"canonical":"https:\/\/www.hospitalonativia.gob.ar\/?page_id=244","og_locale":"es_ES","og_type":"article","og_title":"Unidad de Hepatitis Virales - Hospital Dr. Arturo O\u00f1ativia","og_description":"UNIDAD DE HEPATITIS VIRALES Jefe de la Unidad: Dr. Sebasti\u00e1n Figueroa Escuti Es un servicio que provee el Hospital P\u00fablico","og_url":"https:\/\/www.hospitalonativia.gob.ar\/?page_id=244","og_site_name":"Hospital Dr. Arturo O\u00f1ativia","article_modified_time":"2021-07-26T16:09:59+00:00","twitter_card":"summary_large_image","twitter_misc":{"Tiempo de lectura":"1 minuto"},"schema":{"@context":"https:\/\/schema.org","@graph":[{"@type":"WebSite","@id":"https:\/\/www.hospitalonativia.gob.ar\/#website","url":"https:\/\/www.hospitalonativia.gob.ar\/","name":"Hospital Dr. Arturo O\u00f1ativia","description":"Salta Capital","potentialAction":[{"@type":"SearchAction","target":{"@type":"EntryPoint","urlTemplate":"https:\/\/www.hospitalonativia.gob.ar\/?s={search_term_string}"},"query-input":"required name=search_term_string"}],"inLanguage":"es"},{"@type":"WebPage","@id":"https:\/\/www.hospitalonativia.gob.ar\/?page_id=244#webpage","url":"https:\/\/www.hospitalonativia.gob.ar\/?page_id=244","name":"Unidad de Hepatitis Virales - Hospital Dr. Arturo O\u00f1ativia","isPartOf":{"@id":"https:\/\/www.hospitalonativia.gob.ar\/#website"},"datePublished":"2016-11-04T12:41:29+00:00","dateModified":"2021-07-26T16:09:59+00:00","breadcrumb":{"@id":"https:\/\/www.hospitalonativia.gob.ar\/?page_id=244#breadcrumb"},"inLanguage":"es","potentialAction":[{"@type":"ReadAction","target":["https:\/\/www.hospitalonativia.gob.ar\/?page_id=244"]}]},{"@type":"BreadcrumbList","@id":"https:\/\/www.hospitalonativia.gob.ar\/?page_id=244#breadcrumb","itemListElement":[{"@type":"ListItem","position":1,"name":"Portada","item":"https:\/\/www.hospitalonativia.gob.ar\/"},{"@type":"ListItem","position":2,"name":"Unidad de Hepatitis Virales"}]}]}},"_links":{"self":[{"href":"https:\/\/www.hospitalonativia.gob.ar\/index.php?rest_route=\/wp\/v2\/pages\/244"}],"collection":[{"href":"https:\/\/www.hospitalonativia.gob.ar\/index.php?rest_route=\/wp\/v2\/pages"}],"about":[{"href":"https:\/\/www.hospitalonativia.gob.ar\/index.php?rest_route=\/wp\/v2\/types\/page"}],"author":[{"embeddable":true,"href":"https:\/\/www.hospitalonativia.gob.ar\/index.php?rest_route=\/wp\/v2\/users\/2"}],"replies":[{"embeddable":true,"href":"https:\/\/www.hospitalonativia.gob.ar\/index.php?rest_route=%2Fwp%2Fv2%2Fcomments&post=244"}],"version-history":[{"count":5,"href":"https:\/\/www.hospitalonativia.gob.ar\/index.php?rest_route=\/wp\/v2\/pages\/244\/revisions"}],"predecessor-version":[{"id":1796,"href":"https:\/\/www.hospitalonativia.gob.ar\/index.php?rest_route=\/wp\/v2\/pages\/244\/revisions\/1796"}],"wp:attachment":[{"href":"https:\/\/www.hospitalonativia.gob.ar\/index.php?rest_route=%2Fwp%2Fv2%2Fmedia&parent=244"}],"curies":[{"name":"wp","href":"https:\/\/api.w.org\/{rel}","templated":true}]}}