{"id":439,"date":"2017-04-19T10:28:56","date_gmt":"2017-04-19T13:28:56","guid":{"rendered":"http:\/\/www.hospitalonativia.gob.ar\/?page_id=439"},"modified":"2019-01-03T11:33:53","modified_gmt":"2019-01-03T14:33:53","slug":"recursos-humanos","status":"publish","type":"page","link":"https:\/\/www.hospitalonativia.gob.ar\/?page_id=439","title":{"rendered":"Recursos Humanos"},"content":{"rendered":"<p>JEFE DE PROGRAMA: DRA. SONIA NEFA<\/p>\n<p><strong><em><u>MISI\u00d3N<\/u><\/em><\/strong><\/p>\n<p><em>El programa de Recursos Humanos del Hospital Dr. Arturo O\u00f1ativia tiene por misi\u00f3n la gesti\u00f3n de toda actividad referida a la formaci\u00f3n, promoci\u00f3n, desarrollo y crecimiento profesional tanto del personal perteneciente a la Instituci\u00f3n y comprendido en cada uno de sus estamentos, como de todos aquellos profesionales que tengan inter\u00e9s en acceder a los programas de formaci\u00f3n y capacitaci\u00f3n existentes mediante los sistemas de residencias, concurrencias, rotaciones, pasant\u00edas, visitas, cursos, jornadas y actividades cient\u00edficas que se implementen, Asume adem\u00e1s, la gesti\u00f3n de los sistemas de concursos para cubrir funciones jer\u00e1rquicas, la selecci\u00f3n de personal y dem\u00e1s sistemas de promoci\u00f3n que se generen en la Instituci\u00f3n y\u00a0 la implementaci\u00f3n de toda\u00a0 normativa vigente respecto al \u00e1mbito de los recursos humanos.<\/em><\/p>\n<p><strong><em><u>VISI\u00d3N<\/u><\/em><\/strong><\/p>\n<p>El programa de Recursos Humanos tiene por visi\u00f3n la de constituirse como un \u00e1rea\u00a0 que gestione de manera profesional y eficiente todos las actividades referentes a la selecci\u00f3n,\u00a0 capacitaci\u00f3n, formaci\u00f3n continua y sistemas de promoci\u00f3n, que se lleven a cabo en nuestra Instituci\u00f3n, mediante la implementaci\u00f3n de pol\u00edticas acordes a la normativa vigente, que contribuyan a lograr el reconocimiento del hospital como un centro de formaci\u00f3n profesional y de desarrollo de actividades cient\u00edficas.<\/p>\n<p><strong><em><u>VALORES<\/u><\/em><\/strong><\/p>\n<ul>\n<li>Responsabilidad: Asumir un rol activo y comprometido con el desarrollo de las actividades diarias.<\/li>\n<li>Respeto: buen trato en el desarrollo de las relaciones con usuarios e integrantes del equipo de salud, reconociendo su dignidad, diferencias, derechos y deberes.<\/li>\n<li>Equidad: asegurar la igualdad de oportunidades para el crecimiento y desarrollo de cada miembro de la Instituci\u00f3n, en un contexto de condiciones laborales dignas para todos.<\/li>\n<li>Cooperaci\u00f3n y ayuda: actitud permanente de compa\u00f1erismo y apoyo mutuo que favorece el desarrollo de las capacidades de las personas.<\/li>\n<\/ul>\n<p>&nbsp;<\/p>\n<p><strong><em><u>FUNCIONES.<\/u><\/em><\/strong><\/p>\n<ul>\n<li>Coordinar todas las actividades de capacitaci\u00f3n y formaci\u00f3n que se lleven a cabo en la instituci\u00f3n mediante los sistemas de concurrencias, residencias, pasant\u00edas, rotaciones y visitas, as\u00ed como la realizaci\u00f3n de talleres, cursos jornadas de capacitaci\u00f3n, tramitando su aprobaci\u00f3n a nivel ministerial.<\/li>\n<li>Analizar si los actuales sistemas de formaci\u00f3n de la Instituci\u00f3n son pertinentes, especialmente con relaci\u00f3n a las necesidades del ejercicio profesional de la Salud P\u00fablica, y promover nuevas capacitaciones que resulten necesarias.<\/li>\n<li>Evaluar y controlar los sistemas de formaci\u00f3n y capacitaci\u00f3n ofrecidos por el hospital, en cuanto a la pertinencia de los programas, trabajo docente, asistencia, evaluaciones, desarrollo de investigaciones, logro de objetivos educativos.<\/li>\n<li>Manejar los reg\u00edmenes de licencia por capacitaci\u00f3n a los que acceda cada uno de los miembros del personal (todos los estamentos) <strong><u>a fin de que resulten acordes a sus funciones en el hospital y a su formaci\u00f3n profesional.<\/u><\/strong><\/li>\n<li>Fortalecer el desarrollo de la carrera profesional y administrativa por la v\u00eda de concursos para cubrir funciones jer\u00e1rquicas.<\/li>\n<li>Coordinar acciones junto a la Comisi\u00f3n Asesora de Docencia e Investigaci\u00f3n de la Instituci\u00f3n para la gesti\u00f3n y prosecuci\u00f3n de actividades de capacitaci\u00f3n en los diferentes servicios, a fin de mejorar permanentemente la calidad de formaci\u00f3n y el desempe\u00f1o adecuado de los mismos como unidades acad\u00e9micas.<\/li>\n<li>Contribuir a la promoci\u00f3n de la actividad cient\u00edfica desde todas sus manifestaciones, mediante el trabajo conjunto con la Comisi\u00f3n Asesora\u00a0 de Docencia e Investigaci\u00f3n.<\/li>\n<li>Propiciar la constituci\u00f3n y el sostenimiento de los Comit\u00e9s hospitalarios.<\/li>\n<li>Asesorar al nivel gerencial de la Instituci\u00f3n en relaci\u00f3n a la determinaci\u00f3n de los perfiles de cargos y necesidades de cada \u00e1rea a fin de que puedan adecuarse y optimizarse las aptitudes y capacidades de cada agente en relaci\u00f3n a la tarea y resultados esperados.<\/li>\n<li>Propiciar mecanismos para el fortalecimiento del clima organizacional adecuado, a trav\u00e9s de la motivaci\u00f3n y mediaci\u00f3n en la resoluci\u00f3n de conflictos.<\/li>\n<li>Interactuar de forma permanente con los Programas de Recursos Humanos de otros sectores \u00a0de Salud P\u00fablica guardando relaci\u00f3n con la Direcci\u00f3n de Recursos Humanos del nivel Central, para la puesta en com\u00fan de la problem\u00e1tica de cada \u00e1rea que permita compartir experiencias e identificar probables soluciones.<\/li>\n<\/ul>\n<p><strong>RECURSOS HUMANOS<\/strong><\/p>\n<p style=\"margin: 0cm; margin-bottom: .0001pt;\">DRA. SONIA NEFA \u2013 JEFA DE PROGRAMA<br \/>\nSRA. JUANA S\u00c1NCHEZ- AUXILIAR ADMINISTRATIVA<br \/>\nLIC. VALERIA VIDAURRE- AUXILIAR ADMINISTRATIVA<\/p>\n<p style=\"margin: 0cm; margin-bottom: .0001pt;\">DRA. SILVIA B\u00c1RCENA<\/p>\n","protected":false},"excerpt":{"rendered":"<p>JEFE DE PROGRAMA: DRA. SONIA NEFA MISI\u00d3N El programa de Recursos Humanos del Hospital Dr. Arturo O\u00f1ativia tiene por misi\u00f3n<\/p>\n","protected":false},"author":2,"featured_media":0,"parent":0,"menu_order":0,"comment_status":"closed","ping_status":"closed","template":"","meta":{"footnotes":""},"class_list":["post-439","page","type-page","status-publish","hentry"],"yoast_head":"<!-- This site is optimized with the Yoast SEO plugin v18.0 - https:\/\/yoast.com\/wordpress\/plugins\/seo\/ -->\n<title>Recursos Humanos - Hospital Dr. Arturo O\u00f1ativia<\/title>\n<meta name=\"robots\" content=\"index, follow, max-snippet:-1, max-image-preview:large, max-video-preview:-1\" \/>\n<link rel=\"canonical\" href=\"https:\/\/www.hospitalonativia.gob.ar\/?page_id=439\" \/>\n<meta property=\"og:locale\" content=\"es_ES\" \/>\n<meta property=\"og:type\" content=\"article\" \/>\n<meta property=\"og:title\" content=\"Recursos Humanos - Hospital Dr. Arturo O\u00f1ativia\" \/>\n<meta property=\"og:description\" content=\"JEFE DE PROGRAMA: DRA. SONIA NEFA MISI\u00d3N El programa de Recursos Humanos del Hospital Dr. Arturo O\u00f1ativia tiene por misi\u00f3n\" \/>\n<meta property=\"og:url\" content=\"https:\/\/www.hospitalonativia.gob.ar\/?page_id=439\" \/>\n<meta property=\"og:site_name\" content=\"Hospital Dr. Arturo O\u00f1ativia\" \/>\n<meta property=\"article:modified_time\" content=\"2019-01-03T14:33:53+00:00\" \/>\n<meta name=\"twitter:card\" content=\"summary_large_image\" \/>\n<meta name=\"twitter:label1\" content=\"Tiempo de lectura\" \/>\n\t<meta name=\"twitter:data1\" content=\"4 minutos\" \/>\n<script type=\"application\/ld+json\" class=\"yoast-schema-graph\">{\"@context\":\"https:\/\/schema.org\",\"@graph\":[{\"@type\":\"WebSite\",\"@id\":\"https:\/\/www.hospitalonativia.gob.ar\/#website\",\"url\":\"https:\/\/www.hospitalonativia.gob.ar\/\",\"name\":\"Hospital Dr. Arturo O\u00f1ativia\",\"description\":\"Salta Capital\",\"potentialAction\":[{\"@type\":\"SearchAction\",\"target\":{\"@type\":\"EntryPoint\",\"urlTemplate\":\"https:\/\/www.hospitalonativia.gob.ar\/?s={search_term_string}\"},\"query-input\":\"required name=search_term_string\"}],\"inLanguage\":\"es\"},{\"@type\":\"WebPage\",\"@id\":\"https:\/\/www.hospitalonativia.gob.ar\/?page_id=439#webpage\",\"url\":\"https:\/\/www.hospitalonativia.gob.ar\/?page_id=439\",\"name\":\"Recursos Humanos - Hospital Dr. Arturo O\u00f1ativia\",\"isPartOf\":{\"@id\":\"https:\/\/www.hospitalonativia.gob.ar\/#website\"},\"datePublished\":\"2017-04-19T13:28:56+00:00\",\"dateModified\":\"2019-01-03T14:33:53+00:00\",\"breadcrumb\":{\"@id\":\"https:\/\/www.hospitalonativia.gob.ar\/?page_id=439#breadcrumb\"},\"inLanguage\":\"es\",\"potentialAction\":[{\"@type\":\"ReadAction\",\"target\":[\"https:\/\/www.hospitalonativia.gob.ar\/?page_id=439\"]}]},{\"@type\":\"BreadcrumbList\",\"@id\":\"https:\/\/www.hospitalonativia.gob.ar\/?page_id=439#breadcrumb\",\"itemListElement\":[{\"@type\":\"ListItem\",\"position\":1,\"name\":\"Portada\",\"item\":\"https:\/\/www.hospitalonativia.gob.ar\/\"},{\"@type\":\"ListItem\",\"position\":2,\"name\":\"Recursos Humanos\"}]}]}<\/script>\n<!-- \/ Yoast SEO plugin. -->","yoast_head_json":{"title":"Recursos Humanos - Hospital Dr. Arturo O\u00f1ativia","robots":{"index":"index","follow":"follow","max-snippet":"max-snippet:-1","max-image-preview":"max-image-preview:large","max-video-preview":"max-video-preview:-1"},"canonical":"https:\/\/www.hospitalonativia.gob.ar\/?page_id=439","og_locale":"es_ES","og_type":"article","og_title":"Recursos Humanos - Hospital Dr. Arturo O\u00f1ativia","og_description":"JEFE DE PROGRAMA: DRA. SONIA NEFA MISI\u00d3N El programa de Recursos Humanos del Hospital Dr. Arturo O\u00f1ativia tiene por misi\u00f3n","og_url":"https:\/\/www.hospitalonativia.gob.ar\/?page_id=439","og_site_name":"Hospital Dr. Arturo O\u00f1ativia","article_modified_time":"2019-01-03T14:33:53+00:00","twitter_card":"summary_large_image","twitter_misc":{"Tiempo de lectura":"4 minutos"},"schema":{"@context":"https:\/\/schema.org","@graph":[{"@type":"WebSite","@id":"https:\/\/www.hospitalonativia.gob.ar\/#website","url":"https:\/\/www.hospitalonativia.gob.ar\/","name":"Hospital Dr. Arturo O\u00f1ativia","description":"Salta Capital","potentialAction":[{"@type":"SearchAction","target":{"@type":"EntryPoint","urlTemplate":"https:\/\/www.hospitalonativia.gob.ar\/?s={search_term_string}"},"query-input":"required name=search_term_string"}],"inLanguage":"es"},{"@type":"WebPage","@id":"https:\/\/www.hospitalonativia.gob.ar\/?page_id=439#webpage","url":"https:\/\/www.hospitalonativia.gob.ar\/?page_id=439","name":"Recursos Humanos - Hospital Dr. Arturo O\u00f1ativia","isPartOf":{"@id":"https:\/\/www.hospitalonativia.gob.ar\/#website"},"datePublished":"2017-04-19T13:28:56+00:00","dateModified":"2019-01-03T14:33:53+00:00","breadcrumb":{"@id":"https:\/\/www.hospitalonativia.gob.ar\/?page_id=439#breadcrumb"},"inLanguage":"es","potentialAction":[{"@type":"ReadAction","target":["https:\/\/www.hospitalonativia.gob.ar\/?page_id=439"]}]},{"@type":"BreadcrumbList","@id":"https:\/\/www.hospitalonativia.gob.ar\/?page_id=439#breadcrumb","itemListElement":[{"@type":"ListItem","position":1,"name":"Portada","item":"https:\/\/www.hospitalonativia.gob.ar\/"},{"@type":"ListItem","position":2,"name":"Recursos Humanos"}]}]}},"_links":{"self":[{"href":"https:\/\/www.hospitalonativia.gob.ar\/index.php?rest_route=\/wp\/v2\/pages\/439"}],"collection":[{"href":"https:\/\/www.hospitalonativia.gob.ar\/index.php?rest_route=\/wp\/v2\/pages"}],"about":[{"href":"https:\/\/www.hospitalonativia.gob.ar\/index.php?rest_route=\/wp\/v2\/types\/page"}],"author":[{"embeddable":true,"href":"https:\/\/www.hospitalonativia.gob.ar\/index.php?rest_route=\/wp\/v2\/users\/2"}],"replies":[{"embeddable":true,"href":"https:\/\/www.hospitalonativia.gob.ar\/index.php?rest_route=%2Fwp%2Fv2%2Fcomments&post=439"}],"version-history":[{"count":6,"href":"https:\/\/www.hospitalonativia.gob.ar\/index.php?rest_route=\/wp\/v2\/pages\/439\/revisions"}],"predecessor-version":[{"id":1578,"href":"https:\/\/www.hospitalonativia.gob.ar\/index.php?rest_route=\/wp\/v2\/pages\/439\/revisions\/1578"}],"wp:attachment":[{"href":"https:\/\/www.hospitalonativia.gob.ar\/index.php?rest_route=%2Fwp%2Fv2%2Fmedia&parent=439"}],"curies":[{"name":"wp","href":"https:\/\/api.w.org\/{rel}","templated":true}]}}