{"id":448,"date":"2017-04-19T10:33:44","date_gmt":"2017-04-19T13:33:44","guid":{"rendered":"http:\/\/www.hospitalonativia.gob.ar\/?page_id=448"},"modified":"2017-07-18T12:12:06","modified_gmt":"2017-07-18T15:12:06","slug":"compras","status":"publish","type":"page","link":"https:\/\/www.hospitalonativia.gob.ar\/?page_id=448","title":{"rendered":"Compras"},"content":{"rendered":"<h4>Jefa de Programa: Sra. Lilian Cruz<\/h4>\n<h3>Misi\u00f3n<\/h3>\n<p>Realizar los procedimientos de Compras seg\u00fan rige la Ley 6838 de la \u201cLey de Contrataciones de la Provincia y sus Reglamentaciones\u201d. Ejecutando la totalidad de las compras\u00a0 solicitadas, con la mayor efectividad, cumpliendo las normativas vigentes. Ofreciendo un servicio integral, efectivo y seguro a los diferentes servicios del hospital.<img loading=\"lazy\" decoding=\"async\" class=\"size-medium wp-image-834 alignright\" src=\"http:\/\/www.hospitalonativia.gob.ar\/wp-content\/uploads\/2017\/04\/Compras-300x199.jpg\" alt=\"\" width=\"300\" height=\"199\" srcset=\"https:\/\/www.hospitalonativia.gob.ar\/wp-content\/uploads\/2017\/04\/Compras-300x199.jpg 300w, https:\/\/www.hospitalonativia.gob.ar\/wp-content\/uploads\/2017\/04\/Compras-768x509.jpg 768w, https:\/\/www.hospitalonativia.gob.ar\/wp-content\/uploads\/2017\/04\/Compras-1024x678.jpg 1024w\" sizes=\"(max-width: 300px) 100vw, 300px\" \/><\/p>\n<p>&nbsp;<\/p>\n<h3><strong>Visi\u00f3n<\/strong><\/h3>\n<p>Consolidarnos como unidad administrativa, incorporando y desarrollando nuevas pol\u00edticas y estrategias a fin de asegurar el aprovisionamiento de los bienes y servicios en cantidad y calidad para satisfacer eficiente y oportunamente al cliente interno y externo del Hospital. Ser una unidad referente en normas de calidad dentro de la instituci\u00f3n.<\/p>\n<p><a name=\"_Toc351634189\"><\/a><a name=\"_Toc33584658\"><\/a><a name=\"_Toc27795381\"><\/a><\/p>\n<p>Cartera de Servicios<\/p>\n<p><span style=\"text-decoration: underline;\">CLIENTE INTERNO<\/span>: Diferentes Servicios del hospital.<\/p>\n<p>Se realizan:<\/p>\n<p>Compras Directas<\/p>\n<p>Concursos de Precios<\/p>\n<p>Licitaciones.<\/p>\n<p>Contrataciones de Servicios.<\/p>\n<p>Ordenes de Compras.<\/p>\n<p>Compras por Caja Chica.<\/p>\n<p>&nbsp;<\/p>\n<p>LOS\u00a0 PROCEDIMIENTOS QUE ESTE SECTOR REALIZA SE RIGEN CON LA LEY N\u00ba 6838 de la \u201cLey de Contrataciones de la Provincia y sus Reglamentaciones\u201d<\/p>\n<p>COMPRA DIRECTA HASTA $ 50.000,00<\/p>\n<p>CONCURSO DE PRECIOS HASTA $ 75.000,00<\/p>\n<p>LICITACI\u00d3N P\u00daBLICA HASTA $ 180.000,00<\/p>\n<p>CONTRATACIONES QUE SUPEREN LOS $ 180.000,00 Seg\u00fan Disposici\u00f3n N\u00ba 01\/2008 la realiza la Coordinaci\u00f3n de Compras del Poder Ejecutivo<\/p>\n<p>MODALIDAD COMPRA ABIERTA: LICITACIONES INSTRUMENTADAS Y APERTURADAS EN MINISTERIO DE SALUD P\u00daBLICA, LP: 175.\u00a0 Para \u00datiles Menores M\u00e9dicos y Medicamentos. Convenio marco de colaboraci\u00f3n, resoluci\u00f3n 1693\/17.<\/p>\n<p>BIENES DE CAPITAL se aplican las pol\u00edticas de adquisiciones a seguir seg\u00fan MEMORANDUM N\u00ba 31\/10. Toda adquisici\u00f3n de Bienes de Capital debe contar con la AUTORIZACION PREVIA del Se\u00f1or\u00a0 Ministro de Salud sin excepci\u00f3n independientemente de los fondos que utilice el efector.<\/p>\n<p>&nbsp;<\/p>\n<p><span style=\"text-decoration: underline;\">CLIENTE EXTERNO<\/span>: Proveedores, Oficinas de Compras de otros Hospitales, Ministerio de Salud P\u00fablica.<\/p>\n<p>Se realizan:<\/p>\n<p>Invitaci\u00f3n a proveedores a las diferentes contrataciones.<\/p>\n<p>Comparativa de precios.<\/p>\n<p>Ordenes de Compras.<\/p>\n<p>Contratos.<\/p>\n<p>&nbsp;<\/p>\n<p>RECURSOS HUMANOS<\/p>\n<p>Sra. Lilian Cruz<\/p>\n<p>Sra. Lorena P\u00e9rez<\/p>\n<p>Sta. Carolina Flores<\/p>\n<p>Sta. Romina Medina<\/p>\n<p>&nbsp;<\/p>\n<p>&nbsp;<\/p>\n","protected":false},"excerpt":{"rendered":"<p>Jefa de Programa: Sra. Lilian Cruz Misi\u00f3n Realizar los procedimientos de Compras seg\u00fan rige la Ley 6838 de la \u201cLey<\/p>\n","protected":false},"author":2,"featured_media":0,"parent":0,"menu_order":0,"comment_status":"closed","ping_status":"closed","template":"","meta":{"footnotes":""},"class_list":["post-448","page","type-page","status-publish","hentry"],"yoast_head":"<!-- This site is optimized with the Yoast SEO plugin v18.0 - https:\/\/yoast.com\/wordpress\/plugins\/seo\/ -->\n<title>Compras - Hospital Dr. Arturo O\u00f1ativia<\/title>\n<meta name=\"robots\" content=\"index, follow, max-snippet:-1, max-image-preview:large, max-video-preview:-1\" \/>\n<link rel=\"canonical\" href=\"https:\/\/www.hospitalonativia.gob.ar\/?page_id=448\" \/>\n<meta property=\"og:locale\" content=\"es_ES\" \/>\n<meta property=\"og:type\" content=\"article\" \/>\n<meta property=\"og:title\" content=\"Compras - Hospital Dr. Arturo O\u00f1ativia\" \/>\n<meta property=\"og:description\" content=\"Jefa de Programa: Sra. Lilian Cruz Misi\u00f3n Realizar los procedimientos de Compras seg\u00fan rige la Ley 6838 de la \u201cLey\" \/>\n<meta property=\"og:url\" content=\"https:\/\/www.hospitalonativia.gob.ar\/?page_id=448\" \/>\n<meta property=\"og:site_name\" content=\"Hospital Dr. Arturo O\u00f1ativia\" \/>\n<meta property=\"article:modified_time\" content=\"2017-07-18T15:12:06+00:00\" \/>\n<meta property=\"og:image\" content=\"http:\/\/www.hospitalonativia.gob.ar\/wp-content\/uploads\/2017\/04\/Compras-300x199.jpg\" \/>\n<meta name=\"twitter:card\" content=\"summary_large_image\" \/>\n<meta name=\"twitter:label1\" content=\"Tiempo de lectura\" \/>\n\t<meta name=\"twitter:data1\" content=\"2 minutos\" \/>\n<script type=\"application\/ld+json\" class=\"yoast-schema-graph\">{\"@context\":\"https:\/\/schema.org\",\"@graph\":[{\"@type\":\"WebSite\",\"@id\":\"https:\/\/www.hospitalonativia.gob.ar\/#website\",\"url\":\"https:\/\/www.hospitalonativia.gob.ar\/\",\"name\":\"Hospital Dr. Arturo O\u00f1ativia\",\"description\":\"Salta Capital\",\"potentialAction\":[{\"@type\":\"SearchAction\",\"target\":{\"@type\":\"EntryPoint\",\"urlTemplate\":\"https:\/\/www.hospitalonativia.gob.ar\/?s={search_term_string}\"},\"query-input\":\"required name=search_term_string\"}],\"inLanguage\":\"es\"},{\"@type\":\"ImageObject\",\"@id\":\"https:\/\/www.hospitalonativia.gob.ar\/?page_id=448#primaryimage\",\"inLanguage\":\"es\",\"url\":\"http:\/\/www.hospitalonativia.gob.ar\/wp-content\/uploads\/2017\/04\/Compras-300x199.jpg\",\"contentUrl\":\"http:\/\/www.hospitalonativia.gob.ar\/wp-content\/uploads\/2017\/04\/Compras-300x199.jpg\"},{\"@type\":\"WebPage\",\"@id\":\"https:\/\/www.hospitalonativia.gob.ar\/?page_id=448#webpage\",\"url\":\"https:\/\/www.hospitalonativia.gob.ar\/?page_id=448\",\"name\":\"Compras - Hospital Dr. Arturo O\u00f1ativia\",\"isPartOf\":{\"@id\":\"https:\/\/www.hospitalonativia.gob.ar\/#website\"},\"primaryImageOfPage\":{\"@id\":\"https:\/\/www.hospitalonativia.gob.ar\/?page_id=448#primaryimage\"},\"datePublished\":\"2017-04-19T13:33:44+00:00\",\"dateModified\":\"2017-07-18T15:12:06+00:00\",\"breadcrumb\":{\"@id\":\"https:\/\/www.hospitalonativia.gob.ar\/?page_id=448#breadcrumb\"},\"inLanguage\":\"es\",\"potentialAction\":[{\"@type\":\"ReadAction\",\"target\":[\"https:\/\/www.hospitalonativia.gob.ar\/?page_id=448\"]}]},{\"@type\":\"BreadcrumbList\",\"@id\":\"https:\/\/www.hospitalonativia.gob.ar\/?page_id=448#breadcrumb\",\"itemListElement\":[{\"@type\":\"ListItem\",\"position\":1,\"name\":\"Portada\",\"item\":\"https:\/\/www.hospitalonativia.gob.ar\/\"},{\"@type\":\"ListItem\",\"position\":2,\"name\":\"Compras\"}]}]}<\/script>\n<!-- \/ Yoast SEO plugin. -->","yoast_head_json":{"title":"Compras - Hospital Dr. Arturo O\u00f1ativia","robots":{"index":"index","follow":"follow","max-snippet":"max-snippet:-1","max-image-preview":"max-image-preview:large","max-video-preview":"max-video-preview:-1"},"canonical":"https:\/\/www.hospitalonativia.gob.ar\/?page_id=448","og_locale":"es_ES","og_type":"article","og_title":"Compras - Hospital Dr. Arturo O\u00f1ativia","og_description":"Jefa de Programa: Sra. Lilian Cruz Misi\u00f3n Realizar los procedimientos de Compras seg\u00fan rige la Ley 6838 de la \u201cLey","og_url":"https:\/\/www.hospitalonativia.gob.ar\/?page_id=448","og_site_name":"Hospital Dr. Arturo O\u00f1ativia","article_modified_time":"2017-07-18T15:12:06+00:00","og_image":[{"url":"http:\/\/www.hospitalonativia.gob.ar\/wp-content\/uploads\/2017\/04\/Compras-300x199.jpg"}],"twitter_card":"summary_large_image","twitter_misc":{"Tiempo de lectura":"2 minutos"},"schema":{"@context":"https:\/\/schema.org","@graph":[{"@type":"WebSite","@id":"https:\/\/www.hospitalonativia.gob.ar\/#website","url":"https:\/\/www.hospitalonativia.gob.ar\/","name":"Hospital Dr. Arturo O\u00f1ativia","description":"Salta Capital","potentialAction":[{"@type":"SearchAction","target":{"@type":"EntryPoint","urlTemplate":"https:\/\/www.hospitalonativia.gob.ar\/?s={search_term_string}"},"query-input":"required name=search_term_string"}],"inLanguage":"es"},{"@type":"ImageObject","@id":"https:\/\/www.hospitalonativia.gob.ar\/?page_id=448#primaryimage","inLanguage":"es","url":"http:\/\/www.hospitalonativia.gob.ar\/wp-content\/uploads\/2017\/04\/Compras-300x199.jpg","contentUrl":"http:\/\/www.hospitalonativia.gob.ar\/wp-content\/uploads\/2017\/04\/Compras-300x199.jpg"},{"@type":"WebPage","@id":"https:\/\/www.hospitalonativia.gob.ar\/?page_id=448#webpage","url":"https:\/\/www.hospitalonativia.gob.ar\/?page_id=448","name":"Compras - Hospital Dr. Arturo O\u00f1ativia","isPartOf":{"@id":"https:\/\/www.hospitalonativia.gob.ar\/#website"},"primaryImageOfPage":{"@id":"https:\/\/www.hospitalonativia.gob.ar\/?page_id=448#primaryimage"},"datePublished":"2017-04-19T13:33:44+00:00","dateModified":"2017-07-18T15:12:06+00:00","breadcrumb":{"@id":"https:\/\/www.hospitalonativia.gob.ar\/?page_id=448#breadcrumb"},"inLanguage":"es","potentialAction":[{"@type":"ReadAction","target":["https:\/\/www.hospitalonativia.gob.ar\/?page_id=448"]}]},{"@type":"BreadcrumbList","@id":"https:\/\/www.hospitalonativia.gob.ar\/?page_id=448#breadcrumb","itemListElement":[{"@type":"ListItem","position":1,"name":"Portada","item":"https:\/\/www.hospitalonativia.gob.ar\/"},{"@type":"ListItem","position":2,"name":"Compras"}]}]}},"_links":{"self":[{"href":"https:\/\/www.hospitalonativia.gob.ar\/index.php?rest_route=\/wp\/v2\/pages\/448"}],"collection":[{"href":"https:\/\/www.hospitalonativia.gob.ar\/index.php?rest_route=\/wp\/v2\/pages"}],"about":[{"href":"https:\/\/www.hospitalonativia.gob.ar\/index.php?rest_route=\/wp\/v2\/types\/page"}],"author":[{"embeddable":true,"href":"https:\/\/www.hospitalonativia.gob.ar\/index.php?rest_route=\/wp\/v2\/users\/2"}],"replies":[{"embeddable":true,"href":"https:\/\/www.hospitalonativia.gob.ar\/index.php?rest_route=%2Fwp%2Fv2%2Fcomments&post=448"}],"version-history":[{"count":4,"href":"https:\/\/www.hospitalonativia.gob.ar\/index.php?rest_route=\/wp\/v2\/pages\/448\/revisions"}],"predecessor-version":[{"id":1137,"href":"https:\/\/www.hospitalonativia.gob.ar\/index.php?rest_route=\/wp\/v2\/pages\/448\/revisions\/1137"}],"wp:attachment":[{"href":"https:\/\/www.hospitalonativia.gob.ar\/index.php?rest_route=%2Fwp%2Fv2%2Fmedia&parent=448"}],"curies":[{"name":"wp","href":"https:\/\/api.w.org\/{rel}","templated":true}]}}