{"id":45,"date":"2016-06-23T09:18:33","date_gmt":"2016-06-23T12:18:33","guid":{"rendered":"http:\/\/localhost\/hospitalonativia\/?page_id=45"},"modified":"2023-10-25T14:40:57","modified_gmt":"2023-10-25T17:40:57","slug":"historia-del-hospital-2","status":"publish","type":"page","link":"https:\/\/www.hospitalonativia.gob.ar\/?page_id=45","title":{"rendered":"Historia del Hospital"},"content":{"rendered":"<div style=\"\u201dpadding: 12px; background-color: #dbd78a; border: 6px solid lightgrey;\">\n<h6><span style=\"font-size: 10pt;\"><strong>El 3 de mayo de 1956\u00a0se cre\u00f3 en Salta por <a href=\"http:\/\/www.hospitalonativia.gob.ar\/?page_id=1096&amp;preview=true\">decreto-ley N\u00b0 191\/56<\/a>, el\u00a0<em>\u201cInstituto del Bocio\u201d<\/em>, organismo sanitario asistencial dependiente del Ministerio de Salud P\u00fablica y Asistencia Social de la Provincia, destinado al estudio de la endemia bociosa, para poner en vigencia la ley de\u00a0profilaxis y para realizar su contralor.<\/strong><\/span><\/h6>\n<h6><span style=\"font-size: 10pt;\"><strong>Por aquellos a\u00f1os la alta prevalencia del cretinismo bocioso en el NOA ten\u00eda repercusiones, no solo individuales sino sociales, al condenar al subdesarrollo intelectual y econ\u00f3mico a la poblaci\u00f3n carente en el tratamiento del bocio.<\/strong><\/span><\/h6>\n<h6><span style=\"font-size: 10pt;\"><strong>El instituto del Bocio, que funcion\u00f3 en un primer tiempo en un ala del Policl\u00ednico Regional San Bernardo, fue inaugurado oficialmente el 19 de febrero de 1958, y previo concurso de t\u00edtulos, antecedentes y trabajos, se nombr\u00f3 al\u00a0<u>Dr. Arturo O\u00f1ativia<\/u>\u00a0como su director.<\/strong><strong>\u00a0<\/strong><\/span><\/h6>\n<h6><strong><img loading=\"lazy\" decoding=\"async\" class=\"wp-image-804 aligncenter\" src=\"http:\/\/www.hospitalonativia.gob.ar\/wp-content\/uploads\/2017\/04\/foto-antigua-del-hospital.jpg\" alt=\"\" width=\"268\" height=\"175\" \/><\/strong><\/h6>\n<h6><span style=\"font-size: 10pt;\"><strong>El Establecimiento, en virtud que no s\u00f3lo se dedicaba a la atenci\u00f3n de patolog\u00edas tiroideas sino tambi\u00e9n de otras gl\u00e1ndulas de secreci\u00f3n interna, cambia su designaci\u00f3n el 7 de noviembre de 1958 por el de \u201cInstituto de Endocrinolog\u00eda\u201d (<a href=\"http:\/\/www.hospitalonativia.gob.ar\/?page_id=1101\">Ley provincial 3333<\/a>). Con la nueva denominaci\u00f3n se organiz\u00f3 dentro del Instituto el Departamento del Bocio, el que qued\u00f3 a cargo de los enfermos tiroideos.\u00a0<\/strong><strong>\u00a0<\/strong><\/span><\/h6>\n<h6><span style=\"font-size: 10pt;\"><strong>Mediante convenio firmado en 1958 (aprobado por <a href=\"http:\/\/www.hospitalonativia.gob.ar\/?page_id=1104\">Ley 3367\/59<\/a>) la Universidad Nacional de Tucum\u00e1n cre\u00f3, con asiento en esta Instituci\u00f3n un Instituto de Endocrinolog\u00eda dependiente de la Facultad de Medicina con la finalidad de efectuar trabajos de investigaci\u00f3n cl\u00ednica y experimental vinculados a la especialidad, as\u00ed como tareas docentes de especializaci\u00f3n y de perfeccionamiento para becarios y graduados. En realidad fueron dos los Institutos de Endocrinolog\u00eda que funcionaban juntos, en el mismo edificio, con el mismo director e id\u00e9nticos profesionales m\u00e9dicos: uno, provincial, se ocupaba de la profilaxis y de la asistencia social de la comunidad y de la atenci\u00f3n m\u00e9dico quir\u00fargica de los enfermos de la endemia bocio-cret\u00ednica; el otro, universitario, se dedicaba a la docencia y a la investigaci\u00f3n de dicho padecimiento.<\/strong><\/span><\/h6>\n<h6><span style=\"font-size: 10pt;\"><strong>En el a\u00f1o 1968 se crea el Sector de Gen\u00e9tica M\u00e9dica, conformado por el Laboratorio de Citogen\u00e9tica Cl\u00e1sica, orientado a la asistencia sistematizada de las familias en riesgo para enfermedades total o parcialmente gen\u00e9ticas. En 1982 se agrega a este sector el \u00e1rea de Gen\u00e9tica Cl\u00ednica.<\/strong><\/span><\/h6>\n<h6><span style=\"font-size: 10pt;\"><strong>En el a\u00f1o 1976 se da un giro en la pol\u00edtica del Instituto, con la concepci\u00f3n de atender adem\u00e1s de los problemas end\u00f3crinos la patolog\u00eda regional en general, por lo que se hace imperioso el cambio de denominaci\u00f3n a \u201cInstituto de Patolog\u00eda Regional\u201d, por decreto 1645\/76. A fines de ese a\u00f1o se crea la Unidad de Hemodi\u00e1lisis y tambi\u00e9n el Centro de Medicina Nuclear.<img loading=\"lazy\" decoding=\"async\" class=\"size-medium wp-image-852 alignright\" src=\"http:\/\/www.hospitalonativia.gob.ar\/wp-content\/uploads\/2017\/04\/f300x0-42022_42040_24-300x142.jpg\" alt=\"\" width=\"300\" height=\"142\" \/><\/strong><\/span><\/h6>\n<h6><span style=\"font-size: 10pt;\"><strong>Por decreto N\u00b0 804 en 1985 el Instituto pasa a llamarse \u00ab<em>Hospital de Endocrinolog\u00eda y Metabolismo Dr. Arturo O\u00f1ativia\u201d<\/em>\u00a0en homenaje a la desaparici\u00f3n f\u00edsica de este ilustre ciudadano ocurrida el 1\u00b0 de abril de 1985.<\/strong><\/span><\/h6>\n<h6><span style=\"font-size: 10pt;\"><strong>En 1993 se implementa el R\u00e9gimen del\u00a0<em>Hospital P\u00fablico de Autogesti\u00f3n<\/em>\u00a0por <a href=\"http:\/\/www.hospitalonativia.gob.ar\/?page_id=1107\">decreto N\u00b0 578<\/a>\u00a0.<\/strong><\/span><\/h6>\n<h6><span style=\"font-size: 10pt;\"><strong>Por <a href=\"http:\/\/www.hospitalonativia.gob.ar\/wp-content\/uploads\/2018\/06\/Decreto-3603-de-1999-1-1.pdf\">Decreto N\u00b0 3603-99 <\/a>\u00a0se aprueba el Estatuto de Organizaci\u00f3n y Funcionamiento del Hospital P\u00fablico de Autogesti\u00f3n \u201cDr. Arturo O\u00f1ativia\u201d.<\/strong><\/span><\/h6>\n<h6><span style=\"font-size: 10pt;\"><strong>En el a\u00f1o 2000 se establece el R\u00e9gimen de\u00a0<em>\u201cHospital\u00a0P\u00fablico de Gesti\u00f3n Descentralizada Dr. Arturo O\u00f1ativia\u00bb<\/em>\u00a0(<a href=\"http:\/\/www.hospitalonativia.gob.ar\/?page_id=1172\">Decreto 939<\/a>).<\/strong><\/span><\/h6>\n<h6><span style=\"font-size: 10pt;\"><strong>En el a\u00f1o 2010 <\/strong><strong>c<\/strong><strong>omienza a funcionar la Unidad de Trasplante Renal.<\/strong><\/span><\/h6>\n<p><strong><span style=\"font-size: 10pt;\">A fines del 2011 se habilita el nuevo Centro de Hemodi\u00e1lisis que ampl\u00eda el n\u00famero de sillones de di\u00e1lisis.<\/span><\/strong><\/p>\n<p><strong><span style=\"font-size: 10pt;\">Se crea en el a\u00f1o 2012 la Residencia Post b\u00e1sica de Endocrinolog\u00eda.\u00a0<\/span><\/strong><\/p>\n<h6><span style=\"font-size: 10pt;\"><strong>En el 2014 se crea el Laboratorio de Biolog\u00eda Molecular para estudios de patolog\u00eda tumoral endocrina, que se suma al \u00e1rea Citogen\u00e9tica Molecular implementada en el 2010.<\/strong><\/span><\/h6>\n<p><strong><span style=\"font-size: 10pt;\">Creaci\u00f3n de las Residencias Post b\u00e1sica de Nefrolog\u00eda y la de Nutrici\u00f3n Cl\u00ednica (A\u00f1o 2015).<\/span><\/strong><\/p>\n<h6><span style=\"font-size: 10pt;\"><strong>La Unidad de Hepatitis Virales (UNHEVI) se pone en marcha a mediados del 2015.<\/strong><\/span><\/h6>\n<p><span style=\"font-size: 10pt;\"><strong>En abril del a\u00f1o 2018 se inaugura el nuevo Centro Ambulatorio de tres pisos que alberga consultorios externos, gimnasio, boxes de extracci\u00f3n, vacunatorio, sector de admisi\u00f3n, inscripci\u00f3n y gesti\u00f3n de turnos.<\/strong><\/span><\/p>\n<p><span style=\"font-weight: 400;\">CONVENIO CON CONICET. En el a\u00f1o 2018, el Hospital Dr. Arturo O\u00f1ativia firm\u00f3 un convenio con el CONICET con el fin de mancomunar recursos y esfuerzos para el desarrollo y ejecuci\u00f3n de proyectos de Investigaci\u00f3n Biom\u00e9dica con aspectos traslacionales. Este convenio permiti\u00f3 la radicaci\u00f3n, en el nosocomio, de Investigadores, t\u00e9cnicos y becarios dedicados a la ejecuci\u00f3n de proyectos que nacen de la demanda hospitalaria y con el fin de proveer conocimientos y respuestas a las necesidades del medio local .<\/span><\/p>\n<p><b>CREACION UCT-H<\/b><\/p>\n<p><span style=\"font-weight: 400;\">En el a\u00f1o 2021, y siguiendo los lineamientos del PLAN NACIONAL DE INVESTIGACI\u00d3N TRASLACIONAL EN SALUD PARA LA RED DE HOSPITALES del Ministerio de Salud de la Naci\u00f3n, el hospital cre\u00f3 la UNIDAD de CONOCIMIENTO TRASLACIONAL HOSPITALARIA (UCT-H) Dr Arturo O\u00f1ativia (Disp. Interna 0151-21), que posteriormente fue acreditada como tal por el Min de Salud de la Naci\u00f3n, en enero de este a\u00f1o (RESOL-2022-136-APN-MS). As\u00ed se conform\u00f3 la primera UCT-H de la provincia de Salta y del noroeste argentino, que tiene como principal objetivo \u201cProducir conocimiento biom\u00e9dico b\u00e1sico y cl\u00ednico en patolog\u00edas endocrino-metab\u00f3licas de alta prevalencia en la poblaci\u00f3n e implementar dichos conocimientos en nuevas herramientas para la innovaci\u00f3n de procesos asistenciales y pol\u00edticas de salud p\u00fablica\u201d.\u00a0<\/span><\/p>\n<p><span style=\"font-weight: 400;\">La UCT-H Dr. Arturo O\u00f1ativia cuenta con la participaci\u00f3n de aproximadamente 20 miembros que incluyen profesionales de CONICET y de los programas de Endocrinolog\u00eda, Diabetes, Nutrici\u00f3n, Cirug\u00eda y Anatom\u00eda Patol\u00f3gica y Gen\u00e9tica del hospital, con un amplio potencial de crecimiento para constituirse como centro de referencia regional en los pr\u00f3ximos a\u00f1os<\/span><\/p>\n<p><b>Breve cronolog\u00eda de la creaci\u00f3n de la UCT-H Dr. Arturo O\u00f1ativia:<\/b><\/p>\n<ul>\n<li style=\"font-weight: 400;\" aria-level=\"1\"><span style=\"font-weight: 400;\">Fue creada el 01\/11\/2021 disposici\u00f3n interna (Nro: 0151\/21) del hospital Dr Arturo O\u00f1ativia de Salta.\u00a0<\/span><\/li>\n<li style=\"font-weight: 400;\" aria-level=\"1\"><span style=\"font-weight: 400;\">Fue acreditada por el Ministerio de Salud de la Naci\u00f3n el 18\/01\/2022 por resoluci\u00f3n nro. 136\/2022 (RESOL-2022-136-APN-MS)<\/span><\/li>\n<li style=\"font-weight: 400;\" aria-level=\"1\"><span style=\"font-weight: 400;\">Recibi\u00f3 el aval de la Comisi\u00f3n Provincial de Investigaciones Biom\u00e9dicas del Comit\u00e9 Central de \u00c9tica del Ministerio de Salud P\u00fablica de Salta \u2013 Programa Docencia e Investigaci\u00f3n (11-05-2022)<\/span><\/li>\n<li style=\"font-weight: 400;\" aria-level=\"1\"><span style=\"font-weight: 400;\">Recibi\u00f3 la aprobaci\u00f3n el 26-09-2022 por parte del Ministerio de Salud P\u00fablica de Salta (RESOL-1557\/2022)<\/span><\/li>\n<\/ul>\n<h6><span style=\"font-size: 10pt;\"><strong>\u00a0<\/strong><\/span><\/h6>\n<\/div>\n","protected":false},"excerpt":{"rendered":"<p>El 3 de mayo de 1956\u00a0se cre\u00f3 en Salta por decreto-ley N\u00b0 191\/56, el\u00a0\u201cInstituto del Bocio\u201d, organismo sanitario asistencial dependiente<\/p>\n","protected":false},"author":2,"featured_media":0,"parent":17,"menu_order":0,"comment_status":"closed","ping_status":"closed","template":"","meta":{"footnotes":""},"class_list":["post-45","page","type-page","status-publish","hentry"],"yoast_head":"<!-- This site is optimized with the Yoast SEO plugin v18.0 - https:\/\/yoast.com\/wordpress\/plugins\/seo\/ -->\n<title>Historia del Hospital - Hospital Dr. Arturo O\u00f1ativia<\/title>\n<meta name=\"robots\" content=\"index, follow, max-snippet:-1, max-image-preview:large, max-video-preview:-1\" \/>\n<link rel=\"canonical\" href=\"https:\/\/www.hospitalonativia.gob.ar\/?page_id=45\" \/>\n<meta property=\"og:locale\" content=\"es_ES\" \/>\n<meta property=\"og:type\" content=\"article\" \/>\n<meta property=\"og:title\" content=\"Historia del Hospital - Hospital Dr. Arturo O\u00f1ativia\" \/>\n<meta property=\"og:description\" content=\"El 3 de mayo de 1956\u00a0se cre\u00f3 en Salta por decreto-ley N\u00b0 191\/56, el\u00a0\u201cInstituto del Bocio\u201d, organismo sanitario asistencial dependiente\" \/>\n<meta property=\"og:url\" content=\"https:\/\/www.hospitalonativia.gob.ar\/?page_id=45\" \/>\n<meta property=\"og:site_name\" content=\"Hospital Dr. Arturo O\u00f1ativia\" \/>\n<meta property=\"article:modified_time\" content=\"2023-10-25T17:40:57+00:00\" \/>\n<meta property=\"og:image\" content=\"http:\/\/www.hospitalonativia.gob.ar\/wp-content\/uploads\/2017\/04\/foto-antigua-del-hospital.jpg\" \/>\n<meta name=\"twitter:card\" content=\"summary_large_image\" \/>\n<meta name=\"twitter:label1\" content=\"Tiempo de lectura\" \/>\n\t<meta name=\"twitter:data1\" content=\"5 minutos\" \/>\n<script type=\"application\/ld+json\" class=\"yoast-schema-graph\">{\"@context\":\"https:\/\/schema.org\",\"@graph\":[{\"@type\":\"WebSite\",\"@id\":\"https:\/\/www.hospitalonativia.gob.ar\/#website\",\"url\":\"https:\/\/www.hospitalonativia.gob.ar\/\",\"name\":\"Hospital Dr. Arturo O\u00f1ativia\",\"description\":\"Salta Capital\",\"potentialAction\":[{\"@type\":\"SearchAction\",\"target\":{\"@type\":\"EntryPoint\",\"urlTemplate\":\"https:\/\/www.hospitalonativia.gob.ar\/?s={search_term_string}\"},\"query-input\":\"required name=search_term_string\"}],\"inLanguage\":\"es\"},{\"@type\":\"ImageObject\",\"@id\":\"https:\/\/www.hospitalonativia.gob.ar\/?page_id=45#primaryimage\",\"inLanguage\":\"es\",\"url\":\"http:\/\/www.hospitalonativia.gob.ar\/wp-content\/uploads\/2017\/04\/foto-antigua-del-hospital.jpg\",\"contentUrl\":\"http:\/\/www.hospitalonativia.gob.ar\/wp-content\/uploads\/2017\/04\/foto-antigua-del-hospital.jpg\"},{\"@type\":\"WebPage\",\"@id\":\"https:\/\/www.hospitalonativia.gob.ar\/?page_id=45#webpage\",\"url\":\"https:\/\/www.hospitalonativia.gob.ar\/?page_id=45\",\"name\":\"Historia del Hospital - Hospital Dr. Arturo O\u00f1ativia\",\"isPartOf\":{\"@id\":\"https:\/\/www.hospitalonativia.gob.ar\/#website\"},\"primaryImageOfPage\":{\"@id\":\"https:\/\/www.hospitalonativia.gob.ar\/?page_id=45#primaryimage\"},\"datePublished\":\"2016-06-23T12:18:33+00:00\",\"dateModified\":\"2023-10-25T17:40:57+00:00\",\"breadcrumb\":{\"@id\":\"https:\/\/www.hospitalonativia.gob.ar\/?page_id=45#breadcrumb\"},\"inLanguage\":\"es\",\"potentialAction\":[{\"@type\":\"ReadAction\",\"target\":[\"https:\/\/www.hospitalonativia.gob.ar\/?page_id=45\"]}]},{\"@type\":\"BreadcrumbList\",\"@id\":\"https:\/\/www.hospitalonativia.gob.ar\/?page_id=45#breadcrumb\",\"itemListElement\":[{\"@type\":\"ListItem\",\"position\":1,\"name\":\"Portada\",\"item\":\"https:\/\/www.hospitalonativia.gob.ar\/\"},{\"@type\":\"ListItem\",\"position\":2,\"name\":\"ACERCA DEL HOSPITAL\",\"item\":\"https:\/\/www.hospitalonativia.gob.ar\/?page_id=17\"},{\"@type\":\"ListItem\",\"position\":3,\"name\":\"Historia del Hospital\"}]}]}<\/script>\n<!-- \/ Yoast SEO plugin. -->","yoast_head_json":{"title":"Historia del Hospital - Hospital Dr. Arturo O\u00f1ativia","robots":{"index":"index","follow":"follow","max-snippet":"max-snippet:-1","max-image-preview":"max-image-preview:large","max-video-preview":"max-video-preview:-1"},"canonical":"https:\/\/www.hospitalonativia.gob.ar\/?page_id=45","og_locale":"es_ES","og_type":"article","og_title":"Historia del Hospital - Hospital Dr. Arturo O\u00f1ativia","og_description":"El 3 de mayo de 1956\u00a0se cre\u00f3 en Salta por decreto-ley N\u00b0 191\/56, el\u00a0\u201cInstituto del Bocio\u201d, organismo sanitario asistencial dependiente","og_url":"https:\/\/www.hospitalonativia.gob.ar\/?page_id=45","og_site_name":"Hospital Dr. Arturo O\u00f1ativia","article_modified_time":"2023-10-25T17:40:57+00:00","og_image":[{"url":"http:\/\/www.hospitalonativia.gob.ar\/wp-content\/uploads\/2017\/04\/foto-antigua-del-hospital.jpg"}],"twitter_card":"summary_large_image","twitter_misc":{"Tiempo de lectura":"5 minutos"},"schema":{"@context":"https:\/\/schema.org","@graph":[{"@type":"WebSite","@id":"https:\/\/www.hospitalonativia.gob.ar\/#website","url":"https:\/\/www.hospitalonativia.gob.ar\/","name":"Hospital Dr. Arturo O\u00f1ativia","description":"Salta Capital","potentialAction":[{"@type":"SearchAction","target":{"@type":"EntryPoint","urlTemplate":"https:\/\/www.hospitalonativia.gob.ar\/?s={search_term_string}"},"query-input":"required name=search_term_string"}],"inLanguage":"es"},{"@type":"ImageObject","@id":"https:\/\/www.hospitalonativia.gob.ar\/?page_id=45#primaryimage","inLanguage":"es","url":"http:\/\/www.hospitalonativia.gob.ar\/wp-content\/uploads\/2017\/04\/foto-antigua-del-hospital.jpg","contentUrl":"http:\/\/www.hospitalonativia.gob.ar\/wp-content\/uploads\/2017\/04\/foto-antigua-del-hospital.jpg"},{"@type":"WebPage","@id":"https:\/\/www.hospitalonativia.gob.ar\/?page_id=45#webpage","url":"https:\/\/www.hospitalonativia.gob.ar\/?page_id=45","name":"Historia del Hospital - Hospital Dr. Arturo O\u00f1ativia","isPartOf":{"@id":"https:\/\/www.hospitalonativia.gob.ar\/#website"},"primaryImageOfPage":{"@id":"https:\/\/www.hospitalonativia.gob.ar\/?page_id=45#primaryimage"},"datePublished":"2016-06-23T12:18:33+00:00","dateModified":"2023-10-25T17:40:57+00:00","breadcrumb":{"@id":"https:\/\/www.hospitalonativia.gob.ar\/?page_id=45#breadcrumb"},"inLanguage":"es","potentialAction":[{"@type":"ReadAction","target":["https:\/\/www.hospitalonativia.gob.ar\/?page_id=45"]}]},{"@type":"BreadcrumbList","@id":"https:\/\/www.hospitalonativia.gob.ar\/?page_id=45#breadcrumb","itemListElement":[{"@type":"ListItem","position":1,"name":"Portada","item":"https:\/\/www.hospitalonativia.gob.ar\/"},{"@type":"ListItem","position":2,"name":"ACERCA DEL HOSPITAL","item":"https:\/\/www.hospitalonativia.gob.ar\/?page_id=17"},{"@type":"ListItem","position":3,"name":"Historia del Hospital"}]}]}},"_links":{"self":[{"href":"https:\/\/www.hospitalonativia.gob.ar\/index.php?rest_route=\/wp\/v2\/pages\/45"}],"collection":[{"href":"https:\/\/www.hospitalonativia.gob.ar\/index.php?rest_route=\/wp\/v2\/pages"}],"about":[{"href":"https:\/\/www.hospitalonativia.gob.ar\/index.php?rest_route=\/wp\/v2\/types\/page"}],"author":[{"embeddable":true,"href":"https:\/\/www.hospitalonativia.gob.ar\/index.php?rest_route=\/wp\/v2\/users\/2"}],"replies":[{"embeddable":true,"href":"https:\/\/www.hospitalonativia.gob.ar\/index.php?rest_route=%2Fwp%2Fv2%2Fcomments&post=45"}],"version-history":[{"count":45,"href":"https:\/\/www.hospitalonativia.gob.ar\/index.php?rest_route=\/wp\/v2\/pages\/45\/revisions"}],"predecessor-version":[{"id":1872,"href":"https:\/\/www.hospitalonativia.gob.ar\/index.php?rest_route=\/wp\/v2\/pages\/45\/revisions\/1872"}],"up":[{"embeddable":true,"href":"https:\/\/www.hospitalonativia.gob.ar\/index.php?rest_route=\/wp\/v2\/pages\/17"}],"wp:attachment":[{"href":"https:\/\/www.hospitalonativia.gob.ar\/index.php?rest_route=%2Fwp%2Fv2%2Fmedia&parent=45"}],"curies":[{"name":"wp","href":"https:\/\/api.w.org\/{rel}","templated":true}]}}