{"id":460,"date":"2017-04-19T10:41:26","date_gmt":"2017-04-19T13:41:26","guid":{"rendered":"http:\/\/www.hospitalonativia.gob.ar\/?page_id=460"},"modified":"2021-02-01T13:59:04","modified_gmt":"2021-02-01T16:59:04","slug":"sistemas-informaticos","status":"publish","type":"page","link":"https:\/\/www.hospitalonativia.gob.ar\/?page_id=460","title":{"rendered":"Sistemas Inform\u00e1ticos"},"content":{"rendered":"<div style=\"\u201dpadding: 12px; background-color: white;\">\n<p>Jefe de Sector: Lic. Pablo G Perez<\/p>\n<p><strong>MISI\u00d3N<\/strong><\/p>\n<p>Gestionar con idoneidad el uso de recursos inform\u00e1ticos y la aplicaci\u00f3n de tecnolog\u00edas de gesti\u00f3n de la informaci\u00f3n, brindando asesoramiento y apoyo para la optimizaci\u00f3n de procesos y circuitos m\u00e9dico\/administrativos del Hospital Dr. Arturo O\u00f1ativia.<\/p>\n<p><strong>VISI\u00d3N<\/strong><\/p>\n<p>Jerarquizar el Sector al grado de <strong>Programa de Inform\u00e1tica<\/strong>, d\u00e1ndole las capacidades para soportar una estructura m\u00e1s amplia que permita llegar con mayor \u00a0efectividad a los usuarios brindando un mejor apoyo en todo lo referente a an\u00e1lisis de procesos, resoluci\u00f3n de problemas referidos a la gesti\u00f3n de la informaci\u00f3n e implementaci\u00f3n de nuevas tecnolog\u00edas, subdividiendo al servicio en 2 Sectores necesarios:<\/p>\n<p>&#8211; Sector de An\u00e1lisis y Desarrollo de Sistemas<\/p>\n<p>&#8211; Sector de T\u00e9cnica y Mantenimiento<\/p>\n<p><strong>CARTERA DE SERVICIOS Y POBLACI\u00d3N DESTINATARIA<\/strong><\/p>\n<p><strong><u>Gerencia y Direcci\u00f3n del Hospital Dr. Arturo O\u00f1ativia<\/u><\/strong><\/p>\n<ul>\n<li>Asesoramiento referido a la Implementaci\u00f3n y\/o Uso de Tecnolog\u00edas de informaci\u00f3n.<\/li>\n<li>Asesoramiento referido a la optimizaci\u00f3n y\/o mejoramiento de procesos y circuitos administrativos.<\/li>\n<li>Apoyo en la toma de decisiones.<\/li>\n<li>Asesoramiento para la compra de equipos e insumos relacionados a Tecnolog\u00eda e Inform\u00e1tica.<\/li>\n<\/ul>\n<p><strong><u>Programas\/Sectores\/\u00c1reas Hospital Dr. Arturo O\u00f1ativia<\/u><\/strong><\/p>\n<ul>\n<li>Mantenimiento t\u00e9cnico<\/li>\n<li>Provisi\u00f3n de Insumos inform\u00e1ticos<\/li>\n<li>An\u00e1lisis de procesos.<\/li>\n<li>Asesoramiento en la optimizaci\u00f3n de tareas y funciones.<\/li>\n<li>Docencia<\/li>\n<li>Entre otros.<\/li>\n<\/ul>\n<p><strong><u>Agentes Externos:<\/u><\/strong> Hospitales, Centros de Salud, Ministerio de Salud P\u00fablica, Gobierno, etc.<\/p>\n<ul>\n<li>Participaci\u00f3n activa en la comisi\u00f3n implementadora del proyecto <strong><em>Salta Salud<\/em><\/strong> (auditoria, implementaci\u00f3n, revisi\u00f3n, an\u00e1lisis\u00e7 y propuestas sobre soluciones)<\/li>\n<li>Representaci\u00f3n del Hospital en referencia a cuestiones Tecnol\u00f3gicas \u00a0o relacionadas con la gesti\u00f3n de la informaci\u00f3n, adquisici\u00f3n de equipamiento tecnol\u00f3gico, entre otros.<\/li>\n<\/ul>\n<p><strong>RECURSOS HUMANOS <\/strong><\/p>\n<ul>\n<li>Lic. Gast\u00f3n Pablo P\u00e9rez<\/li>\n<li>C.U. Patricia Ver\u00f3nica Soria<\/li>\n<li>TI. Jos\u00e9 Luis Morales<\/li>\n<\/ul>\n<\/div>\n","protected":false},"excerpt":{"rendered":"<p>Jefe de Sector: Lic. Pablo G Perez MISI\u00d3N Gestionar con idoneidad el uso de recursos inform\u00e1ticos y la aplicaci\u00f3n de<\/p>\n","protected":false},"author":2,"featured_media":0,"parent":0,"menu_order":0,"comment_status":"closed","ping_status":"closed","template":"","meta":{"footnotes":""},"class_list":["post-460","page","type-page","status-publish","hentry"],"yoast_head":"<!-- This site is optimized with the Yoast SEO plugin v18.0 - https:\/\/yoast.com\/wordpress\/plugins\/seo\/ -->\n<title>Sistemas Inform\u00e1ticos - Hospital Dr. Arturo O\u00f1ativia<\/title>\n<meta name=\"robots\" content=\"index, follow, max-snippet:-1, max-image-preview:large, max-video-preview:-1\" \/>\n<link rel=\"canonical\" href=\"https:\/\/www.hospitalonativia.gob.ar\/?page_id=460\" \/>\n<meta property=\"og:locale\" content=\"es_ES\" \/>\n<meta property=\"og:type\" content=\"article\" \/>\n<meta property=\"og:title\" content=\"Sistemas Inform\u00e1ticos - Hospital Dr. Arturo O\u00f1ativia\" \/>\n<meta property=\"og:description\" content=\"Jefe de Sector: Lic. Pablo G Perez MISI\u00d3N Gestionar con idoneidad el uso de recursos inform\u00e1ticos y la aplicaci\u00f3n de\" \/>\n<meta property=\"og:url\" content=\"https:\/\/www.hospitalonativia.gob.ar\/?page_id=460\" \/>\n<meta property=\"og:site_name\" content=\"Hospital Dr. Arturo O\u00f1ativia\" \/>\n<meta property=\"article:modified_time\" content=\"2021-02-01T16:59:04+00:00\" \/>\n<meta name=\"twitter:card\" content=\"summary_large_image\" \/>\n<meta name=\"twitter:label1\" content=\"Tiempo de lectura\" \/>\n\t<meta name=\"twitter:data1\" content=\"2 minutos\" \/>\n<script type=\"application\/ld+json\" class=\"yoast-schema-graph\">{\"@context\":\"https:\/\/schema.org\",\"@graph\":[{\"@type\":\"WebSite\",\"@id\":\"https:\/\/www.hospitalonativia.gob.ar\/#website\",\"url\":\"https:\/\/www.hospitalonativia.gob.ar\/\",\"name\":\"Hospital Dr. Arturo O\u00f1ativia\",\"description\":\"Salta Capital\",\"potentialAction\":[{\"@type\":\"SearchAction\",\"target\":{\"@type\":\"EntryPoint\",\"urlTemplate\":\"https:\/\/www.hospitalonativia.gob.ar\/?s={search_term_string}\"},\"query-input\":\"required name=search_term_string\"}],\"inLanguage\":\"es\"},{\"@type\":\"WebPage\",\"@id\":\"https:\/\/www.hospitalonativia.gob.ar\/?page_id=460#webpage\",\"url\":\"https:\/\/www.hospitalonativia.gob.ar\/?page_id=460\",\"name\":\"Sistemas Inform\u00e1ticos - Hospital Dr. Arturo O\u00f1ativia\",\"isPartOf\":{\"@id\":\"https:\/\/www.hospitalonativia.gob.ar\/#website\"},\"datePublished\":\"2017-04-19T13:41:26+00:00\",\"dateModified\":\"2021-02-01T16:59:04+00:00\",\"breadcrumb\":{\"@id\":\"https:\/\/www.hospitalonativia.gob.ar\/?page_id=460#breadcrumb\"},\"inLanguage\":\"es\",\"potentialAction\":[{\"@type\":\"ReadAction\",\"target\":[\"https:\/\/www.hospitalonativia.gob.ar\/?page_id=460\"]}]},{\"@type\":\"BreadcrumbList\",\"@id\":\"https:\/\/www.hospitalonativia.gob.ar\/?page_id=460#breadcrumb\",\"itemListElement\":[{\"@type\":\"ListItem\",\"position\":1,\"name\":\"Portada\",\"item\":\"https:\/\/www.hospitalonativia.gob.ar\/\"},{\"@type\":\"ListItem\",\"position\":2,\"name\":\"Sistemas Inform\u00e1ticos\"}]}]}<\/script>\n<!-- \/ Yoast SEO plugin. -->","yoast_head_json":{"title":"Sistemas Inform\u00e1ticos - Hospital Dr. Arturo O\u00f1ativia","robots":{"index":"index","follow":"follow","max-snippet":"max-snippet:-1","max-image-preview":"max-image-preview:large","max-video-preview":"max-video-preview:-1"},"canonical":"https:\/\/www.hospitalonativia.gob.ar\/?page_id=460","og_locale":"es_ES","og_type":"article","og_title":"Sistemas Inform\u00e1ticos - Hospital Dr. Arturo O\u00f1ativia","og_description":"Jefe de Sector: Lic. Pablo G Perez MISI\u00d3N Gestionar con idoneidad el uso de recursos inform\u00e1ticos y la aplicaci\u00f3n de","og_url":"https:\/\/www.hospitalonativia.gob.ar\/?page_id=460","og_site_name":"Hospital Dr. Arturo O\u00f1ativia","article_modified_time":"2021-02-01T16:59:04+00:00","twitter_card":"summary_large_image","twitter_misc":{"Tiempo de lectura":"2 minutos"},"schema":{"@context":"https:\/\/schema.org","@graph":[{"@type":"WebSite","@id":"https:\/\/www.hospitalonativia.gob.ar\/#website","url":"https:\/\/www.hospitalonativia.gob.ar\/","name":"Hospital Dr. Arturo O\u00f1ativia","description":"Salta Capital","potentialAction":[{"@type":"SearchAction","target":{"@type":"EntryPoint","urlTemplate":"https:\/\/www.hospitalonativia.gob.ar\/?s={search_term_string}"},"query-input":"required name=search_term_string"}],"inLanguage":"es"},{"@type":"WebPage","@id":"https:\/\/www.hospitalonativia.gob.ar\/?page_id=460#webpage","url":"https:\/\/www.hospitalonativia.gob.ar\/?page_id=460","name":"Sistemas Inform\u00e1ticos - Hospital Dr. Arturo O\u00f1ativia","isPartOf":{"@id":"https:\/\/www.hospitalonativia.gob.ar\/#website"},"datePublished":"2017-04-19T13:41:26+00:00","dateModified":"2021-02-01T16:59:04+00:00","breadcrumb":{"@id":"https:\/\/www.hospitalonativia.gob.ar\/?page_id=460#breadcrumb"},"inLanguage":"es","potentialAction":[{"@type":"ReadAction","target":["https:\/\/www.hospitalonativia.gob.ar\/?page_id=460"]}]},{"@type":"BreadcrumbList","@id":"https:\/\/www.hospitalonativia.gob.ar\/?page_id=460#breadcrumb","itemListElement":[{"@type":"ListItem","position":1,"name":"Portada","item":"https:\/\/www.hospitalonativia.gob.ar\/"},{"@type":"ListItem","position":2,"name":"Sistemas Inform\u00e1ticos"}]}]}},"_links":{"self":[{"href":"https:\/\/www.hospitalonativia.gob.ar\/index.php?rest_route=\/wp\/v2\/pages\/460"}],"collection":[{"href":"https:\/\/www.hospitalonativia.gob.ar\/index.php?rest_route=\/wp\/v2\/pages"}],"about":[{"href":"https:\/\/www.hospitalonativia.gob.ar\/index.php?rest_route=\/wp\/v2\/types\/page"}],"author":[{"embeddable":true,"href":"https:\/\/www.hospitalonativia.gob.ar\/index.php?rest_route=\/wp\/v2\/users\/2"}],"replies":[{"embeddable":true,"href":"https:\/\/www.hospitalonativia.gob.ar\/index.php?rest_route=%2Fwp%2Fv2%2Fcomments&post=460"}],"version-history":[{"count":12,"href":"https:\/\/www.hospitalonativia.gob.ar\/index.php?rest_route=\/wp\/v2\/pages\/460\/revisions"}],"predecessor-version":[{"id":1782,"href":"https:\/\/www.hospitalonativia.gob.ar\/index.php?rest_route=\/wp\/v2\/pages\/460\/revisions\/1782"}],"wp:attachment":[{"href":"https:\/\/www.hospitalonativia.gob.ar\/index.php?rest_route=%2Fwp%2Fv2%2Fmedia&parent=460"}],"curies":[{"name":"wp","href":"https:\/\/api.w.org\/{rel}","templated":true}]}}