{"id":466,"date":"2017-04-19T10:47:11","date_gmt":"2017-04-19T13:47:11","guid":{"rendered":"http:\/\/www.hospitalonativia.gob.ar\/?page_id=466"},"modified":"2017-08-10T12:36:52","modified_gmt":"2017-08-10T15:36:52","slug":"equipamientos-medicos","status":"publish","type":"page","link":"https:\/\/www.hospitalonativia.gob.ar\/?page_id=466","title":{"rendered":"Equipamientos M\u00e9dicos"},"content":{"rendered":"<h4 style=\"text-align: center;\">Misi\u00f3n<\/h4>\n<p>Es prestar los Servicios de Gesti\u00f3n, Diagn\u00f3stico, Asistencia y Reparaci\u00f3n del Equipamiento M\u00e9dico instalado, trabajando en equipo en forma interdisciplinaria con las diferentes unidades de gesti\u00f3n del Hospital Dr. A. O\u00f1ativia.<\/p>\n<h4 style=\"text-align: center;\">Visi\u00f3n<\/h4>\n<p><em>Ser un equipo que trabaje de forma eficiente y profesional\u00a0 de manera que los dispositivos m\u00e9dicos cumplan con su objetivo de ser parte del proceso de atenci\u00f3n de la salud, garantizando la seguridad en la atenci\u00f3n de todos los pacientes que concurren a la Instituci\u00f3n, procurando la \u00f3ptima asignaci\u00f3n y utilizaci\u00f3n de todos los recursos.<\/em><\/p>\n<h4 style=\"text-align: center;\">\u00a0Valores<\/h4>\n<p><strong><em>Integridad<\/em><\/strong><em>:<\/em> Asumimos una conducta honesta, transparente, coherente y austera. El pago, la solicitud o la aceptaci\u00f3n de sobornos de cualquier tipo, son pr\u00e1cticas inaceptables en nuestro Sector\u201d<\/p>\n<p><strong><em>Responsabilidad<\/em><\/strong><em>: <\/em>\u201cNuestras acciones est\u00e1n ligadas al bienestar de los pacientes y son parte fundamental del continuo desarrollo del Hospital\u201d<\/p>\n<p><strong><em>Compromiso<\/em><\/strong><em>:<\/em> \u201cPor el trabajo bien realizado orientado hacia la mejora continua de nuestro Sector y por ende el del Hospital\u201d<\/p>\n<p><strong><em>Respeto<\/em><\/strong><strong>:<\/strong> \u201cCuidamos nuestros v\u00ednculos con los dem\u00e1s, atendiendo con eficiencia, cortes\u00eda y esp\u00edritu de servicio los requerimientos que nos sean solicitados, eliminando toda actitud de prepotencia y\/o soberbia\u201d<\/p>\n<p><strong><em>Trabajo en Equipo:<\/em><\/strong> \u201cSignifica nuestra forma de trabajar, porque cuando las cosas se hacen en sociedad, los resultados siempre son los mejores\u201d<\/p>\n<h4 style=\"text-align: center;\"><strong>Cartera de Servicios<\/strong><\/h4>\n<p>Los objetos que componen el universo del equipamiento de un Establecimiento de Salud pueden definirse de muy diversos modos, no obstante, el Sector de Equipamientos M\u00e9dicos (SEM) considera que la definici\u00f3n m\u00e1s apropiada de Dispositivos M\u00e9dicos (DM) es la adoptada por la ANMAT (Administraci\u00f3n Nacional de Medicamentos Alimentos y Tecnolog\u00eda M\u00e9dica) que es la Autoridad Regulatoria en nuestro pa\u00eds.<\/p>\n<p><strong><em>Dispositivo M\u00e9dico (DM)<\/em><\/strong><em>:<\/em> Es un producto para la salud tal como equipamiento, aparato, material, art\u00edculo o sistema de uso o aplicaci\u00f3n m\u00e9dica, odontol\u00f3gica o laboratorial, destinada a la prevenci\u00f3n, diagn\u00f3stico, tratamiento, rehabilitaci\u00f3n o anticoncepci\u00f3n y que no utiliza medio farmacol\u00f3gico, inmunol\u00f3gico o metab\u00f3lico para realizar su funci\u00f3n principal en seres humanos, pudiendo entretanto ser auxiliado en su funci\u00f3n, por tales medios.<\/p>\n<p>La Gesti\u00f3n del Mantenimiento de los DM que forman parte de la Base Instalada del Hospital,\u00a0 es una herramienta que permite apoyar al personal m\u00e9dico y al del SEM, en el desarrollo y control de los DM instalados garantizando su operaci\u00f3n segura a m\u00e1ximas prestaciones y a un costo efectivo.<\/p>\n<p>Las metas de la Gesti\u00f3n de Mantenimiento para los DM son:<\/p>\n<ul>\n<li>Proporcionar un entorno seguro y funcional, mediante el mantenimiento adecuado de todos los equipos y espacios.<\/li>\n<li>Proporcionar la documentaci\u00f3n esencial y necesaria de todos los equipos y espacios.<\/li>\n<li>Minimizar la cantidad de tiempo requerido para generar y archivar la documentaci\u00f3n de mantenimiento de todos los equipos.<\/li>\n<\/ul>\n<p>El SEM lleva a cabo el control de la tecnolog\u00eda m\u00e9dica, realizando actividades de mantenimiento correctivo, de supervisi\u00f3n sobre las empresas privadas que brindan servicio a los DM que se encuentran bajo contrato de mantenimiento preventivo y participando en los procesos de adquisici\u00f3n de nueva tecnolog\u00eda m\u00e9dica. El SEM presta servicios a las siguientes Unidades de Gesti\u00f3n dentro del Hospital:<\/p>\n<ul>\n<li>Programa de Medicina Nuclear<\/li>\n<li>Programa de Gen\u00e9tica<\/li>\n<li>Programa de Diagn\u00f3stico y Tratamiento<\/li>\n<li>Programa de Laboratorio<\/li>\n<li>Programa de Enfermer\u00eda<\/li>\n<li>Programa de Cirug\u00eda<\/li>\n<li>Programa de Diabetes y Nutrici\u00f3n Cl\u00ednica<\/li>\n<li>Sector de Odontolog\u00eda<\/li>\n<li>Sector de Oftalmolog\u00eda<\/li>\n<li>Unidad de Cuidados Intensivos e Intermedios<\/li>\n<li>Sector de Guardia e Internados de Mujeres y Varones<\/li>\n<\/ul>\n<p>Las funciones relacionadas con la gesti\u00f3n de DM que se encuentran bajo el alcance del SEM, se describen a continuaci\u00f3n:<\/p>\n<ul>\n<li>Administrar y mantener los DM que forman parte de la Base Instalada del Hospital Dr. Arturo O\u00f1ativia en buenas condiciones de uso para garantizar el diagn\u00f3stico y tratamiento seguro y efectivo de los pacientes.<\/li>\n<li>Evaluar continuamente el equipamiento m\u00e9dico con el que se cuenta y establecer los lineamientos t\u00e9cnicos que deben cumplir los equipos para su adquisici\u00f3n.<\/li>\n<li>Capacitar a los usuarios de los DM en el correcto uso del equipamiento.<\/li>\n<li>Administrar el inventario de DM.<\/li>\n<li>Proveer en los casos que aplique y supervisar en caso de un proveedor externo, el Mantenimiento Preventivo y\/o Correctivo del equipo m\u00e9dico. Entendi\u00e9ndose por:<\/li>\n<\/ul>\n<p><em>\u00a0<\/em><\/p>\n<p><em>-Mantenimiento Preventivo: <\/em>Al mantenimiento que normalmente incluye inspecciones peri\u00f3dicas de instrumentos y equipos (Planificado), haciendo las tareas de limpieza, lubricaci\u00f3n, ajuste, comprobaci\u00f3n y remplazo de componentes defectuosos, que pudieran fallar, alterando el estado operacional del equipo antes de la pr\u00f3xima inspecci\u00f3n.<\/p>\n<p><em>-Mantenimiento Correctivo:<\/em> Es el trabajo realizado sobre un equipo o parte para restaurar su estado operacional. No es planificado, se lleva a cabo a partir de la Solicitud de Servicio que realiza el usuario, operador del equipo o personal que realiza el mantenimiento programado.<\/p>\n<ul>\n<li>Participar en:<\/li>\n<\/ul>\n<ul>\n<li>Comisiones de adquisici\u00f3n de equipamiento m\u00e9dico.<\/li>\n<li>Comit\u00e9 de Infecciones.<\/li>\n<li>Comit\u00e9 de Bioseguridad.<\/li>\n<li>Comit\u00e9 de Calidad.<\/li>\n<\/ul>\n<p>Es decir, el Sector de Equipamiento M\u00e9dico realiza una integraci\u00f3n arm\u00f3nica de la gesti\u00f3n de los DM, entendi\u00e9ndolo como un sistema que involucra:<\/p>\n<ul>\n<li><em>Insumos<\/em>: horas hombre, equipos, herramientas, instalaciones, repuestos, presupuestos.<\/li>\n<li><em>Procesos:<\/em> reparaciones, calibraciones, mantenimientos, inspecci\u00f3n, ajuste, instalaci\u00f3n, planeaci\u00f3n.<\/li>\n<li><em>Resultados<\/em>: disponibilidad, rentabilidad, productividad.<\/li>\n<\/ul>\n<p>Todo a trav\u00e9s de medios de control como lo son los planes, \u00edndices y reportes que se derivar\u00e1n a partir de los objetivos establecidos en el presente Convenio de Gesti\u00f3n y sus respectivos Planes de Acci\u00f3n.<\/p>\n<p><strong>Se EXCLUYE de la Cartera de Servicios:<\/strong><\/p>\n<ul>\n<li>Programa de Nefrolog\u00eda<\/li>\n<\/ul>\n<p>&nbsp;<\/p>\n<h4 style=\"text-align: center;\"><a name=\"_Toc351634197\"><\/a>Plantilla Actual de Recursos Humanos<\/h4>\n<ul>\n<li><em>Jefe de Programa Servicios Generales e Infraestructura<\/em>: TUHST Rafael Torres<\/li>\n<li><em>Jefe de Sector:<\/em> Bioing. Debora Vera Barbieri.<\/li>\n<\/ul>\n","protected":false},"excerpt":{"rendered":"<p>Misi\u00f3n Es prestar los Servicios de Gesti\u00f3n, Diagn\u00f3stico, Asistencia y Reparaci\u00f3n del Equipamiento M\u00e9dico instalado, trabajando en equipo en forma<\/p>\n","protected":false},"author":2,"featured_media":0,"parent":0,"menu_order":0,"comment_status":"closed","ping_status":"closed","template":"","meta":{"footnotes":""},"class_list":["post-466","page","type-page","status-publish","hentry"],"yoast_head":"<!-- This site is optimized with the Yoast SEO plugin v18.0 - https:\/\/yoast.com\/wordpress\/plugins\/seo\/ -->\n<title>Equipamientos M\u00e9dicos - Hospital Dr. Arturo O\u00f1ativia<\/title>\n<meta name=\"robots\" content=\"index, follow, max-snippet:-1, max-image-preview:large, max-video-preview:-1\" \/>\n<link rel=\"canonical\" href=\"https:\/\/www.hospitalonativia.gob.ar\/?page_id=466\" \/>\n<meta property=\"og:locale\" content=\"es_ES\" \/>\n<meta property=\"og:type\" content=\"article\" \/>\n<meta property=\"og:title\" content=\"Equipamientos M\u00e9dicos - Hospital Dr. Arturo O\u00f1ativia\" \/>\n<meta property=\"og:description\" content=\"Misi\u00f3n Es prestar los Servicios de Gesti\u00f3n, Diagn\u00f3stico, Asistencia y Reparaci\u00f3n del Equipamiento M\u00e9dico instalado, trabajando en equipo en forma\" \/>\n<meta property=\"og:url\" content=\"https:\/\/www.hospitalonativia.gob.ar\/?page_id=466\" \/>\n<meta property=\"og:site_name\" content=\"Hospital Dr. Arturo O\u00f1ativia\" \/>\n<meta property=\"article:modified_time\" content=\"2017-08-10T15:36:52+00:00\" \/>\n<meta name=\"twitter:card\" content=\"summary_large_image\" \/>\n<meta name=\"twitter:label1\" content=\"Tiempo de lectura\" \/>\n\t<meta name=\"twitter:data1\" content=\"5 minutos\" \/>\n<script type=\"application\/ld+json\" class=\"yoast-schema-graph\">{\"@context\":\"https:\/\/schema.org\",\"@graph\":[{\"@type\":\"WebSite\",\"@id\":\"https:\/\/www.hospitalonativia.gob.ar\/#website\",\"url\":\"https:\/\/www.hospitalonativia.gob.ar\/\",\"name\":\"Hospital Dr. Arturo O\u00f1ativia\",\"description\":\"Salta Capital\",\"potentialAction\":[{\"@type\":\"SearchAction\",\"target\":{\"@type\":\"EntryPoint\",\"urlTemplate\":\"https:\/\/www.hospitalonativia.gob.ar\/?s={search_term_string}\"},\"query-input\":\"required name=search_term_string\"}],\"inLanguage\":\"es\"},{\"@type\":\"WebPage\",\"@id\":\"https:\/\/www.hospitalonativia.gob.ar\/?page_id=466#webpage\",\"url\":\"https:\/\/www.hospitalonativia.gob.ar\/?page_id=466\",\"name\":\"Equipamientos M\u00e9dicos - Hospital Dr. Arturo O\u00f1ativia\",\"isPartOf\":{\"@id\":\"https:\/\/www.hospitalonativia.gob.ar\/#website\"},\"datePublished\":\"2017-04-19T13:47:11+00:00\",\"dateModified\":\"2017-08-10T15:36:52+00:00\",\"breadcrumb\":{\"@id\":\"https:\/\/www.hospitalonativia.gob.ar\/?page_id=466#breadcrumb\"},\"inLanguage\":\"es\",\"potentialAction\":[{\"@type\":\"ReadAction\",\"target\":[\"https:\/\/www.hospitalonativia.gob.ar\/?page_id=466\"]}]},{\"@type\":\"BreadcrumbList\",\"@id\":\"https:\/\/www.hospitalonativia.gob.ar\/?page_id=466#breadcrumb\",\"itemListElement\":[{\"@type\":\"ListItem\",\"position\":1,\"name\":\"Portada\",\"item\":\"https:\/\/www.hospitalonativia.gob.ar\/\"},{\"@type\":\"ListItem\",\"position\":2,\"name\":\"Equipamientos M\u00e9dicos\"}]}]}<\/script>\n<!-- \/ Yoast SEO plugin. -->","yoast_head_json":{"title":"Equipamientos M\u00e9dicos - Hospital Dr. Arturo O\u00f1ativia","robots":{"index":"index","follow":"follow","max-snippet":"max-snippet:-1","max-image-preview":"max-image-preview:large","max-video-preview":"max-video-preview:-1"},"canonical":"https:\/\/www.hospitalonativia.gob.ar\/?page_id=466","og_locale":"es_ES","og_type":"article","og_title":"Equipamientos M\u00e9dicos - Hospital Dr. Arturo O\u00f1ativia","og_description":"Misi\u00f3n Es prestar los Servicios de Gesti\u00f3n, Diagn\u00f3stico, Asistencia y Reparaci\u00f3n del Equipamiento M\u00e9dico instalado, trabajando en equipo en forma","og_url":"https:\/\/www.hospitalonativia.gob.ar\/?page_id=466","og_site_name":"Hospital Dr. Arturo O\u00f1ativia","article_modified_time":"2017-08-10T15:36:52+00:00","twitter_card":"summary_large_image","twitter_misc":{"Tiempo de lectura":"5 minutos"},"schema":{"@context":"https:\/\/schema.org","@graph":[{"@type":"WebSite","@id":"https:\/\/www.hospitalonativia.gob.ar\/#website","url":"https:\/\/www.hospitalonativia.gob.ar\/","name":"Hospital Dr. Arturo O\u00f1ativia","description":"Salta Capital","potentialAction":[{"@type":"SearchAction","target":{"@type":"EntryPoint","urlTemplate":"https:\/\/www.hospitalonativia.gob.ar\/?s={search_term_string}"},"query-input":"required name=search_term_string"}],"inLanguage":"es"},{"@type":"WebPage","@id":"https:\/\/www.hospitalonativia.gob.ar\/?page_id=466#webpage","url":"https:\/\/www.hospitalonativia.gob.ar\/?page_id=466","name":"Equipamientos M\u00e9dicos - Hospital Dr. Arturo O\u00f1ativia","isPartOf":{"@id":"https:\/\/www.hospitalonativia.gob.ar\/#website"},"datePublished":"2017-04-19T13:47:11+00:00","dateModified":"2017-08-10T15:36:52+00:00","breadcrumb":{"@id":"https:\/\/www.hospitalonativia.gob.ar\/?page_id=466#breadcrumb"},"inLanguage":"es","potentialAction":[{"@type":"ReadAction","target":["https:\/\/www.hospitalonativia.gob.ar\/?page_id=466"]}]},{"@type":"BreadcrumbList","@id":"https:\/\/www.hospitalonativia.gob.ar\/?page_id=466#breadcrumb","itemListElement":[{"@type":"ListItem","position":1,"name":"Portada","item":"https:\/\/www.hospitalonativia.gob.ar\/"},{"@type":"ListItem","position":2,"name":"Equipamientos M\u00e9dicos"}]}]}},"_links":{"self":[{"href":"https:\/\/www.hospitalonativia.gob.ar\/index.php?rest_route=\/wp\/v2\/pages\/466"}],"collection":[{"href":"https:\/\/www.hospitalonativia.gob.ar\/index.php?rest_route=\/wp\/v2\/pages"}],"about":[{"href":"https:\/\/www.hospitalonativia.gob.ar\/index.php?rest_route=\/wp\/v2\/types\/page"}],"author":[{"embeddable":true,"href":"https:\/\/www.hospitalonativia.gob.ar\/index.php?rest_route=\/wp\/v2\/users\/2"}],"replies":[{"embeddable":true,"href":"https:\/\/www.hospitalonativia.gob.ar\/index.php?rest_route=%2Fwp%2Fv2%2Fcomments&post=466"}],"version-history":[{"count":5,"href":"https:\/\/www.hospitalonativia.gob.ar\/index.php?rest_route=\/wp\/v2\/pages\/466\/revisions"}],"predecessor-version":[{"id":1207,"href":"https:\/\/www.hospitalonativia.gob.ar\/index.php?rest_route=\/wp\/v2\/pages\/466\/revisions\/1207"}],"wp:attachment":[{"href":"https:\/\/www.hospitalonativia.gob.ar\/index.php?rest_route=%2Fwp%2Fv2%2Fmedia&parent=466"}],"curies":[{"name":"wp","href":"https:\/\/api.w.org\/{rel}","templated":true}]}}