{"id":660,"date":"2017-05-11T09:08:15","date_gmt":"2017-05-11T12:08:15","guid":{"rendered":"http:\/\/www.hospitalonativia.gob.ar\/?page_id=660"},"modified":"2018-05-28T22:53:24","modified_gmt":"2018-05-29T01:53:24","slug":"mision-vision-y-valores","status":"publish","type":"page","link":"https:\/\/www.hospitalonativia.gob.ar\/?page_id=660","title":{"rendered":"Misi\u00f3n, Visi\u00f3n y Valores"},"content":{"rendered":"<div style=\"\u201dpadding: 12px; background-color: lightblue; border: 4px solid blue;\">\n<h4 style=\"text-align: center;\"><span style=\"font-family: 'comic sans ms', sans-serif;\">Misi\u00f3n<\/span><\/h4>\n<h6 style=\"text-align: center;\"><span style=\"font-family: 'comic sans ms', sans-serif;\">El Hospital de Gesti\u00f3n Descentralizada y de Referencia \u201cDr. Arturo O\u00f1ativia\u201d, centro m\u00e9dico de alta complejidad, brinda atenci\u00f3n en enfermedades endocrino \u2013 metab\u00f3licas en forma integral, a pacientes de capital, interior de la provincia de Salta, otras provincias y pa\u00edses vecinos.<\/span><\/h6>\n<div style=\"\u201dpadding: 12px; background-color: red; border: 4px solid white;\">\n<h4 style=\"text-align: center;\"><span style=\"font-family: 'comic sans ms', sans-serif;\">Visi\u00f3n<\/span><\/h4>\n<h6 style=\"text-align: center;\"><span style=\"font-family: 'comic sans ms', sans-serif;\">Constituirse en un modelo de organizaci\u00f3n hospitalaria en la atenci\u00f3n segura de pacientes, en la producci\u00f3n<\/span><br \/>\n<span style=\"font-family: 'comic sans ms', sans-serif;\"> cient\u00edfica y en la capacitaci\u00f3n personal, desarrollando una estructura y cultura organizativa que promueve la salud y<\/span><br \/>\n<span style=\"font-family: 'comic sans ms', sans-serif;\"> coopera activamente con su comunidad.<\/span><\/h6>\n<div style=\"\u201dpadding: 12px; background-color: lightgreen; border: 4px solid green;\">\n<h4 style=\"text-align: center;\"><span style=\"font-family: 'comic sans ms', sans-serif;\">Valores<\/span><\/h4>\n<h6 style=\"text-align: center;\"><span style=\"font-family: 'comic sans ms', sans-serif; font-size: 14pt;\"><strong><em>Trabajo en Equipo<\/em> &#8211;<\/strong> Trabajamos con una visi\u00f3n, respetando y valorando nuestras diferencias, fortaleciendo las relaciones interpersonales y priorizando el \u00e9xito del equipo por encima del \u00e9xito individual.<\/span><\/h6>\n<h6 style=\"text-align: center;\"><span style=\"font-family: 'comic sans ms', sans-serif; font-size: 14pt;\"><strong><em>Responsabilidad<\/em> &#8211; <\/strong>Construimos relaciones de confianza en la ejecuci\u00f3n de nuestras tareas orientadas al logro de los resultados esperados.<\/span><br \/>\n<span style=\"font-family: 'comic sans ms', sans-serif; font-size: 14pt;\">Asumimos un rol activo en nuestra labor diaria y comprendemos la trascendencia de nuestras acciones individuales y colectivas.<\/span><\/h6>\n<h6 style=\"text-align: center;\"><span style=\"font-family: 'comic sans ms', sans-serif; font-size: 14pt;\"><strong><em>\u00c9tica<\/em> &#8211;<\/strong> Sostenemos una conducta transparente, honesta y preocupada por la dignidad de todas las personas con las que interactuamos.<\/span><\/h6>\n<h6 style=\"text-align: center;\"><span style=\"font-family: 'comic sans ms', sans-serif; font-size: 14pt;\"><strong><em>Compromiso<\/em> &#8211;<\/strong> Asumimos nuestras tareas comprometidos con la instituci\u00f3n, enfocando nuestro esfuerzo a brindar atenci\u00f3n de calidad a nuestros pacientes y su familia.<\/span><\/h6>\n<h6 style=\"text-align: center;\"><span style=\"font-family: 'comic sans ms', sans-serif; font-size: 14pt;\"><strong><em>Eficiencia<\/em> &#8211;<\/strong> Logramos nuestros objetivos utilizando procesos y m\u00e9todos de trabajo que optimizan nuestro desempe\u00f1o con la mejor utilizaci\u00f3n de recursos.<\/span><\/h6>\n<\/div>\n<\/div>\n<\/div>\n","protected":false},"excerpt":{"rendered":"<p>Misi\u00f3n El Hospital de Gesti\u00f3n Descentralizada y de Referencia \u201cDr. Arturo O\u00f1ativia\u201d, centro m\u00e9dico de alta complejidad, brinda atenci\u00f3n en<\/p>\n","protected":false},"author":2,"featured_media":0,"parent":0,"menu_order":0,"comment_status":"closed","ping_status":"closed","template":"","meta":{"footnotes":""},"class_list":["post-660","page","type-page","status-publish","hentry"],"yoast_head":"<!-- This site is optimized with the Yoast SEO plugin v18.0 - https:\/\/yoast.com\/wordpress\/plugins\/seo\/ -->\n<title>Misi\u00f3n, Visi\u00f3n y Valores - Hospital Dr. Arturo O\u00f1ativia<\/title>\n<meta name=\"robots\" content=\"index, follow, max-snippet:-1, max-image-preview:large, max-video-preview:-1\" \/>\n<link rel=\"canonical\" href=\"https:\/\/www.hospitalonativia.gob.ar\/?page_id=660\" \/>\n<meta property=\"og:locale\" content=\"es_ES\" \/>\n<meta property=\"og:type\" content=\"article\" \/>\n<meta property=\"og:title\" content=\"Misi\u00f3n, Visi\u00f3n y Valores - Hospital Dr. Arturo O\u00f1ativia\" \/>\n<meta property=\"og:description\" content=\"Misi\u00f3n El Hospital de Gesti\u00f3n Descentralizada y de Referencia \u201cDr. Arturo O\u00f1ativia\u201d, centro m\u00e9dico de alta complejidad, brinda atenci\u00f3n en\" \/>\n<meta property=\"og:url\" content=\"https:\/\/www.hospitalonativia.gob.ar\/?page_id=660\" \/>\n<meta property=\"og:site_name\" content=\"Hospital Dr. Arturo O\u00f1ativia\" \/>\n<meta property=\"article:modified_time\" content=\"2018-05-29T01:53:24+00:00\" \/>\n<meta name=\"twitter:card\" content=\"summary_large_image\" \/>\n<meta name=\"twitter:label1\" content=\"Tiempo de lectura\" \/>\n\t<meta name=\"twitter:data1\" content=\"1 minuto\" \/>\n<script type=\"application\/ld+json\" class=\"yoast-schema-graph\">{\"@context\":\"https:\/\/schema.org\",\"@graph\":[{\"@type\":\"WebSite\",\"@id\":\"https:\/\/www.hospitalonativia.gob.ar\/#website\",\"url\":\"https:\/\/www.hospitalonativia.gob.ar\/\",\"name\":\"Hospital Dr. Arturo O\u00f1ativia\",\"description\":\"Salta Capital\",\"potentialAction\":[{\"@type\":\"SearchAction\",\"target\":{\"@type\":\"EntryPoint\",\"urlTemplate\":\"https:\/\/www.hospitalonativia.gob.ar\/?s={search_term_string}\"},\"query-input\":\"required name=search_term_string\"}],\"inLanguage\":\"es\"},{\"@type\":\"WebPage\",\"@id\":\"https:\/\/www.hospitalonativia.gob.ar\/?page_id=660#webpage\",\"url\":\"https:\/\/www.hospitalonativia.gob.ar\/?page_id=660\",\"name\":\"Misi\u00f3n, Visi\u00f3n y Valores - Hospital Dr. Arturo O\u00f1ativia\",\"isPartOf\":{\"@id\":\"https:\/\/www.hospitalonativia.gob.ar\/#website\"},\"datePublished\":\"2017-05-11T12:08:15+00:00\",\"dateModified\":\"2018-05-29T01:53:24+00:00\",\"breadcrumb\":{\"@id\":\"https:\/\/www.hospitalonativia.gob.ar\/?page_id=660#breadcrumb\"},\"inLanguage\":\"es\",\"potentialAction\":[{\"@type\":\"ReadAction\",\"target\":[\"https:\/\/www.hospitalonativia.gob.ar\/?page_id=660\"]}]},{\"@type\":\"BreadcrumbList\",\"@id\":\"https:\/\/www.hospitalonativia.gob.ar\/?page_id=660#breadcrumb\",\"itemListElement\":[{\"@type\":\"ListItem\",\"position\":1,\"name\":\"Portada\",\"item\":\"https:\/\/www.hospitalonativia.gob.ar\/\"},{\"@type\":\"ListItem\",\"position\":2,\"name\":\"Misi\u00f3n, Visi\u00f3n y Valores\"}]}]}<\/script>\n<!-- \/ Yoast SEO plugin. -->","yoast_head_json":{"title":"Misi\u00f3n, Visi\u00f3n y Valores - Hospital Dr. Arturo O\u00f1ativia","robots":{"index":"index","follow":"follow","max-snippet":"max-snippet:-1","max-image-preview":"max-image-preview:large","max-video-preview":"max-video-preview:-1"},"canonical":"https:\/\/www.hospitalonativia.gob.ar\/?page_id=660","og_locale":"es_ES","og_type":"article","og_title":"Misi\u00f3n, Visi\u00f3n y Valores - Hospital Dr. Arturo O\u00f1ativia","og_description":"Misi\u00f3n El Hospital de Gesti\u00f3n Descentralizada y de Referencia \u201cDr. Arturo O\u00f1ativia\u201d, centro m\u00e9dico de alta complejidad, brinda atenci\u00f3n en","og_url":"https:\/\/www.hospitalonativia.gob.ar\/?page_id=660","og_site_name":"Hospital Dr. Arturo O\u00f1ativia","article_modified_time":"2018-05-29T01:53:24+00:00","twitter_card":"summary_large_image","twitter_misc":{"Tiempo de lectura":"1 minuto"},"schema":{"@context":"https:\/\/schema.org","@graph":[{"@type":"WebSite","@id":"https:\/\/www.hospitalonativia.gob.ar\/#website","url":"https:\/\/www.hospitalonativia.gob.ar\/","name":"Hospital Dr. Arturo O\u00f1ativia","description":"Salta Capital","potentialAction":[{"@type":"SearchAction","target":{"@type":"EntryPoint","urlTemplate":"https:\/\/www.hospitalonativia.gob.ar\/?s={search_term_string}"},"query-input":"required name=search_term_string"}],"inLanguage":"es"},{"@type":"WebPage","@id":"https:\/\/www.hospitalonativia.gob.ar\/?page_id=660#webpage","url":"https:\/\/www.hospitalonativia.gob.ar\/?page_id=660","name":"Misi\u00f3n, Visi\u00f3n y Valores - Hospital Dr. Arturo O\u00f1ativia","isPartOf":{"@id":"https:\/\/www.hospitalonativia.gob.ar\/#website"},"datePublished":"2017-05-11T12:08:15+00:00","dateModified":"2018-05-29T01:53:24+00:00","breadcrumb":{"@id":"https:\/\/www.hospitalonativia.gob.ar\/?page_id=660#breadcrumb"},"inLanguage":"es","potentialAction":[{"@type":"ReadAction","target":["https:\/\/www.hospitalonativia.gob.ar\/?page_id=660"]}]},{"@type":"BreadcrumbList","@id":"https:\/\/www.hospitalonativia.gob.ar\/?page_id=660#breadcrumb","itemListElement":[{"@type":"ListItem","position":1,"name":"Portada","item":"https:\/\/www.hospitalonativia.gob.ar\/"},{"@type":"ListItem","position":2,"name":"Misi\u00f3n, Visi\u00f3n y Valores"}]}]}},"_links":{"self":[{"href":"https:\/\/www.hospitalonativia.gob.ar\/index.php?rest_route=\/wp\/v2\/pages\/660"}],"collection":[{"href":"https:\/\/www.hospitalonativia.gob.ar\/index.php?rest_route=\/wp\/v2\/pages"}],"about":[{"href":"https:\/\/www.hospitalonativia.gob.ar\/index.php?rest_route=\/wp\/v2\/types\/page"}],"author":[{"embeddable":true,"href":"https:\/\/www.hospitalonativia.gob.ar\/index.php?rest_route=\/wp\/v2\/users\/2"}],"replies":[{"embeddable":true,"href":"https:\/\/www.hospitalonativia.gob.ar\/index.php?rest_route=%2Fwp%2Fv2%2Fcomments&post=660"}],"version-history":[{"count":15,"href":"https:\/\/www.hospitalonativia.gob.ar\/index.php?rest_route=\/wp\/v2\/pages\/660\/revisions"}],"predecessor-version":[{"id":1416,"href":"https:\/\/www.hospitalonativia.gob.ar\/index.php?rest_route=\/wp\/v2\/pages\/660\/revisions\/1416"}],"wp:attachment":[{"href":"https:\/\/www.hospitalonativia.gob.ar\/index.php?rest_route=%2Fwp%2Fv2%2Fmedia&parent=660"}],"curies":[{"name":"wp","href":"https:\/\/api.w.org\/{rel}","templated":true}]}}