{"id":811,"date":"2017-06-15T10:04:51","date_gmt":"2017-06-15T13:04:51","guid":{"rendered":"http:\/\/www.hospitalonativia.gob.ar\/?page_id=811"},"modified":"2017-06-16T22:50:42","modified_gmt":"2017-06-17T01:50:42","slug":"funciones-y-actividades","status":"publish","type":"page","link":"https:\/\/www.hospitalonativia.gob.ar\/?page_id=811","title":{"rendered":"Funciones y Actividades"},"content":{"rendered":"<div style=\"\u201dpadding: 12px; background-color: lightblue; line-height: 1.4;\">\n<h6><span style=\"font-family: arial, helvetica, sans-serif; font-size: 12pt;\">El Hospital de Gesti\u00f3n Descentralizada Dr. Arturo O\u00f1ativia brinda atenci\u00f3n en enfermedades endocrino \u2013 metab\u00f3licas en forma integral, a pacientes de capital, interior de la provincia de Salta, otras provincias y pa\u00edses vecinos.<\/span><\/h6>\n<h6><span style=\"font-family: arial, helvetica, sans-serif; font-size: 12pt;\">Desarrolla una estructura y cultura organizativa que promueve la salud y coopera activamente con su comunidad. La promoci\u00f3n y prevenci\u00f3n de la salud contemplan la puesta en marcha de diversas estrategias y acciones dirigidas para favorecer la incorporaci\u00f3n de pr\u00e1cticas individuales, ambientales y comunitarias saludables, estableci\u00e9ndose acuerdos intra e interinstitucionales (escuelas, clubes, comedores, Centros de Salud, Hospitales, otros Programas del MSP, Organismos oficiales, etc.)<\/span><\/h6>\n<h6><span style=\"font-family: arial, helvetica, sans-serif; font-size: 12pt;\">Realiza m\u00faltiples actividades de docencia y perfeccionamiento del recurso humano: Cursos, Talleres, Ateneos, Jornadas. Est\u00e1 implementado el sistema Pasant\u00edas, Rotaciones, Visitas y Concurrencias en la mayor\u00eda de los Servicios de la Instituci\u00f3n. Funcionan tres Residencias Post-b\u00e1sicas en las especialidades de Nefrolog\u00eda, Endocrinolog\u00eda, y Nutrici\u00f3n Cl\u00ednica.<\/span><\/h6>\n<h6><span style=\"font-family: arial, helvetica, sans-serif; font-size: 12pt;\">En el \u00e1rea de Investigaci\u00f3n el Hospital O\u00f1ativia se destaca a nivel nacional por la calidad de su producci\u00f3n cient\u00edfica, que se corrobora con los premios obtenidos.<\/span><\/h6>\n<h6><span style=\"font-family: arial, helvetica, sans-serif; font-size: 14pt;\"><u>Principales servicios prestados<\/u>:<\/span><\/h6>\n<h6><span style=\"font-family: arial, helvetica, sans-serif; font-size: 12pt;\">El Hospital O\u00f1ativia es un centro m\u00e9dico de alta complejidad, considerado de Referencia para la atenci\u00f3n de pacientes adultos en \u00a0las \u00a0especialidades de Endocrinolog\u00eda, en Diabetes, y en Cirug\u00eda Tiroidea.<\/span><\/h6>\n<h6><span style=\"font-family: arial, helvetica, sans-serif; font-size: 12pt;\">Cuenta con el \u00fanico Centro de Nefrolog\u00eda y Hemodi\u00e1lisis de la provincia que funciona en un hospital p\u00fablico; con 17 puestos en tres turnos (100 pacientes en total). Y destinado especialmente a pacientes de bajos recursos sin obra social.<\/span><\/h6>\n<h6><span style=\"font-family: arial, helvetica, sans-serif; font-size: 12pt;\">Del mismo modo el servicio de Medicina Nuclear es el \u00fanico en todo el NOA que trabaja en un hospital p\u00fablico, con moderno equipamiento, realizando pr\u00e1cticas de diagn\u00f3stico y tratamiento de\u00a0 un amplio espectro de patolog\u00edas (Tiroideas, Card\u00edacas, \u00d3seas, Renales, etc.)<\/span><\/h6>\n<h6><span style=\"font-family: arial, helvetica, sans-serif; font-size: 12pt;\">Los procedimientos m\u00e1s utilizados por el equipo interdisciplinario de Cirug\u00eda Bari\u00e1trica que funciona en el nosocomio, son la gastrectom\u00eda vertical y el by pass g\u00e1strico.<\/span><\/h6>\n<h6><span style=\"font-family: arial, helvetica, sans-serif; font-size: 12pt;\">El sector de Anatom\u00eda Patol\u00f3gica se aboca\u00a0 al diagn\u00f3stico An\u00e1tomo-patol\u00f3gico, Citol\u00f3gico de patolog\u00edas principalmente End\u00f3crinas y Metab\u00f3licas. El Laboratorio de Biolog\u00eda Molecular efect\u00faa estudios moleculares con marcadores diagn\u00f3sticos, pron\u00f3sticos y predictivos en patolog\u00eda tumoral endocrina.<\/span><\/h6>\n<h6><span style=\"font-family: arial, helvetica, sans-serif; font-size: 12pt;\">El Centro de Trasplante Renal de la Instituci\u00f3n permite que pacientes con enfermedades cr\u00f3nicas como insuficiencia renal con o sin obra social sean tratados en nuestra provincia.<\/span><\/h6>\n<\/div>\n","protected":false},"excerpt":{"rendered":"<p>El Hospital de Gesti\u00f3n Descentralizada Dr. Arturo O\u00f1ativia brinda atenci\u00f3n en enfermedades endocrino \u2013 metab\u00f3licas en forma integral, a pacientes<\/p>\n","protected":false},"author":2,"featured_media":0,"parent":0,"menu_order":0,"comment_status":"closed","ping_status":"closed","template":"","meta":{"footnotes":""},"class_list":["post-811","page","type-page","status-publish","hentry"],"yoast_head":"<!-- This site is optimized with the Yoast SEO plugin v18.0 - https:\/\/yoast.com\/wordpress\/plugins\/seo\/ -->\n<title>Funciones y Actividades - Hospital Dr. Arturo O\u00f1ativia<\/title>\n<meta name=\"robots\" content=\"index, follow, max-snippet:-1, max-image-preview:large, max-video-preview:-1\" \/>\n<link rel=\"canonical\" href=\"https:\/\/www.hospitalonativia.gob.ar\/?page_id=811\" \/>\n<meta property=\"og:locale\" content=\"es_ES\" \/>\n<meta property=\"og:type\" content=\"article\" \/>\n<meta property=\"og:title\" content=\"Funciones y Actividades - Hospital Dr. Arturo O\u00f1ativia\" \/>\n<meta property=\"og:description\" content=\"El Hospital de Gesti\u00f3n Descentralizada Dr. Arturo O\u00f1ativia brinda atenci\u00f3n en enfermedades endocrino \u2013 metab\u00f3licas en forma integral, a pacientes\" \/>\n<meta property=\"og:url\" content=\"https:\/\/www.hospitalonativia.gob.ar\/?page_id=811\" \/>\n<meta property=\"og:site_name\" content=\"Hospital Dr. Arturo O\u00f1ativia\" \/>\n<meta property=\"article:modified_time\" content=\"2017-06-17T01:50:42+00:00\" \/>\n<meta name=\"twitter:card\" content=\"summary_large_image\" \/>\n<meta name=\"twitter:label1\" content=\"Tiempo de lectura\" \/>\n\t<meta name=\"twitter:data1\" content=\"2 minutos\" \/>\n<script type=\"application\/ld+json\" class=\"yoast-schema-graph\">{\"@context\":\"https:\/\/schema.org\",\"@graph\":[{\"@type\":\"WebSite\",\"@id\":\"https:\/\/www.hospitalonativia.gob.ar\/#website\",\"url\":\"https:\/\/www.hospitalonativia.gob.ar\/\",\"name\":\"Hospital Dr. Arturo O\u00f1ativia\",\"description\":\"Salta Capital\",\"potentialAction\":[{\"@type\":\"SearchAction\",\"target\":{\"@type\":\"EntryPoint\",\"urlTemplate\":\"https:\/\/www.hospitalonativia.gob.ar\/?s={search_term_string}\"},\"query-input\":\"required name=search_term_string\"}],\"inLanguage\":\"es\"},{\"@type\":\"WebPage\",\"@id\":\"https:\/\/www.hospitalonativia.gob.ar\/?page_id=811#webpage\",\"url\":\"https:\/\/www.hospitalonativia.gob.ar\/?page_id=811\",\"name\":\"Funciones y Actividades - Hospital Dr. Arturo O\u00f1ativia\",\"isPartOf\":{\"@id\":\"https:\/\/www.hospitalonativia.gob.ar\/#website\"},\"datePublished\":\"2017-06-15T13:04:51+00:00\",\"dateModified\":\"2017-06-17T01:50:42+00:00\",\"breadcrumb\":{\"@id\":\"https:\/\/www.hospitalonativia.gob.ar\/?page_id=811#breadcrumb\"},\"inLanguage\":\"es\",\"potentialAction\":[{\"@type\":\"ReadAction\",\"target\":[\"https:\/\/www.hospitalonativia.gob.ar\/?page_id=811\"]}]},{\"@type\":\"BreadcrumbList\",\"@id\":\"https:\/\/www.hospitalonativia.gob.ar\/?page_id=811#breadcrumb\",\"itemListElement\":[{\"@type\":\"ListItem\",\"position\":1,\"name\":\"Portada\",\"item\":\"https:\/\/www.hospitalonativia.gob.ar\/\"},{\"@type\":\"ListItem\",\"position\":2,\"name\":\"Funciones y Actividades\"}]}]}<\/script>\n<!-- \/ Yoast SEO plugin. -->","yoast_head_json":{"title":"Funciones y Actividades - Hospital Dr. Arturo O\u00f1ativia","robots":{"index":"index","follow":"follow","max-snippet":"max-snippet:-1","max-image-preview":"max-image-preview:large","max-video-preview":"max-video-preview:-1"},"canonical":"https:\/\/www.hospitalonativia.gob.ar\/?page_id=811","og_locale":"es_ES","og_type":"article","og_title":"Funciones y Actividades - Hospital Dr. Arturo O\u00f1ativia","og_description":"El Hospital de Gesti\u00f3n Descentralizada Dr. Arturo O\u00f1ativia brinda atenci\u00f3n en enfermedades endocrino \u2013 metab\u00f3licas en forma integral, a pacientes","og_url":"https:\/\/www.hospitalonativia.gob.ar\/?page_id=811","og_site_name":"Hospital Dr. Arturo O\u00f1ativia","article_modified_time":"2017-06-17T01:50:42+00:00","twitter_card":"summary_large_image","twitter_misc":{"Tiempo de lectura":"2 minutos"},"schema":{"@context":"https:\/\/schema.org","@graph":[{"@type":"WebSite","@id":"https:\/\/www.hospitalonativia.gob.ar\/#website","url":"https:\/\/www.hospitalonativia.gob.ar\/","name":"Hospital Dr. Arturo O\u00f1ativia","description":"Salta Capital","potentialAction":[{"@type":"SearchAction","target":{"@type":"EntryPoint","urlTemplate":"https:\/\/www.hospitalonativia.gob.ar\/?s={search_term_string}"},"query-input":"required name=search_term_string"}],"inLanguage":"es"},{"@type":"WebPage","@id":"https:\/\/www.hospitalonativia.gob.ar\/?page_id=811#webpage","url":"https:\/\/www.hospitalonativia.gob.ar\/?page_id=811","name":"Funciones y Actividades - Hospital Dr. Arturo O\u00f1ativia","isPartOf":{"@id":"https:\/\/www.hospitalonativia.gob.ar\/#website"},"datePublished":"2017-06-15T13:04:51+00:00","dateModified":"2017-06-17T01:50:42+00:00","breadcrumb":{"@id":"https:\/\/www.hospitalonativia.gob.ar\/?page_id=811#breadcrumb"},"inLanguage":"es","potentialAction":[{"@type":"ReadAction","target":["https:\/\/www.hospitalonativia.gob.ar\/?page_id=811"]}]},{"@type":"BreadcrumbList","@id":"https:\/\/www.hospitalonativia.gob.ar\/?page_id=811#breadcrumb","itemListElement":[{"@type":"ListItem","position":1,"name":"Portada","item":"https:\/\/www.hospitalonativia.gob.ar\/"},{"@type":"ListItem","position":2,"name":"Funciones y Actividades"}]}]}},"_links":{"self":[{"href":"https:\/\/www.hospitalonativia.gob.ar\/index.php?rest_route=\/wp\/v2\/pages\/811"}],"collection":[{"href":"https:\/\/www.hospitalonativia.gob.ar\/index.php?rest_route=\/wp\/v2\/pages"}],"about":[{"href":"https:\/\/www.hospitalonativia.gob.ar\/index.php?rest_route=\/wp\/v2\/types\/page"}],"author":[{"embeddable":true,"href":"https:\/\/www.hospitalonativia.gob.ar\/index.php?rest_route=\/wp\/v2\/users\/2"}],"replies":[{"embeddable":true,"href":"https:\/\/www.hospitalonativia.gob.ar\/index.php?rest_route=%2Fwp%2Fv2%2Fcomments&post=811"}],"version-history":[{"count":5,"href":"https:\/\/www.hospitalonativia.gob.ar\/index.php?rest_route=\/wp\/v2\/pages\/811\/revisions"}],"predecessor-version":[{"id":872,"href":"https:\/\/www.hospitalonativia.gob.ar\/index.php?rest_route=\/wp\/v2\/pages\/811\/revisions\/872"}],"wp:attachment":[{"href":"https:\/\/www.hospitalonativia.gob.ar\/index.php?rest_route=%2Fwp%2Fv2%2Fmedia&parent=811"}],"curies":[{"name":"wp","href":"https:\/\/api.w.org\/{rel}","templated":true}]}}