{"id":86,"date":"2016-06-27T13:46:52","date_gmt":"2016-06-27T16:46:52","guid":{"rendered":"http:\/\/192.168.1.190\/hospitalonativia\/?page_id=86"},"modified":"2018-04-20T10:52:49","modified_gmt":"2018-04-20T13:52:49","slug":"residencias","status":"publish","type":"page","link":"https:\/\/www.hospitalonativia.gob.ar\/?page_id=86","title":{"rendered":"Residencias"},"content":{"rendered":"<div class=\"col-md-12 text-center mt16 mb0\">\n<h2>Residencias M\u00e9dicas en el Hospital Dr. Arturo O\u00f1ativia<\/h2>\n<h3 class=\"text-muted\"><\/h3>\n<\/div>\n<div class=\"col-md-12 mb16 mt16\">\n<table border=\"0\" width=\"520\" cellspacing=\"0\" cellpadding=\"0\">\n<colgroup>\n<col \/>\n<col \/>\n<col \/><\/colgroup>\n<tbody>\n<tr>\n<td height=\"66\">Residencia Post B\u00e1sico Nutrici\u00f3n Cl\u00ednica<\/td>\n<td>1\u00a0 (uno) cupo<\/td>\n<td>becas provinciales<\/td>\n<\/tr>\n<tr>\n<td height=\"66\">Residencia Post B\u00e1sico Endocrinolog\u00eda y Nutrici\u00f3n<\/td>\n<td>1\u00a0 (uno) cupo<\/td>\n<td>becas provinciales<\/td>\n<\/tr>\n<tr>\n<td height=\"66\">Residencia Post B\u00e1sico\u00a0 Nefrolog\u00eda.<\/td>\n<td>1\u00a0 (uno) cupo<\/td>\n<td>becas provinciales<\/td>\n<\/tr>\n<\/tbody>\n<\/table>\n<p><strong>Preinscripci\u00f3n:<\/strong> online (\u00fanicamente : <a href=\"https:\/\/sisa.msal.gov.ar\/sisa\/\" target=\"_blank\" rel=\"noopener\">www.sisa.msal.gov.ar<\/a>) &#8230;&#8230;&#8230;&#8230;&#8230;&#8230;&#8230;&#8230;&#8230;&#8230;&#8230;&#8230;\u00a022 de febrero al 31 marzo de 2018.<\/p>\n<table cellspacing=\"0\" cellpadding=\"0\" align=\"left\">\n<tbody>\n<tr>\n<td align=\"left\"><strong>Inscripci\u00f3n:<\/strong>\u00a0Sistema SISA y en la oficina de RR.HH. del Hospital Dr. O\u00f1ativia, desde el 20 de febrero al 28 marzo de 2018 de 08:00 a 12:00 horas<\/p>\n<p>(Dr Eduardo Paz Cha\u00edn N\u00b030; tel. 0387-4315042 &#8211; 4221605 &#8211; 4221804 \/ interno 140)<\/td>\n<\/tr>\n<\/tbody>\n<\/table>\n<\/div>\n","protected":false},"excerpt":{"rendered":"<p>Residencias M\u00e9dicas en el Hospital Dr. Arturo O\u00f1ativia Residencia Post B\u00e1sico Nutrici\u00f3n Cl\u00ednica 1\u00a0 (uno) cupo becas provinciales Residencia Post<\/p>\n","protected":false},"author":2,"featured_media":0,"parent":84,"menu_order":0,"comment_status":"closed","ping_status":"closed","template":"","meta":{"footnotes":""},"class_list":["post-86","page","type-page","status-publish","hentry"],"yoast_head":"<!-- This site is optimized with the Yoast SEO plugin v18.0 - https:\/\/yoast.com\/wordpress\/plugins\/seo\/ -->\n<title>Residencias - Hospital Dr. Arturo O\u00f1ativia<\/title>\n<meta name=\"robots\" content=\"index, follow, max-snippet:-1, max-image-preview:large, max-video-preview:-1\" \/>\n<link rel=\"canonical\" href=\"https:\/\/www.hospitalonativia.gob.ar\/?page_id=86\" \/>\n<meta property=\"og:locale\" content=\"es_ES\" \/>\n<meta property=\"og:type\" content=\"article\" \/>\n<meta property=\"og:title\" content=\"Residencias - Hospital Dr. Arturo O\u00f1ativia\" \/>\n<meta property=\"og:description\" content=\"Residencias M\u00e9dicas en el Hospital Dr. Arturo O\u00f1ativia Residencia Post B\u00e1sico Nutrici\u00f3n Cl\u00ednica 1\u00a0 (uno) cupo becas provinciales Residencia Post\" \/>\n<meta property=\"og:url\" content=\"https:\/\/www.hospitalonativia.gob.ar\/?page_id=86\" \/>\n<meta property=\"og:site_name\" content=\"Hospital Dr. Arturo O\u00f1ativia\" \/>\n<meta property=\"article:modified_time\" content=\"2018-04-20T13:52:49+00:00\" \/>\n<meta name=\"twitter:card\" content=\"summary_large_image\" \/>\n<script type=\"application\/ld+json\" class=\"yoast-schema-graph\">{\"@context\":\"https:\/\/schema.org\",\"@graph\":[{\"@type\":\"WebSite\",\"@id\":\"https:\/\/www.hospitalonativia.gob.ar\/#website\",\"url\":\"https:\/\/www.hospitalonativia.gob.ar\/\",\"name\":\"Hospital Dr. Arturo O\u00f1ativia\",\"description\":\"Salta Capital\",\"potentialAction\":[{\"@type\":\"SearchAction\",\"target\":{\"@type\":\"EntryPoint\",\"urlTemplate\":\"https:\/\/www.hospitalonativia.gob.ar\/?s={search_term_string}\"},\"query-input\":\"required name=search_term_string\"}],\"inLanguage\":\"es\"},{\"@type\":\"WebPage\",\"@id\":\"https:\/\/www.hospitalonativia.gob.ar\/?page_id=86#webpage\",\"url\":\"https:\/\/www.hospitalonativia.gob.ar\/?page_id=86\",\"name\":\"Residencias - Hospital Dr. Arturo O\u00f1ativia\",\"isPartOf\":{\"@id\":\"https:\/\/www.hospitalonativia.gob.ar\/#website\"},\"datePublished\":\"2016-06-27T16:46:52+00:00\",\"dateModified\":\"2018-04-20T13:52:49+00:00\",\"breadcrumb\":{\"@id\":\"https:\/\/www.hospitalonativia.gob.ar\/?page_id=86#breadcrumb\"},\"inLanguage\":\"es\",\"potentialAction\":[{\"@type\":\"ReadAction\",\"target\":[\"https:\/\/www.hospitalonativia.gob.ar\/?page_id=86\"]}]},{\"@type\":\"BreadcrumbList\",\"@id\":\"https:\/\/www.hospitalonativia.gob.ar\/?page_id=86#breadcrumb\",\"itemListElement\":[{\"@type\":\"ListItem\",\"position\":1,\"name\":\"Portada\",\"item\":\"https:\/\/www.hospitalonativia.gob.ar\/\"},{\"@type\":\"ListItem\",\"position\":2,\"name\":\"Capacitaci\u00f3n y Docencia\",\"item\":\"https:\/\/www.hospitalonativia.gob.ar\/?page_id=84\"},{\"@type\":\"ListItem\",\"position\":3,\"name\":\"Residencias\"}]}]}<\/script>\n<!-- \/ Yoast SEO plugin. -->","yoast_head_json":{"title":"Residencias - Hospital Dr. Arturo O\u00f1ativia","robots":{"index":"index","follow":"follow","max-snippet":"max-snippet:-1","max-image-preview":"max-image-preview:large","max-video-preview":"max-video-preview:-1"},"canonical":"https:\/\/www.hospitalonativia.gob.ar\/?page_id=86","og_locale":"es_ES","og_type":"article","og_title":"Residencias - Hospital Dr. Arturo O\u00f1ativia","og_description":"Residencias M\u00e9dicas en el Hospital Dr. Arturo O\u00f1ativia Residencia Post B\u00e1sico Nutrici\u00f3n Cl\u00ednica 1\u00a0 (uno) cupo becas provinciales Residencia Post","og_url":"https:\/\/www.hospitalonativia.gob.ar\/?page_id=86","og_site_name":"Hospital Dr. Arturo O\u00f1ativia","article_modified_time":"2018-04-20T13:52:49+00:00","twitter_card":"summary_large_image","schema":{"@context":"https:\/\/schema.org","@graph":[{"@type":"WebSite","@id":"https:\/\/www.hospitalonativia.gob.ar\/#website","url":"https:\/\/www.hospitalonativia.gob.ar\/","name":"Hospital Dr. Arturo O\u00f1ativia","description":"Salta Capital","potentialAction":[{"@type":"SearchAction","target":{"@type":"EntryPoint","urlTemplate":"https:\/\/www.hospitalonativia.gob.ar\/?s={search_term_string}"},"query-input":"required name=search_term_string"}],"inLanguage":"es"},{"@type":"WebPage","@id":"https:\/\/www.hospitalonativia.gob.ar\/?page_id=86#webpage","url":"https:\/\/www.hospitalonativia.gob.ar\/?page_id=86","name":"Residencias - Hospital Dr. Arturo O\u00f1ativia","isPartOf":{"@id":"https:\/\/www.hospitalonativia.gob.ar\/#website"},"datePublished":"2016-06-27T16:46:52+00:00","dateModified":"2018-04-20T13:52:49+00:00","breadcrumb":{"@id":"https:\/\/www.hospitalonativia.gob.ar\/?page_id=86#breadcrumb"},"inLanguage":"es","potentialAction":[{"@type":"ReadAction","target":["https:\/\/www.hospitalonativia.gob.ar\/?page_id=86"]}]},{"@type":"BreadcrumbList","@id":"https:\/\/www.hospitalonativia.gob.ar\/?page_id=86#breadcrumb","itemListElement":[{"@type":"ListItem","position":1,"name":"Portada","item":"https:\/\/www.hospitalonativia.gob.ar\/"},{"@type":"ListItem","position":2,"name":"Capacitaci\u00f3n y Docencia","item":"https:\/\/www.hospitalonativia.gob.ar\/?page_id=84"},{"@type":"ListItem","position":3,"name":"Residencias"}]}]}},"_links":{"self":[{"href":"https:\/\/www.hospitalonativia.gob.ar\/index.php?rest_route=\/wp\/v2\/pages\/86"}],"collection":[{"href":"https:\/\/www.hospitalonativia.gob.ar\/index.php?rest_route=\/wp\/v2\/pages"}],"about":[{"href":"https:\/\/www.hospitalonativia.gob.ar\/index.php?rest_route=\/wp\/v2\/types\/page"}],"author":[{"embeddable":true,"href":"https:\/\/www.hospitalonativia.gob.ar\/index.php?rest_route=\/wp\/v2\/users\/2"}],"replies":[{"embeddable":true,"href":"https:\/\/www.hospitalonativia.gob.ar\/index.php?rest_route=%2Fwp%2Fv2%2Fcomments&post=86"}],"version-history":[{"count":6,"href":"https:\/\/www.hospitalonativia.gob.ar\/index.php?rest_route=\/wp\/v2\/pages\/86\/revisions"}],"predecessor-version":[{"id":1359,"href":"https:\/\/www.hospitalonativia.gob.ar\/index.php?rest_route=\/wp\/v2\/pages\/86\/revisions\/1359"}],"up":[{"embeddable":true,"href":"https:\/\/www.hospitalonativia.gob.ar\/index.php?rest_route=\/wp\/v2\/pages\/84"}],"wp:attachment":[{"href":"https:\/\/www.hospitalonativia.gob.ar\/index.php?rest_route=%2Fwp%2Fv2%2Fmedia&parent=86"}],"curies":[{"name":"wp","href":"https:\/\/api.w.org\/{rel}","templated":true}]}}