{"id":93,"date":"2016-06-27T13:52:21","date_gmt":"2016-06-27T16:52:21","guid":{"rendered":"http:\/\/192.168.1.190\/hospitalonativia\/?page_id=93"},"modified":"2019-12-12T07:02:12","modified_gmt":"2019-12-12T10:02:12","slug":"calidad","status":"publish","type":"page","link":"https:\/\/www.hospitalonativia.gob.ar\/?page_id=93","title":{"rendered":"POL\u00cdTICA DE CALIDAD"},"content":{"rendered":"<p>El Hospital P\u00fablico de Gesti\u00f3n Descentralizada \u201cDr. Arturo O\u00f1ativia\u201d, se compromete, dentro del marco legal vigente, a establecer estrategias para brindar atenciones de salud a la poblaci\u00f3n en forma integral, segura, oportuna, resolutiva y eficiente, con calidad cient\u00edfica y t\u00e9cnica, calidez humana, potenciando los niveles de satisfacci\u00f3n de los usuarios internos y otras partes interesadas, desarrollando una cultura corporativa de responsabilidad social y\u00a0\u00a0respeto al medio ambiente, y evaluando permanentemente los procesos en aras de la mejora continua del Sistema de Gesti\u00f3n de Calidad.<\/p>\n<p><span style=\"font-size: 14pt;\"><strong><span style=\"color: #003366; font-family: arial, helvetica, sans-serif;\"><span style=\"text-decoration: underline;\">Objetivos de Calidad<\/span> :<\/span><\/strong><\/span><\/p>\n<ul>\n<li><span style=\"font-size: 14pt;\"><strong><span style=\"color: #003366; font-family: arial, helvetica, sans-serif;\">Ofrecer el servicio de salud de manera integral, con calidad cient\u00edfica y t\u00e9cnica, calidez humana y calidad hacia los usuarios internos y externos y colaboradores.<\/span><\/strong><\/span><\/li>\n<li><span style=\"font-size: 14pt;\"><strong><span style=\"color: #003366; font-family: arial, helvetica, sans-serif;\">Reducir el riesgo de adquirir Infecciones Asociadas al Cuidado de la Salud y generar acciones de mejora espec\u00edficas en Seguridad del Paciente.<\/span><\/strong><\/span><\/li>\n<li><span style=\"font-size: 14pt;\"><strong><span style=\"color: #003366; font-family: arial, helvetica, sans-serif;\">Promoci\u00f3n y Prevenci\u00f3n de la salud y Comunicaci\u00f3n Institucional participativa.<\/span><\/strong><\/span><\/li>\n<li><span style=\"font-size: 14pt;\"><strong><span style=\"color: #003366; font-family: arial, helvetica, sans-serif;\">Establecer mecanismos de control y seguimiento al programa de salud ocupacional.<\/span><\/strong><\/span><\/li>\n<li><span style=\"font-size: 14pt;\"><strong><span style=\"color: #003366; font-family: arial, helvetica, sans-serif;\">Responsabilidad Social Corporativa<\/span><\/strong><\/span><\/li>\n<\/ul>\n<ul>\n<li style=\"list-style-type: none;\">\n<ul>\n<li><hr \/>\n<h6 style=\"text-align: left;\"><em>Sistemas de Reclamos, Quejas, Sugerencias y Felicitaciones<\/em><\/h6>\n<h6 style=\"text-align: left;\"><span style=\"font-family: arial, helvetica, sans-serif; font-size: 12pt;\"><em>Con el fin de mejorar la calidad de los servicios p\u00fablicos prestados en este organismo, se encuentra a disposici\u00f3n del cliente un buz\u00f3n ubicado en el Hall Central y un Libro de quejas, reclamos y sugerencias en Gerencia.<\/em><\/span><\/h6>\n<p><img loading=\"lazy\" decoding=\"async\" class=\"size-full wp-image-1719 alignleft\" src=\"http:\/\/www.hospitalonativia.gob.ar\/wp-content\/uploads\/2019\/12\/diploma-e1576144893283.jpg\" alt=\"\" width=\"1169\" height=\"850\" srcset=\"https:\/\/www.hospitalonativia.gob.ar\/wp-content\/uploads\/2019\/12\/diploma-e1576144893283.jpg 1169w, https:\/\/www.hospitalonativia.gob.ar\/wp-content\/uploads\/2019\/12\/diploma-e1576144893283-300x218.jpg 300w, https:\/\/www.hospitalonativia.gob.ar\/wp-content\/uploads\/2019\/12\/diploma-e1576144893283-768x558.jpg 768w, https:\/\/www.hospitalonativia.gob.ar\/wp-content\/uploads\/2019\/12\/diploma-e1576144893283-1024x745.jpg 1024w\" sizes=\"(max-width: 1169px) 100vw, 1169px\" \/><\/p>\n<\/li>\n<\/ul>\n<\/li>\n<\/ul>\n<p style=\"text-align: left;\"><span style=\"font-size: 14pt;\"><strong><span style=\"color: #000080;\"><span style=\"font-family: arial, helvetica, sans-serif;\"><img loading=\"lazy\" decoding=\"async\" class=\"size-full wp-image-1324 aligncenter\" src=\"http:\/\/www.hospitalonativia.gob.ar\/wp-content\/uploads\/2018\/02\/CALIDAD-2.jpg\" alt=\"\" width=\"2292\" height=\"1418\" srcset=\"https:\/\/www.hospitalonativia.gob.ar\/wp-content\/uploads\/2018\/02\/CALIDAD-2.jpg 2292w, https:\/\/www.hospitalonativia.gob.ar\/wp-content\/uploads\/2018\/02\/CALIDAD-2-300x186.jpg 300w, https:\/\/www.hospitalonativia.gob.ar\/wp-content\/uploads\/2018\/02\/CALIDAD-2-768x475.jpg 768w, https:\/\/www.hospitalonativia.gob.ar\/wp-content\/uploads\/2018\/02\/CALIDAD-2-1024x634.jpg 1024w\" sizes=\"(max-width: 2292px) 100vw, 2292px\" \/><\/span><\/span><\/strong><\/span><\/p>\n<p><img loading=\"lazy\" decoding=\"async\" class=\"alignnone size-full wp-image-1473\" src=\"http:\/\/www.hospitalonativia.gob.ar\/wp-content\/uploads\/2018\/09\/Certificado-ISO-1.jpg\" alt=\"\" width=\"2257\" height=\"1900\" srcset=\"https:\/\/www.hospitalonativia.gob.ar\/wp-content\/uploads\/2018\/09\/Certificado-ISO-1.jpg 2257w, https:\/\/www.hospitalonativia.gob.ar\/wp-content\/uploads\/2018\/09\/Certificado-ISO-1-300x253.jpg 300w, https:\/\/www.hospitalonativia.gob.ar\/wp-content\/uploads\/2018\/09\/Certificado-ISO-1-768x647.jpg 768w, https:\/\/www.hospitalonativia.gob.ar\/wp-content\/uploads\/2018\/09\/Certificado-ISO-1-1024x862.jpg 1024w\" sizes=\"(max-width: 2257px) 100vw, 2257px\" \/><\/p>\n\n\n<p> <br><strong>[<\/strong><\/p>\n","protected":false},"excerpt":{"rendered":"<p>El Hospital P\u00fablico de Gesti\u00f3n Descentralizada \u201cDr. Arturo O\u00f1ativia\u201d, se compromete, dentro del marco legal vigente, a establecer estrategias para<\/p>\n","protected":false},"author":2,"featured_media":0,"parent":0,"menu_order":0,"comment_status":"closed","ping_status":"closed","template":"","meta":{"footnotes":""},"class_list":["post-93","page","type-page","status-publish","hentry"],"yoast_head":"<!-- This site is optimized with the Yoast SEO plugin v18.0 - https:\/\/yoast.com\/wordpress\/plugins\/seo\/ -->\n<title>POL\u00cdTICA DE CALIDAD - Hospital Dr. Arturo O\u00f1ativia<\/title>\n<meta name=\"robots\" content=\"index, follow, max-snippet:-1, max-image-preview:large, max-video-preview:-1\" \/>\n<link rel=\"canonical\" href=\"https:\/\/www.hospitalonativia.gob.ar\/?page_id=93\" \/>\n<meta property=\"og:locale\" content=\"es_ES\" \/>\n<meta property=\"og:type\" content=\"article\" \/>\n<meta property=\"og:title\" content=\"POL\u00cdTICA DE CALIDAD - Hospital Dr. Arturo O\u00f1ativia\" \/>\n<meta property=\"og:description\" content=\"El Hospital P\u00fablico de Gesti\u00f3n Descentralizada \u201cDr. Arturo O\u00f1ativia\u201d, se compromete, dentro del marco legal vigente, a establecer estrategias para\" \/>\n<meta property=\"og:url\" content=\"https:\/\/www.hospitalonativia.gob.ar\/?page_id=93\" \/>\n<meta property=\"og:site_name\" content=\"Hospital Dr. Arturo O\u00f1ativia\" \/>\n<meta property=\"article:modified_time\" content=\"2019-12-12T10:02:12+00:00\" \/>\n<meta property=\"og:image\" content=\"http:\/\/www.hospitalonativia.gob.ar\/wp-content\/uploads\/2019\/12\/diploma-e1576144893283.jpg\" \/>\n<meta name=\"twitter:card\" content=\"summary_large_image\" \/>\n<meta name=\"twitter:label1\" content=\"Tiempo de lectura\" \/>\n\t<meta name=\"twitter:data1\" content=\"1 minuto\" \/>\n<script type=\"application\/ld+json\" class=\"yoast-schema-graph\">{\"@context\":\"https:\/\/schema.org\",\"@graph\":[{\"@type\":\"WebSite\",\"@id\":\"https:\/\/www.hospitalonativia.gob.ar\/#website\",\"url\":\"https:\/\/www.hospitalonativia.gob.ar\/\",\"name\":\"Hospital Dr. Arturo O\u00f1ativia\",\"description\":\"Salta Capital\",\"potentialAction\":[{\"@type\":\"SearchAction\",\"target\":{\"@type\":\"EntryPoint\",\"urlTemplate\":\"https:\/\/www.hospitalonativia.gob.ar\/?s={search_term_string}\"},\"query-input\":\"required name=search_term_string\"}],\"inLanguage\":\"es\"},{\"@type\":\"ImageObject\",\"@id\":\"https:\/\/www.hospitalonativia.gob.ar\/?page_id=93#primaryimage\",\"inLanguage\":\"es\",\"url\":\"http:\/\/www.hospitalonativia.gob.ar\/wp-content\/uploads\/2019\/12\/diploma-e1576144893283.jpg\",\"contentUrl\":\"http:\/\/www.hospitalonativia.gob.ar\/wp-content\/uploads\/2019\/12\/diploma-e1576144893283.jpg\"},{\"@type\":\"WebPage\",\"@id\":\"https:\/\/www.hospitalonativia.gob.ar\/?page_id=93#webpage\",\"url\":\"https:\/\/www.hospitalonativia.gob.ar\/?page_id=93\",\"name\":\"POL\u00cdTICA DE CALIDAD - Hospital Dr. Arturo O\u00f1ativia\",\"isPartOf\":{\"@id\":\"https:\/\/www.hospitalonativia.gob.ar\/#website\"},\"primaryImageOfPage\":{\"@id\":\"https:\/\/www.hospitalonativia.gob.ar\/?page_id=93#primaryimage\"},\"datePublished\":\"2016-06-27T16:52:21+00:00\",\"dateModified\":\"2019-12-12T10:02:12+00:00\",\"breadcrumb\":{\"@id\":\"https:\/\/www.hospitalonativia.gob.ar\/?page_id=93#breadcrumb\"},\"inLanguage\":\"es\",\"potentialAction\":[{\"@type\":\"ReadAction\",\"target\":[\"https:\/\/www.hospitalonativia.gob.ar\/?page_id=93\"]}]},{\"@type\":\"BreadcrumbList\",\"@id\":\"https:\/\/www.hospitalonativia.gob.ar\/?page_id=93#breadcrumb\",\"itemListElement\":[{\"@type\":\"ListItem\",\"position\":1,\"name\":\"Portada\",\"item\":\"https:\/\/www.hospitalonativia.gob.ar\/\"},{\"@type\":\"ListItem\",\"position\":2,\"name\":\"POL\u00cdTICA DE CALIDAD\"}]}]}<\/script>\n<!-- \/ Yoast SEO plugin. -->","yoast_head_json":{"title":"POL\u00cdTICA DE CALIDAD - Hospital Dr. Arturo O\u00f1ativia","robots":{"index":"index","follow":"follow","max-snippet":"max-snippet:-1","max-image-preview":"max-image-preview:large","max-video-preview":"max-video-preview:-1"},"canonical":"https:\/\/www.hospitalonativia.gob.ar\/?page_id=93","og_locale":"es_ES","og_type":"article","og_title":"POL\u00cdTICA DE CALIDAD - Hospital Dr. Arturo O\u00f1ativia","og_description":"El Hospital P\u00fablico de Gesti\u00f3n Descentralizada \u201cDr. Arturo O\u00f1ativia\u201d, se compromete, dentro del marco legal vigente, a establecer estrategias para","og_url":"https:\/\/www.hospitalonativia.gob.ar\/?page_id=93","og_site_name":"Hospital Dr. Arturo O\u00f1ativia","article_modified_time":"2019-12-12T10:02:12+00:00","og_image":[{"url":"http:\/\/www.hospitalonativia.gob.ar\/wp-content\/uploads\/2019\/12\/diploma-e1576144893283.jpg"}],"twitter_card":"summary_large_image","twitter_misc":{"Tiempo de lectura":"1 minuto"},"schema":{"@context":"https:\/\/schema.org","@graph":[{"@type":"WebSite","@id":"https:\/\/www.hospitalonativia.gob.ar\/#website","url":"https:\/\/www.hospitalonativia.gob.ar\/","name":"Hospital Dr. Arturo O\u00f1ativia","description":"Salta Capital","potentialAction":[{"@type":"SearchAction","target":{"@type":"EntryPoint","urlTemplate":"https:\/\/www.hospitalonativia.gob.ar\/?s={search_term_string}"},"query-input":"required name=search_term_string"}],"inLanguage":"es"},{"@type":"ImageObject","@id":"https:\/\/www.hospitalonativia.gob.ar\/?page_id=93#primaryimage","inLanguage":"es","url":"http:\/\/www.hospitalonativia.gob.ar\/wp-content\/uploads\/2019\/12\/diploma-e1576144893283.jpg","contentUrl":"http:\/\/www.hospitalonativia.gob.ar\/wp-content\/uploads\/2019\/12\/diploma-e1576144893283.jpg"},{"@type":"WebPage","@id":"https:\/\/www.hospitalonativia.gob.ar\/?page_id=93#webpage","url":"https:\/\/www.hospitalonativia.gob.ar\/?page_id=93","name":"POL\u00cdTICA DE CALIDAD - Hospital Dr. Arturo O\u00f1ativia","isPartOf":{"@id":"https:\/\/www.hospitalonativia.gob.ar\/#website"},"primaryImageOfPage":{"@id":"https:\/\/www.hospitalonativia.gob.ar\/?page_id=93#primaryimage"},"datePublished":"2016-06-27T16:52:21+00:00","dateModified":"2019-12-12T10:02:12+00:00","breadcrumb":{"@id":"https:\/\/www.hospitalonativia.gob.ar\/?page_id=93#breadcrumb"},"inLanguage":"es","potentialAction":[{"@type":"ReadAction","target":["https:\/\/www.hospitalonativia.gob.ar\/?page_id=93"]}]},{"@type":"BreadcrumbList","@id":"https:\/\/www.hospitalonativia.gob.ar\/?page_id=93#breadcrumb","itemListElement":[{"@type":"ListItem","position":1,"name":"Portada","item":"https:\/\/www.hospitalonativia.gob.ar\/"},{"@type":"ListItem","position":2,"name":"POL\u00cdTICA DE CALIDAD"}]}]}},"_links":{"self":[{"href":"https:\/\/www.hospitalonativia.gob.ar\/index.php?rest_route=\/wp\/v2\/pages\/93"}],"collection":[{"href":"https:\/\/www.hospitalonativia.gob.ar\/index.php?rest_route=\/wp\/v2\/pages"}],"about":[{"href":"https:\/\/www.hospitalonativia.gob.ar\/index.php?rest_route=\/wp\/v2\/types\/page"}],"author":[{"embeddable":true,"href":"https:\/\/www.hospitalonativia.gob.ar\/index.php?rest_route=\/wp\/v2\/users\/2"}],"replies":[{"embeddable":true,"href":"https:\/\/www.hospitalonativia.gob.ar\/index.php?rest_route=%2Fwp%2Fv2%2Fcomments&post=93"}],"version-history":[{"count":39,"href":"https:\/\/www.hospitalonativia.gob.ar\/index.php?rest_route=\/wp\/v2\/pages\/93\/revisions"}],"predecessor-version":[{"id":1721,"href":"https:\/\/www.hospitalonativia.gob.ar\/index.php?rest_route=\/wp\/v2\/pages\/93\/revisions\/1721"}],"wp:attachment":[{"href":"https:\/\/www.hospitalonativia.gob.ar\/index.php?rest_route=%2Fwp%2Fv2%2Fmedia&parent=93"}],"curies":[{"name":"wp","href":"https:\/\/api.w.org\/{rel}","templated":true}]}}