{"id":972,"date":"2017-06-23T10:13:33","date_gmt":"2017-06-23T13:13:33","guid":{"rendered":"http:\/\/www.hospitalonativia.gob.ar\/?page_id=972"},"modified":"2025-11-13T11:41:22","modified_gmt":"2025-11-13T14:41:22","slug":"comites-y-comisiones-del-hospital-onativia","status":"publish","type":"page","link":"https:\/\/www.hospitalonativia.gob.ar\/?page_id=972","title":{"rendered":"Comit\u00e9s y Comisiones del Hospital O\u00f1ativia"},"content":{"rendered":"<h3><span style=\"font-size: 12pt;\">\u00a0Los comit\u00e9s t\u00e9cnico-m\u00e9dicos son elementos fundamentales de vigilancia del hospital, su misi\u00f3n es establecer o mejorar el desarrollo de los servicios mediante acciones que favorezcan la operaci\u00f3n; son el eje de la gesti\u00f3n hospitalaria para el cuidado de la salud de la poblaci\u00f3n a la que servimos.<\/span><\/h3>\n<h3><span style=\"font-size: 12pt;\">\u00a0Se constituyen como \u00f3rganos de asesor\u00eda para el cuerpo de gobierno del hospital con la misi\u00f3n de mejorar el desarrollo de los servicios de la instituci\u00f3n mediante acciones que favorezcan la implantaci\u00f3n de recomendaciones espec\u00edficas.<\/span><\/h3>\n<div class=\"all-columns\">\n<div class=\"one-third first\">\n<p><strong><a class=\"maxbutton-48 maxbutton maxbutton-comite-de-seguimiento-de-cancer-tiroideo\" href=\"http:\/\/www.hospitalonativia.gob.ar\/?page_id=946\"><span class='mb-text'>Comit\u00e9 de Seguimiento de C\u00e1ncer Tiroideo<\/span><\/a><\/strong><\/p>\n<p><strong><a class=\"maxbutton-57 maxbutton maxbutton-equipo-de-calidad\" href=\"http:\/\/www.hospitalonativia.gob.ar\/?page_id=1561\"><span class='mb-text'>Equipo de Calidad<\/span><\/a><\/strong><\/p>\n<\/div>\n<div class=\"one-third\">\n<p><strong><a class=\"maxbutton-50 maxbutton maxbutton-comite-de-ciacs\" href=\"http:\/\/www.hospitalonativia.gob.ar\/?page_id=953\"><span class='mb-text'>Comit\u00e9 de CIACS<\/span><\/a><\/strong><\/p>\n<p><strong><a class=\"maxbutton-51 maxbutton maxbutton-comite-de-historias-clinicas\" href=\"http:\/\/www.hospitalonativia.gob.ar\/?page_id=957\"><span class='mb-text'>Comit\u00e9 de Historias Cl\u00ednicas<\/span><\/a><\/strong><\/p>\n<\/div>\n<div class=\"one-third last\">\n<p><strong><a class=\"maxbutton-52 maxbutton maxbutton-comite-de-emergencias-y-desastres\" href=\"http:\/\/www.hospitalonativia.gob.ar\/?page_id=960\"><span class='mb-text'>Comit\u00e9 de Emergencias y Desastres<\/span><\/a><\/strong><\/p>\n<p><strong><a class=\"maxbutton-53 maxbutton maxbutton-comision-asesora-de-docencia-e-investigacion\" href=\"http:\/\/www.hospitalonativia.gob.ar\/?page_id=964\"><span class='mb-text'>Comisi\u00f3n Asesora de Docencia e Investigaci\u00f3n<\/span><\/a><\/strong><\/p>\n<p><strong><a class=\"maxbutton-56 maxbutton maxbutton-comite-de-responsabilidad-social-corporativa\" href=\"http:\/\/www.hospitalonativia.gob.ar\/?page_id=1451\"><span class='mb-text'>Comit\u00e9 de Responsabilidad Social Corporativa<\/span><\/a><\/strong><\/p>\n<\/div>\n<\/div>\n","protected":false},"excerpt":{"rendered":"<p>\u00a0Los comit\u00e9s t\u00e9cnico-m\u00e9dicos son elementos fundamentales de vigilancia del hospital, su misi\u00f3n es establecer o mejorar el desarrollo de los<\/p>\n","protected":false},"author":2,"featured_media":0,"parent":0,"menu_order":0,"comment_status":"closed","ping_status":"closed","template":"","meta":{"footnotes":""},"class_list":["post-972","page","type-page","status-publish","hentry"],"yoast_head":"<!-- This site is optimized with the Yoast SEO plugin v18.0 - https:\/\/yoast.com\/wordpress\/plugins\/seo\/ -->\n<title>Comit\u00e9s y Comisiones del Hospital O\u00f1ativia - Hospital Dr. Arturo O\u00f1ativia<\/title>\n<meta name=\"robots\" content=\"index, follow, max-snippet:-1, max-image-preview:large, max-video-preview:-1\" \/>\n<link rel=\"canonical\" href=\"https:\/\/www.hospitalonativia.gob.ar\/?page_id=972\" \/>\n<meta property=\"og:locale\" content=\"es_ES\" \/>\n<meta property=\"og:type\" content=\"article\" \/>\n<meta property=\"og:title\" content=\"Comit\u00e9s y Comisiones del Hospital O\u00f1ativia - Hospital Dr. Arturo O\u00f1ativia\" \/>\n<meta property=\"og:description\" content=\"\u00a0Los comit\u00e9s t\u00e9cnico-m\u00e9dicos son elementos fundamentales de vigilancia del hospital, su misi\u00f3n es establecer o mejorar el desarrollo de los\" \/>\n<meta property=\"og:url\" content=\"https:\/\/www.hospitalonativia.gob.ar\/?page_id=972\" \/>\n<meta property=\"og:site_name\" content=\"Hospital Dr. Arturo O\u00f1ativia\" \/>\n<meta property=\"article:modified_time\" content=\"2025-11-13T14:41:22+00:00\" \/>\n<meta name=\"twitter:card\" content=\"summary_large_image\" \/>\n<meta name=\"twitter:label1\" content=\"Tiempo de lectura\" \/>\n\t<meta name=\"twitter:data1\" content=\"1 minuto\" \/>\n<script type=\"application\/ld+json\" class=\"yoast-schema-graph\">{\"@context\":\"https:\/\/schema.org\",\"@graph\":[{\"@type\":\"WebSite\",\"@id\":\"https:\/\/www.hospitalonativia.gob.ar\/#website\",\"url\":\"https:\/\/www.hospitalonativia.gob.ar\/\",\"name\":\"Hospital Dr. Arturo O\u00f1ativia\",\"description\":\"Salta Capital\",\"potentialAction\":[{\"@type\":\"SearchAction\",\"target\":{\"@type\":\"EntryPoint\",\"urlTemplate\":\"https:\/\/www.hospitalonativia.gob.ar\/?s={search_term_string}\"},\"query-input\":\"required name=search_term_string\"}],\"inLanguage\":\"es\"},{\"@type\":\"WebPage\",\"@id\":\"https:\/\/www.hospitalonativia.gob.ar\/?page_id=972#webpage\",\"url\":\"https:\/\/www.hospitalonativia.gob.ar\/?page_id=972\",\"name\":\"Comit\u00e9s y Comisiones del Hospital O\u00f1ativia - Hospital Dr. Arturo O\u00f1ativia\",\"isPartOf\":{\"@id\":\"https:\/\/www.hospitalonativia.gob.ar\/#website\"},\"datePublished\":\"2017-06-23T13:13:33+00:00\",\"dateModified\":\"2025-11-13T14:41:22+00:00\",\"breadcrumb\":{\"@id\":\"https:\/\/www.hospitalonativia.gob.ar\/?page_id=972#breadcrumb\"},\"inLanguage\":\"es\",\"potentialAction\":[{\"@type\":\"ReadAction\",\"target\":[\"https:\/\/www.hospitalonativia.gob.ar\/?page_id=972\"]}]},{\"@type\":\"BreadcrumbList\",\"@id\":\"https:\/\/www.hospitalonativia.gob.ar\/?page_id=972#breadcrumb\",\"itemListElement\":[{\"@type\":\"ListItem\",\"position\":1,\"name\":\"Portada\",\"item\":\"https:\/\/www.hospitalonativia.gob.ar\/\"},{\"@type\":\"ListItem\",\"position\":2,\"name\":\"Comit\u00e9s y Comisiones del Hospital O\u00f1ativia\"}]}]}<\/script>\n<!-- \/ Yoast SEO plugin. -->","yoast_head_json":{"title":"Comit\u00e9s y Comisiones del Hospital O\u00f1ativia - Hospital Dr. Arturo O\u00f1ativia","robots":{"index":"index","follow":"follow","max-snippet":"max-snippet:-1","max-image-preview":"max-image-preview:large","max-video-preview":"max-video-preview:-1"},"canonical":"https:\/\/www.hospitalonativia.gob.ar\/?page_id=972","og_locale":"es_ES","og_type":"article","og_title":"Comit\u00e9s y Comisiones del Hospital O\u00f1ativia - Hospital Dr. Arturo O\u00f1ativia","og_description":"\u00a0Los comit\u00e9s t\u00e9cnico-m\u00e9dicos son elementos fundamentales de vigilancia del hospital, su misi\u00f3n es establecer o mejorar el desarrollo de los","og_url":"https:\/\/www.hospitalonativia.gob.ar\/?page_id=972","og_site_name":"Hospital Dr. Arturo O\u00f1ativia","article_modified_time":"2025-11-13T14:41:22+00:00","twitter_card":"summary_large_image","twitter_misc":{"Tiempo de lectura":"1 minuto"},"schema":{"@context":"https:\/\/schema.org","@graph":[{"@type":"WebSite","@id":"https:\/\/www.hospitalonativia.gob.ar\/#website","url":"https:\/\/www.hospitalonativia.gob.ar\/","name":"Hospital Dr. Arturo O\u00f1ativia","description":"Salta Capital","potentialAction":[{"@type":"SearchAction","target":{"@type":"EntryPoint","urlTemplate":"https:\/\/www.hospitalonativia.gob.ar\/?s={search_term_string}"},"query-input":"required name=search_term_string"}],"inLanguage":"es"},{"@type":"WebPage","@id":"https:\/\/www.hospitalonativia.gob.ar\/?page_id=972#webpage","url":"https:\/\/www.hospitalonativia.gob.ar\/?page_id=972","name":"Comit\u00e9s y Comisiones del Hospital O\u00f1ativia - Hospital Dr. Arturo O\u00f1ativia","isPartOf":{"@id":"https:\/\/www.hospitalonativia.gob.ar\/#website"},"datePublished":"2017-06-23T13:13:33+00:00","dateModified":"2025-11-13T14:41:22+00:00","breadcrumb":{"@id":"https:\/\/www.hospitalonativia.gob.ar\/?page_id=972#breadcrumb"},"inLanguage":"es","potentialAction":[{"@type":"ReadAction","target":["https:\/\/www.hospitalonativia.gob.ar\/?page_id=972"]}]},{"@type":"BreadcrumbList","@id":"https:\/\/www.hospitalonativia.gob.ar\/?page_id=972#breadcrumb","itemListElement":[{"@type":"ListItem","position":1,"name":"Portada","item":"https:\/\/www.hospitalonativia.gob.ar\/"},{"@type":"ListItem","position":2,"name":"Comit\u00e9s y Comisiones del Hospital O\u00f1ativia"}]}]}},"_links":{"self":[{"href":"https:\/\/www.hospitalonativia.gob.ar\/index.php?rest_route=\/wp\/v2\/pages\/972"}],"collection":[{"href":"https:\/\/www.hospitalonativia.gob.ar\/index.php?rest_route=\/wp\/v2\/pages"}],"about":[{"href":"https:\/\/www.hospitalonativia.gob.ar\/index.php?rest_route=\/wp\/v2\/types\/page"}],"author":[{"embeddable":true,"href":"https:\/\/www.hospitalonativia.gob.ar\/index.php?rest_route=\/wp\/v2\/users\/2"}],"replies":[{"embeddable":true,"href":"https:\/\/www.hospitalonativia.gob.ar\/index.php?rest_route=%2Fwp%2Fv2%2Fcomments&post=972"}],"version-history":[{"count":5,"href":"https:\/\/www.hospitalonativia.gob.ar\/index.php?rest_route=\/wp\/v2\/pages\/972\/revisions"}],"predecessor-version":[{"id":1901,"href":"https:\/\/www.hospitalonativia.gob.ar\/index.php?rest_route=\/wp\/v2\/pages\/972\/revisions\/1901"}],"wp:attachment":[{"href":"https:\/\/www.hospitalonativia.gob.ar\/index.php?rest_route=%2Fwp%2Fv2%2Fmedia&parent=972"}],"curies":[{"name":"wp","href":"https:\/\/api.w.org\/{rel}","templated":true}]}}