{"id":984,"date":"2017-06-23T12:28:55","date_gmt":"2017-06-23T15:28:55","guid":{"rendered":"http:\/\/www.hospitalonativia.gob.ar\/?page_id=984"},"modified":"2017-10-17T13:04:59","modified_gmt":"2017-10-17T16:04:59","slug":"cooperadora-asistencial-del-hospital","status":"publish","type":"page","link":"https:\/\/www.hospitalonativia.gob.ar\/?page_id=984","title":{"rendered":"Cooperadora Asistencial del Hospital"},"content":{"rendered":"<p>La Cooperadora Asistencial, es una organizaci\u00f3n sin fines de lucro, con Personer\u00eda Jur\u00eddica N\u00ba 5570\/67, creada en ese a\u00f1o, a los fines de ayudar al paciente carenciado y optimizar los servicios que brinda el Hospital.<\/p>\n<p>OBJETIVOS DE LA COOPERADORA:<\/p>\n<ul>\n<li>Colaborar en la rehabilitaci\u00f3n social de los pacientes carenciados mediante:\n<ol>\n<li>Adquisici\u00f3n de medicamentos.<\/li>\n<li>Pago de estudios que no efect\u00faa el Hospital.<\/li>\n<li>Gastos de traslado que permitan la reinserci\u00f3n en su medio social, sobre todo de pacientes que viven el interior de la provincia.<\/li>\n<li>Apoyo econ\u00f3mico a los acompa\u00f1antes de pacientes internados que carecen de medios.<\/li>\n<\/ol>\n<\/li>\n<li>Posibilitar la adquisici\u00f3n de insumos, aparatolog\u00eda m\u00e9dica y bienes muebles que permitan la excelencia de los distintos servicios.<\/li>\n<li>Viabilizar las actividades de prevenci\u00f3n y educaci\u00f3n comunitaria que organice el Hospital para la sociedad salte\u00f1a.<\/li>\n<li>Apoyar econ\u00f3micamente, cuando le fuera posible, el desarrollo de acciones de perfeccionamiento profesional del personal hospitalario.<\/li>\n<li>Generar acciones que permitan la adquisici\u00f3n de material para la Biblioteca Biom\u00e9dica.<\/li>\n<li>Crear la \u201cBiblioteca del Paciente\u201d internado en coordinaci\u00f3n con el personal de la instituci\u00f3n para su control.<\/li>\n<li>Contribuir econ\u00f3micamente en las ampliaciones y reformas edilicias que se organizaran para el Hospital.<\/li>\n<\/ul>\n<p><img loading=\"lazy\" decoding=\"async\" class=\"wp-image-997 aligncenter\" src=\"http:\/\/www.hospitalonativia.gob.ar\/wp-content\/uploads\/2017\/06\/Foto-Cooperadora-300x127.jpg\" alt=\"\" width=\"409\" height=\"173\" srcset=\"https:\/\/www.hospitalonativia.gob.ar\/wp-content\/uploads\/2017\/06\/Foto-Cooperadora-300x127.jpg 300w, https:\/\/www.hospitalonativia.gob.ar\/wp-content\/uploads\/2017\/06\/Foto-Cooperadora-768x325.jpg 768w, https:\/\/www.hospitalonativia.gob.ar\/wp-content\/uploads\/2017\/06\/Foto-Cooperadora-1024x433.jpg 1024w\" sizes=\"(max-width: 409px) 100vw, 409px\" \/><\/p>\n<p>&nbsp;<\/p>\n<p>COMISI\u00d3N DIRECTIVA DE LA COOPERADORA ASISTENCIAL DEL<\/p>\n<p>HOSPITAL DR. ARTURO O\u00d1ATIVIA<\/p>\n<p><strong>PRESIDENTE<\/strong><\/p>\n<p>ANA MAR\u00cdA SARAVIA<\/p>\n<p><strong>VICE PRESIDENTE<\/strong><\/p>\n<p>NELLY RAMOS SANMILL\u00c1N<\/p>\n<p><strong>SECRETARIA<\/strong><\/p>\n<p>DORA MENGHI DE MACEDO<\/p>\n<p><strong>PRO-SECRETARIA<\/strong><\/p>\n<p>MAR\u00cdA ESTHER APARICIO DE DI MAURO<\/p>\n<p><strong>TESORERA<\/strong><\/p>\n<p>MYRIAM RIVELLI DE SAUMA<\/p>\n<p><strong>PRO-TESORERA<\/strong><\/p>\n<p>DORA TORENA<\/p>\n<p><strong>VOCALES TITULARES<\/strong><\/p>\n<p><strong>VOCAL 1\u00ba: <\/strong>NELLY S\u00c1NCHEZ<\/p>\n<p><strong>VOCAL 2\u00ba: <\/strong>\u00a0 ROSA SAMPAOLESI<\/p>\n<p><strong>VOCAL 3\u00ba:\u00a0<\/strong>HUGO SENA<\/p>\n<p><strong>VOCALES\u00a0 SUPLENTES<\/strong><\/p>\n<p><strong>VOCAL 1\u00ba: <\/strong>CARLOS MENGHINI<\/p>\n<p><strong>VOCAL 2\u00ba: <\/strong>MARCELA LA MATA<\/p>\n<p><strong>VOCAL 3\u00ba: <\/strong>MYRIAM ESPINOSA<\/p>\n<p><strong>\u00d3RGANO DE FISCALIZACI\u00d3N<\/strong><\/p>\n<p>TITULAR: MARTA P\u00c9REZ<\/p>\n<p>SUPLENTE: JUAN JOS\u00c9 MACEDO<\/p>\n","protected":false},"excerpt":{"rendered":"<p>La Cooperadora Asistencial, es una organizaci\u00f3n sin fines de lucro, con Personer\u00eda Jur\u00eddica N\u00ba 5570\/67, creada en ese a\u00f1o, a<\/p>\n","protected":false},"author":2,"featured_media":0,"parent":0,"menu_order":0,"comment_status":"closed","ping_status":"closed","template":"","meta":{"footnotes":""},"class_list":["post-984","page","type-page","status-publish","hentry"],"yoast_head":"<!-- This site is optimized with the Yoast SEO plugin v18.0 - https:\/\/yoast.com\/wordpress\/plugins\/seo\/ -->\n<title>Cooperadora Asistencial del Hospital - Hospital Dr. Arturo O\u00f1ativia<\/title>\n<meta name=\"robots\" content=\"index, follow, max-snippet:-1, max-image-preview:large, max-video-preview:-1\" \/>\n<link rel=\"canonical\" href=\"https:\/\/www.hospitalonativia.gob.ar\/?page_id=984\" \/>\n<meta property=\"og:locale\" content=\"es_ES\" \/>\n<meta property=\"og:type\" content=\"article\" \/>\n<meta property=\"og:title\" content=\"Cooperadora Asistencial del Hospital - Hospital Dr. Arturo O\u00f1ativia\" \/>\n<meta property=\"og:description\" content=\"La Cooperadora Asistencial, es una organizaci\u00f3n sin fines de lucro, con Personer\u00eda Jur\u00eddica N\u00ba 5570\/67, creada en ese a\u00f1o, a\" \/>\n<meta property=\"og:url\" content=\"https:\/\/www.hospitalonativia.gob.ar\/?page_id=984\" \/>\n<meta property=\"og:site_name\" content=\"Hospital Dr. Arturo O\u00f1ativia\" \/>\n<meta property=\"article:modified_time\" content=\"2017-10-17T16:04:59+00:00\" \/>\n<meta property=\"og:image\" content=\"http:\/\/www.hospitalonativia.gob.ar\/wp-content\/uploads\/2017\/06\/Foto-Cooperadora-300x127.jpg\" \/>\n<meta name=\"twitter:card\" content=\"summary_large_image\" \/>\n<meta name=\"twitter:label1\" content=\"Tiempo de lectura\" \/>\n\t<meta name=\"twitter:data1\" content=\"1 minuto\" \/>\n<script type=\"application\/ld+json\" class=\"yoast-schema-graph\">{\"@context\":\"https:\/\/schema.org\",\"@graph\":[{\"@type\":\"WebSite\",\"@id\":\"https:\/\/www.hospitalonativia.gob.ar\/#website\",\"url\":\"https:\/\/www.hospitalonativia.gob.ar\/\",\"name\":\"Hospital Dr. Arturo O\u00f1ativia\",\"description\":\"Salta Capital\",\"potentialAction\":[{\"@type\":\"SearchAction\",\"target\":{\"@type\":\"EntryPoint\",\"urlTemplate\":\"https:\/\/www.hospitalonativia.gob.ar\/?s={search_term_string}\"},\"query-input\":\"required name=search_term_string\"}],\"inLanguage\":\"es\"},{\"@type\":\"ImageObject\",\"@id\":\"https:\/\/www.hospitalonativia.gob.ar\/?page_id=984#primaryimage\",\"inLanguage\":\"es\",\"url\":\"http:\/\/www.hospitalonativia.gob.ar\/wp-content\/uploads\/2017\/06\/Foto-Cooperadora-300x127.jpg\",\"contentUrl\":\"http:\/\/www.hospitalonativia.gob.ar\/wp-content\/uploads\/2017\/06\/Foto-Cooperadora-300x127.jpg\"},{\"@type\":\"WebPage\",\"@id\":\"https:\/\/www.hospitalonativia.gob.ar\/?page_id=984#webpage\",\"url\":\"https:\/\/www.hospitalonativia.gob.ar\/?page_id=984\",\"name\":\"Cooperadora Asistencial del Hospital - Hospital Dr. Arturo O\u00f1ativia\",\"isPartOf\":{\"@id\":\"https:\/\/www.hospitalonativia.gob.ar\/#website\"},\"primaryImageOfPage\":{\"@id\":\"https:\/\/www.hospitalonativia.gob.ar\/?page_id=984#primaryimage\"},\"datePublished\":\"2017-06-23T15:28:55+00:00\",\"dateModified\":\"2017-10-17T16:04:59+00:00\",\"breadcrumb\":{\"@id\":\"https:\/\/www.hospitalonativia.gob.ar\/?page_id=984#breadcrumb\"},\"inLanguage\":\"es\",\"potentialAction\":[{\"@type\":\"ReadAction\",\"target\":[\"https:\/\/www.hospitalonativia.gob.ar\/?page_id=984\"]}]},{\"@type\":\"BreadcrumbList\",\"@id\":\"https:\/\/www.hospitalonativia.gob.ar\/?page_id=984#breadcrumb\",\"itemListElement\":[{\"@type\":\"ListItem\",\"position\":1,\"name\":\"Portada\",\"item\":\"https:\/\/www.hospitalonativia.gob.ar\/\"},{\"@type\":\"ListItem\",\"position\":2,\"name\":\"Cooperadora Asistencial del Hospital\"}]}]}<\/script>\n<!-- \/ Yoast SEO plugin. -->","yoast_head_json":{"title":"Cooperadora Asistencial del Hospital - Hospital Dr. Arturo O\u00f1ativia","robots":{"index":"index","follow":"follow","max-snippet":"max-snippet:-1","max-image-preview":"max-image-preview:large","max-video-preview":"max-video-preview:-1"},"canonical":"https:\/\/www.hospitalonativia.gob.ar\/?page_id=984","og_locale":"es_ES","og_type":"article","og_title":"Cooperadora Asistencial del Hospital - Hospital Dr. Arturo O\u00f1ativia","og_description":"La Cooperadora Asistencial, es una organizaci\u00f3n sin fines de lucro, con Personer\u00eda Jur\u00eddica N\u00ba 5570\/67, creada en ese a\u00f1o, a","og_url":"https:\/\/www.hospitalonativia.gob.ar\/?page_id=984","og_site_name":"Hospital Dr. Arturo O\u00f1ativia","article_modified_time":"2017-10-17T16:04:59+00:00","og_image":[{"url":"http:\/\/www.hospitalonativia.gob.ar\/wp-content\/uploads\/2017\/06\/Foto-Cooperadora-300x127.jpg"}],"twitter_card":"summary_large_image","twitter_misc":{"Tiempo de lectura":"1 minuto"},"schema":{"@context":"https:\/\/schema.org","@graph":[{"@type":"WebSite","@id":"https:\/\/www.hospitalonativia.gob.ar\/#website","url":"https:\/\/www.hospitalonativia.gob.ar\/","name":"Hospital Dr. Arturo O\u00f1ativia","description":"Salta Capital","potentialAction":[{"@type":"SearchAction","target":{"@type":"EntryPoint","urlTemplate":"https:\/\/www.hospitalonativia.gob.ar\/?s={search_term_string}"},"query-input":"required name=search_term_string"}],"inLanguage":"es"},{"@type":"ImageObject","@id":"https:\/\/www.hospitalonativia.gob.ar\/?page_id=984#primaryimage","inLanguage":"es","url":"http:\/\/www.hospitalonativia.gob.ar\/wp-content\/uploads\/2017\/06\/Foto-Cooperadora-300x127.jpg","contentUrl":"http:\/\/www.hospitalonativia.gob.ar\/wp-content\/uploads\/2017\/06\/Foto-Cooperadora-300x127.jpg"},{"@type":"WebPage","@id":"https:\/\/www.hospitalonativia.gob.ar\/?page_id=984#webpage","url":"https:\/\/www.hospitalonativia.gob.ar\/?page_id=984","name":"Cooperadora Asistencial del Hospital - Hospital Dr. Arturo O\u00f1ativia","isPartOf":{"@id":"https:\/\/www.hospitalonativia.gob.ar\/#website"},"primaryImageOfPage":{"@id":"https:\/\/www.hospitalonativia.gob.ar\/?page_id=984#primaryimage"},"datePublished":"2017-06-23T15:28:55+00:00","dateModified":"2017-10-17T16:04:59+00:00","breadcrumb":{"@id":"https:\/\/www.hospitalonativia.gob.ar\/?page_id=984#breadcrumb"},"inLanguage":"es","potentialAction":[{"@type":"ReadAction","target":["https:\/\/www.hospitalonativia.gob.ar\/?page_id=984"]}]},{"@type":"BreadcrumbList","@id":"https:\/\/www.hospitalonativia.gob.ar\/?page_id=984#breadcrumb","itemListElement":[{"@type":"ListItem","position":1,"name":"Portada","item":"https:\/\/www.hospitalonativia.gob.ar\/"},{"@type":"ListItem","position":2,"name":"Cooperadora Asistencial del Hospital"}]}]}},"_links":{"self":[{"href":"https:\/\/www.hospitalonativia.gob.ar\/index.php?rest_route=\/wp\/v2\/pages\/984"}],"collection":[{"href":"https:\/\/www.hospitalonativia.gob.ar\/index.php?rest_route=\/wp\/v2\/pages"}],"about":[{"href":"https:\/\/www.hospitalonativia.gob.ar\/index.php?rest_route=\/wp\/v2\/types\/page"}],"author":[{"embeddable":true,"href":"https:\/\/www.hospitalonativia.gob.ar\/index.php?rest_route=\/wp\/v2\/users\/2"}],"replies":[{"embeddable":true,"href":"https:\/\/www.hospitalonativia.gob.ar\/index.php?rest_route=%2Fwp%2Fv2%2Fcomments&post=984"}],"version-history":[{"count":6,"href":"https:\/\/www.hospitalonativia.gob.ar\/index.php?rest_route=\/wp\/v2\/pages\/984\/revisions"}],"predecessor-version":[{"id":1279,"href":"https:\/\/www.hospitalonativia.gob.ar\/index.php?rest_route=\/wp\/v2\/pages\/984\/revisions\/1279"}],"wp:attachment":[{"href":"https:\/\/www.hospitalonativia.gob.ar\/index.php?rest_route=%2Fwp%2Fv2%2Fmedia&parent=984"}],"curies":[{"name":"wp","href":"https:\/\/api.w.org\/{rel}","templated":true}]}}